{"id":7450,"date":"2012-08-07T09:12:49","date_gmt":"2012-08-07T09:12:49","guid":{"rendered":"http:\/\/www.labeljoy.com\/supporto\/guide\/how-to-create-your-own-price-tag\/"},"modified":"2022-06-21T07:35:32","modified_gmt":"2022-06-21T07:35:32","slug":"creare-cartellini-prezzo","status":"publish","type":"page","link":"https:\/\/www.labeljoy.com\/it\/supporto\/guide\/creare-cartellini-prezzo\/","title":{"rendered":"Creare cartellini prezzo"},"content":{"rendered":"<h1>Come creare cartellini prezzo<\/h1>\n<p>In questo tutorial si mostrer\u00e0 passo passo come creare un c<strong>artellino prezzo personalizzato per il proprio negozio<\/strong>.<\/p>\n<p>Iniziamo a creare un cartellino semplice comunemente usato nei negozi, successivamente colleghiamo un database per personalizzare al meglio il proprio cartellino con dati provenienti da una fonte di datia esterna.<\/p>\n<p>&nbsp;<\/p>\n<h2>1 \u2013 Scegliere la dimensione corretta del cartellino<\/h2>\n<p>Come sempre, il primo passo consiste nello scegliere al meglio le dimensioni dei cartellini che si andranno a stampare.<br \/>\nIn questo esempio useremo fogli con layout <em>Devauzet 63P<\/em>, formati da 12 etichette di 2,5 x 2,5 pollici in un foglio A4.<\/p>\n<p><a class=\"hover-item\" href=\"http:\/\/www.labeljoy.com\/images\/how-to\/price-tag\/it\/image001.png\"><img decoding=\"async\" width=\"875\" height=\"569\" src=\"http:\/\/www.labeljoy.com\/images\/how-to\/price-tag\/it\/image001.png\" alt=\"Scegliere layout cartellino\"><\/a><\/p>\n<p>&nbsp;<\/p>\n<h2>2 \u2013 Scegliere il tipo di codice a barre<\/h2>\n<p>Questa \u00e8 la parte difficile, se non si ha mai lavorato con i codici a barre sarebbe meglio chiedersi da dove cominciare.<br \/>\nFondamentalmente ci sono due modi per fare questo:<\/p>\n<ul>\n<li><strong>USO PRIVATO<\/strong>: \u00e8 necessario disporre in negozio di un solo simbolo codice a barre. Le etichette applicate sui prodotto vi permetteranno di eseguire le scansioni, ad esempio, per uso magazzino o per l&#8217;acquisto di articoli da parte di clienti.<br \/>\nQuesti codici a barre avranno significato solo all&#8217;interno del vostro negozio e saranno privi di importanza al di fuori della propria attivit\u00e0.<br \/>\nIn questo caso, \u00e8 possibile utilizzare un codice a barre Code 128, simbolo che codificare la maggior parte dei valori alfanumerici, fino a 255 caratteri. Ovviamente \u00e8 necessario avere costruito un una infrastruttura digitale che gestisce i codici dei prodotti ed che sia in grado di rispondere esattamente alle scansioni dei di codici a barre.<\/li>\n<li><strong>USO PUBBLICO<\/strong>: i vostri prodotti potranno essere spediti in tutto il mondo, il codice a barre identifica in modo univoco i vostri prodotti qualsiasi sia l&#8217;attivit\u00e0.<br \/>\nIn questo caso \u00e8 necessario implementare un codice a barre UPC (Nord America, Regno Unito, Australia e Nuova Zelanda) o un codice a barre EAN 13 (resto del mondo). Per poter generare questo tipo di simbolo, \u00e8 prima necessario acquistare un numero di serie dalla vostra autorit\u00e0 <a title=\"Gs1\" href=\"http:\/\/www.gs1.org\/\" target=\"_blank\" rel=\"noopener\">GS1<\/a> locale.<br \/>\nIl numero di serie dovr\u00e0 contenere una serie di cifre che identifica in modo univoco i vostri prodotti in tutto il mondo, e conterr\u00e0 informazioni aggiuntive come ID paese, ID azienda e propri codici che definiscono il prodotto. Questo numero seriale pu\u00f2 essere utilizzato in Labeljoy per <a href=\"https:\/\/www.labeljoy.com\/generatore-codici-barre-online-gratis\/\" title=\"Generatore barcode online\">generare il codice a barre<\/a> appropriato.<\/li>\n<\/ul>\n<p>&nbsp;<\/p>\n<h2>3 \u2013 Etichette di magazzino<\/h2>\n<p>Se si desidera stampare un&#8217;etichetta magazzino leggibile da uno scanner di codici a barre, tutto quello che dovete fare \u00e8 personalizzare i 2 elementi predefiniti presenti sulle etichette: un elemento di testo e un elemento codice a barre.<br \/>\nFare doppio clic sull&#8217;elemento dell&#8217;etichetta per modificare il testo e inserire una descrizione dell&#8217;articolo:<\/p>\n<p><a class=\"hover-item\" href=\"http:\/\/www.labeljoy.com\/images\/how-to\/price-tag\/it\/image003.png\"><img decoding=\"async\" width=\"875\" height=\"569\" src=\"http:\/\/www.labeljoy.com\/images\/how-to\/price-tag\/it\/image003.png\" alt=\"testo per etichette di magazzino\"><\/a><\/p>\n<p>Cliccare OK per applicare le modifiche:<\/p>\n<p><a class=\"hover-item\" href=\"http:\/\/www.labeljoy.com\/images\/how-to\/price-tag\/it\/image005.png\"><img decoding=\"async\" width=\"1920\" height=\"1030\" src=\"http:\/\/www.labeljoy.com\/images\/how-to\/price-tag\/it\/image005.png\" alt=\"Testo dell'etichetta magazzino\"><\/a><\/p>\n<p>Fare doppio clic sul barcode per modificare il codice a barre. Scegliere il tipo di barcode corretto dalla lista ed inserire il numero serial da codificare:<\/p>\n<p><a class=\"hover-item\" href=\"http:\/\/www.labeljoy.com\/images\/how-to\/price-tag\/it\/image007.png\"><img decoding=\"async\" width=\"875\" height=\"569\" src=\"http:\/\/www.labeljoy.com\/images\/how-to\/price-tag\/it\/image007.png\" alt=\"Etichette per magazzino con barcode\"><\/a><\/p>\n<p>In questa etichetta per magazzino \u00e8 sufficiente usare il codice Code 128 e codificare un numero di serie che corrisponde all&#8217;articolo.<br \/>\nFare clic su OK per applicare le modifiche:<\/p>\n<p><a class=\"hover-item\" href=\"http:\/\/www.labeljoy.com\/images\/how-to\/price-tag\/it\/image009.png\"><img decoding=\"async\" width=\"1920\" height=\"1030\" src=\"http:\/\/www.labeljoy.com\/images\/how-to\/price-tag\/it\/image009.png\" alt=\"Numero di etichette create\"><\/a><\/p>\n<p>Rifinire l&#8217;etichetta spostando i due elementi e allineandoli orizzontalmente e verticalmente.<\/p>\n<p>La casella di testo in alto a sinistra nella finestra degli strumenti indica il numero totale di etichette che si desidera stampare, in questo caso 12 che \u00e8 un intero foglio.<\/p>\n<p>Siamo pronti a stampare le etichette per il nostro magazzino o negozio.<\/p>\n<p style=\"text-align: center\"><a href=\"http:\/\/www.labeljoy.com\/images\/how-to\/price-tag\/price_tag_1.lpa\" class=\"large green tt-button\" target=\"_self\"> Scarica queste etichette per magazzino<\/a>\n<h2>4 \u2013 Etichette cartellini prezzo<\/h2>\n<p>Le etichette sopra descritte sono adatte per gestire merci solo dal personale aziendale, come ad esempio in un magazzino.<\/p>\n<p>Le etichette esposte, e quindi visibili ai vostri clienti, potrebbero necessitare di pi\u00f9 informazioni o semplicemente si potrebbe renderle migliori da un punto di vista estetico.<\/p>\n<p>Cominciamo con l&#8217;aggiunta di alcuni ulteriori dati testuali per descrivere meglio l&#8217;articolo.<br \/>\nFacciamo copia e incolla dell&#8217;elemento di testo per creare una seconda copia identica alla prima.<br \/>\nSelezionare e utilizzare i pulsanti Copia e Incolla presenti nella casella degli strumenti di sinistra:<\/p>\n<p><a class=\"hover-item\" href=\"http:\/\/www.labeljoy.com\/images\/how-to\/price-tag\/it\/image011.png\"><img decoding=\"async\" width=\"1188\" height=\"783\" src=\"http:\/\/www.labeljoy.com\/images\/how-to\/price-tag\/it\/image011.png\" alt=\"copia e incolla testo dell'etichetta\"><\/a><\/p>\n<p>Fare doppio clic sull&#8217;elemento appena creato e modificarne il contenuto:<\/p>\n<p><a class=\"hover-item\" href=\"http:\/\/www.labeljoy.com\/images\/how-to\/price-tag\/it\/image013.png\"><img decoding=\"async\" width=\"875\" height=\"569\" src=\"http:\/\/www.labeljoy.com\/images\/how-to\/price-tag\/it\/image013.png\" alt=\"Modificare testo del cartellino prezzo\"><\/a><\/p>\n<p>Ridurre le dimensioni del carattere ed allineare a sinistra il testo:<\/p>\n<p><a class=\"hover-item\" href=\"http:\/\/www.labeljoy.com\/images\/how-to\/price-tag\/it\/image015.png\"><img decoding=\"async\" width=\"875\" height=\"569\" src=\"http:\/\/www.labeljoy.com\/images\/how-to\/price-tag\/it\/image015.png\" alt=\"Cambiamenti carattere del cartellino\"><\/a><\/p>\n<p>Modificare la didascalia dell&#8217;elemento di testo in modo da ottenere qualcosa di simile:<\/p>\n<p><a class=\"hover-item\" href=\"http:\/\/www.labeljoy.com\/images\/how-to\/price-tag\/it\/image017.png\"><img decoding=\"async\" width=\"1920\" height=\"1030\" src=\"http:\/\/www.labeljoy.com\/images\/how-to\/price-tag\/it\/image017.png\" alt=\"Bozza etichetta prezzo\"><\/a><\/p>\n<p>Ora aggiungiamo un&#8217;immagine che meglio identifica il tipo di articolo in vendita.<\/p>\n<p>Fare clic sul pulsante <em>Inserisci elemento grafico<\/em> dalla barra degli strumenti e disegnare un rettangolo nella parte superiore a destra del cartellino. Si aggiunger\u00e0 l&#8217;immagine di default:<\/p>\n<p><a class=\"hover-item\" href=\"http:\/\/www.labeljoy.com\/images\/how-to\/price-tag\/it\/image019.png\"><img decoding=\"async\" width=\"1188\" height=\"783\" src=\"http:\/\/www.labeljoy.com\/images\/how-to\/price-tag\/it\/image019.png\" alt=\"immagine di default del cartellino\"><\/a><\/p>\n<p>Aprire l&#8217;editor dell&#8217;immagine e cliccare sul pulsante <em>ClipArt<\/em>.<br \/>\nViene visualizzato il modulo di selezione clipart.<br \/>\nSelezionare la categoria <em>Strumenti <\/em>e selezionare l&#8217;immagine cacciavite.<\/p>\n<p><a class=\"hover-item\" href=\"http:\/\/www.labeljoy.com\/images\/how-to\/price-tag\/it\/image021.png\"><img decoding=\"async\" width=\"888\" height=\"607\" src=\"http:\/\/www.labeljoy.com\/images\/how-to\/price-tag\/it\/image021.png\" alt=\"Cliparts d Labeljoy\"><\/a><\/p>\n<p>Cliccare Ok per confermare e di nuovo Ok per confermare i cambiamenti.<\/p>\n<p>Muovere e dimensionare la clipart e il barcode a proprio piacimento.<br \/>\nIl cartellino prezzo dovrebbe assomigliare alla seguente immagine:<\/p>\n<p><a class=\"hover-item\" href=\"http:\/\/www.labeljoy.com\/images\/how-to\/price-tag\/it\/image023.png\"><img decoding=\"async\" width=\"1188\" height=\"783\" src=\"http:\/\/www.labeljoy.com\/images\/how-to\/price-tag\/it\/image023.png\" alt=\"Bozza del cartellino con prezzo\"><\/a><\/p>\n<p>Ora aggiungiamo il logo ed il nome dell&#8217;azienda nella parte inferiore dell&#8217;etichetta.<br \/>\nPer inserire il logo usiamo lo strumento <em>elemento grafico<\/em>. Nella finestra dell&#8217;editor immagine, fare clic sul pulsante <em>File<\/em> e sfogliamo le cartelle del computer per individuare il file di immagine del logo aziendale.<br \/>\nSelezionare e fare clic su OK:<\/p>\n<p><a class=\"hover-item\" href=\"http:\/\/www.labeljoy.com\/images\/how-to\/price-tag\/it\/image025.png\"><img decoding=\"async\" width=\"1188\" height=\"783\" src=\"http:\/\/www.labeljoy.com\/images\/how-to\/price-tag\/it\/image025.png\" alt=\"Inserire logo nel cartellino\"><\/a><\/p>\n<p>Infine, inseriamo un elemento testo con il nome ed i dati della societ\u00e0:<\/p>\n<p><a class=\"hover-item\" href=\"http:\/\/www.labeljoy.com\/images\/how-to\/price-tag\/it\/image027.png\"><img decoding=\"async\" width=\"1188\" height=\"783\" src=\"http:\/\/www.labeljoy.com\/images\/how-to\/price-tag\/it\/image027.png\" alt=\"dati societ\u00e0 nel cartellino\"><\/a><\/p>\n<p style=\"text-align: center\"><a href=\"http:\/\/www.labeljoy.com\/images\/how-to\/price-tag\/price_tag_2.lpa\" class=\"large green tt-button\" target=\"_self\"> Scarica questo cartellino <\/a>\n<h2>5 \u2013 Collegare dati al cartellino<\/h2>\n<p>Finora abbiamo visto come creare etichette <em>statiche<\/em>, etichette identiche che vengono replicate nell&#8217;intero foglio.<\/p>\n<p>La maggior parte delle volte per\u00f2 abbiamo bisogno di stampare etichette simili ma con contenuti diversi, che si riferiscano a dati memorizzati in un database esterno, ad esempio un file di Excel, un file di Access, un elenco di indirizzi o da un database professionale .<\/p>\n<p>Ad esempio, supponiamo che il vostro negozio di ferramenta abbia bisogno di etichettare ogni singolo elemento di una serie di strumenti hardware che \u00e8 stato appena spedito da uno dei vostri fornitori.<\/p>\n<p>In questo caso vorremmo stampare le etichette con i dati contenuti in un file Excel come il seguente:<\/p>\n<p><a class=\"hover-item\" href=\"http:\/\/www.labeljoy.com\/images\/how-to\/price-tag\/it\/image029.png\"><img decoding=\"async\" width=\"1052\" height=\"747\" src=\"http:\/\/www.labeljoy.com\/images\/how-to\/price-tag\/it\/image029.png\" alt=\"file Excel da collegare all'etichetta\"><\/a><\/p>\n<p>I dati contenuti nella tabella sono:<\/p>\n<ul>\n<li><strong>Item code<\/strong>: il codice che definisce l&#8217;articolo.<\/li>\n<li><strong>Quantity<\/strong>: la quantit\u00e0 ricevuta per ogni articolo.<\/li>\n<li><strong>Name<\/strong>: il nome dell&#8217;articolo.<\/li>\n<li><strong>Size<\/strong>: le dimensioni dell&#8217;articolo.<\/li>\n<li><strong>Description<\/strong>: una breve descrizione.<\/li>\n<li><strong>Price<\/strong>: il prezzo.<\/li>\n<li><strong>Image<\/strong>: il percorso ed il nome del file con l&#8217;immagine dell&#8217;articolo.<\/li>\n<\/ul>\n<p>Useremo questi dati per stampare un cartellino personalizzato.<\/p>\n<p>Per prima cosa occorre connettere Labeljoy con questo file Excel, per questo useremo il <em>Data connection wizard<\/em>.<br \/>\nCliccare sul bottone della barra a sinistra.<\/p>\n<p><a class=\"hover-item\" href=\"http:\/\/www.labeljoy.com\/images\/how-to\/price-tag\/it\/image031.png\"><img decoding=\"async\" width=\"1188\" height=\"783\" src=\"http:\/\/www.labeljoy.com\/images\/how-to\/price-tag\/it\/image031.png\" alt=\"Collegare cartellino a Excel\"><\/a><\/p>\n<p>Seguiamo le istruzioni a seconda del tipo di file. In questo caso <em>I dati sono un un file o negli appunti<\/em>:<\/p>\n<p><a class=\"hover-item\" href=\"http:\/\/www.labeljoy.com\/images\/how-to\/price-tag\/it\/image033.png\"><img decoding=\"async\" width=\"777\" height=\"592\" src=\"http:\/\/www.labeljoy.com\/images\/how-to\/price-tag\/it\/image033.png\" alt=\"Collegare dati\"><\/a><\/p>\n<p>Scegliere la voce <em>Excel<\/em>:<\/p>\n<p><a class=\"hover-item\" href=\"http:\/\/www.labeljoy.com\/images\/how-to\/price-tag\/it\/image035.png\"><img decoding=\"async\" width=\"777\" height=\"592\" src=\"http:\/\/www.labeljoy.com\/images\/how-to\/price-tag\/it\/image035.png\" alt=\"Collegare Excel\"><\/a><\/p>\n<p>Cercare il file all&#8217;interno del propri PC:<\/p>\n<p><a class=\"hover-item\" href=\"http:\/\/www.labeljoy.com\/images\/how-to\/price-tag\/it\/image039.png\"><img decoding=\"async\" width=\"777\" height=\"592\" src=\"http:\/\/www.labeljoy.com\/images\/how-to\/price-tag\/it\/image039.png\" alt=\"Cercare file Excel dal proprio PC\"><\/a><\/p>\n<p>Ora saltare i prossimo 3 passi lasciano sempre l&#8217;opzione di default. Nella scheda <em>Quantit\u00e0<\/em> selezionare la voce <em>Quantity<\/em> che corrisponde alla colonna in Excel che indica la quantit\u00e0 di ogni articolo. In questo modo informiamo Labeljoy di generare il corretto numero di etichette per ogni articolo.<\/p>\n<p><a class=\"hover-item\" href=\"http:\/\/www.labeljoy.com\/images\/how-to\/price-tag\/it\/image041.png\"><img decoding=\"async\" width=\"777\" height=\"592\" src=\"http:\/\/www.labeljoy.com\/images\/how-to\/price-tag\/it\/image041.png\" alt=\"Quantit\u00e0 di etichette\"><\/a><\/p>\n<p>Andare avanti coi passaggi fino ad arrivare alla schermata che riassume le etichette da stampare. Essa mostra le etichette che si andranno a creare collegare al database in Excel:<\/p>\n<p><a class=\"hover-item\" href=\"http:\/\/www.labeljoy.com\/images\/how-to\/price-tag\/it\/image043.png\"><img decoding=\"async\" width=\"777\" height=\"592\" src=\"http:\/\/www.labeljoy.com\/images\/how-to\/price-tag\/it\/image043.png\" alt=\"Cartellini con prezzo da stampare\"><\/a><\/p>\n<p>Cliccare su <em>Next<\/em> e confermare per uscire dalla procedura guidata.<br \/>\nAbbiamo collegato correttamente il file Excel a Labeljoy.<\/p>\n<p>Quello che occorre adesso \u00e8 visualizzare questi dati nei cartellini.<br \/>\nClicchiamo sul testo presente e iniziamo a personalizzarlo. Cliccando su <em>Campi<\/em> si aprir\u00e0 una lista di campi da poter inserire nel cartellino. In questo caso cliccare su <em>Name<\/em>.<\/p>\n<p><a class=\"hover-item\" href=\"http:\/\/www.labeljoy.com\/images\/how-to\/price-tag\/it\/image045.png\"><img decoding=\"async\" width=\"875\" height=\"569\" src=\"http:\/\/www.labeljoy.com\/images\/how-to\/price-tag\/it\/image045.png\" alt=\"Cartellino nome articolo\"><\/a><\/p>\n<p>cliccare Ok per confermare.<\/p>\n<p>Notare che nell&#8217;angolo in alto a destra il numero delle etichette \u00e8 disabilitato in quanto gi\u00e0 impostato precedentemente.<\/p>\n<p><a class=\"hover-item\" href=\"http:\/\/www.labeljoy.com\/images\/how-to\/price-tag\/it\/image047.png\"><img decoding=\"async\" width=\"1920\" height=\"1030\" src=\"http:\/\/www.labeljoy.com\/images\/how-to\/price-tag\/it\/image047.png\" alt=\"Numero di etichette\"><\/a><\/p>\n<p>Notiamo che la nona etichetta visualizza  il nome <em>Club hammer<\/em>. Questo perch\u00e8 le prime 8 etichette sono dedicate ai cacciaviti.<\/p>\n<p>Inseriamo una breve descrizione.<\/p>\n<p>Sostituiamo il testo presente e riempiamolo con i dati del foglio Excel.<\/p>\n<p><a class=\"hover-item\" href=\"http:\/\/www.labeljoy.com\/images\/how-to\/price-tag\/it\/image049.png\"><img decoding=\"async\" width=\"875\" height=\"569\" src=\"http:\/\/www.labeljoy.com\/images\/how-to\/price-tag\/it\/image049.png\" alt=\"Dati dal foglio Excel\"><\/a><\/p>\n<p>Ora colleghiamo l&#8217;immagine facendo doppio clic sull&#8217;immagine presente. Cliccare su <em>Campo<\/em> e selezionare la voce <em>Image<\/em> come definito nel file Excel:<\/p>\n<p><a class=\"hover-item\" href=\"http:\/\/www.labeljoy.com\/images\/how-to\/price-tag\/it\/image051.png\"><img decoding=\"async\" width=\"875\" height=\"569\" src=\"http:\/\/www.labeljoy.com\/images\/how-to\/price-tag\/it\/image051.png\" alt=\"Collegare immagini a Labeljoy\"><\/a><\/p>\n<p>Cliccare ok per confermare.<\/p>\n<p>A questo punto si dovrebbe visualizzare un foglio come questo:<\/p>\n<p><a class=\"hover-item\" href=\"http:\/\/www.labeljoy.com\/images\/how-to\/price-tag\/it\/image053.png\"><img decoding=\"async\" width=\"1920\" height=\"1030\" src=\"http:\/\/www.labeljoy.com\/images\/how-to\/price-tag\/it\/image053.png\" alt=\"Cartellini prezzi\"><\/a><\/p>\n<p>Non resta che collegare il barcode.<br \/>\nFare doppio clic sul codice a barre e rimuovere le ultimi 4 numeri dal testo. Quindi selezionare <em>Item code<\/em> dalla lista che appare cliccando sul bottone <em>Campi<\/em>.<\/p>\n<p>In questo modo stiamo dicendo Labeljoy di generare un codice a barre che sar\u00e0 costituito da una parte statica seguita da una parte dinamica di 4 cifre:<\/p>\n<p><a class=\"hover-item\" href=\"http:\/\/www.labeljoy.com\/images\/how-to\/price-tag\/it\/image055.png\"><img decoding=\"async\" width=\"875\" height=\"569\" src=\"http:\/\/www.labeljoy.com\/images\/how-to\/price-tag\/it\/image055.png\" alt=\"Cartellino prezzo con codice a barre dinamico\"><\/a><\/p>\n<p>Cliccare Ok per confermare i cambiamenti.<\/p>\n<p>Il cartellino \u00e8 ora completo. Non resta solo che stampare i cartellino usando una stampante standard a getto d&#8217;inchiostro o una stampante a laser.<\/p>\n<p style=\"text-align: center\"><a href=\"http:\/\/www.labeljoy.com\/images\/how-to\/price-tag\/price_tag_3.zip\" class=\"large green tt-button\" target=\"_self\"> Scarica questo file dinamico <\/a>\n<p>Di seguito le pagine 2 e 3 del progetto appena creato:<\/p>\n<p><a class=\"hover-item\" href=\"http:\/\/www.labeljoy.com\/images\/how-to\/price-tag\/it\/image057.png\"><img decoding=\"async\" width=\"1920\" height=\"1756\" src=\"http:\/\/www.labeljoy.com\/images\/how-to\/price-tag\/it\/image057.png\" alt=\"Cartellini pagina 2\"><\/a><\/p>\n<p>&nbsp;<\/p>\n<p><a class=\"hover-item\" href=\"http:\/\/www.labeljoy.com\/images\/how-to\/price-tag\/it\/image059.png\"><img decoding=\"async\" width=\"1920\" height=\"1756\" src=\"http:\/\/www.labeljoy.com\/images\/how-to\/price-tag\/it\/image059.png\" alt=\"Cartellini pagina 2\"><\/a><\/p>\n","protected":false},"excerpt":{"rendered":"<p>Come creare cartellini prezzo In questo tutorial si mostrer\u00e0 passo passo come creare un cartellino prezzo personalizzato per il proprio negozio. Iniziamo a creare un cartellino semplice comunemente usato nei negozi, successivamente colleghiamo un database per personalizzare al meglio il proprio cartellino con dati provenienti da una fonte di datia esterna. &nbsp; 1 \u2013 Scegliere &#8230; <a title=\"Creare cartellini prezzo\" class=\"read-more\" href=\"https:\/\/www.labeljoy.com\/it\/supporto\/guide\/creare-cartellini-prezzo\/\" aria-label=\"Per saperne di pi\u00f9 su Creare cartellini prezzo\">Read more<\/a><\/p>\n","protected":false},"author":1,"featured_media":0,"parent":7435,"menu_order":0,"comment_status":"open","ping_status":"closed","template":"","meta":{"inline_featured_image":false,"_monsterinsights_skip_tracking":false,"_monsterinsights_sitenote_active":false,"_monsterinsights_sitenote_note":"","_monsterinsights_sitenote_category":0,"footnotes":""},"class_list":{"0":"post-7450","1":"page","2":"type-page","3":"status-publish","5":"infinite-scroll-item"},"aioseo_notices":[],"_links":{"self":[{"href":"https:\/\/www.labeljoy.com\/it\/wp-json\/wp\/v2\/pages\/7450","targetHints":{"allow":["GET"]}}],"collection":[{"href":"https:\/\/www.labeljoy.com\/it\/wp-json\/wp\/v2\/pages"}],"about":[{"href":"https:\/\/www.labeljoy.com\/it\/wp-json\/wp\/v2\/types\/page"}],"author":[{"embeddable":true,"href":"https:\/\/www.labeljoy.com\/it\/wp-json\/wp\/v2\/users\/1"}],"replies":[{"embeddable":true,"href":"https:\/\/www.labeljoy.com\/it\/wp-json\/wp\/v2\/comments?post=7450"}],"version-history":[{"count":24,"href":"https:\/\/www.labeljoy.com\/it\/wp-json\/wp\/v2\/pages\/7450\/revisions"}],"predecessor-version":[{"id":37586,"href":"https:\/\/www.labeljoy.com\/it\/wp-json\/wp\/v2\/pages\/7450\/revisions\/37586"}],"up":[{"embeddable":true,"href":"https:\/\/www.labeljoy.com\/it\/wp-json\/wp\/v2\/pages\/7435"}],"wp:attachment":[{"href":"https:\/\/www.labeljoy.com\/it\/wp-json\/wp\/v2\/media?parent=7450"}],"curies":[{"name":"wp","href":"https:\/\/api.w.org\/{rel}","templated":true}]}}