{"id":7454,"date":"2012-09-14T12:51:43","date_gmt":"2012-09-14T12:51:43","guid":{"rendered":"http:\/\/www.labeljoy.com\/supporto\/guide\/working-with-roll-printers\/"},"modified":"2025-11-06T10:36:18","modified_gmt":"2025-11-06T10:36:18","slug":"stampare-etichette-rotolo","status":"publish","type":"page","link":"https:\/\/www.labeljoy.com\/it\/supporto\/guide\/stampare-etichette-rotolo\/","title":{"rendered":"Come stampare etichette su rotolo"},"content":{"rendered":"<h1>Come stampare etichette su rotolo con stampanti termiche<\/h1>\n<p>Le <strong>stampanti a modulo continuo<\/strong> sono la scelta ideale per stampare su rotolo grandi quantit\u00e0 di etichette. Il costo per ogni etichetta \u00e8 contenuto ed avere una stampante dedicata alla stampa su rotolo fa risparmiare molto tempo.<\/p>\n<p>Se <strong>si lavora con una stampate termica a modulo continuo<\/strong> \u00e8 bene consultare questa guida che spiega passo passo come impostare correttamente i parametri di Labeljoy.<br \/>\nIn alternativa \u00e8 possibile vedere il <a title=\"Stampa con stampanti a rotolo\" href=\"http:\/\/www.labeljoy.com\/it\/video-it\/stampa-etichette-rotolo\/\">video tutorial che spiega come stampare con le stampanti a rotolo<\/a>.<\/p>\n<p>La guida illustrer\u00e0 come creare un&#8217;etichetta standard con testo e codice a barre e stamparla su rotolo con la stampante termica Zebra TLP 3842.<\/p>\n<p><a class=\"hover-item\" title=\"Stampare etichette su rotolo\" href=\"http:\/\/www.labeljoy.com\/images\/how-to\/roll-printer\/roll-print001.jpg\" data-gal=\"prettyPhoto [etichette rotolo]\"><img decoding=\"async\" title=\"Stampante rotolo Zebra TLP 3842\" src=\"http:\/\/www.labeljoy.com\/images\/how-to\/roll-printer\/roll-print001.jpg\" alt=\"stampante termica a rotolo\" width=\"200\" height=\"200\" \/><\/a><\/p>\n<p><span style=\"font-size: 8pt;\">Stampante Zebra TLP 3842<\/span><\/p>\n<p>&nbsp;<\/p>\n<h2>1 \u2013\u00a0Impostare il layout<\/h2>\n<p>Le stampanti a modulo considerano ogni etichetta come una singola pagina, per questo motivo \u00e8 necessario impostare il layout della pagina con 1 riga ed 1 colonna di dimensioni corrispondenti alle dimensioni dell&#8217;etichetta, margini inclusi.<br \/>\nIn questo tutorial si lavorer\u00e0 con etichette di 3cm x 5cm con margini destro e sinistro di 0,15 cm.<\/p>\n<p><a class=\"hover-item\" title=\"Rotolo etichette\" href=\"http:\/\/www.labeljoy.com\/images\/how-to\/roll-printer\/roll-print002.png\" data-gal=\"prettyPhoto [etichette rotolo]\"><img decoding=\"async\" title=\"Rotolo di etichette\" src=\"http:\/\/www.labeljoy.com\/images\/how-to\/roll-printer\/roll-print002.png\" alt=\"etichette rotolo\" width=\"162\" height=\"162\" \/><\/a><\/p>\n<p><span style=\"font-size: 8pt;\">Rotolo etichette 5x3cm<\/span><\/p>\n<p>Notare che sono presenti degli spazi verticali tra ogni etichetta, ma in questo caso non sono presi in considerazione in quanto i driver della stampante usano questi spazi per determinare l&#8217;inizio e la fine di ogni etichetta.<br \/>\nOgni stampante si comporta in modo diverso, \u00e8 spesso necessario fare qualche test per determinare le impostazioni ideali.<\/p>\n<p>Di seguito la finestra di impostazione layout della etichetta che si andr\u00e0 a stampare:<\/p>\n<p><a class=\"hover-item\" title=\"Definire il layout\" href=\"http:\/\/www.labeljoy.com\/images\/how-to\/roll-printer\/it\/roll-print003.png\" data-gal=\"prettyPhoto [etichette rotolo]\"><img decoding=\"async\" src=\"http:\/\/www.labeljoy.com\/images\/how-to\/roll-printer\/it\/roll-print003.png\" alt=\"Impostare il layout etichetta\" width=\"509\" height=\"386\" \/><\/a><\/p>\n<p>Nella sezione <em>Pagina<\/em> \u00e8 stato selezionato <em>User-defined (Definito dall&#8217;utente)<\/em> e come dimensione della pagina si \u00e8 impostata la dimensione dell&#8217;etichetta inclusi i margini sinistro e destro.<br \/>\nNella sezione <em>Labels (Etichette)<\/em> \u00e8 stato impostato 1 riga ed 1 colonna.<br \/>\nInfine, nella sezione <em>Margins (Margini)<\/em> \u00e8 stato inserito 0,15 cm per i margini sinistro e destro e 0,00 cm per margini superiore e inferiore.<\/p>\n<p>Una volta applicati i cambiamenti, Labeljoy mostrer\u00e0 la singola etichetta vuota come nella seguente immagine:<\/p>\n<p><a class=\"hover-item\" title=\"Singola etichetta\" href=\"http:\/\/www.labeljoy.com\/images\/how-to\/roll-printer\/it\/roll-print004.png\" data-gal=\"prettyPhoto [etichette rotolo]\"><img decoding=\"async\" src=\"http:\/\/www.labeljoy.com\/images\/how-to\/roll-printer\/it\/roll-print004.png\" alt=\"Singola etichetta\" width=\"645\" height=\"460\" \/><\/a><\/p>\n<p>&nbsp;<\/p>\n<h2>2 \u2013\u00a0Creare l&#8217;etichetta<\/h2>\n<p>Ora \u00e8 necessario aggiungere tutti gli elementi che si andranno a stampare sull&#8217;etichetta. Questo processo \u00e8 piuttosto semplice: \u00e8 sufficiente selezionare il tipo di elemento dalla barra di sinistra e disegnare un rettangolo corrispondente all&#8217;area che l&#8217;elemento occuper\u00e0 nell&#8217;etichetta. Fare doppio clic sull&#8217;elemento per cambiare le sue impostazione.<\/p>\n<p>Ricordarsi che, a seconda dello zoom in uso, le immagini sullo schermo appariranno pi\u00f9 grandi rispetto alle dimensioni reali di stampa.<\/p>\n<p>Questo \u00e8 il risultato finale: un&#8217;etichetta standard di un centro di riparazioni con elementi di informazione, numeri seriali, codici a barre e logo d&#8217;impresa.<\/p>\n<p><a class=\"hover-item\" title=\"Etichetta da stampante a rotolo\" href=\"http:\/\/www.labeljoy.com\/images\/how-to\/roll-printer\/it\/roll-print005.png\" data-gal=\"prettyPhoto [etichette rotolo]\"><img decoding=\"async\" src=\"http:\/\/www.labeljoy.com\/images\/how-to\/roll-printer\/it\/roll-print005.png\" alt=\"Etichetta da stampante a rotolo\" width=\"645\" height=\"460\" \/><\/a><\/p>\n<p style=\"text-align: center;\"><a href=\"http:\/\/www.labeljoy.com\/images\/how-to\/roll-printer\/production.lpa\" class=\"large green tt-button\" target=\"_self\"> Scarica questo file di Labeljoy<\/a>\n<p>&nbsp;<\/p>\n<h2>3 \u2013\u00a0Connettere dati esterni<\/h2>\n<p>Labeljoy \u00e8 adatto se si desidera stampare grandi quantit\u00e0 di etichette prelevando dati da database esterni. Per fare ci\u00f2 \u00e8 necessario collegare Labeljoy ad un database. Guarda il video tuorial <a title=\"Collegare database esterni\" href=\"http:\/\/www.labeljoy.com\/it\/video-it\/collegare-database-esterni\/\">Come collegare database esterni<\/a> per avere maggiori dettagli.<\/p>\n<p>Una volta collegato il database \u00e8 possibile editare ogni elemento cliccando sul bottone <em>Field (Campo)<\/em> e concatenando i dati.<\/p>\n<p><a class=\"hover-item\" href=\"http:\/\/www.labeljoy.com\/images\/how-to\/roll-printer\/it\/roll-print006.png\" data-gal=\"prettyPhoto [etichette rotolo]\"><img decoding=\"async\" width=\"875\" height=\"569\" src=\"http:\/\/www.labeljoy.com\/images\/how-to\/roll-printer\/it\/roll-print006.png\" alt=\"Concatenare dati etichetta\" \/><\/a><\/p>\n<p>Tenera a mente che il questo progetto considera un&#8217;etichetta per pagina. Quindi se il file con la base di dati contiene 300 righe, Labeljoy creer\u00e0 300 pagine, una per ogni riga. Questo comporta che per scorrere tra le diverse etichette \u00e8 necessario cliccare i pulsanti di spostamento pagina nella barra superiore di Labeljoy.<\/p>\n","protected":false},"excerpt":{"rendered":"<p>Come stampare etichette su rotolo con stampanti termiche Le stampanti a modulo continuo sono la scelta ideale per stampare su rotolo grandi quantit\u00e0 di etichette. Il costo per ogni etichetta \u00e8 contenuto ed avere una stampante dedicata alla stampa su rotolo fa risparmiare molto tempo. Se si lavora con una stampate termica a modulo continuo &#8230; <a title=\"Come stampare etichette su rotolo\" class=\"read-more\" href=\"https:\/\/www.labeljoy.com\/it\/supporto\/guide\/stampare-etichette-rotolo\/\" aria-label=\"Per saperne di pi\u00f9 su Come stampare etichette su rotolo\">Read more<\/a><\/p>\n","protected":false},"author":1,"featured_media":0,"parent":7435,"menu_order":16,"comment_status":"closed","ping_status":"closed","template":"","meta":{"inline_featured_image":false,"_monsterinsights_skip_tracking":false,"_monsterinsights_sitenote_active":false,"_monsterinsights_sitenote_note":"","_monsterinsights_sitenote_category":0,"footnotes":""},"class_list":{"0":"post-7454","1":"page","2":"type-page","3":"status-publish","5":"infinite-scroll-item"},"aioseo_notices":[],"_links":{"self":[{"href":"https:\/\/www.labeljoy.com\/it\/wp-json\/wp\/v2\/pages\/7454","targetHints":{"allow":["GET"]}}],"collection":[{"href":"https:\/\/www.labeljoy.com\/it\/wp-json\/wp\/v2\/pages"}],"about":[{"href":"https:\/\/www.labeljoy.com\/it\/wp-json\/wp\/v2\/types\/page"}],"author":[{"embeddable":true,"href":"https:\/\/www.labeljoy.com\/it\/wp-json\/wp\/v2\/users\/1"}],"replies":[{"embeddable":true,"href":"https:\/\/www.labeljoy.com\/it\/wp-json\/wp\/v2\/comments?post=7454"}],"version-history":[{"count":22,"href":"https:\/\/www.labeljoy.com\/it\/wp-json\/wp\/v2\/pages\/7454\/revisions"}],"predecessor-version":[{"id":44063,"href":"https:\/\/www.labeljoy.com\/it\/wp-json\/wp\/v2\/pages\/7454\/revisions\/44063"}],"up":[{"embeddable":true,"href":"https:\/\/www.labeljoy.com\/it\/wp-json\/wp\/v2\/pages\/7435"}],"wp:attachment":[{"href":"https:\/\/www.labeljoy.com\/it\/wp-json\/wp\/v2\/media?parent=7454"}],"curies":[{"name":"wp","href":"https:\/\/api.w.org\/{rel}","templated":true}]}}