{"id":7545,"date":"2012-07-18T09:46:07","date_gmt":"2012-07-18T09:46:07","guid":{"rendered":"http:\/\/www.labeljoy.com\/template-etichette\/clothing-tags\/"},"modified":"2022-04-06T12:47:06","modified_gmt":"2022-04-06T12:47:06","slug":"etichette-abbigliamento","status":"publish","type":"page","link":"https:\/\/www.labeljoy.com\/it\/etichette-da-stampare\/etichette-abbigliamento\/","title":{"rendered":"Etichette abbigliamento"},"content":{"rendered":"<h1>Etichette per abbigliamento gratuite<\/h1>\n<p>Utilizzare <strong>etichette per vestiti personalizzate<\/strong> \u00e8 sicuramente un vantaggio per la propria attivit\u00e0 commerciale!<\/p>\n<p>Con Labeljoy puoi <strong>dare un tocco di personalit\u00e0 alle etichette<\/strong> che utilizzi nel tuo negozio di abbigliamento. Personalizzare le etichette con logo e nome dell\u2019azienda migliora sensibilmente l\u2019immagine trasmessa ai propri clienti!<\/p>\n<div class=\"tt-notification tip\">\n<p>Puoi stampare le etichette dall\u2019ufficio con una stampante standard o una stampante a rotoli!<\/p>\n<\/div>\n<p>Labeljoy permette inoltre di <a href=\"https:\/\/www.labeljoy.com\/it\/video-it\/generare-barcode-qrcode\/\" title=\"Generare Barcode e QR Code\">generare automaticamente i codici a barre<\/a> da poter inserire nelle etichette dei prodotti in modo da rendere utili e funzionali i tuoi cartellini!<\/p>\n<p>&nbsp;<\/p>\n<h2>Crea etichette personalizzate per il tuo negozio di abbigliamento in pochi click<\/h2>\n<p><strong>Scarica i modelli di etichette per abbigliamento<\/strong> che trovi qui sotto e personalizzali in pochi click. Dai un tocco di personalit\u00e0 e originalit\u00e0 ai capi del tuo negozio.<\/p>\n<div class=\"one_half\">\n<ul>\n<li>Inesersci il tuo logo<\/li>\n<li>Inserisci il prezzo<\/li>\n<li>Genera un barcode<\/li>\n<\/ul>\n<\/div>\n<div class=\"one_half\">\n<ul>\n<li>Cambia le dimensioni dell\u2019etichetta<\/li>\n<li>Importa dati da database<\/li>\n<li>Esporta etichette in pdf o jpg<\/li>\n<\/ul>\n<\/div>\n<div class=\"column-clear\">&nbsp;<\/div>\n<p>Con Labeljoy <strong>creare etichette abbigliamento personalizzate<\/strong> \u00e8 veramente facile!<\/p>\n<p>&nbsp;<\/p>\n<h2>Guarda il video tutorial su come generare Barcode e QR Code<\/h2>\n<p>Labeljoy consente di creare automaticamente 25 differenti tipi di barcode lineari e 2D. Questo video mostra quanto \u00e8 semplice aggiungere codici a barre alle etichette, generati automaticamente dal software partendo da un testo alfanumerico.<\/p>\n<p>&nbsp;<\/p>\n<h2 style=\"margin-bottom: 30px\">Scarica i modelli di etichette per abbigliamento gratis<\/h2>\n<div class=\"one_third\"> <div class=\"img-frame full-fourth\"><div class=\"lightbox-zoom\"><a title=\"Etichette nogozio abbigliamento\" href=\"http:\/\/www.labeljoy.com\/label-templates\/clothing\/clothing1b.jpg\" data-gal=\"prettyPhoto[abbigliamento]\" class=\"hover-item\"><img decoding=\"async\" width=\"197\" height=\"133\" alt=\"Etichette nogozio abbigliamento\" src=\"https:\/\/www.labeljoy.com\/wp-content\/plugins\/sterling-shortcodes\/\/timthumb\/timthumb.php?src=http:\/\/www.labeljoy.com\/label-templates\/clothing\/clothing1s.jpg&#038;h=133&#038;w=197\"><\/a><\/div><\/div>\n<p style=\"text-align: center\"><a href=\"http:\/\/www.labeljoy.com\/label-templates\/clothing\/clothing1.lpa\" class=\"small white tt-button\" target=\"_self\"> Download <\/a>\n<\/div>\n<div class=\"one_third\"> <div class=\"img-frame full-fourth\"><div class=\"lightbox-zoom\"><a title=\"Etichetta abbigliamento personalizzata\" href=\"http:\/\/www.labeljoy.com\/label-templates\/clothing\/clothing2b.jpg\" data-gal=\"prettyPhoto[abbigliamento]\" class=\"hover-item\"><img decoding=\"async\" width=\"197\" height=\"133\" alt=\"Etichetta abbigliamento personalizzata\" src=\"https:\/\/www.labeljoy.com\/wp-content\/plugins\/sterling-shortcodes\/\/timthumb\/timthumb.php?src=http:\/\/www.labeljoy.com\/label-templates\/clothing\/clothing2s.jpg&#038;h=133&#038;w=197\"><\/a><\/div><\/div>\n<p style=\"text-align: center\"><a href=\"http:\/\/www.labeljoy.com\/label-templates\/clothing\/clothing2.lpa\" class=\"small white tt-button\" target=\"_self\"> Download <\/a>\n<\/div>\n<div class=\"one_third\"> <div class=\"img-frame full-fourth\"><div class=\"lightbox-zoom\"><a title=\"Etichetta vestito\" href=\"http:\/\/www.labeljoy.com\/label-templates\/clothing\/clothing3b.jpg\" data-gal=\"prettyPhoto[abbigliamento]\" class=\"hover-item\"><img decoding=\"async\" width=\"197\" height=\"133\" alt=\"Etichetta vestito\" src=\"https:\/\/www.labeljoy.com\/wp-content\/plugins\/sterling-shortcodes\/\/timthumb\/timthumb.php?src=http:\/\/www.labeljoy.com\/label-templates\/clothing\/clothing3s.jpg&#038;h=133&#038;w=197\"><\/a><\/div><\/div>\n<p style=\"text-align: center\"><a href=\"http:\/\/www.labeljoy.com\/label-templates\/clothing\/clothing3.lpa\" class=\"small white tt-button\" target=\"_self\"> Download <\/a>\n<\/div>\n<div class=\"hr hr-dotted\">&nbsp;<\/div>\n<div class=\"one_third\"> <div class=\"img-frame full-fourth\"><div class=\"lightbox-zoom\"><a title=\"Etichetta abbigliamento con codice a barre\" href=\"http:\/\/www.labeljoy.com\/label-templates\/clothing\/clothing4b.jpg\" data-gal=\"prettyPhoto[abbigliamento]\" class=\"hover-item\"><img decoding=\"async\" width=\"197\" height=\"133\" alt=\"Etichetta abbigliamento con codice a barre\" src=\"https:\/\/www.labeljoy.com\/wp-content\/plugins\/sterling-shortcodes\/\/timthumb\/timthumb.php?src=http:\/\/www.labeljoy.com\/label-templates\/clothing\/clothing4s.jpg&#038;h=133&#038;w=197\"><\/a><\/div><\/div>\n<p style=\"text-align: center\"><a href=\"http:\/\/www.labeljoy.com\/label-templates\/clothing\/clothing4.lpa\" class=\"small white tt-button\" target=\"_self\"> Download <\/a>\n<\/div>\n<div class=\"one_third\"> <div class=\"img-frame full-fourth\"><div class=\"lightbox-zoom\"><a title=\"Abbigliamento etichetta legno\" href=\"http:\/\/www.labeljoy.com\/label-templates\/clothing\/clothing5b.jpg\" data-gal=\"prettyPhoto[abbigliamento]\" class=\"hover-item\"><img decoding=\"async\" width=\"197\" height=\"133\" alt=\"Abbigliamento etichetta legno\" src=\"https:\/\/www.labeljoy.com\/wp-content\/plugins\/sterling-shortcodes\/\/timthumb\/timthumb.php?src=http:\/\/www.labeljoy.com\/label-templates\/clothing\/clothing5s.jpg&#038;h=133&#038;w=197\"><\/a><\/div><\/div>\n<p style=\"text-align: center\"><a href=\"http:\/\/www.labeljoy.com\/label-templates\/clothing\/clothing5.lpa\" class=\"small white tt-button\" target=\"_self\"> Download <\/a>\n<\/div>\n<div class=\"one_third\"> <div class=\"img-frame full-fourth\"><div class=\"lightbox-zoom\"><a title=\"Etichetta jeans\" href=\"http:\/\/www.labeljoy.com\/label-templates\/clothing\/clothing6b.jpg\" data-gal=\"prettyPhoto[abbigliamento]\" class=\"hover-item\"><img decoding=\"async\" width=\"197\" height=\"133\" alt=\"Etichetta jeans\" src=\"https:\/\/www.labeljoy.com\/wp-content\/plugins\/sterling-shortcodes\/\/timthumb\/timthumb.php?src=http:\/\/www.labeljoy.com\/label-templates\/clothing\/clothing6s.jpg&#038;h=133&#038;w=197\"><\/a><\/div><\/div>\n<p style=\"text-align: center\"><a href=\"http:\/\/www.labeljoy.com\/label-templates\/clothing\/clothing6.lpa\" class=\"small white tt-button\" target=\"_self\"> Download <\/a>\n<\/div>\n<div class=\"hr hr-dotted\">&nbsp;<\/div>\n<div class=\"one_half\">\n<p style=\"text-align: center\"><a href=\"\/it\/acquista\/\" class=\"large blue tt-button\" target=\"\"> Acquista Labeljoy <\/a>\n<\/div>\n<div class=\"one_half\">\n<p style=\"text-align: center\"><a class=\"large green tt-button\" href=\"\/it\/download-it\/\"> Scarica versione Gratuita <\/a><\/p>\n<\/div>\n","protected":false},"excerpt":{"rendered":"<p>Etichette per abbigliamento gratuite Utilizzare etichette per vestiti personalizzate \u00e8 sicuramente un vantaggio per la propria attivit\u00e0 commerciale! Con Labeljoy puoi dare un tocco di personalit\u00e0 alle etichette che utilizzi nel tuo negozio di abbigliamento. Personalizzare le etichette con logo e nome dell\u2019azienda migliora sensibilmente l\u2019immagine trasmessa ai propri clienti! Puoi stampare le etichette dall\u2019ufficio &#8230; <a title=\"Etichette abbigliamento\" class=\"read-more\" href=\"https:\/\/www.labeljoy.com\/it\/etichette-da-stampare\/etichette-abbigliamento\/\" aria-label=\"Per saperne di pi\u00f9 su Etichette abbigliamento\">Read more<\/a><\/p>\n","protected":false},"author":1,"featured_media":0,"parent":7516,"menu_order":0,"comment_status":"open","ping_status":"closed","template":"","meta":{"inline_featured_image":false,"_monsterinsights_skip_tracking":false,"_monsterinsights_sitenote_active":false,"_monsterinsights_sitenote_note":"","_monsterinsights_sitenote_category":0,"footnotes":""},"class_list":{"0":"post-7545","1":"page","2":"type-page","3":"status-publish","5":"infinite-scroll-item"},"aioseo_notices":[],"_links":{"self":[{"href":"https:\/\/www.labeljoy.com\/it\/wp-json\/wp\/v2\/pages\/7545","targetHints":{"allow":["GET"]}}],"collection":[{"href":"https:\/\/www.labeljoy.com\/it\/wp-json\/wp\/v2\/pages"}],"about":[{"href":"https:\/\/www.labeljoy.com\/it\/wp-json\/wp\/v2\/types\/page"}],"author":[{"embeddable":true,"href":"https:\/\/www.labeljoy.com\/it\/wp-json\/wp\/v2\/users\/1"}],"replies":[{"embeddable":true,"href":"https:\/\/www.labeljoy.com\/it\/wp-json\/wp\/v2\/comments?post=7545"}],"version-history":[{"count":29,"href":"https:\/\/www.labeljoy.com\/it\/wp-json\/wp\/v2\/pages\/7545\/revisions"}],"predecessor-version":[{"id":37321,"href":"https:\/\/www.labeljoy.com\/it\/wp-json\/wp\/v2\/pages\/7545\/revisions\/37321"}],"up":[{"embeddable":true,"href":"https:\/\/www.labeljoy.com\/it\/wp-json\/wp\/v2\/pages\/7516"}],"wp:attachment":[{"href":"https:\/\/www.labeljoy.com\/it\/wp-json\/wp\/v2\/media?parent=7545"}],"curies":[{"name":"wp","href":"https:\/\/api.w.org\/{rel}","templated":true}]}}