{"id":9557,"date":"2013-06-10T15:42:19","date_gmt":"2013-06-10T15:42:19","guid":{"rendered":"http:\/\/www.labeljoy.com\/barcode-generator-software-2\/"},"modified":"2024-02-08T09:23:38","modified_gmt":"2024-02-08T09:23:38","slug":"software-codice-barre","status":"publish","type":"page","link":"https:\/\/www.labeljoy.com\/it\/software-codice-barre\/","title":{"rendered":"Software codice a barre"},"content":{"rendered":"<h1>Software Codice a Barre<\/h1>\n<p>Labeljoy \u00e8 un <strong>software professionale per codice a barre<\/strong> che permette agli utenti di <strong>generare Barcode e QR Code<\/strong> in modo semplice e veloce.<\/p>\n<p>Guarda tutte le <a href=\"http:\/\/www.labeljoy.com\/it\/caratteristiche\/\" title=\"Caratteristiche di Labeljoy\">caratteristiche di Labeljoy<\/a> e scopri com&#8217;\u00e8 semplice usare il software genera barcode e QR Code. <a href=\"http:\/\/www.labeljoy.com\/it\/download-it\/\" title=\"Download Labeljoy\">Scarica la versione Free<\/a> e inizia a generare i tuo codici a barre!<\/p>\n<p style=\"text-align:center\"><a class=\"jumbo green tt-button\" href=\"\/it\/download-it\/\" rel=\"noopener noreferrer\">&nbsp;&nbsp;&nbsp;&nbsp;&nbsp; SCARICA ADESSO LA VERSIONE FREE &nbsp;&nbsp;&nbsp;&nbsp;&nbsp;<\/a><\/p>\n<div class=\"hr hr-solid\" style=\"margin-top: 1em; margin-bottom: 3em;\"><\/div>\n<h2>Genera barcode lineari e 2D facilmente<\/h2>\n<p><em>Labeljoy software genera barcode<\/em> \u00e8 dotato di funzioni che <strong>permettono di creare Barcode personalizzati<\/strong> ed etichette per ogni tipo di business. Il <em>barcode software<\/em> permette di <a href=\"https:\/\/www.labeljoy.com\/generatore-codici-barre-online-gratis\/\" title=\"Generatore codici a barre online\">generare barcode lineari e 2D barcode<\/a> (pi\u00f9 precisamente 20 tipi di barcode lineari e 5 tipi di 2D barcode incluso il QR Code).<\/p>\n<p><a title=\"Labeljoy genera barcode\" href=\"http:\/\/www.labeljoy.com\/images\/barcode-software\/it\/barcode-generator-b.jpg\"><img decoding=\"async\" width=\"1089\" height=\"608\" alt=\"Labeljoy genera barcode\" src=\"http:\/\/www.labeljoy.com\/images\/barcode-software\/it\/barcode-generator-b.jpg\" style=\"max-width:80%; margin-left: 10%; margin-right: 10%;\"><\/a><\/p>\n<p>Di seguito <strong>come usare il barcode generator software di Labeljoy<\/strong>:<\/p>\n<ol>\n<li>Aprire Labeljoy e fare doppio clic su di un barcode.<\/li>\n<li>Selezionare il tipo di barcode che si desidera creare.<\/li>\n<li>Scrivere il codice alfanumerico da generare.<\/li>\n<li>Cliccare su Ok e il software genera automaticamente il barcode.<\/li>\n<\/ol>\n<p>Per maggiori informazioni puoi guardare il video tutorial &#8220;<a href=\"https:\/\/www.labeljoy.com\/it\/video\/come-generare-barcode-e-qr-code\/\" title=\"Generare Barcode e QR Code\">Come generare barcode e QR Code<\/a>&#8220;.<\/p>\n<div class=\"hr hr-solid\" style=\"margin-top: 1em; margin-bottom: 3em;\"><\/div>\n<div class=\"one_third\">\n<div class=\"img-frame full-fourth\">\n<div class=\"lightbox-zoom\"><a class=\"hover-item\" href=\"http:\/\/www.labeljoy.com\/images\/barcode-software\/it\/barcode-label-software.jpg\" title=\"Software etichette barcode\"><img decoding=\"async\" width=\"197\" height=\"133\" src=\"http:\/\/www.labeljoy.com\/images\/barcode-software\/it\/barcode-label-software.jpg\" alt=\"Software etichette e Barcode\"><\/a><\/div>\n<\/div>\n<\/div>\n<div class=\"one_third\">\n<div class=\"img-frame full-fourth\">\n<div class=\"lightbox-zoom\"><a class=\"hover-item\" href=\"http:\/\/www.labeljoy.com\/images\/barcode-software\/it\/barcode-generator-software.jpg\" title=\"Software genera barcode\"><img decoding=\"async\" width=\"197\" height=\"133\" src=\"http:\/\/www.labeljoy.com\/images\/barcode-software\/it\/barcode-generator-software.jpg\" alt=\"Software genera barcode\"><\/a><\/div>\n<\/div>\n<\/div>\n<div class=\"one_third\">\n<div class=\"img-frame full-fourth\">\n<div class=\"lightbox-zoom\"><a class=\"hover-item\" href=\"http:\/\/www.labeljoy.com\/images\/barcode-software\/it\/price-tag-barcode.jpg\" title=\"Esempio etichette con codice a barre\"><img decoding=\"async\" width=\"197\" height=\"133\" src=\"http:\/\/www.labeljoy.com\/images\/barcode-software\/it\/price-tag-barcode.jpg\" alt=\"Esempio etichette con codice a barre\"><\/a><\/div>\n<\/div>\n<\/div>\n<p style=\"text-align:center\"><a class=\"jumbo green tt-button\" href=\"\/it\/download-it\/\" rel=\"noopener noreferrer\">&nbsp;&nbsp;&nbsp;&nbsp;&nbsp; SCARICA ADESSO LA VERSIONE FREE &nbsp;&nbsp;&nbsp;&nbsp;&nbsp;<\/a><\/p>\n<div class=\"hr hr-solid\" style=\"margin-top: 1em; margin-bottom: 3em;\"><\/div>\n<h2>Caratteristiche del Software Codice a barre<\/h2>\n<p>Labeljoy <strong>Barcode Software<\/strong> crea i codici a barre, come richiesto dalla GDO o le per tue vendite online; crea i <strong>codici a barre per il tuo magazzino<\/strong>, per la movimentazione delle merci e per la <strong>gestione dell\u2019inventario<\/strong>. Labeljoy Barcode software crea e stampa <strong>25 tipi di codici a barre<\/strong>, lineari e 2D.<\/p>\n<p>La possibilit\u00e0 di creare QR Code rende il software perfetto per la creazione di biglietti da visita e etichette per spedizioni.<\/p>\n<p class=\"tt-icon icon-db2\"><strong>BARCODE DA DATABASE<\/strong><br \/>\nE&#8217; possibile importare barcode da database esterni. Il software permette di generare barcode usando <a href=\"http:\/\/www.labeljoy.com\/it\/video-it\/collegare-database-esterni\/\" title=\"Collegare database esterni\">fonti di dati esterni<\/a>, semplificando cos\u00ec la creazione di grandi quantitativi di etichette.<\/p>\n<div class=\"hr hr-dotted\">&nbsp;<\/div>\n<p class=\"tt-icon icon-export\"><strong>ESPORTARE BARCODE<\/strong><br \/>\nE&#8217; possibile esportare i barcode creati nei pi\u00f9 comuni formati grafici come pdf, gif, png, tiff e jpj.<\/p>\n<div class=\"hr hr-dotted\">&nbsp;<\/div>\n<p class=\"tt-icon icon-printer\"><strong>STAMPARE I CODICI A BARRE<\/strong><br \/>\nIl software permette di stampare codici a barre con <a href=\"http:\/\/www.labeljoy.com\/it\/video-it\/stampa-etichette-rotolo\/\" title=\"Stampa con stampanti a Rotoli\">stampanti a modulo continuo<\/a> o stampanti standard, scegliendo tra i layout precaricati o impostando il layout secondo le proprie necessit\u00e0.<\/p>\n<div class=\"hr hr-solid\" style=\"margin-top: 1em; margin-bottom: 3em;\"><\/div>\n<h3>Generare Codici a barre e tipi di barcode<\/h3>\n<p>Labeljoy permette di <a href=\"http:\/\/www.labeljoy.com\/it\/video-it\/generare-barcode-qrcode\/\" title=\"Generare Barcode e QR Code\">generare 25 differenti tipi di barcode<\/a> in pochi clic: \u00e8 sufficiente inserire il codice alfanumerico nel campo appropriato e cliccare su OK. Come conferma \u00e8 possibile cliccare sul tasto &#8220;Preview&#8221; per controllare che i caratteri inseriti siano compatibili con il barcode generato.<\/p>\n<p>I barcode che posso essere creati con il software codice a barre sono: <a href=\"https:\/\/www.labeljoy.com\/it\/supporto\/codici-a-barre\/code-39-it\/\">Code 39<\/a>, <a href=\"https:\/\/www.labeljoy.com\/it\/supporto\/codici-a-barre\/code-93-it\/\">Code 93<\/a>, <a href=\"https:\/\/www.labeljoy.com\/it\/supporto\/codici-a-barre\/code-128-it\/\">Code 128<\/a>, <a href=\"https:\/\/www.labeljoy.com\/it\/supporto\/codici-a-barre\/ean-13-it\/\">EAN 13<\/a>, <a href=\"https:\/\/www.labeljoy.com\/it\/supporto\/codici-a-barre\/ean-128-it\/\">EAN 128<\/a>, <a href=\"https:\/\/www.labeljoy.com\/it\/supporto\/codici-a-barre\/ean-8-it\/\">EAN 8<\/a>, <a href=\"https:\/\/www.labeljoy.com\/it\/supporto\/codici-a-barre\/gs1-128-it\/\">GS1 128<\/a>, <a href=\"https:\/\/www.labeljoy.com\/it\/supporto\/codici-a-barre\/itf-14-it\/\">ITF 14<\/a>, <a href=\"https:\/\/www.labeljoy.com\/it\/supporto\/codici-a-barre\/upc-code-it\/\">UPC code<\/a>, <a href=\"https:\/\/www.labeljoy.com\/it\/supporto\/codici-a-barre\/code-11-it\/\">Code 11<\/a>, <a href=\"https:\/\/www.labeljoy.com\/it\/supporto\/codici-a-barre\/interleaved-2-of-5-it\/\">Interleaved 2 of 5<\/a>, <a href=\"https:\/\/www.labeljoy.com\/it\/supporto\/codici-a-barre\/industrial-2-of-5-it\/\">Industrial 2 of 5<\/a>, <a href=\"https:\/\/www.labeljoy.com\/it\/supporto\/codici-a-barre\/codabar-it\/\">Codabar<\/a>, <a href=\"https:\/\/www.labeljoy.com\/it\/supporto\/codici-a-barre\/datamatrix-it\/\">Datamatrix<\/a>, <a href=\"https:\/\/www.labeljoy.com\/it\/supporto\/codici-a-barre\/postnet-barcode-it\/\">Postnet barcode<\/a>, <a href=\"https:\/\/www.labeljoy.com\/it\/supporto\/codici-a-barre\/planet-code-it\/\">Planet code<\/a>, <a href=\"https:\/\/www.labeljoy.com\/it\/qr-code-it\/\">QR Code<\/a>.<\/p>\n<div class=\"hr hr-solid\"><\/div>\n<h3>Software generatore QR Code<\/h3>\n<p>Labeljoy \u00e8 un software che permette anche di generare infiniti QR Code: il barcode 2D che pu\u00f2 contenere molte informazioni e con il quale \u00e8 possibile associare url, vCard, vEvent, mappe e molto altro. Labeljoy fornisce un QR Code generator online per creare i tuoi Qr Code personalizzati direttamente dal sito Labeljoy.com.<\/p>\n<div class=\"column-clear\"><\/div>\n<div class=\"also-like\">\n<strong>Ti potrebbe interessare anche:<\/strong><\/p>\n<ul>\n<li><a href=\"http:\/\/www.labeljoy.com\/it\/etichette-da-stampare\/etichette-barcode\/\" title=\"Etichette Barcode\">Template Cartellini prezzo con barcode<\/a><\/li>\n<li><a href=\"http:\/\/www.labeljoy.com\/it\/etichette-da-stampare\/etichetta-spedizioni\/\" title=\"Etichette spedizioni\">Template etichette spedizioni<\/a><\/li>\n<li><a href=\"https:\/\/www.labeljoy.com\/generatore-codici-barre-online-gratis\/\" title=\"Generatore codici a barre online\">Generatore codici a barre online<\/a><\/li>\n<\/ul>\n<\/div>\n","protected":false},"excerpt":{"rendered":"<p>Software Codice a Barre Labeljoy \u00e8 un software professionale per codice a barre che permette agli utenti di generare Barcode e QR Code in modo semplice e veloce. Guarda tutte le caratteristiche di Labeljoy e scopri com&#8217;\u00e8 semplice usare il software genera barcode e QR Code. Scarica la versione Free e inizia a generare i &#8230; <a title=\"Software codice a barre\" class=\"read-more\" href=\"https:\/\/www.labeljoy.com\/it\/software-codice-barre\/\" aria-label=\"Per saperne di pi\u00f9 su Software codice a barre\">Read more<\/a><\/p>\n","protected":false},"author":1,"featured_media":0,"parent":0,"menu_order":2,"comment_status":"closed","ping_status":"closed","template":"","meta":{"inline_featured_image":false,"_monsterinsights_skip_tracking":false,"_monsterinsights_sitenote_active":false,"_monsterinsights_sitenote_note":"","_monsterinsights_sitenote_category":0,"footnotes":""},"class_list":{"0":"post-9557","1":"page","2":"type-page","3":"status-publish","5":"infinite-scroll-item"},"aioseo_notices":[],"_links":{"self":[{"href":"https:\/\/www.labeljoy.com\/it\/wp-json\/wp\/v2\/pages\/9557","targetHints":{"allow":["GET"]}}],"collection":[{"href":"https:\/\/www.labeljoy.com\/it\/wp-json\/wp\/v2\/pages"}],"about":[{"href":"https:\/\/www.labeljoy.com\/it\/wp-json\/wp\/v2\/types\/page"}],"author":[{"embeddable":true,"href":"https:\/\/www.labeljoy.com\/it\/wp-json\/wp\/v2\/users\/1"}],"replies":[{"embeddable":true,"href":"https:\/\/www.labeljoy.com\/it\/wp-json\/wp\/v2\/comments?post=9557"}],"version-history":[{"count":64,"href":"https:\/\/www.labeljoy.com\/it\/wp-json\/wp\/v2\/pages\/9557\/revisions"}],"predecessor-version":[{"id":40363,"href":"https:\/\/www.labeljoy.com\/it\/wp-json\/wp\/v2\/pages\/9557\/revisions\/40363"}],"wp:attachment":[{"href":"https:\/\/www.labeljoy.com\/it\/wp-json\/wp\/v2\/media?parent=9557"}],"curies":[{"name":"wp","href":"https:\/\/api.w.org\/{rel}","templated":true}]}}