{"id":9620,"date":"2012-07-18T08:54:54","date_gmt":"2012-07-18T08:54:54","guid":{"rendered":"http:\/\/www.labeljoy.com\/etichette-da-stampare\/shipping-label\/"},"modified":"2021-03-28T15:32:34","modified_gmt":"2021-03-28T15:32:34","slug":"etichetta-pacco","status":"publish","type":"page","link":"https:\/\/www.labeljoy.com\/it\/etichette-da-stampare\/etichetta-pacco\/","title":{"rendered":"Etichetta pacco"},"content":{"rendered":"<h1>Etichette per pacchi personalizzate<\/h1>\n<p>L\u2019<strong>etichetta per pacco<\/strong> \u00e8 un\u2019etichetta adesiva da attaccare ai colli per segnalare qualcosa di importante. Pu\u00f2 contenere simboli, scritte, ma anche logo ed indirizzo dell\u2019azienda, barcode e QR Code.<\/p>\n<p>&nbsp;<\/p>\n<h2>Personalizza e stampa le etichette adesive per pacchi<\/h2>\n<p>La personalizzazione dei pacchi con <strong>etichette personalizzate<\/strong> \u00e8 una forma di pubblicit\u00e0, una risorsa in pi\u00f9 per fare marketing.<\/p>\n<p><strong>Scarica gratuitamente<\/strong> i modelli di etichette per pacchi che trovi qui di seguito e personalizzale secondo le tue esigenze:<\/p>\n<ul>\n<li>Inserisci il <strong>logo e l\u2019indirizzo<\/strong> della tua azienda<\/li>\n<li>Includi <strong>barcode<\/strong> e <strong>QR Code<\/strong> generati dal software<\/li>\n<li><a href=\"https:\/\/www.labeljoy.com\/it\/video\/collegare-i-database-esterni\/\" title=\"Collegare database esterni\">Importa i dati<\/a> da fonti di dati esterne<\/li>\n<\/ul>\n<p>Poi stampa le tue etichette con stampanti laser, a getto d\u2019inchiostro o <a href=\"https:\/\/www.labeljoy.com\/it\/video\/come-stampare-con-la-stampante-a-rotolo\/\" title=\"Stampa con stampanti a Rotoli\">stampanti a rotoli<\/a>.<\/p>\n<p>&nbsp;<\/p>\n<h2>Video tutorial su come stampare le etichette con stampanti a rotoli<\/h2>\n<p>Labeljoy ti permette di stampare su qualsiasi formato usando una stampante inkjet, laser o a modulo continuo. Segui la guida passo passo.<\/p>\n\n<div class=\"youtube-embed\" itemprop=\"video\" itemscope itemtype=\"https:\/\/schema.org\/VideoObject\">\n\t<meta itemprop=\"url\" content=\"https:\/\/www.youtube.com\/v\/KfuXtijwmfM\" \/>\n\t<meta itemprop=\"name\" content=\"Etichetta pacco\" \/>\n\t<meta itemprop=\"description\" content=\"Etichetta pacco\" \/>\n\t<meta itemprop=\"uploadDate\" content=\"2012-07-18T08:54:54+00:00\" \/>\n\t<meta itemprop=\"thumbnailUrl\" content=\"https:\/\/i.ytimg.com\/vi\/KfuXtijwmfM\/default.jpg\" \/>\n\t<meta itemprop=\"embedUrl\" content=\"https:\/\/www.youtube.com\/embed\/KfuXtijwmfM\" \/>\n\t<meta itemprop=\"height\" content=\"385\" \/>\n\t<meta itemprop=\"width\" content=\"640\" \/>\n\t<iframe style=\"border: 0;\" class=\"youtube-player\" width=\"640\" height=\"385\" src=\"https:\/\/www.youtube.com\/embed\/KfuXtijwmfM?modestbranding=1&fs=0&rel=0&loop=1&color=white&playlist=KfuXtijwmfM\"><\/iframe>\n<\/div>\n\n<p>&nbsp;<\/p>\n<h2 style=\"margin-bottom: 30px\">Scarica i modelli gratuiti di etichette per pacchi<\/h2>\n<div class=\"one_third\"> <div class=\"img-frame full-fourth\"><div class=\"lightbox-zoom\"><a title=\"Etichetta pacco fragile\" href=\"http:\/\/www.labeljoy.com\/label-templates\/shipping\/shipping1b.jpg\" data-gal=\"prettyPhoto[shipping label]\" class=\"hover-item\"><img decoding=\"async\" width=\"197\" height=\"133\" alt=\"Etichetta pacco fragile\" src=\"https:\/\/www.labeljoy.com\/wp-content\/plugins\/sterling-shortcodes\/\/timthumb\/timthumb.php?src=http:\/\/www.labeljoy.com\/label-templates\/shipping\/shipping1s.jpg&#038;h=133&#038;w=197\"><\/a><\/div><\/div>\n<p style=\"text-align: center\"><a href=\"http:\/\/www.labeljoy.com\/label-templates\/shipping\/shipping1.lpa\" class=\"small white tt-button\" target=\"_self\"> Download <\/a>\n<\/div>\n<div class=\"one_third\"> <div class=\"img-frame full-fourth\"><div class=\"lightbox-zoom\"><a title=\"Etichetta attenzione per pacchi\" href=\"http:\/\/www.labeljoy.com\/label-templates\/shipping\/shipping2b.jpg\" data-gal=\"prettyPhoto[shipping label]\" class=\"hover-item\"><img decoding=\"async\" width=\"197\" height=\"133\" alt=\"Etichetta attenzione per pacchi\" src=\"https:\/\/www.labeljoy.com\/wp-content\/plugins\/sterling-shortcodes\/\/timthumb\/timthumb.php?src=http:\/\/www.labeljoy.com\/label-templates\/shipping\/shipping2s.jpg&#038;h=133&#038;w=197\"><\/a><\/div><\/div>\n<p style=\"text-align: center\"><a href=\"http:\/\/www.labeljoy.com\/label-templates\/shipping\/shipping2.lpa\" class=\"small white tt-button\" target=\"_self\"> Download <\/a>\n<\/div>\n<div class=\"one_third\"> <div class=\"img-frame full-fourth\"><div class=\"lightbox-zoom\"><a title=\"Etichetta per spedizione pacco\" href=\"http:\/\/www.labeljoy.com\/label-templates\/shipping\/shipping3b.jpg\" data-gal=\"prettyPhoto[shipping label]\" class=\"hover-item\"><img decoding=\"async\" width=\"197\" height=\"133\" alt=\"Etichetta per spedizione pacco\" src=\"https:\/\/www.labeljoy.com\/wp-content\/plugins\/sterling-shortcodes\/\/timthumb\/timthumb.php?src=http:\/\/www.labeljoy.com\/label-templates\/shipping\/shipping3s.jpg&#038;h=133&#038;w=197\"><\/a><\/div><\/div>\n<p style=\"text-align: center\"><a href=\"http:\/\/www.labeljoy.com\/label-templates\/shipping\/shipping3.lpa\" class=\"small white tt-button\" target=\"_self\"> Download <\/a>\n<\/div>\n<div class=\"hr hr-dotted\">&nbsp;<\/div>\n<div class=\"one_third\"> <div class=\"img-frame full-fourth\"><div class=\"lightbox-zoom\"><a title=\"Etichetta pacco pericoloso\" href=\"http:\/\/www.labeljoy.com\/label-templates\/shipping\/shipping4b.jpg\" data-gal=\"prettyPhoto[shipping label]\" class=\"hover-item\"><img decoding=\"async\" width=\"197\" height=\"133\" alt=\"Etichetta pacco pericoloso\" src=\"https:\/\/www.labeljoy.com\/wp-content\/plugins\/sterling-shortcodes\/\/timthumb\/timthumb.php?src=http:\/\/www.labeljoy.com\/label-templates\/shipping\/shipping4s.jpg&#038;h=133&#038;w=197\"><\/a><\/div><\/div>\n<p style=\"text-align: center\"><a href=\"http:\/\/www.labeljoy.com\/label-templates\/shipping\/shipping4.lpa\" class=\"small white tt-button\" target=\"_self\"> Download <\/a>\n<\/div>\n<div class=\"one_third\"> <div class=\"img-frame full-fourth\"><div class=\"lightbox-zoom\"><a title=\"Etichetta spedizione navale\" href=\"http:\/\/www.labeljoy.com\/label-templates\/shipping\/shipping5b.jpg\" data-gal=\"prettyPhoto[shipping label]\" class=\"hover-item\"><img decoding=\"async\" width=\"197\" height=\"133\" alt=\"Etichetta spedizione navale\" src=\"https:\/\/www.labeljoy.com\/wp-content\/plugins\/sterling-shortcodes\/\/timthumb\/timthumb.php?src=http:\/\/www.labeljoy.com\/label-templates\/shipping\/shipping5s.jpg&#038;h=133&#038;w=197\"><\/a><\/div><\/div>\n<p style=\"text-align: center\"><a href=\"http:\/\/www.labeljoy.com\/label-templates\/shipping\/shipping5.lpa\" class=\"small white tt-button\" target=\"_self\"> Download <\/a>\n<\/div>\n<div class=\"one_third\"> <div class=\"img-frame full-fourth\"><div class=\"lightbox-zoom\"><a title=\"Etichetta pacco con codice a barre\" href=\"http:\/\/www.labeljoy.com\/label-templates\/shipping\/shipping6b.jpg\" data-gal=\"prettyPhoto[shipping label]\" class=\"hover-item\"><img decoding=\"async\" width=\"197\" height=\"133\" alt=\"Etichetta pacco con codice a barre\" src=\"https:\/\/www.labeljoy.com\/wp-content\/plugins\/sterling-shortcodes\/\/timthumb\/timthumb.php?src=http:\/\/www.labeljoy.com\/label-templates\/shipping\/shipping6s.jpg&#038;h=133&#038;w=197\"><\/a><\/div><\/div>\n<p style=\"text-align: center\"><a href=\"http:\/\/www.labeljoy.com\/label-templates\/shipping\/shipping6.lpa\" class=\"small white tt-button\" target=\"_self\"> Download <\/a>\n<\/div>\n<div class=\"hr hr-dotted\">&nbsp;<\/div>\n<div class=\"one_half\">\n<p style=\"text-align: center\"><a href=\"\/it\/acquista\/\" class=\"large blue tt-button\" target=\"\"> Acquista Labeljoy <\/a>\n<\/div>\n<div class=\"one_half\">\n<p style=\"text-align: center\"><a class=\"large green tt-button\" href=\"\/it\/download-it\/\"> Scarica versione Gratuita <\/a><\/p>\n<\/div>\n","protected":false},"excerpt":{"rendered":"<p>Etichette per pacchi personalizzate L\u2019etichetta per pacco \u00e8 un\u2019etichetta adesiva da attaccare ai colli per segnalare qualcosa di importante. Pu\u00f2 contenere simboli, scritte, ma anche logo ed indirizzo dell\u2019azienda, barcode e QR Code. &nbsp; Personalizza e stampa le etichette adesive per pacchi La personalizzazione dei pacchi con etichette personalizzate \u00e8 una forma di pubblicit\u00e0, una &#8230; <a title=\"Etichetta pacco\" class=\"read-more\" href=\"https:\/\/www.labeljoy.com\/it\/etichette-da-stampare\/etichetta-pacco\/\" aria-label=\"Per saperne di pi\u00f9 su Etichetta pacco\">Read more<\/a><\/p>\n","protected":false},"author":1,"featured_media":0,"parent":7516,"menu_order":0,"comment_status":"open","ping_status":"closed","template":"page-template-left-sidebar.php","meta":{"inline_featured_image":false,"_monsterinsights_skip_tracking":false,"_monsterinsights_sitenote_active":false,"_monsterinsights_sitenote_note":"","_monsterinsights_sitenote_category":0,"footnotes":""},"class_list":{"0":"post-9620","1":"page","2":"type-page","3":"status-publish","5":"infinite-scroll-item"},"aioseo_notices":[],"_links":{"self":[{"href":"https:\/\/www.labeljoy.com\/it\/wp-json\/wp\/v2\/pages\/9620","targetHints":{"allow":["GET"]}}],"collection":[{"href":"https:\/\/www.labeljoy.com\/it\/wp-json\/wp\/v2\/pages"}],"about":[{"href":"https:\/\/www.labeljoy.com\/it\/wp-json\/wp\/v2\/types\/page"}],"author":[{"embeddable":true,"href":"https:\/\/www.labeljoy.com\/it\/wp-json\/wp\/v2\/users\/1"}],"replies":[{"embeddable":true,"href":"https:\/\/www.labeljoy.com\/it\/wp-json\/wp\/v2\/comments?post=9620"}],"version-history":[{"count":36,"href":"https:\/\/www.labeljoy.com\/it\/wp-json\/wp\/v2\/pages\/9620\/revisions"}],"predecessor-version":[{"id":35512,"href":"https:\/\/www.labeljoy.com\/it\/wp-json\/wp\/v2\/pages\/9620\/revisions\/35512"}],"up":[{"embeddable":true,"href":"https:\/\/www.labeljoy.com\/it\/wp-json\/wp\/v2\/pages\/7516"}],"wp:attachment":[{"href":"https:\/\/www.labeljoy.com\/it\/wp-json\/wp\/v2\/media?parent=9620"}],"curies":[{"name":"wp","href":"https:\/\/api.w.org\/{rel}","templated":true}]}}