{"id":11972,"date":"2013-05-22T13:45:23","date_gmt":"2013-05-22T13:45:23","guid":{"rendered":"http:\/\/www.labeljoy.com\/helpdesk\/barcode-typen\/ean-128\/"},"modified":"2023-03-28T08:21:05","modified_gmt":"2023-03-28T08:21:05","slug":"ean-128-nl","status":"publish","type":"page","link":"https:\/\/www.labeljoy.com\/nl\/helpdesk\/barcode-typen\/ean-128-nl\/","title":{"rendered":"EAN 128"},"content":{"rendered":"<h1>EAN 128 barcode generator<\/h1>\n<blockquote><p><strong>EAN-128<\/strong>, ook bekend als <strong>GS1-128<\/strong>, is een barcodestandaard die wordt gebruikt om producten en goederen te <strong>identificeren en te volgen<\/strong>. Het is een lineaire barcode die een combinatie van cijfers en ASCII-tekens gebruikt om details van de goederen weer te geven, zoals partijnummer, houdbaarheidsdatum, gewicht en andere relevante informatie.<\/p><\/blockquote>\n<p>De EAN-128 is gebaseerd op de <strong><a href=\"https:\/\/www.labeljoy.com\/nl\/helpdesk\/barcode-typen\/ean-13-nl\/\" title=\"EAN-13 barcode\">EAN-13 barcode<\/a><\/strong>, maar kan veel meer informatie bevatten. Deze <strong>barcode<\/strong> wordt vooral gebruikt in de transport- en logistieke sector voor verzendingsbeheer, maar wordt ook gebruikt in andere sectoren zoals productie, detailhandel en gezondheidszorg.<\/p>\n<p><strong>De EAN-128 is een flexibele barcode<\/strong> die kan worden aangepast aan de specifieke behoeften van een bedrijf of toepassing. Het is ontwikkeld door GS1, een internationale organisatie die normen beheert voor barcode-codering en andere automatische identificatiesystemen.<\/p>\n<p><img decoding=\"async\" class=\" alignleft\" alt=\"EAN 128 Barcode\" src=\"http:\/\/www.labeljoy.com\/images\/about-barcode\/ean-128.jpg\" width=\"120\" height=\"68\"><strong>EAN-128 symbolen<\/strong> verschillen van <strong>Code 128 symbolen<\/strong> omdat de implementatie van het FNC1 teken gebruikt wordt als data start en scheidingsteken.<\/p>\n<div class=\"column-clear\"><\/div>\n<ul>\n<li><strong>Het FNC1 teken wordt impliciet toegevoegd<\/strong> aan het begin van het symbool zoals nodig is voor de EAN-128 specificatie en, sinds versie 4.5, ondersteunen EAN-128 barcode symbolen gegenereerd door Labeljoy het FNC1 scheidingsteken.<\/li>\n<li>Gebruik het | (pipe) teken om plaatsen aan te geven waar u het FNC1 scheidingsteken nodig heeft.<\/li>\n<\/ul>\n<p>Bijvoorbeeld, de tekst 123456|ABCDE zal door Labeljoy ge\u00efnterpreteerd worden als 123456[FNC1]ABCDE en hiervan zal het barcode symbool gegenereerd worden.<\/p>\n<h2>EAN 128 code in Labeljoy<\/h2>\n<p>IIn Labeljoy kan u de <strong>EAN-128 symbolen gebruiken om barcodes te genereren<\/strong> die lijken op degene die gemaakt worden door de <a title=\"GS1 128 barcode\" href=\"http:\/\/www.labeljoy.com\/nl\/helpdesk\/barcode-typen\/gs1-128-nl\/\">GS1-128<\/a>, maar volledig aanpasbaar zijn en geen van de restricties hebben die vereist zijn door de GS1-128 specificatie.<\/p>\n<ul>\n<li>Labeljoy laat u een alfanumerieke tekst tot 48 tekens lang invullen om de barcode te genereren. Vul de tekst in in het invulveld.<\/li>\n<li>De gewone tekst kan weergegeven worden onder of boven het symbool of het kan verborgen worden afhankelijk van de instellingen in de Tekst combo box.<\/li>\n<\/ul>\n<div class=\"column-clear\"><\/div>\n<div class=\"tt-notification tip\"><p style=\"font-size:12px;\"> Tekst aaneenschakeling:<br \/>\nAls een <strong>EAN-128 barcode element gegenereerd <\/strong>&nbsp;wordt door het samenvoegen van velden of teller, zijn de volgende regels van toepassing:<\/p>\n<ul class=\"barcode-ul\">\n<li>De tekst mag niet langer zijn als 48 tekens.<\/li>\n<\/ul>\n<p>Als de waarde niet voldoet aan de eisen wordt de barcode niet weergegeven<br \/>\nOok zullen alle ASCII tekens boven de 127 verwijderd worden met uit zondering van het | (pipe) teken welke zal worden ge\u00efnterpreteerd als een placeholder voor het FNC1 teken.<br \/>\n<\/p><\/div>\n<figure style=\"width: 279px\" class=\"wp-caption aligncenter\"><img decoding=\"async\" alt=\"EAN-128 code\" src=\"http:\/\/www.labeljoy.com\/images\/barcodes\/ean128_code.png\" width=\"289\" height=\"101\"><figcaption class=\"wp-caption-text\">EAN-128 encoding de tekst 20abcd40ABCD60 (geen FNC1 scheidingstekens)<\/figcaption><\/figure>\n<figure style=\"width: 295px\" class=\"wp-caption aligncenter\"><img decoding=\"async\" class=\" \" alt=\"EAN-128 one FNC1 separator\" src=\"http:\/\/www.labeljoy.com\/images\/barcodes\/ean128_fnc1.png\" width=\"305\" height=\"101\"><figcaption class=\"wp-caption-text\">EAN-128 encoding de tekst 20abcd40|ABCD60 wat ge\u00efnterpreteerd wordt als 20abcd40[FNC1]ABCD60 (\u00e9\u00e9n FNC1 scheidingsteken)<\/figcaption><\/figure><figure style=\"width: 359px\" class=\"wp-caption aligncenter\"><img decoding=\"async\" class=\" \" alt=\"EAN-128 (four FNC1 separators)\" src=\"http:\/\/www.labeljoy.com\/images\/barcodes\/ean128_fnc1_barcode.png\" width=\"369\" height=\"101\"><figcaption class=\"wp-caption-text\">EAN-128 encoding de tekst 20|abcd|40|ABCD|60 wat wordt neer gezet als 20[FNC1]abcd[FNC1]40[FNC1]ABCD[FNC1]60 (vier FNC1 scheidingstekens)<\/figcaption><\/figure>\n<div class=\"hr hr-dotted\">&nbsp;<\/div>\n<div class=\"one_half\">\n<p style=\"text-align: right\"><a href=\"\/nl\/kopen\/\" class=\"large blue tt-button\" target=\"_self\">Koop EAN 128 Generator Software <\/a>\n<\/div>\n<div class=\"one_half\">\n<p style=\"text-align: left\">&nbsp; &nbsp; &nbsp;<a href=\"\/nl\/download-nl\/\" class=\"large green tt-button\" target=\"_self\"> Download Gratis Versie <\/a>\n<\/div>\n","protected":false},"excerpt":{"rendered":"<p>EAN 128 barcode generator EAN-128, ook bekend als GS1-128, is een barcodestandaard die wordt gebruikt om producten en goederen te identificeren en te volgen. Het is een lineaire barcode die een combinatie van cijfers en ASCII-tekens gebruikt om details van de goederen weer te geven, zoals partijnummer, houdbaarheidsdatum, gewicht en andere relevante informatie. De EAN-128 &#8230; <a title=\"EAN 128\" class=\"read-more\" href=\"https:\/\/www.labeljoy.com\/nl\/helpdesk\/barcode-typen\/ean-128-nl\/\" aria-label=\"Lees meer over EAN 128\">Read more<\/a><\/p>\n","protected":false},"author":1,"featured_media":0,"parent":6811,"menu_order":0,"comment_status":"open","ping_status":"closed","template":"","meta":{"inline_featured_image":false,"_monsterinsights_skip_tracking":false,"_monsterinsights_sitenote_active":false,"_monsterinsights_sitenote_note":"","_monsterinsights_sitenote_category":0,"footnotes":""},"class_list":{"0":"post-11972","1":"page","2":"type-page","3":"status-publish","5":"infinite-scroll-item"},"aioseo_notices":[],"_links":{"self":[{"href":"https:\/\/www.labeljoy.com\/nl\/wp-json\/wp\/v2\/pages\/11972","targetHints":{"allow":["GET"]}}],"collection":[{"href":"https:\/\/www.labeljoy.com\/nl\/wp-json\/wp\/v2\/pages"}],"about":[{"href":"https:\/\/www.labeljoy.com\/nl\/wp-json\/wp\/v2\/types\/page"}],"author":[{"embeddable":true,"href":"https:\/\/www.labeljoy.com\/nl\/wp-json\/wp\/v2\/users\/1"}],"replies":[{"embeddable":true,"href":"https:\/\/www.labeljoy.com\/nl\/wp-json\/wp\/v2\/comments?post=11972"}],"version-history":[{"count":16,"href":"https:\/\/www.labeljoy.com\/nl\/wp-json\/wp\/v2\/pages\/11972\/revisions"}],"predecessor-version":[{"id":39715,"href":"https:\/\/www.labeljoy.com\/nl\/wp-json\/wp\/v2\/pages\/11972\/revisions\/39715"}],"up":[{"embeddable":true,"href":"https:\/\/www.labeljoy.com\/nl\/wp-json\/wp\/v2\/pages\/6811"}],"wp:attachment":[{"href":"https:\/\/www.labeljoy.com\/nl\/wp-json\/wp\/v2\/media?parent=11972"}],"curies":[{"name":"wp","href":"https:\/\/api.w.org\/{rel}","templated":true}]}}