{"id":32045,"date":"2025-03-04T08:41:28","date_gmt":"2025-03-04T08:41:28","guid":{"rendered":"https:\/\/www.labeljoy.com\/nl\/?page_id=32045"},"modified":"2025-03-04T08:41:28","modified_gmt":"2025-03-04T08:41:28","slug":"incremental-counters","status":"publish","type":"page","link":"https:\/\/www.labeljoy.com\/nl\/helpdesk\/hoe-moet-ik\/incremental-counters\/","title":{"rendered":"Incremental counters"},"content":{"rendered":"<p><span style=\"font-weight: 400;\">Een van de handigste functies van Labeljoy&#8217;s barcode generator is de mogelijkheid om <\/span><b>incrementele tellers te maken<\/b><span style=\"font-weight: 400;\">: dynamische codes die geleidelijk oplopen volgens de parameters die u hebt ingesteld.<\/span><\/p>\n<h2>Automatisch honderden barcodes aanmaken<\/h2>\n<p><span style=\"font-weight: 400;\">Met incrementele tellers kunt u <\/span><b>honderden barcodes afdrukken zonder ze \u00e9\u00e9n voor \u00e9\u00e9n voor te bereiden<\/b><span style=\"font-weight: 400;\">: Labeljoy genereert de tellers voor u, volgens uw instructies. Teltype (decimaal, alfanumeriek, hexadecimaal), stap (de waarde waarmee de teller wordt verhoogd), het aantal mogelijke herhalingen: dit zijn enkele van de functies die u eenvoudig kunt aanpassen.<\/span><\/p>\n<p><span style=\"font-weight: 400;\">Je kunt <\/span><b>barcodes exporteren in het formaat van je voorkeur<\/b><span style=\"font-weight: 400;\"> (bijv. PDF, JPG, PNG of TIFF) of <\/span><b>ze rechtstreeks op je etiketten afdrukken<\/b><span style=\"font-weight: 400;\">.<\/span><\/p>\n<h3>Incrementele teller gebruiken<\/h3>\n<p><span style=\"font-weight: 400;\">Deze tutorial legt uit hoe je barcode-etiketten achter elkaar kunt maken <\/span><b>zonder handmatig codes in te typen<\/b><span style=\"font-weight: 400;\">.<\/span><\/p>\n<p><span style=\"font-weight: 400;\">1) Dubbelklik op het veld Barcode. <\/span><\/p>\n<p><a href=\"https:\/\/www.labeljoy.com\/wp-content\/uploads\/2025\/03\/1-Dubbelklik-op-het-veld-Barcode.-Imgur-1024x756.png\"><img decoding=\"async\" class=\"alignnone wp-image-43353 size-large\" src=\"https:\/\/www.labeljoy.com\/wp-content\/uploads\/2025\/03\/1-Dubbelklik-op-het-veld-Barcode.-Imgur-1024x756.png\" alt=\"1) Dubbelklik op het veld Barcode.\u00a0 - Imgur\" width=\"1024\" height=\"756\" srcset=\"https:\/\/www.labeljoy.com\/wp-content\/uploads\/2025\/03\/1-Dubbelklik-op-het-veld-Barcode.-Imgur-1024x756.png 1024w, https:\/\/www.labeljoy.com\/wp-content\/uploads\/2025\/03\/1-Dubbelklik-op-het-veld-Barcode.-Imgur-300x222.png 300w, https:\/\/www.labeljoy.com\/wp-content\/uploads\/2025\/03\/1-Dubbelklik-op-het-veld-Barcode.-Imgur-768x567.png 768w, https:\/\/www.labeljoy.com\/wp-content\/uploads\/2025\/03\/1-Dubbelklik-op-het-veld-Barcode.-Imgur.png 1427w\" sizes=\"(max-width: 1024px) 100vw, 1024px\" \/><\/a><\/p>\n<h4>Vaste + dynamische delen<\/h4>\n<p><span style=\"font-weight: 400;\">2) In dit geval zijn een <\/span><b>vast deel<\/b><span style=\"font-weight: 400;\"> (00000) en een dynamisch deel ingevoegd door op het <\/span><b>pictogram Teller<\/b><span style=\"font-weight: 400;\"> te klikken.<\/span><\/p>\n<p><a href=\"https:\/\/www.labeljoy.com\/wp-content\/uploads\/2025\/03\/2-In-dit-geval-zijn-een-vast-deel-00000-en-een-dynamisch-deel-ingevoegd-door-op-het-pictogram-Teller-te-klikken.-Imgur.png\"><img decoding=\"async\" class=\"alignnone wp-image-43344 size-full\" src=\"https:\/\/www.labeljoy.com\/wp-content\/uploads\/2025\/03\/2-In-dit-geval-zijn-een-vast-deel-00000-en-een-dynamisch-deel-ingevoegd-door-op-het-pictogram-Teller-te-klikken.-Imgur.png\" alt=\"2) In dit geval zijn een vast deel (00000) en een dynamisch deel ingevoegd door op het pictogram Teller te klikken. - Imgur\" width=\"868\" height=\"739\" srcset=\"https:\/\/www.labeljoy.com\/wp-content\/uploads\/2025\/03\/2-In-dit-geval-zijn-een-vast-deel-00000-en-een-dynamisch-deel-ingevoegd-door-op-het-pictogram-Teller-te-klikken.-Imgur.png 868w, https:\/\/www.labeljoy.com\/wp-content\/uploads\/2025\/03\/2-In-dit-geval-zijn-een-vast-deel-00000-en-een-dynamisch-deel-ingevoegd-door-op-het-pictogram-Teller-te-klikken.-Imgur-300x255.png 300w, https:\/\/www.labeljoy.com\/wp-content\/uploads\/2025\/03\/2-In-dit-geval-zijn-een-vast-deel-00000-en-een-dynamisch-deel-ingevoegd-door-op-het-pictogram-Teller-te-klikken.-Imgur-768x654.png 768w\" sizes=\"(max-width: 868px) 100vw, 868px\" \/><\/a><\/p>\n<p><span style=\"font-weight: 400;\">3) Klik op <\/span><i><span style=\"font-weight: 400;\">Teller 0-9<\/span><\/i><span style=\"font-weight: 400;\"> om het instellingenvenster te openen.<\/span><\/p>\n<p><a href=\"https:\/\/www.labeljoy.com\/wp-content\/uploads\/2025\/03\/3-Klik-op-Teller-0-9-om-het-instellingenvenster-te-openen.-Imgur.png\"><img decoding=\"async\" class=\"alignnone wp-image-43335 size-full\" src=\"https:\/\/www.labeljoy.com\/wp-content\/uploads\/2025\/03\/3-Klik-op-Teller-0-9-om-het-instellingenvenster-te-openen.-Imgur.png\" alt=\"3) Klik op Teller 0-9 om het instellingenvenster te openen. - Imgur\" width=\"866\" height=\"737\" srcset=\"https:\/\/www.labeljoy.com\/wp-content\/uploads\/2025\/03\/3-Klik-op-Teller-0-9-om-het-instellingenvenster-te-openen.-Imgur.png 866w, https:\/\/www.labeljoy.com\/wp-content\/uploads\/2025\/03\/3-Klik-op-Teller-0-9-om-het-instellingenvenster-te-openen.-Imgur-300x255.png 300w, https:\/\/www.labeljoy.com\/wp-content\/uploads\/2025\/03\/3-Klik-op-Teller-0-9-om-het-instellingenvenster-te-openen.-Imgur-768x654.png 768w\" sizes=\"(max-width: 866px) 100vw, 866px\" \/><\/a><\/p>\n<p>&nbsp;<\/p>\n<p><span style=\"font-weight: 400;\">4) Met het formulier Teller aanpassen kun je een aantal eigenschappen wijzigen (<\/span><a href=\"https:\/\/www.labeljoy.com\/help-lj6\/manage-counters\/\"><span style=\"font-weight: 400;\">meer details hier<\/span><\/a><span style=\"font-weight: 400;\">) <\/span><\/p>\n<p><a href=\"https:\/\/www.labeljoy.com\/wp-content\/uploads\/2025\/03\/4-Met-het-formulier-Teller-aanpassen-kun-je-een-aantal-eigenschappen-wijzigen-meer-details-hier-Imgur.png\"><img decoding=\"async\" class=\"alignnone wp-image-43326 size-full\" src=\"https:\/\/www.labeljoy.com\/wp-content\/uploads\/2025\/03\/4-Met-het-formulier-Teller-aanpassen-kun-je-een-aantal-eigenschappen-wijzigen-meer-details-hier-Imgur.png\" alt=\"4) Met het formulier Teller aanpassen kun je een aantal eigenschappen wijzigen (meer details hier) - Imgur\" width=\"869\" height=\"738\" srcset=\"https:\/\/www.labeljoy.com\/wp-content\/uploads\/2025\/03\/4-Met-het-formulier-Teller-aanpassen-kun-je-een-aantal-eigenschappen-wijzigen-meer-details-hier-Imgur.png 869w, https:\/\/www.labeljoy.com\/wp-content\/uploads\/2025\/03\/4-Met-het-formulier-Teller-aanpassen-kun-je-een-aantal-eigenschappen-wijzigen-meer-details-hier-Imgur-300x255.png 300w, https:\/\/www.labeljoy.com\/wp-content\/uploads\/2025\/03\/4-Met-het-formulier-Teller-aanpassen-kun-je-een-aantal-eigenschappen-wijzigen-meer-details-hier-Imgur-768x652.png 768w\" sizes=\"(max-width: 869px) 100vw, 869px\" \/><\/a><\/p>\n<p><span style=\"font-weight: 400;\">5) Klik op OK:<\/span><b> de barcodes worden automatisch gegenereerd!<\/b><\/p>\n<p><a href=\"https:\/\/www.labeljoy.com\/wp-content\/uploads\/2025\/03\/5-Klik-op-OK-de-barcodes-worden-automatisch-gegenereerd-Imgur-1024x754.png\"><img decoding=\"async\" class=\"alignnone wp-image-43317 size-large\" src=\"https:\/\/www.labeljoy.com\/wp-content\/uploads\/2025\/03\/5-Klik-op-OK-de-barcodes-worden-automatisch-gegenereerd-Imgur-1024x754.png\" alt=\"5) Klik op OK de barcodes worden automatisch gegenereerd! - Imgur\" width=\"1024\" height=\"754\" srcset=\"https:\/\/www.labeljoy.com\/wp-content\/uploads\/2025\/03\/5-Klik-op-OK-de-barcodes-worden-automatisch-gegenereerd-Imgur-1024x754.png 1024w, https:\/\/www.labeljoy.com\/wp-content\/uploads\/2025\/03\/5-Klik-op-OK-de-barcodes-worden-automatisch-gegenereerd-Imgur-300x221.png 300w, https:\/\/www.labeljoy.com\/wp-content\/uploads\/2025\/03\/5-Klik-op-OK-de-barcodes-worden-automatisch-gegenereerd-Imgur-768x565.png 768w, https:\/\/www.labeljoy.com\/wp-content\/uploads\/2025\/03\/5-Klik-op-OK-de-barcodes-worden-automatisch-gegenereerd-Imgur.png 1433w\" sizes=\"(max-width: 1024px) 100vw, 1024px\" \/><\/a><\/p>\n<p>&nbsp;<\/p>\n<hr style=\"margin: 20px 0;\" \/>\n<h4>Meerdere incrementele tellers samenvoegen<\/h4>\n<p><a href=\"https:\/\/www.labeljoy.com\/wp-content\/uploads\/2025\/03\/Meerdere-incrementele-tellers-samenvoegen-Imgur.png\"><img decoding=\"async\" class=\"alignnone wp-image-43308 size-full\" src=\"https:\/\/www.labeljoy.com\/wp-content\/uploads\/2025\/03\/Meerdere-incrementele-tellers-samenvoegen-Imgur.png\" alt=\"Meerdere incrementele tellers samenvoegen - Imgur\" width=\"870\" height=\"737\" srcset=\"https:\/\/www.labeljoy.com\/wp-content\/uploads\/2025\/03\/Meerdere-incrementele-tellers-samenvoegen-Imgur.png 870w, https:\/\/www.labeljoy.com\/wp-content\/uploads\/2025\/03\/Meerdere-incrementele-tellers-samenvoegen-Imgur-300x254.png 300w, https:\/\/www.labeljoy.com\/wp-content\/uploads\/2025\/03\/Meerdere-incrementele-tellers-samenvoegen-Imgur-768x651.png 768w\" sizes=\"(max-width: 870px) 100vw, 870px\" \/><\/a><\/p>\n<p><span style=\"font-weight: 400;\">1) Stel de decimale teller in.<\/span><\/p>\n<p><a href=\"https:\/\/www.labeljoy.com\/wp-content\/uploads\/2025\/03\/1-Stel-de-decimale-teller-in.-Imgur.png\"><img decoding=\"async\" class=\"alignnone wp-image-43299 size-full\" src=\"https:\/\/www.labeljoy.com\/wp-content\/uploads\/2025\/03\/1-Stel-de-decimale-teller-in.-Imgur.png\" alt=\"1) Stel de decimale teller in. - Imgur\" width=\"867\" height=\"738\" srcset=\"https:\/\/www.labeljoy.com\/wp-content\/uploads\/2025\/03\/1-Stel-de-decimale-teller-in.-Imgur.png 867w, https:\/\/www.labeljoy.com\/wp-content\/uploads\/2025\/03\/1-Stel-de-decimale-teller-in.-Imgur-300x255.png 300w, https:\/\/www.labeljoy.com\/wp-content\/uploads\/2025\/03\/1-Stel-de-decimale-teller-in.-Imgur-768x654.png 768w\" sizes=\"(max-width: 867px) 100vw, 867px\" \/><\/a><\/p>\n<p><span style=\"font-weight: 400;\">2) Stel <\/span><b>alfabetische teller in hoofdletters<\/b><span style=\"font-weight: 400;\"> in.<\/span><\/p>\n<p><a href=\"https:\/\/www.labeljoy.com\/wp-content\/uploads\/2025\/03\/2-Stel-alfabetische-teller-in-hoofdletters-in.-Imgur.png\"><img decoding=\"async\" class=\"alignnone wp-image-43290 size-full\" src=\"https:\/\/www.labeljoy.com\/wp-content\/uploads\/2025\/03\/2-Stel-alfabetische-teller-in-hoofdletters-in.-Imgur.png\" alt=\"2) Stel alfabetische teller in hoofdletters in. - Imgur\" width=\"867\" height=\"735\" srcset=\"https:\/\/www.labeljoy.com\/wp-content\/uploads\/2025\/03\/2-Stel-alfabetische-teller-in-hoofdletters-in.-Imgur.png 867w, https:\/\/www.labeljoy.com\/wp-content\/uploads\/2025\/03\/2-Stel-alfabetische-teller-in-hoofdletters-in.-Imgur-300x254.png 300w, https:\/\/www.labeljoy.com\/wp-content\/uploads\/2025\/03\/2-Stel-alfabetische-teller-in-hoofdletters-in.-Imgur-768x651.png 768w\" sizes=\"(max-width: 867px) 100vw, 867px\" \/><\/a><\/p>\n<p><span style=\"font-weight: 400;\">3) Hier zijn je barcodes!<\/span><\/p>\n<p><a href=\"https:\/\/www.labeljoy.com\/wp-content\/uploads\/2025\/03\/3-Hier-zijn-je-barcodes-Imgur-1024x752.png\"><img decoding=\"async\" class=\"alignnone wp-image-43281 size-large\" src=\"https:\/\/www.labeljoy.com\/wp-content\/uploads\/2025\/03\/3-Hier-zijn-je-barcodes-Imgur-1024x752.png\" alt=\"3) Hier zijn je barcodes! - Imgur\" width=\"1024\" height=\"752\" srcset=\"https:\/\/www.labeljoy.com\/wp-content\/uploads\/2025\/03\/3-Hier-zijn-je-barcodes-Imgur-1024x752.png 1024w, https:\/\/www.labeljoy.com\/wp-content\/uploads\/2025\/03\/3-Hier-zijn-je-barcodes-Imgur-300x220.png 300w, https:\/\/www.labeljoy.com\/wp-content\/uploads\/2025\/03\/3-Hier-zijn-je-barcodes-Imgur-768x564.png 768w, https:\/\/www.labeljoy.com\/wp-content\/uploads\/2025\/03\/3-Hier-zijn-je-barcodes-Imgur.png 1433w\" sizes=\"(max-width: 1024px) 100vw, 1024px\" \/><\/a><\/p>\n<div class=\"also-like\">\n<b>Misschien vind je dit ook leuk:<\/b><\/p>\n<ul>\n<li style=\"font-weight: 400;\" aria-level=\"1\"><a href=\"https:\/\/www.labeljoy.com\/help-lj6\/manage-counters\/\"><span style=\"font-weight: 400;\">Guide: teller beheren<\/span><\/a><\/li>\n<li style=\"font-weight: 400;\" aria-level=\"1\"><a href=\"https:\/\/www.labeljoy.com\/nl\/video\/incrementele-tellers\/\"><span style=\"font-weight: 400;\">Video: incrementele tellers<\/span><\/a><\/li>\n<\/ul>\n<\/div>\n","protected":false},"excerpt":{"rendered":"<p>Een van de handigste functies van Labeljoy&#8217;s barcode generator is de mogelijkheid om incrementele tellers te maken: dynamische codes die geleidelijk oplopen volgens de parameters die u hebt ingesteld. Automatisch honderden barcodes aanmaken Met incrementele tellers kunt u honderden barcodes afdrukken zonder ze \u00e9\u00e9n voor \u00e9\u00e9n voor te bereiden: Labeljoy genereert de tellers voor u, &#8230; <a title=\"Incremental counters\" class=\"read-more\" href=\"https:\/\/www.labeljoy.com\/nl\/helpdesk\/hoe-moet-ik\/incremental-counters\/\" aria-label=\"Lees meer over Incremental counters\">Read more<\/a><\/p>\n","protected":false},"author":12,"featured_media":0,"parent":6782,"menu_order":0,"comment_status":"closed","ping_status":"closed","template":"","meta":{"inline_featured_image":false,"_monsterinsights_skip_tracking":false,"_monsterinsights_sitenote_active":false,"_monsterinsights_sitenote_note":"","_monsterinsights_sitenote_category":0,"footnotes":""},"class_list":{"0":"post-32045","1":"page","2":"type-page","3":"status-publish","5":"infinite-scroll-item"},"aioseo_notices":[],"_links":{"self":[{"href":"https:\/\/www.labeljoy.com\/nl\/wp-json\/wp\/v2\/pages\/32045","targetHints":{"allow":["GET"]}}],"collection":[{"href":"https:\/\/www.labeljoy.com\/nl\/wp-json\/wp\/v2\/pages"}],"about":[{"href":"https:\/\/www.labeljoy.com\/nl\/wp-json\/wp\/v2\/types\/page"}],"author":[{"embeddable":true,"href":"https:\/\/www.labeljoy.com\/nl\/wp-json\/wp\/v2\/users\/12"}],"replies":[{"embeddable":true,"href":"https:\/\/www.labeljoy.com\/nl\/wp-json\/wp\/v2\/comments?post=32045"}],"version-history":[{"count":2,"href":"https:\/\/www.labeljoy.com\/nl\/wp-json\/wp\/v2\/pages\/32045\/revisions"}],"predecessor-version":[{"id":43362,"href":"https:\/\/www.labeljoy.com\/nl\/wp-json\/wp\/v2\/pages\/32045\/revisions\/43362"}],"up":[{"embeddable":true,"href":"https:\/\/www.labeljoy.com\/nl\/wp-json\/wp\/v2\/pages\/6782"}],"wp:attachment":[{"href":"https:\/\/www.labeljoy.com\/nl\/wp-json\/wp\/v2\/media?parent=32045"}],"curies":[{"name":"wp","href":"https:\/\/api.w.org\/{rel}","templated":true}]}}