{"id":15580,"date":"2012-10-11T15:42:48","date_gmt":"2012-10-11T15:42:48","guid":{"rendered":"http:\/\/www.labeljoy.com\/?page_id=15580"},"modified":"2020-06-07T13:01:48","modified_gmt":"2020-06-07T13:01:48","slug":"failure-pt","status":"publish","type":"page","link":"https:\/\/www.labeljoy.com\/pt-pt\/shop-pt\/failure-pt\/","title":{"rendered":"Failure PT"},"content":{"rendered":"\t\t\t<h2 class=\"entry-title\">Pagamento recusado<\/h2>\n<p>Pedimos desculpa mas o Paypal recusou o seu pedido de pagamento.<\/p>\n<p><strong>O seu cart\u00e3o de cr\u00e9dito n\u00e3o foi cobrado<\/strong> e a sua encomenda foi cancelada.<\/p>\n<p>Pode tentar de novo ou logo que resolva a quest\u00e3o que est\u00e1 provocar o problema pode fazer uma nova encomenda na nossa loja.<\/p>","protected":false},"excerpt":{"rendered":"","protected":false},"author":2,"featured_media":0,"parent":15449,"menu_order":18,"comment_status":"open","ping_status":"closed","template":"","meta":{"inline_featured_image":false,"_monsterinsights_skip_tracking":false,"_monsterinsights_sitenote_active":false,"_monsterinsights_sitenote_note":"","_monsterinsights_sitenote_category":0,"footnotes":""},"class_list":{"0":"post-15580","1":"page","2":"type-page","3":"status-publish","5":"infinite-scroll-item"},"aioseo_notices":[],"_links":{"self":[{"href":"https:\/\/www.labeljoy.com\/pt-pt\/wp-json\/wp\/v2\/pages\/15580","targetHints":{"allow":["GET"]}}],"collection":[{"href":"https:\/\/www.labeljoy.com\/pt-pt\/wp-json\/wp\/v2\/pages"}],"about":[{"href":"https:\/\/www.labeljoy.com\/pt-pt\/wp-json\/wp\/v2\/types\/page"}],"author":[{"embeddable":true,"href":"https:\/\/www.labeljoy.com\/pt-pt\/wp-json\/wp\/v2\/users\/2"}],"replies":[{"embeddable":true,"href":"https:\/\/www.labeljoy.com\/pt-pt\/wp-json\/wp\/v2\/comments?post=15580"}],"version-history":[{"count":3,"href":"https:\/\/www.labeljoy.com\/pt-pt\/wp-json\/wp\/v2\/pages\/15580\/revisions"}],"predecessor-version":[{"id":33063,"href":"https:\/\/www.labeljoy.com\/pt-pt\/wp-json\/wp\/v2\/pages\/15580\/revisions\/33063"}],"up":[{"embeddable":true,"href":"https:\/\/www.labeljoy.com\/pt-pt\/wp-json\/wp\/v2\/pages\/15449"}],"wp:attachment":[{"href":"https:\/\/www.labeljoy.com\/pt-pt\/wp-json\/wp\/v2\/media?parent=15580"}],"curies":[{"name":"wp","href":"https:\/\/api.w.org\/{rel}","templated":true}]}}