{"id":15600,"date":"2012-10-11T15:25:29","date_gmt":"2012-10-11T15:25:29","guid":{"rendered":"http:\/\/www.labeljoy.com\/?page_id=15600"},"modified":"2020-06-06T08:26:58","modified_gmt":"2020-06-06T08:26:58","slug":"wiretransfer-pt","status":"publish","type":"page","link":"https:\/\/www.labeljoy.com\/pt-pt\/shop-pt\/wiretransfer-pt\/","title":{"rendered":"Wire Transfer PT"},"content":{"rendered":"\t<h2 class=\"entry-title\">Obrigada pela sua compra!<\/h2>\n    <p>A sua encomenda foi registada com sucesso; escolheu pagar via transfer\u00eancia banc\u00e1ria, portanto ir\u00e1 ser processada manualmente logo que recebamos o seu pagamento.<\/p>\n<p>\tNome da Empresa: <br \/>\nEndere\u00e7o da Empresa: Delivery Tech Corp.<br \/>\nConta Banc\u00e1ria: 4411 Morena Blvd #230 San Diego, CA 92117<br \/>\nRouting: 610777168<br \/>\nSwift: 322271627<br \/>\nBanco: CHASUS33<\/p>\n<p>Por favor envie c\u00f3pia do comprovativo da transfer\u00eancia banc\u00e1ria para:<br \/>\nemail: Chase, <\/p>\n<p>\t<br \/>Se n\u00e3o recebeu um email de confirma\u00e7\u00e3o nosso, por favor verifique a sua pasta de spam ou a pasta do lixo.<br \/>\n<strong>Por favor lembre-se de inserir o seu n\u00famero de encomenda<\/strong> ao efetuar pagamento via conta banc\u00e1ria de forma a reconhecermos o seu pagamento.<\/p>\n<p>\tPor favor lembre-se que normalmente pagamentos banc\u00e1rios internacionais\ndemoram entre 4 a 6 dias para creditar o seu dinheiro; logo que o seu pagamento\nseja transferido para a nossa conta banc\u00e1ria, enviaremos os seus c\u00f3digos de registo para os produtos que comprou e a sua fatura.<\/p>","protected":false},"excerpt":{"rendered":"Obrigada pela sua compra! A sua encomenda foi registada com sucesso; escolheu pagar via transfer\u00eancia banc\u00e1ria, portanto ir\u00e1 ser processada manualmente logo que recebamos o seu pagamento. Nome da Empresa: Endere\u00e7o da Empresa: Delivery Tech Corp. Conta Banc\u00e1ria: 4411 Morena Blvd #230 San Diego, CA 92117 Routing: 610777168 Swift: 322271627 Banco: CHASUS33 Por favor envie ... <a title=\"Wire Transfer PT\" class=\"read-more\" href=\"https:\/\/www.labeljoy.com\/pt-pt\/shop-pt\/wiretransfer-pt\/\" aria-label=\"Leia mais sobre Wire Transfer PT\">Read more<\/a>","protected":false},"author":2,"featured_media":0,"parent":15449,"menu_order":19,"comment_status":"open","ping_status":"closed","template":"","meta":{"inline_featured_image":false,"_monsterinsights_skip_tracking":false,"_monsterinsights_sitenote_active":false,"_monsterinsights_sitenote_note":"","_monsterinsights_sitenote_category":0,"footnotes":""},"class_list":{"0":"post-15600","1":"page","2":"type-page","3":"status-publish","5":"infinite-scroll-item"},"aioseo_notices":[],"_links":{"self":[{"href":"https:\/\/www.labeljoy.com\/pt-pt\/wp-json\/wp\/v2\/pages\/15600","targetHints":{"allow":["GET"]}}],"collection":[{"href":"https:\/\/www.labeljoy.com\/pt-pt\/wp-json\/wp\/v2\/pages"}],"about":[{"href":"https:\/\/www.labeljoy.com\/pt-pt\/wp-json\/wp\/v2\/types\/page"}],"author":[{"embeddable":true,"href":"https:\/\/www.labeljoy.com\/pt-pt\/wp-json\/wp\/v2\/users\/2"}],"replies":[{"embeddable":true,"href":"https:\/\/www.labeljoy.com\/pt-pt\/wp-json\/wp\/v2\/comments?post=15600"}],"version-history":[{"count":2,"href":"https:\/\/www.labeljoy.com\/pt-pt\/wp-json\/wp\/v2\/pages\/15600\/revisions"}],"predecessor-version":[{"id":33072,"href":"https:\/\/www.labeljoy.com\/pt-pt\/wp-json\/wp\/v2\/pages\/15600\/revisions\/33072"}],"up":[{"embeddable":true,"href":"https:\/\/www.labeljoy.com\/pt-pt\/wp-json\/wp\/v2\/pages\/15449"}],"wp:attachment":[{"href":"https:\/\/www.labeljoy.com\/pt-pt\/wp-json\/wp\/v2\/media?parent=15600"}],"curies":[{"name":"wp","href":"https:\/\/api.w.org\/{rel}","templated":true}]}}