{"id":15646,"date":"2012-10-15T13:07:53","date_gmt":"2012-10-15T13:07:53","guid":{"rendered":"http:\/\/www.labeljoy.com\/?page_id=15646"},"modified":"2020-06-07T10:12:56","modified_gmt":"2020-06-07T10:12:56","slug":"payok-pt","status":"publish","type":"page","link":"https:\/\/www.labeljoy.com\/pt-pt\/shop-pt\/payok-pt\/","title":{"rendered":"payok PT"},"content":{"rendered":"\t<h2 class=\"entry-title\">Obrigado!<\/h2>\n    <!--script>\n        _paq.push(['trackEvent', 'Buy', 'Thankyou EUR', 'Buy Thankyou EUR Credit Card pt']);\n    <\/script-->\n<p>O seu pagamento foi aprovado pelo portal do seu cart\u00e3o de cr\u00e9dito.<\/p>\r\n<p><strong>Recebeu (ou ir\u00e1 receber em breve) um email que cont\u00e9m a sua chave de registo ou as instru\u00e7\u00f5es detalhadas para ativar o produto ou servi\u00e7o que comprou<\/strong>.<\/p>\r\n<p>Se n\u00e3o recebeu o nosso email, <strong>por favor verifique que os nossos emails n\u00e3o est\u00e3o a ser marcados como spam!<\/strong><\/p>","protected":false},"excerpt":{"rendered":"","protected":false},"author":2,"featured_media":0,"parent":15449,"menu_order":22,"comment_status":"open","ping_status":"closed","template":"","meta":{"inline_featured_image":false,"_monsterinsights_skip_tracking":false,"_monsterinsights_sitenote_active":false,"_monsterinsights_sitenote_note":"","_monsterinsights_sitenote_category":0,"footnotes":""},"class_list":{"0":"post-15646","1":"page","2":"type-page","3":"status-publish","5":"infinite-scroll-item"},"aioseo_notices":[],"_links":{"self":[{"href":"https:\/\/www.labeljoy.com\/pt-pt\/wp-json\/wp\/v2\/pages\/15646","targetHints":{"allow":["GET"]}}],"collection":[{"href":"https:\/\/www.labeljoy.com\/pt-pt\/wp-json\/wp\/v2\/pages"}],"about":[{"href":"https:\/\/www.labeljoy.com\/pt-pt\/wp-json\/wp\/v2\/types\/page"}],"author":[{"embeddable":true,"href":"https:\/\/www.labeljoy.com\/pt-pt\/wp-json\/wp\/v2\/users\/2"}],"replies":[{"embeddable":true,"href":"https:\/\/www.labeljoy.com\/pt-pt\/wp-json\/wp\/v2\/comments?post=15646"}],"version-history":[{"count":2,"href":"https:\/\/www.labeljoy.com\/pt-pt\/wp-json\/wp\/v2\/pages\/15646\/revisions"}],"predecessor-version":[{"id":33091,"href":"https:\/\/www.labeljoy.com\/pt-pt\/wp-json\/wp\/v2\/pages\/15646\/revisions\/33091"}],"up":[{"embeddable":true,"href":"https:\/\/www.labeljoy.com\/pt-pt\/wp-json\/wp\/v2\/pages\/15449"}],"wp:attachment":[{"href":"https:\/\/www.labeljoy.com\/pt-pt\/wp-json\/wp\/v2\/media?parent=15646"}],"curies":[{"name":"wp","href":"https:\/\/api.w.org\/{rel}","templated":true}]}}