{"id":17703,"date":"2012-08-22T09:57:38","date_gmt":"2012-08-22T09:57:38","guid":{"rendered":"http:\/\/www.labeljoy.com\/suporte\/about-us-edisplay\/"},"modified":"2026-03-25T15:38:29","modified_gmt":"2026-03-25T15:38:29","slug":"sobre-nos-edisplay","status":"publish","type":"page","link":"https:\/\/www.labeljoy.com\/pt-pt\/suporte\/sobre-nos-edisplay\/","title":{"rendered":"eDisplay \u2013 Empresas de software"},"content":{"rendered":"<h1>Empresa de software eDisplay<\/h1>\n<p><img decoding=\"async\" width=\"177\" height=\"63\" class=\"alignleft wp-image-2003\" title=\"Labeljoy edisplay\" src=\"http:\/\/www.labeljoy.com\/images\/edisplay.jpg\" alt=\"eDisplay\" \/><\/p>\n<p><a title=\"edisplay software house label\" href=\"https:\/\/edisplay.it\/en\/\" target=\"_blank\" rel=\"noopener\">eDisplay srl<\/a> <span style=\"font-weight: 400;\">\u00e9 uma empresa de software dedicada ao setor dos c\u00f3digos de barras e da etiquetagem. A nossa filosofia empresarial sempre foi oferecer o melhor produto ao<\/span><b> melhor pre\u00e7o<\/b><span style=\"font-weight: 400;\"> poss\u00edvel.<\/span><\/p>\n<p><span style=\"font-weight: 400;\">Investimos cada vez mais em investiga\u00e7\u00e3o e desenvolvimento. A inova\u00e7\u00e3o cont\u00ednua, a \u00eanfase nas boas rela\u00e7\u00f5es entre colegas e colaboradores e o respeito pelo ambiente s\u00e3o os nossos princ\u00edpios orientadores. Em 2006, foi lan\u00e7ado o Labeljoy, um produto inovador que combina grande funcionalidade com <\/span><b>facilidade de utiliza\u00e7\u00e3o<\/b><span style=\"font-weight: 400;\">. At\u00e9 \u00e0 data, vendemos 35 000 c\u00f3pias do nosso software em 18 idiomas diferentes, garantindo um apoio t\u00e9cnico de primeira qualidade aos nossos clientes, tanto grandes como pequenos.<\/span><\/p>\n<p><span style=\"font-weight: 400;\">A nossa empresa participa ativamente em causas sociais e beneficentes atrav\u00e9s de in\u00fameras iniciativas de apoio \u00e0 Cruz Vermelha, ONG e organiza\u00e7\u00f5es de voluntariado em todo o mundo. O nosso trabalho n\u00e3o teria sentido sem a sua confian\u00e7a: obrigado por nos escolher.<\/span><\/p>\n<p>&nbsp;<\/p>\n<h3>Os nossos escrit\u00f3rios<\/h3>\n<div class=\"hr hr-solid\">&nbsp;<\/div>\n<div class=\"one_third\">\n<p><strong>SEDE SOCIAL<br \/>\n<\/strong>Fonni<br \/>\nViale del Lavoro, 53<br \/>\n08023 Fonni (NU)<br \/>\nItaly<\/div>\n<div class=\"one_third\">\n<p><strong>SEDE OPERACIONAL<br \/>\n<\/strong>Milano<br \/>\nVia Palmanova, 24<br \/>\n20132 Milano (Mi)<br \/>\nItaly <\/div>\n<div class=\"one_third\">\n<p><strong>PARCEIRO COMERCIAL<br \/>\n<\/strong>San Diego<br \/>\nDelivery Tech Corp 4411\u00a0Morena Blvd #230<br \/>\nSan Diego, CA\u00a092117<br \/>\nU.S.A. <\/div>\n","protected":false},"excerpt":{"rendered":"<p>Empresa de software eDisplay eDisplay srl \u00e9 uma empresa de software dedicada ao setor dos c\u00f3digos de barras e da etiquetagem. A nossa filosofia empresarial sempre foi oferecer o melhor produto ao melhor pre\u00e7o poss\u00edvel. Investimos cada vez mais em investiga\u00e7\u00e3o e desenvolvimento. A inova\u00e7\u00e3o cont\u00ednua, a \u00eanfase nas boas rela\u00e7\u00f5es entre colegas e colaboradores &#8230; <a title=\"eDisplay \u2013 Empresas de software\" class=\"read-more\" href=\"https:\/\/www.labeljoy.com\/pt-pt\/suporte\/sobre-nos-edisplay\/\" aria-label=\"Leia mais sobre eDisplay \u2013 Empresas de software\">Read more<\/a><\/p>\n","protected":false},"author":1,"featured_media":0,"parent":3354,"menu_order":0,"comment_status":"closed","ping_status":"closed","template":"","meta":{"inline_featured_image":false,"_monsterinsights_skip_tracking":false,"_monsterinsights_sitenote_active":false,"_monsterinsights_sitenote_note":"","_monsterinsights_sitenote_category":0,"footnotes":""},"class_list":{"0":"post-17703","1":"page","2":"type-page","3":"status-publish","5":"infinite-scroll-item"},"aioseo_notices":[],"_links":{"self":[{"href":"https:\/\/www.labeljoy.com\/pt-pt\/wp-json\/wp\/v2\/pages\/17703","targetHints":{"allow":["GET"]}}],"collection":[{"href":"https:\/\/www.labeljoy.com\/pt-pt\/wp-json\/wp\/v2\/pages"}],"about":[{"href":"https:\/\/www.labeljoy.com\/pt-pt\/wp-json\/wp\/v2\/types\/page"}],"author":[{"embeddable":true,"href":"https:\/\/www.labeljoy.com\/pt-pt\/wp-json\/wp\/v2\/users\/1"}],"replies":[{"embeddable":true,"href":"https:\/\/www.labeljoy.com\/pt-pt\/wp-json\/wp\/v2\/comments?post=17703"}],"version-history":[{"count":9,"href":"https:\/\/www.labeljoy.com\/pt-pt\/wp-json\/wp\/v2\/pages\/17703\/revisions"}],"predecessor-version":[{"id":45302,"href":"https:\/\/www.labeljoy.com\/pt-pt\/wp-json\/wp\/v2\/pages\/17703\/revisions\/45302"}],"up":[{"embeddable":true,"href":"https:\/\/www.labeljoy.com\/pt-pt\/wp-json\/wp\/v2\/pages\/3354"}],"wp:attachment":[{"href":"https:\/\/www.labeljoy.com\/pt-pt\/wp-json\/wp\/v2\/media?parent=17703"}],"curies":[{"name":"wp","href":"https:\/\/api.w.org\/{rel}","templated":true}]}}