{"id":17727,"date":"2012-11-05T10:07:47","date_gmt":"2012-11-05T10:07:47","guid":{"rendered":"http:\/\/www.labeljoy.com\/suporte\/como-fazer\/barcode-printing-best-practices\/"},"modified":"2023-04-26T10:21:55","modified_gmt":"2023-04-26T10:21:55","slug":"imprimir-codigos-de-barras","status":"publish","type":"page","link":"https:\/\/www.labeljoy.com\/pt-pt\/suporte\/como-fazer\/imprimir-codigos-de-barras\/","title":{"rendered":"Imprimir corretamente os c\u00f3digos de barras"},"content":{"rendered":"<h1>Como imprimir corretamente os c\u00f3digos de barras<\/h1>\n<p>Antes de come\u00e7ar a imprimir os seus s\u00edmbolos de c\u00f3digo de barras, h\u00e1 algumas coisas que precisa prestar especial aten\u00e7\u00e3o. Um c\u00f3digo de barras \u00e9 bom somente se ele puder ser lido por um scanner de c\u00f3digo de barras. Vamos ver o que os principais factores s\u00e3o quando se trata de c\u00f3digos de barras de impress\u00e3o e como LabelJoy pode ajud\u00e1-lo.<\/p>\n<h2>1 \u2013 Escolher o tamanho certo<\/h2>\n<p>Primeiro de tudo, precisa considerar com cuidado quem vai ler os seus c\u00f3digos de barras: \u00e9 para uso interno? \u00c9 para o mercado europeu ou o mercado norte-americano? \u00c9 para transporte? O seu primeiro passo \u00e9 escolher a simbologia correcta, de modo que quando as suas etiquetas s\u00e3o lidas, podem ser corretamente interpretadas pelos seus clientes.<\/p>\n<p>Aqui est\u00e1 uma tabela para ajud\u00e1-lo a decidir. Ela mostra simbologias de c\u00f3digo de barras gerados por LabelJoy e o correspondente \u00e1rea de utiliza\u00e7\u00e3o principal.<\/p>\n<table class=\"tabellabordi\">\n<tbody>\n<tr>\n<td valign=\"top\">\n<p align=\"right\"><strong>EAN 13, EAN 8<\/strong><\/p>\n<\/td>\n<td valign=\"top\">Mercado europeu<\/td>\n<\/tr>\n<tr>\n<td valign=\"top\">\n<p align=\"right\"><strong>UPC A, UPC E<\/strong><\/p>\n<\/td>\n<td valign=\"top\">Mercado norte-americano (EUA, Canad\u00e1)<\/td>\n<\/tr>\n<tr>\n<td valign=\"top\">\n<p align=\"right\"><strong>ITF 14<\/strong><\/p>\n<\/td>\n<td valign=\"top\">Caixas de transporte<\/td>\n<\/tr>\n<tr>\n<td valign=\"top\">\n<p align=\"right\"><strong>Code 39, Code 39 Ex.<\/strong><\/p>\n<\/td>\n<td valign=\"top\">Departamento de Defesa dos EUA<\/td>\n<\/tr>\n<tr>\n<td valign=\"top\">\n<p align=\"right\"><strong>Code 93, Code 93 Ex.<\/strong><\/p>\n<\/td>\n<td valign=\"top\">Servi\u00e7o postal do Canad\u00e1<\/td>\n<\/tr>\n<tr>\n<td valign=\"top\">\n<p align=\"right\"><strong>Interleaved 2 of 5<\/strong><\/p>\n<\/td>\n<td valign=\"top\">Distribui\u00e7\u00e3o, Armaz\u00e9m, 135 mil\u00edmetros de Cinema<\/td>\n<\/tr>\n<tr>\n<td valign=\"top\">\n<p align=\"right\"><strong>Industrial 2 of 5<\/strong><\/p>\n<\/td>\n<td valign=\"top\">Legado apenas: Bilhetes de avi\u00e3o, revela\u00e7\u00e3o, armazenagem<\/td>\n<\/tr>\n<tr>\n<td valign=\"top\">\n<p align=\"right\"><strong>Codabar<\/strong><\/p>\n<\/td>\n<td valign=\"top\">Legado apenas: bibliotecas, transporte e ind\u00fastria m\u00e9dica<\/td>\n<\/tr>\n<tr>\n<td valign=\"top\">\n<p align=\"right\"><strong>Code 11<\/strong><\/p>\n<\/td>\n<td valign=\"top\">Telecomunica\u00e7\u00e3o<\/td>\n<\/tr>\n<tr>\n<td valign=\"top\">\n<p align=\"right\"><strong>Code 128<\/strong><\/p>\n<\/td>\n<td valign=\"top\">Uso geral, aceite globalmente<\/td>\n<\/tr>\n<tr>\n<td valign=\"top\">\n<p align=\"right\"><strong>GS1 128, EAN 128<\/strong><\/p>\n<\/td>\n<td valign=\"top\">GS1 padr\u00e3o internacional para a ind\u00fastria naval<\/td>\n<\/tr>\n<tr>\n<td valign=\"top\">\n<p align=\"right\"><strong>Postnet, Planet<\/strong><\/p>\n<\/td>\n<td valign=\"top\">Servi\u00e7o Postal dos EUA<\/td>\n<\/tr>\n<tr>\n<td valign=\"top\">\n<p align=\"right\"><strong>Data Matrix<\/strong><\/p>\n<\/td>\n<td valign=\"top\">Electr\u00f3nica, departamento de defesa, ind\u00fastria aeroespacial dos EUA<\/td>\n<\/tr>\n<tr>\n<td valign=\"top\">\n<p align=\"right\"><strong>QR Code<\/strong><\/p>\n<\/td>\n<td valign=\"top\">Publicidade, ind\u00fastria<\/td>\n<\/tr>\n<\/tbody>\n<\/table>\n<p>Basicamente, imprimir etiquetas para os itens que est\u00e3o a terminar numa prateleira de supermercado, precisa escolher entre EAN 13 e UPC A (dependendo de onde \u00e9 o seu mercado). Se estiver a imprimir etiquetas apenas uso dom\u00e9stico, escolha o c\u00f3digo 128. Se precisar imprimir uma grande quantidade de informa\u00e7\u00f5es, escolha Matriz de Dados. Se estiver a imprimir uma etiqueta de publicidade, escolha QR Code para que os s\u00edmbolos possam ser lidos por qualquer smartphone.<\/p>\n<h2>2 \u2013 Dimens\u00f5es<\/h2>\n<p>Cada simbologia foi concebida com um conjunto de regras que n\u00e3o s\u00f3 regula a codifica\u00e7\u00e3o (texto que se transforma em barras), mas tamb\u00e9m define o tamanho das barras, a dist\u00e2ncia entre as barras, o tamanho do texto de leitura humana, o formato de imagem e a dimens\u00e3o global do s\u00edmbolo.<\/p>\n<p>Os s\u00edmbolos de c\u00f3digo de barras lineares tais como C\u00f3digo 128 s\u00e3o constitu\u00eddos pelos seguintes elementos.<\/p>\n<div><a class=\"hover-item\" data-gal=\"prettyPhoto[bacorde-practicies]\" href=\"http:\/\/www.labeljoy.com\/images\/how-to\/best-practices\/pt\/image001.png\"><img decoding=\"async\" src=\"http:\/\/www.labeljoy.com\/images\/how-to\/best-practices\/pt\/image001.png\" alt=\"Dimens\u00f5es do c\u00f3digo de barras\" width=\"447\" height=\"248\"><\/a><\/div>\n<p>Todos os s\u00edmbolos gerados pelo LabelJoy j\u00e1 cont\u00eam todos os elementos necess\u00e1rios para assegurar a digitaliza\u00e7\u00e3o adequada. enha em mente que uma vez que todos os Elementos de etiquetagem s\u00e3o livremente m\u00f3veis e redimension\u00e1veis, voc\u00ea pode inadvertidamente criar um s\u00edmbolo de c\u00f3digo de barras que n\u00e3o \u00e9 facilmente leg\u00edvel ou n\u00e3o leg\u00edvel de todo. Por exemplo, se o s\u00edmbolo torna-se demasiado grande ou demasiado curto, ent\u00e3o as especifica\u00e7\u00f5es do projeto original ficar\u00e3o comprometidas e legibilidade j\u00e1 n\u00e3o \u00e9 assegurada.<\/p>\n<p>Aqui est\u00e1 um exemplo de um s\u00edmbolo de c\u00f3digo de barras comprometido por m\u00e1s dimens\u00f5es:<\/p>\n<p><a class=\"hover-item\" data-gal=\"prettyPhoto[bacorde-practicies]\" href=\"http:\/\/www.labeljoy.com\/images\/how-to\/best-practices\/image002.png\"><img decoding=\"async\" width=\"180\" height=\"203\" src=\"http:\/\/www.labeljoy.com\/images\/how-to\/best-practices\/image002.png\" alt=\"tamanho de c\u00f3digo de barras\"><\/a><\/p>\n<p>LabelJoy disp\u00f5e de uma funcionalidade de dimensionamento autom\u00e1tico para elementos de c\u00f3digo de barras que pode ajud\u00e1-lo a criar s\u00edmbolos de c\u00f3digo de barras de tamanho adequado. Clique duas vezes no seu elemento de c\u00f3digo de barras e v\u00e1 para o separador <em>Avan\u00e7ado<\/em>. Confira a defini\u00e7\u00e3o na caixa de combina\u00e7\u00e3o do modo <em>Tamanho<\/em>: Quando definido para Manual, o c\u00f3digo de barras \u00e9 livremente redimension\u00e1vel e voc\u00ea est\u00e1 encarregado de definir um tamanho que possa assegurar a legibilidade adequada.<\/p>\n<p><a class=\"hover-item\" data-gal=\"prettyPhoto[bacorde-practicies]\" href=\"http:\/\/www.labeljoy.com\/images\/how-to\/best-practices\/pt\/image003.png\"><img decoding=\"async\" width=\"872\" height=\"568\" src=\"http:\/\/www.labeljoy.com\/images\/how-to\/best-practices\/pt\/image003.png\" alt=\"Configura\u00e7\u00f5es avan\u00e7adas de c\u00f3digo de barras\" style=\"max-width: 600px;\"><\/a><\/p>\n<p>Por outro lado, pode selecionar um dos tr\u00eas modos de redimensionamento autom\u00e1tico.<\/p>\n<p><a class=\"hover-item\" data-gal=\"prettyPhoto[bacorde-practicies]\" href=\"http:\/\/www.labeljoy.com\/images\/how-to\/best-practices\/pt\/image004.png\"><img decoding=\"async\" width=\"872\" height=\"568\" src=\"http:\/\/www.labeljoy.com\/images\/how-to\/best-practices\/pt\/image004.png\" alt=\"Tamanho do modo de c\u00f3digo de barras\" style=\"max-width: 600px;\"><\/a><\/p>\n<p>Quando o modo de <em>Tamanho<\/em> estiver definido como um dos tr\u00eas valores poss\u00edveis de <em>\u00c2ncora<\/em> (<em>\u00c2ncora esquerda, centro e direita<\/em>) o tamanho do elemento de c\u00f3digo de barras ser\u00e1 automaticamente calculado utilizando a especifica\u00e7\u00e3o do c\u00f3digo de barras da simbologia seleccionado. Desta forma, voc\u00ea pode ter certeza que o s\u00edmbolo gerado ir\u00e1 preservar a sua legibilidade.<\/p>\n<p>Nesta \u00faltima situa\u00e7\u00e3o o tamanho do c\u00f3digo de barras em cada local muda, o ponto de selec\u00e7\u00e3o <em>\u00c2ncora<\/em> r\u00e1 determinar qual lado do elemento ser\u00e1 mantido Ancorado e qual ir\u00e1 variar:<\/p>\n<ol>\n<li>O s\u00edmbolo \u00e9 a codifica\u00e7\u00e3o de dados est\u00e1ticos e voc\u00ea quer certificar-se de que o seu tamanho \u00e9 configurado corretamente para assegurar a legibilidade correta.<\/li>\n<li>O s\u00edmbolo est\u00e1 conectado a uma fonte de dados que cont\u00e9m dados de comprimento vari\u00e1vel, e voc\u00ea quer que o tamanho do s\u00edmbolo de encolha ou expanda de acordo com os dados codificados, de modo que a leitura \u00e9 preservada.<\/li>\n<\/ol>\n<p>In this last scenario the size of the barcode changes at each location, the <em>Anchor<\/em> point selection will determine which side of the element will be kept <em>Anchored<\/em> and which will vary:<\/p>\n<ul>\n<li><em>\u00c2ncora esquerda<\/em>: o lado esquerdo do elemento \u00e9 fixo e o lado direito \u00e9 alterado de acordo com o conte\u00fado.<\/li>\n<li><em>\u00c2ncora central<\/em>: ambos o esquerdo e do lado direito s\u00e3o alterados para preservar o ponto de centro horizontal do elemento.<\/li>\n<li><em>\u00c2ncora direita<\/em>: o lado direito do elemento \u00e9 fixo e o lado esquerdo \u00e9 alterado de acordo com o conte\u00fado.<\/li>\n<\/ul>\n<p>De um modo geralnunca deve fazer um s\u00edmbolo de c\u00f3digo de barras menor do que o seu tamanho padr\u00e3o. O seu design da etiqueta pode requerer torn\u00e1-lo um pouco maior, o que \u00e9 bom se manter o alargamento dentro de cerca de 20% do tamanho padr\u00e3o original. Tamb\u00e9m preste particular aten\u00e7\u00e3o \u00e0 propor\u00e7\u00e3o: ao alterar o tamanho de um s\u00edmbolo de c\u00f3digo de barras, certifique-se de que varia a largura e altura proporcionalmente. Um fator importante a considerar \u00e9 o tipo de leitor de c\u00f3digo de barras que ser\u00e1 utilizado: se voc\u00ea estiver a trabalhar n um ambiente fechado, ent\u00e3o pode testar se os s\u00edmbolos que produzem s\u00e3o devidamente lidos pelos seus scanners. Mas se est\u00e1 a imprimir etiquetas para o mundo exterior, certifique-se que mant\u00e9m as coisas o mais simples poss\u00edvel.<\/p>\n<h2>3 \u2013 Contraste<\/h2>\n<p>Por defeito todos os s\u00edmbolos de c\u00f3digo de barras, independentemente da simbologia, s\u00e3o criados com barras pretas (ou m\u00f3dulos para simbologias 2D) num fundo branco. Esta escolha de cores torna o s\u00edmbolo muito f\u00e1cil de digitalizar. Quando os c\u00f3digos de barras foram inventados, scanners de c\u00f3digo de barras n\u00e3o eram t\u00e3o evolu\u00eddos como os que temos hoje. Portanto, um esquema de alto contraste de cor era uma necessidade para garantir digitaliza\u00e7\u00e3o adequada.<\/p>\n<table class=\"tabellabordi\">\n<tbody>\n<tr>\n<td valign=\"top\">\n<p align=\"center\">S\u00edmbolo Industrial 2 de 5 com barras pretas num fundo branco<\/p>\n<p align=\"center\"><a class=\"hover-item\" data-gal=\"prettyPhoto[bacorde-practicies]\" href=\"http:\/\/www.labeljoy.com\/images\/how-to\/best-practices\/image005.png\"><img decoding=\"async\" width=\"275\" height=\"145\" src=\"http:\/\/www.labeljoy.com\/images\/how-to\/best-practices\/image005.png\" alt=\"c\u00f3digo de barras fundo branco\"><\/a><\/p>\n<p align=\"center\">\n<\/td>\n<\/tr>\n<\/tbody>\n<\/table>\n<p>Hoje as coisas s\u00e3o diferentes: um scanner de c\u00f3digo de barras moderno de m\u00e3o tem mais poder de processamento do que dezenas de computadores combinados em uso na d\u00e9cada de 60 e os \u00faltimos scanners CCD s\u00e3o capazes de reconhecer elementos muito mais complexos do que apenas c\u00f3digos de barras.<br \/>\nN\u00e3o \u00e9 raro encontrar c\u00f3digos de barras projetadas para melhor atender o ambiente gr\u00e1fico que pertencem. Labeljoy permite a cria\u00e7\u00e3o de s\u00edmbolos de c\u00f3digo de barras com um fundo colorido, mesmo com desbotamento e \/ou barras coloridas:<\/p>\n<table class=\"tabellabordi\">\n<tbody>\n<tr>\n<td valign=\"top\">\n<p align=\"center\">S\u00edmbolo Code 128 com barras azuis em fundo branco<\/p>\n<p align=\"center\"><a class=\"hover-item\" data-gal=\"prettyPhoto[bacorde-practicies]\" href=\"http:\/\/www.labeljoy.com\/images\/how-to\/best-practices\/image006.png\"><img decoding=\"async\" src=\"http:\/\/www.labeljoy.com\/images\/how-to\/best-practices\/image006.png\" alt=\"C\u00f3digo de barras barras azuis\" width=\"214\" height=\"94\"><\/a><\/p>\n<\/td>\n<\/tr>\n<tr>\n<td valign=\"top\">\n<p align=\"center\">S\u00edmbolo EAN 13 num fundo rosa<\/p>\n<p align=\"center\"><a class=\"hover-item\" data-gal=\"prettyPhoto[bacorde-practicies]\" href=\"http:\/\/www.labeljoy.com\/images\/how-to\/best-practices\/image007.png\"><img decoding=\"async\" width=\"211\" height=\"147\" src=\"http:\/\/www.labeljoy.com\/images\/how-to\/best-practices\/image007.png\" alt=\"Barcode fundo rosa\"><\/a><\/p>\n<\/td>\n<\/tr>\n<tr>\n<td valign=\"top\">\n<p align=\"center\">S\u00edmbolo QR Code com m\u00f3dulos verde escuro num fundo de desvanecimento<\/p>\n<p align=\"center\"><a class=\"hover-item\" data-gal=\"prettyPhoto[bacorde-practicies]\" href=\"http:\/\/www.labeljoy.com\/images\/how-to\/best-practices\/image008.png\"><img decoding=\"async\" width=\"111\" height=\"111\" src=\"http:\/\/www.labeljoy.com\/images\/how-to\/best-practices\/image008.png\" alt=\"QR code com fundo desvanecimento\"><\/a><\/p>\n<\/td>\n<\/tr>\n<\/tbody>\n<\/table>\n<p>&nbsp;<\/p>\n<h2>4 \u2013 Rota\u00e7\u00e3o<\/h2>\n<p>LabelJoy permite girar livremente todos os elementos na p\u00e1gina. Isto aplica-se aos s\u00edmbolos de c\u00f3digo de barras tamb\u00e9m. Por exemplo, o seu design da etiqueta pode exigir que voc\u00ea tenha um elemento de c\u00f3digo de barras girado num \u00e2ngulo de 45 graus:<\/p>\n<p><a class=\"hover-item\" data-gal=\"prettyPhoto[bacorde-practicies]\" href=\"http:\/\/www.labeljoy.com\/images\/how-to\/best-practices\/image009.png\"><img decoding=\"async\" src=\"http:\/\/www.labeljoy.com\/images\/how-to\/best-practices\/image009.png\" alt=\"QR code girado\" width=\"357\" height=\"139\"><\/a><\/p>\n<p>Isso tudo \u00e9 perfeitamente normal: bscanners de c\u00f3digo de barras e smartphones n\u00e3o esperam que voc\u00ea digitalize s\u00edmbolos perfeitamente alinhados ao seu \u00e2ngulo de base. nha em mente que, mais uma vez, quanto mais simples voc\u00ea ficar mais chances voc\u00ea ter\u00e1 de que seus s\u00edmbolos ser\u00e3o facilmente lidos em uma grande variedade de ambientes diferentes.<\/p>\n<p>Um aspecto a ter em mente \u00e9 que os ecr\u00e3s de computador t\u00eam muito menos resolu\u00e7\u00e3o do que qualquer impressora jato de tinta padr\u00e3o. \u00c9 por isso que o seu elemento de c\u00f3digo de barras girado no ecr\u00e3 pode parecer um pouco irregular, mas vai dar certo, uma vez impresso:<\/p>\n<table class=\"tabellabordi\">\n<tbody>\n<tr>\n<td valign=\"top\">\n<p align=\"center\">S\u00edmbolo rodado no ecr\u00e3 (96 dpi)<\/p>\n<p align=\"center\"><a class=\"hover-item\" data-gal=\"prettyPhoto[bacorde-practicies]\" href=\"http:\/\/www.labeljoy.com\/images\/how-to\/best-practices\/image010.png\"><img decoding=\"async\" width=\"356\" height=\"170\" src=\"http:\/\/www.labeljoy.com\/images\/how-to\/best-practices\/image010.png\" alt=\"s\u00edmbolo rodado 96dpi\"><\/a><\/p>\n<\/td>\n<\/tr>\n<tr>\n<td valign=\"top\">\n<p align=\"center\">S\u00edmbolo rodado em papel (600 dpi)<\/p>\n<p align=\"center\"><a class=\"hover-item\" data-gal=\"prettyPhoto[bacorde-practicies]\" href=\"http:\/\/www.labeljoy.com\/images\/how-to\/best-practices\/image011.png\"><img decoding=\"async\" src=\"http:\/\/www.labeljoy.com\/images\/how-to\/best-practices\/image011.png\" alt=\"s\u00edmbolo rodado 600dpi\" width=\"356\" height=\"170\"><\/a><\/p>\n<\/td>\n<\/tr>\n<\/tbody>\n<\/table>\n<p>&nbsp;<\/p>\n<h2>5 \u2013 Impress\u00e3o<\/h2>\n<p>A impress\u00e3o \u00e9 o elemento mais cr\u00edtico no processo de cria\u00e7\u00e3o de etiquetas de c\u00f3digo de barras. Na maioria das vezes, \u00e9 o \u00fanico culpado de todos os problemas de digitaliza\u00e7\u00e3o de c\u00f3digos de barras.<br \/>\nS\u00edmbolos de c\u00f3digo de barras lineares tornam-se ileg\u00edvel se apenas uma das barras estiver danificado ou n\u00e3o impressa corretamente. Isto \u00e9 devido ao fato de que as simbologias lineares n\u00e3o implementam qualquer algoritmo de corre\u00e7\u00e3o de erros: todas as barras s\u00e3o necess\u00e1rias para fazer sentido fora do s\u00edmbolo.<\/p>\n<p>Por outro lado, simbologias 2D implementam algoritmos de corre\u00e7\u00e3o de erros que tornam poss\u00edvel para um scanner para ler corretamente um s\u00edmbolo parcialmente danificado. No entanto, se estiver a imprimir um c\u00f3digo de barras 2D, n\u00e3o deve confiar nas suas capacidades de corre\u00e7\u00e3o de erros para assegurar uma leitura correta: sempre esfor\u00e7ar-se para o melhor resultado poss\u00edvel quando se trata de impress\u00e3o de c\u00f3digos de barras.<\/p>\n<p>Por essa raz\u00e3o, aqui est\u00e1 uma breve lista de coisas que deve sempre verificar antes de imprimir c\u00f3digos de barras:<\/p>\n<ul>\n<li>Numa impressora a jato de tinta, verifique se os n\u00edveis de tinta est\u00e3o ok e que as cabe\u00e7as de impress\u00e3o est\u00e3o limpas.<\/li>\n<li>Numa impressora a laser, certifique-se que o n\u00edvel de toner est\u00e1 bem e que os cilindros da impressora est\u00e3o limpos.<\/li>\n<li>Numa impressora de rolo, certifique-se que as fitas de tinta est\u00e3o a funcionar correctamente.<\/li>\n<li>Teste os seus c\u00f3digos de barras, possivelmente, com um scanner desactualizado: se funcionar com um scanner mais velho, as chances s\u00e3o que os seus s\u00edmbolos ser\u00e3o lidos em qualquer lugar.<\/li>\n<\/ul>\n<p>Aqui est\u00e1 um exemplo de um s\u00edmbolo de c\u00f3digo de barras ileg\u00edvel devido \u00e0 m\u00e1 impress\u00e3o e danos pesados:<\/p>\n<p><a class=\"hover-item\" data-gal=\"prettyPhoto[bacorde-practicies]\" href=\"http:\/\/www.labeljoy.com\/images\/how-to\/best-practices\/image012.png\"><img decoding=\"async\" width=\"247\" height=\"121\" src=\"http:\/\/www.labeljoy.com\/images\/how-to\/best-practices\/image012.png\" alt=\"c\u00f3digo de barras danificados\"><\/a><\/p>\n<p>E aqui est\u00e1 uma breve lista para resumir todas as dicas discutidas at\u00e9 agora neste tutorial:<\/p>\n<ul>\n<li>Escolha a simbologia certa: decida com base nas necessidades do seu cliente. Se \u00e9 apenas para uso dom\u00e9stico ent\u00e3o voc\u00ea \u00e9 o seu pr\u00f3prio cliente, decida com base nas suas capacidades de infra-estrutura (tipo de scanner, o tipo de dados a serem codificados, etc).<\/li>\n<li>Use dimens\u00f5es padr\u00e3o para cada simbologia.<\/li>\n<li>Mantenha-o simples, a menos que voc\u00ea tenha uma exig\u00eancia espec\u00edfica utilize barras pretas sobre um fundo branco, evite fundos tranaparentes.<\/li>\n<p>honrar sempre a zona de sil\u00eancio: n\u00e3o colocar textos ou imagens muito pr\u00f3ximas ao s\u00edmbolo ou pode acabar por ficar ileg\u00edvel.<\/p>\n<li>N\u00e3o coloque texto ou gr\u00e1ficos em cima de um s\u00edmbolo de c\u00f3digo de barras.<\/li>\n<li>Se \u00e9 necess\u00e1rio incluir mais do que um s\u00edmbolo, verifique se h\u00e1 espa\u00e7o suficiente entre eles, ou ent\u00e3o a digitaliza\u00e7\u00e3o de um s\u00edmbolo espec\u00edfico ser\u00e1 complicada.<\/li>\n<\/ul>\n<h2>6 \u2013 Aplicar as etiquetas<\/h2>\n<p>Um \u00faltimo aspecto importante a discutir \u00e9 o processo f\u00edsico de etiquetagem que \u00e9 realizada ap\u00f3s uma etiqueta ter sido impressa. \u00c0s vezes, mesmo se seguir todas as regras, voc\u00ea acaba por deitar fora uma etiqueta ileg\u00edvel porque n\u00e3o prestou aten\u00e7\u00e3o suficiente ao anexar a etiqueta aos seus itens.<\/p>\n<p>Aqui est\u00e1 uma lista de diretrizes que podem ajud\u00e1-lo a evitar os erros mais comuns:<\/p>\n<ul>\n<li>Escolher o papel certo: certificar-se de que uma vez que a etiqueta sai da impressora, a tinta est\u00e1 seca, de modo que, enquanto lidando com isso n\u00e3o vai acabar por inadvertidamente prejudicar c\u00f3digos de barras.<\/li>\n<li>Preste aten\u00e7\u00e3o \u00e0 cola: h\u00e1 toneladas de diferentes tipos de etiquetas por a\u00ed, alguns t\u00eam cola permanente, enquanto outros s\u00e3o para anexar \/ desanexar. Ao escolher o papel, certifique-se que tem a cola que se adapta \u00e0s suas necessidades.<\/li>\n<li>Evite entortar quando poss\u00edvel: se aplicar uma etiqueta de c\u00f3digo de barras numa pequena jarra de um s\u00edmbolo de c\u00f3digo de barras horizontal pode acabar por n\u00e3o ser leg\u00edvel. Gire o c\u00f3digo de barras em 90 ou 270 graus.<\/li>\n<li>Cuidado com l\u00edquidos: se as suas etiquetas precisam estar em ambientes h\u00famidos ou expostos ao tempo, h\u00e1 r\u00f3tulos espec\u00edficos, pesquise etiquetas \u00e0 prova de intemp\u00e9ries.<\/li>\n<li>Cuidado com filmes transparentes: se os seus itens v\u00e3o acabar envolvidos em filmes pl\u00e1stico, teste a capacidade de leitura de c\u00f3digos de barras.<\/li>\n<\/ul>\n<div class=\"also-like\">\n<strong>Pode tamb\u00e9m achar interessante:<\/strong><\/p>\n<ul>\n<li><a href=\"https:\/\/www.labeljoy.com\/gerador-de-codigos-de-barras-online\/\" title=\"Gerador de c\u00f3digos de barras online\">Gerador de c\u00f3digos de barras online<\/a><\/li>\n<\/ul>\n<\/div>\n","protected":false},"excerpt":{"rendered":"<p>Como imprimir corretamente os c\u00f3digos de barras Antes de come\u00e7ar a imprimir os seus s\u00edmbolos de c\u00f3digo de barras, h\u00e1 algumas coisas que precisa prestar especial aten\u00e7\u00e3o. Um c\u00f3digo de barras \u00e9 bom somente se ele puder ser lido por um scanner de c\u00f3digo de barras. Vamos ver o que os principais factores s\u00e3o quando &#8230; <a title=\"Imprimir corretamente os c\u00f3digos de barras\" class=\"read-more\" href=\"https:\/\/www.labeljoy.com\/pt-pt\/suporte\/como-fazer\/imprimir-codigos-de-barras\/\" aria-label=\"Leia mais sobre Imprimir corretamente os c\u00f3digos de barras\">Read more<\/a><\/p>\n","protected":false},"author":1,"featured_media":0,"parent":3366,"menu_order":0,"comment_status":"open","ping_status":"closed","template":"","meta":{"inline_featured_image":false,"_monsterinsights_skip_tracking":false,"_monsterinsights_sitenote_active":false,"_monsterinsights_sitenote_note":"","_monsterinsights_sitenote_category":0,"footnotes":""},"class_list":{"0":"post-17727","1":"page","2":"type-page","3":"status-publish","5":"infinite-scroll-item"},"aioseo_notices":[],"_links":{"self":[{"href":"https:\/\/www.labeljoy.com\/pt-pt\/wp-json\/wp\/v2\/pages\/17727","targetHints":{"allow":["GET"]}}],"collection":[{"href":"https:\/\/www.labeljoy.com\/pt-pt\/wp-json\/wp\/v2\/pages"}],"about":[{"href":"https:\/\/www.labeljoy.com\/pt-pt\/wp-json\/wp\/v2\/types\/page"}],"author":[{"embeddable":true,"href":"https:\/\/www.labeljoy.com\/pt-pt\/wp-json\/wp\/v2\/users\/1"}],"replies":[{"embeddable":true,"href":"https:\/\/www.labeljoy.com\/pt-pt\/wp-json\/wp\/v2\/comments?post=17727"}],"version-history":[{"count":7,"href":"https:\/\/www.labeljoy.com\/pt-pt\/wp-json\/wp\/v2\/pages\/17727\/revisions"}],"predecessor-version":[{"id":39740,"href":"https:\/\/www.labeljoy.com\/pt-pt\/wp-json\/wp\/v2\/pages\/17727\/revisions\/39740"}],"up":[{"embeddable":true,"href":"https:\/\/www.labeljoy.com\/pt-pt\/wp-json\/wp\/v2\/pages\/3366"}],"wp:attachment":[{"href":"https:\/\/www.labeljoy.com\/pt-pt\/wp-json\/wp\/v2\/media?parent=17727"}],"curies":[{"name":"wp","href":"https:\/\/api.w.org\/{rel}","templated":true}]}}