{"id":17737,"date":"2012-10-02T08:58:49","date_gmt":"2012-10-02T08:58:49","guid":{"rendered":"http:\/\/www.labeljoy.com\/suporte\/como-fazer\/generate-gs1-128-barcodes\/"},"modified":"2026-03-20T11:34:16","modified_gmt":"2026-03-20T11:34:16","slug":"gerar-codigos-de-barras-gs1-128","status":"publish","type":"page","link":"https:\/\/www.labeljoy.com\/pt-pt\/suporte\/como-fazer\/gerar-codigos-de-barras-gs1-128\/","title":{"rendered":"Gerar c\u00f3digos de barras GS1-128"},"content":{"rendered":"<h1>Gerar c\u00f3digos de barras GS1-128<\/h1>\n<p>GS1-128 foi definido para fornecer um padr\u00e3o global para interc\u00e2mbio de informa\u00e7\u00f5es em toda a cadeia de abastecimento. Ele \u00e9 representado na forma de um ou mais dados de c\u00f3digo de barras que cont\u00eam s\u00edmbolos de codifica\u00e7\u00e3o de informa\u00e7\u00f5es sobre bens que s\u00e3o enviados, como identificadores globais \u00fanicos, quantidades, pesos, datas de vencimento e muito mais.<br \/>\n<a title=\"GS1 128\" href=\"https:\/\/www.labeljoy.com\/pt-pt\/suporte\/guia-codigo-de-barras\/gs1-128-pt\/\">GS1-128<\/a> n\u00e3o \u00e9 uma simbologia de c\u00f3digo de barras, pelo contr\u00e1rio, \u00e9 um conjunto de <em>Identificadores de Aplica\u00e7\u00e3o (AI)<\/em> que definem os bits espec\u00edficos de informa\u00e7\u00f5es e contextos.<\/p>\n<p><a title=\"GS1-128 wikipedia\" href=\"http:\/\/en.wikipedia.org\/wiki\/GS1-128\" target=\"_blank\" rel=\"noopener noreferrer\">Lista completa de AI da Wikipedia..<\/a><\/p>\n<p>Uma vez que a informa\u00e7\u00e3o tenha sido definida, \u00e9 codificada usando o Code 128 da simbologia de c\u00f3digo de barras. Um caractere especial (FNC1) \u00e9 usado na parte superior de cada s\u00edmbolo de c\u00f3digo de barras GS1-128 e como um caractere terminador de comprimento vari\u00e1vel AI.<\/p>\n<p style=\"text-align: center;\">Mais informa\u00e7\u00f5es sobre o Software Gerador de C\u00f3digos de Barras<\/p>\n<h2>1 \u2013 GS1-128 e Labeljoy<\/h2>\n<p>Labeljoy (quando em modo completo ou de teste) pode <strong>gerar c\u00f3digos de barras GS1-128<\/strong> e cuida nos bastidores da maioria dos problemas associados com a gera\u00e7\u00e3o de um totalmente compat\u00edvel s\u00edmbolo de bases de dados GS1-128.<br \/>\nIsso inclui:<\/p>\n<ul>\n<li><strong>Introdu\u00e7\u00e3o de dados simplificados<\/strong><br \/>\nBasta introduzir a seq\u00fc\u00eancia de AI no formato leg\u00edvel e Labeljoy ir\u00e1 valid\u00e1-lo por meio do seu motor interno GS1-128, ir\u00e1 gerar o s\u00edmbolo correspondente, ou exibir\u00e1 uma mensagem de erro indicando que o problema \u00e9.<\/li>\n<li><strong>Modulo 10 verificador gerador de d\u00edgitos<\/strong><br \/>\nQuando um AI exige um d\u00edgito de verifica\u00e7\u00e3o, basta introduzir um n\u00famero qualquer: o Labeljoy ir\u00e1 substitu\u00ed-lo por o bom modulo-10 d\u00edgitos de verifica\u00e7\u00e3o.<\/li>\n<li><strong>AI valida\u00e7\u00e3o sequ\u00eancia<\/strong><br \/>\nAI concatena\u00e7\u00e3o est\u00e1 sujeito a obedecer a determinadas regras. Por exemplo, ao usar o AI 02 (N\u00famero de contentores), o s\u00edmbolo tamb\u00e9m deve codificar AI 00 (Serial Shipping Container) ou AI 37 (N\u00famero de unidades contidas). Labeljoy ir\u00e1 opcionalmente verificar se a sequ\u00eancia AI entrou \u00e9 totalmente compat\u00edvel.<\/li>\n<li><strong>FNC1 gest\u00e3o<\/strong><br \/>\nO caractere especial FNC1 \u00e9 adicionado automaticamente, sempre que for necess\u00e1rio.<\/li>\n<\/ul>\n<p>Basicamente tudo o que \u00e9 obrigado a fazer \u00e9 introduzir a sua sequ\u00eancia e dados AI. Por exemplo, atrav\u00e9s da introdu\u00e7\u00e3o do texto (00)123456789012345678 Labeljoy vai criar um s\u00edmbolo de c\u00f3digo de barras GS1-128 que ir\u00e1 cumprir com Identificador de Aplica\u00e7\u00e3o (00) Serial Shipping Container (SSCC-18).<\/p>\n<p><a class=\"hover-item\" href=\"http:\/\/www.labeljoy.com\/images\/how-to\/gs1-128\/image001.png\" target=\"_blank\" rel=\"noopener noreferrer\" data-gal=\"prettyPhoto[generate-gs1]\"><img decoding=\"async\" width=\"522\" height=\"177\" style=\"max-width: 600px;\" src=\"http:\/\/www.labeljoy.com\/images\/how-to\/gs1-128\/image001.png\" alt=\"GS1-128 exemplo\" \/><\/a><\/p>\n<p>O s\u00edmbolo GS1-128 \u00e9 gerado pelo Labeljoy que codifica o texto (00) 123456789012345678, o que corresponde a 00 IA (SSCC-18).<br \/>\nNote que o \u00faltimo d\u00edgito do s\u00edmbolo \u00e9 5 (n\u00e3o 8) j\u00e1 que \u00e9 o m\u00f3dulo 10 correcto de d\u00edgito de verifica\u00e7\u00e3o.<\/p>\n<h2>2 \u2013\u00a0Criar um c\u00f3digo de barras SSCC-18<\/h2>\n<p>V\u00e1 para a <a href=\"https:\/\/www.labeljoy.com\/pt-pt\/suporte\/como-fazer\/gerar-codigos-de-barras-sscc-18\/\">p\u00e1gina dedicada <strong>SSCC-18<\/strong><\/a>.<\/p>\n<h2>3 \u2013\u00a0O n\u00famero do item do com\u00e9rcio global (GTIN)<\/h2>\n<p>O GTIN \u00e9 um n\u00famero que identifica um produto em todo o mundo. No sistema GS1 que corresponde a AI 01.<br \/>\n\u00c9 composto de 14 d\u00edgitos, onde o \u00faltimo \u00e9 o d\u00edgito de verifica\u00e7\u00e3o.<\/p>\n<p>Basicamente, \u00e9 a vers\u00e3o GS1 do seu identificador de produto global, seja no EAN-13, UPC-A, UPC-E, EAN-8 formato ou ITF-14. Mais uma vez, ele \u00e9 emitido pelas autoridades do com\u00e9rcio local, que variam de pa\u00eds para pa\u00eds.<\/p>\n<p>Por exemplo, se estiver na Am\u00e9rica do Norte o seu produto \u00e9 mais prov\u00e1vel globalmente identificado por um n\u00famero UPC-A, que \u00e9 de 12 d\u00edgitos. Para converter esta informa\u00e7\u00e3o para a vers\u00e3o GS1, pode simplesmente prefixar esse n\u00famero com dois zeros. Se est\u00e1 na Europa, o produto \u00e9 identificado atrav\u00e9s de um \u00fanico n\u00famero EAN-13. Neste caso, vai precisar de adicionar um zero no topo para transform\u00e1-lo num n\u00famero compat\u00edvel com GTIN.<\/p>\n<p>Note que prefixar zero o seu identificador existente n\u00e3o afetar\u00e1 o d\u00edgito de verifica\u00e7\u00e3o modulo-10. Labeljoy vai verificar isso por si de qualquer forma, mas muito provavelmente n\u00e3o vai mudar isso.<\/p>\n<p>Neste exemplo vamos fingir que somos uma empresa europeia e no nosso produto foi emitido o seguinte EAN-13 identificador mundial: 2003659821451.<\/p>\n<p>Vamos transformar isso num n\u00famero GTIN, adicionando a AI adequada e por prefixar o n\u00famero com um zero para chegar ao n\u00famero correto de d\u00edgitos (01)02003659821451.<\/p>\n<p>Agora, se voc\u00ea introduzir esse n\u00famero no Labeljoy enquanto a op\u00e7\u00e3o <em>Verificar sequ\u00eancia AI<\/em> est\u00e1 ligada, \u00e9 isto que vai obter:<\/p>\n<p><a class=\"hover-item\" href=\"http:\/\/www.labeljoy.com\/images\/how-to\/gs1-128\/pt\/image004.png\" data-gal=\"prettyPhoto[generate-gs1]\"><img decoding=\"async\" width=\"692\" height=\"611\" style=\"max-width: 600px;\" src=\"http:\/\/www.labeljoy.com\/images\/how-to\/gs1-128\/pt\/image004.png\" alt=\"Erro Labeljoy para c\u00f3digo de barras GTIN\" \/><\/a><\/p>\n<p>Labeljoy detectou que este AI particular n\u00e3o pode viver uma vida pr\u00f3pria, uma vez que n\u00e3o teria sentido no mundo GS1. AI 01 foi concebido para ser ligado a pelo menos mais um AI que cont\u00e9m informa\u00e7\u00f5es adicionais sobre este item particular.<\/p>\n<p>Por exemplo, podemos querer adicionar informa\u00e7\u00f5es sobre o peso, as dimens\u00f5es, ou simplesmente a quantidade de itens que est\u00e3o a ser enviados.<\/p>\n<p>Seguidamente, adicione AI 30 (Contagem de itens), que especifica o n\u00famero de itens inclu\u00eddos na unidade de transporte.<\/p>\n<p>Vamos fingir que estamos a enviar 1.200 pe\u00e7as do nosso produto.<\/p>\n<p>Desde AI 30 \u00e9 de comprimento vari\u00e1vel, n\u00e3o precisamos de lev\u00e1-lo a zero. O texto que vai inserir ser\u00e1:<br \/>\n(01) 02003659821451 (30) 1200.<\/p>\n<p>O que estamos a dizer na l\u00edngua GS1 \u00e9: Esta unidade de embarque cont\u00e9m 1.200 pe\u00e7as de item de EAN-13 2003659821451.<\/p>\n<p><a class=\"hover-item\" href=\"http:\/\/www.labeljoy.com\/images\/how-to\/gs1-128\/pt\/image005.png\" data-gal=\"prettyPhoto[generate-gs1]\"><img decoding=\"async\" width=\"871\" height=\"562\" style=\"max-width: 600px;\" src=\"http:\/\/www.labeljoy.com\/images\/how-to\/gs1-128\/pt\/image005.png\" alt=\"GS1 128 configura\u00e7\u00e3o de c\u00f3digo de barras\" \/><\/a><\/p>\n<p>Labeljoy valida o nosso texto, n\u00e3o v\u00ea problemas com ele e gera o seguinte s\u00edmbolo de c\u00f3digo de barras:<\/p>\n<p><a class=\"hover-item\" href=\"http:\/\/www.labeljoy.com\/images\/how-to\/gs1-128\/image006.png\" data-gal=\"prettyPhoto[generate-gs1]\"><img decoding=\"async\" width=\"475\" height=\"161\" class=\"aligncenter\" style=\"max-width: 600px;\" src=\"http:\/\/www.labeljoy.com\/images\/how-to\/gs1-128\/image006.png\" alt=\"GTIN GS1 c\u00f3digo de barras\" \/><\/a><\/p>\n<p style=\"text-align: center;\"><a href=\"http:\/\/www.labeljoy.com\/images\/how-to\/gs1-128\/GS1-128b.lpa\" class=\"large green tt-button\" target=\"\">\u00a0Fa\u00e7a o download deste ficheiro Labeljoy <\/a>\n<h2>4 \u2013\u00a0Um exemplo real<\/h2>\n<p>Agora criamos uma verdadeira etiqueta log\u00edstica seguindo as diretrizes da GS1.<\/p>\n<p>Vamos come\u00e7ar por definir o Labeljoy a criar uma etiqueta de 105 por 148 mm (tal como indicado no documento GS1 na p\u00e1gina 24):<\/p>\n<p><a class=\"hover-item\" href=\"http:\/\/www.labeljoy.com\/images\/how-to\/gs1-128\/pt\/image007.png\" data-gal=\"prettyPhoto[generate-gs1]\"><img decoding=\"async\" width=\"872\" height=\"567\" style=\"max-width: 600px;\" src=\"http:\/\/www.labeljoy.com\/images\/how-to\/gs1-128\/pt\/image007.png\" alt=\"Configura\u00e7\u00e3o r\u00f3tulo personalizado\" \/><\/a><\/p>\n<p>Note que o tamanho da p\u00e1gina \u00e9 um pouco maior para deixar espa\u00e7o para algumas margens. O layout precisa ser criado, levando em conta suas necessidades de impress\u00e3o e papel.<\/p>\n<p>Agora adicionamos todos os elementos para imitar a da etiqueta log\u00edstica encontrada na p\u00e1gina 14 do documento GS1:<\/p>\n<p><a class=\"hover-item\" href=\"http:\/\/www.labeljoy.com\/images\/how-to\/gs1-128\/pt\/image008.png\" data-gal=\"prettyPhoto[generate-gs1]\"><img decoding=\"async\" width=\"1193\" height=\"1017\" style=\"max-width: 600px;\" src=\"http:\/\/www.labeljoy.com\/images\/how-to\/gs1-128\/pt\/image008.png\" alt=\"Exemplo real GS1-128\" \/><\/a><\/p>\n<p>&nbsp;<\/p>\n<p style=\"text-align: center;\"><a href=\"http:\/\/www.labeljoy.com\/images\/how-to\/gs1-128\/GS1-128c.lpa\" class=\"large green tt-button\" target=\"_self\">\u00a0Fa\u00e7a o download deste ficheiro Labeljoy <\/a>\n<p>Esta \u00e9 uma etiqueta t\u00edpica de log\u00edstica GS1-128 que cont\u00e9m tr\u00eas grupos de informa\u00e7\u00f5es: fornecedor, cliente e operadora.<br \/>\nA sec\u00e7\u00e3o superior cont\u00e9m informa\u00e7\u00f5es de navega\u00e7\u00e3o, a parte do meio dos dados leg\u00edveis e se\u00e7\u00e3o inferior dos s\u00edmbolos de c\u00f3digo de barras.<\/p>\n<h2>5 \u2013\u00a0Liga\u00e7\u00e3o de dados<\/h2>\n<p>Se os dados a serem representados na sua etiqueta GS1 reside numa fonte de algum tipo (um Excel ou arquivo Access, SQL Server, MySQL, etc) precisa conectar o seu arquivo Labeljoy \u00e0 fonte de dados e conectar cada elemento ao sublinhado dados conjunto de dados. Por favor veja <a title=\"Carregar dados do excel\" href=\"https:\/\/www.labeljoy.com\/pt-pt\/video-soporte\/carregar-informacoes-do-excel\/\">este video tutorial<\/a>\u00a0para ver todos os detalhes.<\/p>\n<p>Para o nosso exemplo vamos usar um ficheiro de Excel:<\/p>\n<p><a class=\"hover-item\" href=\"http:\/\/www.labeljoy.com\/images\/how-to\/gs1-128\/pt\/image009.png\" data-gal=\"prettyPhoto[generate-gs1]\"><img decoding=\"async\" width=\"1518\" height=\"223\" style=\"max-width: 600px;\" src=\"http:\/\/www.labeljoy.com\/images\/how-to\/gs1-128\/pt\/image009.png\" alt=\"Arquivo do Excel para se conectar\" \/><\/a><\/p>\n<p>Al\u00e9m disso, nem toda a informa\u00e7\u00e3o que necessita para a etiqueta est\u00e1 pronta a ser adicionada aos elementos, alguma dela precisa ser calculada pela concatena\u00e7\u00e3o elementos existentes. Vamos ver como podemos fazer isso no Labeljoy.<\/p>\n<p>Mas primeiro vamos vincular nossa etiqueta \u00e0 fonte de dados. Podemos utilizar o <em>assistente de dados<\/em> tamb\u00e9m, mas por enquanto vamos configurar a conex\u00e3o manualmente, at\u00e9 trazer o formul\u00e1rio das configura\u00e7\u00f5es do <em>grupo<\/em>:<\/p>\n<p><a class=\"hover-item\" href=\"http:\/\/www.labeljoy.com\/images\/how-to\/gs1-128\/pt\/image010.png\" data-gal=\"prettyPhoto[generate-gs1]\"><img decoding=\"async\" width=\"773\" height=\"588\" style=\"max-width: 600px;\" src=\"http:\/\/www.labeljoy.com\/images\/how-to\/gs1-128\/pt\/image010.png\" alt=\"Configura\u00e7\u00e3o de importa\u00e7\u00e3o de arquivo do Excel\" \/><\/a><\/p>\n<p>Uma vez que os dados foram carregados, o separador <em>Filtro e classifica\u00e7\u00e3o<\/em> deve mostrar uma rede com os campos e os dados lidos do ficheiro Excel:<\/p>\n<p><a class=\"hover-item\" href=\"http:\/\/www.labeljoy.com\/images\/how-to\/gs1-128\/pt\/image011.png\" data-gal=\"prettyPhoto[generate-gs1]\"><img decoding=\"async\" width=\"775\" height=\"588\" style=\"max-width: 600px;\" src=\"http:\/\/www.labeljoy.com\/images\/how-to\/gs1-128\/pt\/image011.png\" alt=\"Filtro e classifica\u00e7\u00e3o de arquivo do Excel\" \/><\/a><\/p>\n<p>\u00c0 medida que confirmamos os dados que ligam \u00e0s altera\u00e7\u00f5es que fizemos, os bot\u00f5es de p\u00e1gina na barra de ferramentas superior tornam-se ativos. Temos uma \u00fanica etiqueta por p\u00e1gina e visto que a nossa fonte de dados cont\u00e9m 7 linhas, Labeljoy permite-lhe percorrer sete p\u00e1ginas, uma linha por p\u00e1gina.<\/p>\n<p>Agora precisamos ligar cada elemento vari\u00e1vel no r\u00f3tulo ao campo apropriado na fonte de dados.<br \/>\nVamos come\u00e7ar com o grande campo ZIP na \u00e1rea superior direita:<\/p>\n<p><a class=\"hover-item\" href=\"http:\/\/www.labeljoy.com\/images\/how-to\/gs1-128\/pt\/image012.png\" data-gal=\"prettyPhoto[generate-gs1]\"><img decoding=\"async\" width=\"1920\" height=\"1019\" style=\"max-width: 600px;\" src=\"http:\/\/www.labeljoy.com\/images\/how-to\/gs1-128\/pt\/image012.png\" alt=\"GS1 128 c\u00f3digo de barras a partir de arquivo do Excel\" \/><\/a><\/p>\n<p>Como pode ver, clicando no bot\u00e3o <em>Campo<\/em> um menu \u00e9 mostrado com a lista de campos dispon\u00edveis. Neste caso, precisamos concatenar os campos <em>Prefixo<\/em> e C\u00f3digo Postal, seleccionando os dois, um ap\u00f3s o outro:<\/p>\n<p><a class=\"hover-item\" href=\"http:\/\/www.labeljoy.com\/images\/how-to\/gs1-128\/pt\/image013.png\" data-gal=\"prettyPhoto[generate-gs1]\"><img decoding=\"async\" width=\"870\" height=\"566\" style=\"max-width: 600px;\" src=\"http:\/\/www.labeljoy.com\/images\/how-to\/gs1-128\/pt\/image013.png\" alt=\"Arquivado em etiqueta de c\u00f3digo de barras\" \/><\/a><\/p>\n<p>Agora vamos trabalhar no endere\u00e7o de destino. To endere\u00e7o do remetente permanecer\u00e1 intocado, j\u00e1 que \u00e9 sempre a mesma empresa de transporte, podemos deixar o campo <em>De<\/em> na sua forma est\u00e1tica.<br \/>\nO campo <em>para<\/em> precisa de ser concatenado como se segue:<\/p>\n<p><a class=\"hover-item\" href=\"http:\/\/www.labeljoy.com\/images\/how-to\/gs1-128\/pt\/image014.png\" data-gal=\"prettyPhoto[generate-gs1]\"><img decoding=\"async\" width=\"872\" height=\"568\" style=\"max-width: 600px;\" src=\"http:\/\/www.labeljoy.com\/images\/how-to\/gs1-128\/pt\/image014.png\" alt=\"Liga\u00e7\u00e3o de dados\" \/><\/a><\/p>\n<p>Note o h\u00edfen entre os campos de <em>Prefixo e C\u00f3digo Postal<\/em> e tamb\u00e9m o espa\u00e7o entre C\u00f3digo Postal e Cidade.<\/p>\n<p>Os campos <em>Transportador, n\u00famero do pedido e peso bruto<\/em> podem ser diretamente ligados aos campos correspondentes na fonte de dados, sem concatena\u00e7\u00e3o adicional ser necess\u00e1ria.<\/p>\n<p>O campo <em>Data de entrega<\/em> precisa de especial aten\u00e7\u00e3o: precisamos definir tamb\u00e9m o formato atrav\u00e9s do qual a data ser\u00e1 exibida. Como indicada na etiqueta de log\u00edstica, esta data deve estar no formato <em>YYYY-MM-DD<\/em>. Labeljoy permite definir a formata\u00e7\u00e3o especial para cada campo adicionado ao elemento.<br \/>\nDuplo clique no elemento <em>Entrega<\/em>, ligue-o ao campo <em>Data de entrega<\/em> e clique no link na caixa de texto para apresentar oformul\u00e1rio de <em>Altera\u00e7\u00e3o de campo<\/em>:<br \/>\nSeleccione o campo <em>Quantidade<\/em> no menu suspenso:<\/p>\n<p><a class=\"hover-item\" href=\"http:\/\/www.labeljoy.com\/images\/how-to\/gs1-128\/pt\/image015.png\" data-gal=\"prettyPhoto[generate-gs1]\"><img decoding=\"async\" width=\"871\" height=\"568\" style=\"max-width: 600px;\" src=\"http:\/\/www.labeljoy.com\/images\/how-to\/gs1-128\/pt\/image015.png\" alt=\"Configura\u00e7\u00e3o do campo data de entrega\" \/><\/a><\/p>\n<p>Como pode ver, introduzimos o formato de data correta na caixa de texto <em>Formato<\/em>. Isso ir\u00e1 instruir o Labeljoy a mostrar a data naquele formato particular.<\/p>\n<p>Adiante, o campo <em>Ship to post<\/em> \u00e9 a concatena\u00e7\u00e3o dos campos <em>ISO 3366 e C\u00f3digo Postal<\/em>.<br \/>\nA mesma concatena\u00e7\u00e3o deve ser inserida no elemento de c\u00f3digo de barras correspondente, s\u00f3 precisamos prefixar tudo com o texto est\u00e1tico (421) para instruir Labeljoy a trat\u00e1-la como AI 421:<\/p>\n<p><a class=\"hover-item\" href=\"http:\/\/www.labeljoy.com\/images\/how-to\/gs1-128\/pt\/image016.png\" data-gal=\"prettyPhoto[generate-gs1]\"><img decoding=\"async\" width=\"872\" height=\"567\" style=\"max-width: 600px;\" src=\"http:\/\/www.labeljoy.com\/images\/how-to\/gs1-128\/pt\/image016.png\" alt=\"GS1 128 navio para postar\" \/><\/a><\/p>\n<p>O elemento de texto SSCC deve concatenar o texto est\u00e1tico 0 (Prefixo) 3.453.128 (um composto identificador empresa de 7 d\u00edgitos), o valor lido do SSCC campo e gerar o d\u00edgito de verifica\u00e7\u00e3o.<br \/>\nAgora, visto que o <em>prefixo + identificador da empresa + d\u00edgito de verifica\u00e7\u00e3o<\/em> somam um total de 9 d\u00edgitos, \u00e9 preciso garantir que o valor SSCC lido a partir da fonte de dados fica com zeros \u00e0 esquerda corretamente para que o n\u00famero total de d\u00edgitos seja sempre 18.<\/p>\n<p>Clique duas vezes no elemento de texto SSCC e introduza o texto est\u00e1tico 03453128. Agora clique no bot\u00e3o de campo e selecione o campo SSCC. Finalmente, clique no bot\u00e3o <em>Refer\u00eancia<\/em> e seleccione a refer\u00eancia <em>Soma de verifica\u00e7\u00e3o Modulo-10<\/em>.<br \/>\nAgora clique no campo cinza SSCC para apresentaro seu formul\u00e1rio de propriedades. No campo <em>Formato<\/em> insira <em>000000000<\/em> (9 zeros). Desta forma Labeljoy vai levar a zero cada valor at\u00e9 chegar a um total de 9 d\u00edgitos. Isso tamb\u00e9m ir\u00e1 lidar correctamente com a \u00faltima linha da fonte de dados, que passa a ser composto de 5 d\u00edgitos em vez de 4, como todas as outras linhas.<\/p>\n<p><a class=\"hover-item\" href=\"http:\/\/www.labeljoy.com\/images\/how-to\/gs1-128\/pt\/image017.png\" data-gal=\"prettyPhoto[generate-gs1]\"><img decoding=\"async\" width=\"871\" height=\"646\" style=\"max-width: 600px;\" src=\"http:\/\/www.labeljoy.com\/images\/how-to\/gs1-128\/pt\/image017.png\" alt=\"Modulo 10 configura\u00e7\u00e3o\" \/><\/a><\/p>\n<p>A refer\u00eancia <em>Soma de verifica\u00e7\u00e3o Modulo-10<\/em> adiciona uma soma de verifica\u00e7\u00e3o Modulo-10 \u00e0 sequ\u00eancia do n\u00famero imediatamente anterior o seu ponto de inser\u00e7\u00e3o.<\/p>\n<p>Para o elemento de c\u00f3digo de barras SSCC poder\u00edamos fazer exatamente a mesma coisa. Temos apenas de prefixar tudo com o texto (00) para que o Labeljoy trate como AI 00.<br \/>\nPor uma quest\u00e3o de demonstra\u00e7\u00e3o ter\u00e1 uma abordagem um pouco diferente. Desde Labeljoy sabe que este \u00e9 um elemento de c\u00f3digo de barras GS1-128 SSCC, n\u00e3o precisa adicionar a refer\u00eancia <em>Soma de verifica\u00e7\u00e3o Modulo-10<\/em> at the no final da sequ\u00eancia, vamos apenas introduzir um est\u00e1tico 0, que ser\u00e1 convertido para o adequado d\u00edgito de verifica\u00e7\u00e3o Modulo-10.<\/p>\n<p><a class=\"hover-item\" href=\"http:\/\/www.labeljoy.com\/images\/how-to\/gs1-128\/pt\/image018.png\" data-gal=\"prettyPhoto[generate-gs1]\"><img decoding=\"async\" width=\"871\" height=\"565\" style=\"max-width: 600px;\" src=\"http:\/\/www.labeljoy.com\/images\/how-to\/gs1-128\/pt\/image018.png\" alt=\"configura\u00e7\u00e3o SSCC\" \/><\/a><\/p>\n<p>O resultado final \u00e9 um trabalho de 7 p\u00e1ginas prontas a serem impressas:<\/p>\n<p style=\"text-align: center;\"><a href=\"http:\/\/www.labeljoy.com\/images\/how-to\/gs1-128\/GS1-128d.zip\" class=\"large green tt-button\" target=\"_self\">\u00a0Fa\u00e7a o download deste ficheiro Labeljoy <\/a>\n<p>&nbsp;<\/p>\n<table border=\"0\" width=\"100%\" cellspacing=\"20\" cellpadding=\"20\">\n<tbody>\n<tr>\n<td>\u00a0<a class=\"hover-item\" href=\"http:\/\/www.labeljoy.com\/images\/how-to\/gs1-128\/image019.png\" data-gal=\"prettyPhoto[generate-gs1]\"><img decoding=\"async\" src=\"http:\/\/www.labeljoy.com\/images\/how-to\/gs1-128\/image019.png\" alt=\"resultado final 1\" width=\"234\" height=\"329\" \/><\/a><\/td>\n<td>\u00a0<a class=\"hover-item\" href=\"http:\/\/www.labeljoy.com\/images\/how-to\/gs1-128\/image020.png\" data-gal=\"prettyPhoto[generate-gs1]\"><img decoding=\"async\" src=\"http:\/\/www.labeljoy.com\/images\/how-to\/gs1-128\/image020.png\" alt=\"resultado final 2\" width=\"234\" height=\"329\" \/><\/a><\/td>\n<\/tr>\n<tr>\n<td>\u00a0<a class=\"hover-item\" href=\"http:\/\/www.labeljoy.com\/images\/how-to\/gs1-128\/image021.png\" data-gal=\"prettyPhoto[generate-gs1]\"><img decoding=\"async\" src=\"http:\/\/www.labeljoy.com\/images\/how-to\/gs1-128\/image021.png\" alt=\"resultado final 3\" width=\"234\" height=\"329\" \/><\/a><\/td>\n<td>\u00a0<a class=\"hover-item\" href=\"http:\/\/www.labeljoy.com\/images\/how-to\/gs1-128\/image022.png\" data-gal=\"prettyPhoto[generate-gs1]\"><img decoding=\"async\" src=\"http:\/\/www.labeljoy.com\/images\/how-to\/gs1-128\/image022.png\" alt=\"resultado final 4\" width=\"234\" height=\"329\" \/><\/a><\/td>\n<\/tr>\n<tr>\n<td>\u00a0<a class=\"hover-item\" href=\"http:\/\/www.labeljoy.com\/images\/how-to\/gs1-128\/image023.png\" data-gal=\"prettyPhoto[generate-gs1]\"><img decoding=\"async\" src=\"http:\/\/www.labeljoy.com\/images\/how-to\/gs1-128\/image023.png\" alt=\"resultado final 5\" width=\"234\" height=\"329\" \/><\/a><\/td>\n<td>\u00a0<a class=\"hover-item\" href=\"http:\/\/www.labeljoy.com\/images\/how-to\/gs1-128\/image024.png\" data-gal=\"prettyPhoto[generate-gs1]\"><img decoding=\"async\" src=\"http:\/\/www.labeljoy.com\/images\/how-to\/gs1-128\/image024.png\" alt=\"resultado final 6\" width=\"234\" height=\"329\" \/><\/a><\/td>\n<\/tr>\n<tr>\n<td>\u00a0<a class=\"hover-item\" href=\"http:\/\/www.labeljoy.com\/images\/how-to\/gs1-128\/image025.png\" data-gal=\"prettyPhoto[generate-gs1]\"><img decoding=\"async\" src=\"http:\/\/www.labeljoy.com\/images\/how-to\/gs1-128\/image025.png\" alt=\"resultado final 7\" width=\"234\" height=\"329\" \/><\/a><\/td>\n<td><\/td>\n<\/tr>\n<\/tbody>\n<\/table>\n<p>&nbsp;<\/p>\n<div class=\"also-like\">\n<p><strong>Pode tamb\u00e9m gostar de:<\/strong><\/p>\n<ul>\n<li><a title=\"Gerar c\u00f3digo de barras e c\u00f3digo QR\" href=\"https:\/\/www.labeljoy.com\/pt-pt\/video-soporte\/gerar-codigos-barras-qrcode\/\">Gerar C\u00f3digos de Barras e QR Code Video<\/a><\/li>\n<li><a title=\"Programa de impress\u00e3o de c\u00f3digos de barras \" href=\"https:\/\/www.labeljoy.com\/pt-pt\/programa-impressao-codigos-barras\/\">Software de Etiquetas<\/a><\/li>\n<\/ul>\n<\/div>\n","protected":false},"excerpt":{"rendered":"<p>Gerar c\u00f3digos de barras GS1-128 GS1-128 foi definido para fornecer um padr\u00e3o global para interc\u00e2mbio de informa\u00e7\u00f5es em toda a cadeia de abastecimento. Ele \u00e9 representado na forma de um ou mais dados de c\u00f3digo de barras que cont\u00eam s\u00edmbolos de codifica\u00e7\u00e3o de informa\u00e7\u00f5es sobre bens que s\u00e3o enviados, como identificadores globais \u00fanicos, quantidades, pesos, &#8230; <a title=\"Gerar c\u00f3digos de barras GS1-128\" class=\"read-more\" href=\"https:\/\/www.labeljoy.com\/pt-pt\/suporte\/como-fazer\/gerar-codigos-de-barras-gs1-128\/\" aria-label=\"Leia mais sobre Gerar c\u00f3digos de barras GS1-128\">Read more<\/a><\/p>\n","protected":false},"author":1,"featured_media":0,"parent":3366,"menu_order":16,"comment_status":"closed","ping_status":"closed","template":"","meta":{"inline_featured_image":false,"_monsterinsights_skip_tracking":false,"_monsterinsights_sitenote_active":false,"_monsterinsights_sitenote_note":"","_monsterinsights_sitenote_category":0,"footnotes":""},"class_list":{"0":"post-17737","1":"page","2":"type-page","3":"status-publish","5":"infinite-scroll-item"},"aioseo_notices":[],"_links":{"self":[{"href":"https:\/\/www.labeljoy.com\/pt-pt\/wp-json\/wp\/v2\/pages\/17737","targetHints":{"allow":["GET"]}}],"collection":[{"href":"https:\/\/www.labeljoy.com\/pt-pt\/wp-json\/wp\/v2\/pages"}],"about":[{"href":"https:\/\/www.labeljoy.com\/pt-pt\/wp-json\/wp\/v2\/types\/page"}],"author":[{"embeddable":true,"href":"https:\/\/www.labeljoy.com\/pt-pt\/wp-json\/wp\/v2\/users\/1"}],"replies":[{"embeddable":true,"href":"https:\/\/www.labeljoy.com\/pt-pt\/wp-json\/wp\/v2\/comments?post=17737"}],"version-history":[{"count":16,"href":"https:\/\/www.labeljoy.com\/pt-pt\/wp-json\/wp\/v2\/pages\/17737\/revisions"}],"predecessor-version":[{"id":45217,"href":"https:\/\/www.labeljoy.com\/pt-pt\/wp-json\/wp\/v2\/pages\/17737\/revisions\/45217"}],"up":[{"embeddable":true,"href":"https:\/\/www.labeljoy.com\/pt-pt\/wp-json\/wp\/v2\/pages\/3366"}],"wp:attachment":[{"href":"https:\/\/www.labeljoy.com\/pt-pt\/wp-json\/wp\/v2\/media?parent=17737"}],"curies":[{"name":"wp","href":"https:\/\/api.w.org\/{rel}","templated":true}]}}