{"id":17751,"date":"2012-09-14T12:51:43","date_gmt":"2012-09-14T12:51:43","guid":{"rendered":"http:\/\/www.labeljoy.com\/suporte\/como-fazer\/working-with-roll-printers\/"},"modified":"2022-12-15T09:45:09","modified_gmt":"2022-12-15T09:45:09","slug":"imprimir-com-impressoras-rolo","status":"publish","type":"page","link":"https:\/\/www.labeljoy.com\/pt-pt\/suporte\/como-fazer\/imprimir-com-impressoras-rolo\/","title":{"rendered":"Imprimir com impressoras de rolo"},"content":{"rendered":"<h1>Imprimir com impressoras de rolo<\/h1>\n<p>Impressoras de rolo s\u00e3o a melhor escolha se voc\u00ea tem um grande volume de etiquetas para imprimir. O custo por etiqueta \u00e9 geralmente menor, e por ter uma impressora dedicada pode avan\u00e7ar muitos dos aborrecimentos tipicamente relacionados ao trabalho com uma impressora padr\u00e3o, como ter de carregar o papel certo cada vez que precisa de imprimir etiquetas.<\/p>\n<p>Se trabalhar com uma impressora de rolo este tutorial ir\u00e1 ajud\u00e1-lo a compreender os passos necess\u00e1rios para configurar corretamente Labeljoy para imprimir numa impressora de rolo.<\/p>\n<p>N\u00f3s vamos criar uma etiqueta t\u00edpica em casa, com textos e um c\u00f3digo de barras e n\u00f3s vamos imprimir numa impressora de rolo Zebra TLP 3842.<\/p>\n<p style=\"text-align:center\"><a href=\"http:\/\/www.labeljoy.com\/pt-pt\/video-soporte\/usar-impressora-de-rolo\/\" title=\"Video: usar impressora de rolo\" class=\"large orange tt-button\">Video: usar impressora de rolo<\/a><\/p>\n<p>We\u2019ll be creating a typical in-house label, with texts and a barcode and we\u2019ll be printing on a Zebra TLP 3842 roll printer.<\/p>\n<p><a class=\"hover-item\" data-gal=\"prettyPhoto[rolo]\" title=\"A impressora de rolo Zebra TLP 38421\" href=\"http:\/\/www.labeljoy.com\/images\/how-to\/roll-printer\/roll-print001.jpg\"><img decoding=\"async\" src=\"http:\/\/www.labeljoy.com\/images\/how-to\/roll-printer\/roll-print001.jpg\" alt=\"A impressora de rolo Zebra TLP 38421\" width=\"200\" height=\"200\"><\/a><\/p>\n<p><span style=\"font-size: 8pt\">A impressora de rolo Zebra TLP 38421<\/span><\/p>\n<p>&nbsp;<\/p>\n<h2>1 \u2013 Definir o layout<\/h2>\n<p>Impressoras de rolo v\u00eam cada etiqueta como uma \u00fanica p\u00e1gina, \u00e9 por isso que precisamos de configurar o nosso layout do papel como uma linha por uma p\u00e1gina de coluna t\u00e3o grande quanto o r\u00f3tulo, incluindo as margens.<br \/>\nNeste tutorial vamos trabalhar com um rolo de 5 por 3 cm de etiquetas com uma margem horizontal de 0,15 cent\u00edmetros de cada lado.<\/p>\n<p><a class=\"hover-item\" data-gal=\"prettyPhoto[rolo]\" title=\"Exemplo de rolo \" href=\"http:\/\/www.labeljoy.com\/images\/how-to\/roll-printer\/roll-print002.png\"><img decoding=\"async\" src=\"http:\/\/www.labeljoy.com\/images\/how-to\/roll-printer\/roll-print002.png\" alt=\"Exemplo de rolo\" width=\"162\" height=\"162\"><\/a><\/p>\n<p><span style=\"font-size: 8pt\">Um rolo de impress\u00e3o 5 por 3 cm da etiqueta<\/span><\/p>\n<p>Note que h\u00e1 tamb\u00e9m uma diferen\u00e7a vertical entre cada r\u00f3tulo, mas, neste caso, n\u00e3o vamos levar isso em conta, desde o driver que a impressora utiliza essa lacuna para detectar a posi\u00e7\u00e3o de in\u00edcio \/ fim de cada r\u00f3tulo.<br \/>\n\u00c9 normal que precise de alguns ajustes, uma vez que cada impressora se comporta de forma diferente e alguns testes podem ser necess\u00e1rios.<\/p>\n<p>Veja como o nosso formul\u00e1rio de layout deve se parecer para acomodar esse tipo espec\u00edfico de cen\u00e1rio:<\/p>\n<p><a class=\"hover-item\" data-gal=\"prettyPhoto[rolo]\" title=\"Definindo o layout\" href=\"http:\/\/www.labeljoy.com\/images\/how-to\/roll-printer\/pt\/roll-print003.jpg\"><img decoding=\"async\" src=\"http:\/\/www.labeljoy.com\/images\/how-to\/roll-printer\/pt\/roll-print003.jpg\" alt=\"Definindo o layout\" width=\"509\" height=\"386\"><\/a><\/p>\n<p>Como pode ver, na estrutura <em>P\u00e1gina<\/em> seleccionamos <em>Definido pelo User<\/em> bem como o tamanho do papel e entrou na largura total da da etiqueta (incluindo as margens) e a altura da rede (excluindo o espa\u00e7o entre as etiquetas).<br \/>\nNa estrutura <em>Etiquetass<\/em> inserimos 1 coluns e 1 linha, uma vez que a nossa impressora realmente v\u00ea cada etiqueta como uma \u00fanica p\u00e1gina.<br \/>\nFinalmente, na estrutura <em>Margens<\/em> inserimos 0.15 cm para as margens esquerda e direitae 0.00 cm para as margens superiores e inferiores.<\/p>\n<p>Uma vez que as altera\u00e7\u00f5es s\u00e3o confirmadas, Labeljoy deve mostrar uma \u00fanica etiqueta vazia como a abaixo:<\/p>\n<p><a class=\"hover-item\" data-gal=\"prettyPhoto[rolo]\" title=\"Esquema de etiqueta\" href=\"http:\/\/www.labeljoy.com\/images\/how-to\/roll-printer\/pt\/roll-print004.jpg\"><img decoding=\"async\" src=\"http:\/\/www.labeljoy.com\/images\/how-to\/roll-printer\/pt\/roll-print004.jpg\" alt=\"Esquema de etiqueta\" width=\"645\" height=\"460\"><\/a><\/p>\n<p>&nbsp;<\/p>\n<h2>2 \u2013 Desenhar a etiqueta<\/h2>\n<p>Agora precisamos acrescentar todos os elementos que v\u00e3o ser inseridos na etiqueta. Este processo \u00e9 bastante simples: basta selecionar o tipo de elemento na caixa de ferramentas \u00e0 esquerda e desenhar uma moldura retangular sobre a \u00e1rea onde voc\u00ea deseja que o novo elemento apare\u00e7a. Em seguida, clique duas vezes em cada elemento para definir as suas propriedades.<\/p>\n<p>Lembre-se que, dependendo do valor do zoom em uso, \u00e9 mais prov\u00e1vel ver as coisas no ecr\u00e3 muito maior, ent\u00e3o eles v\u00e3o constar do r\u00f3tulo f\u00edsico.<\/p>\n<p>Este \u00e9 o nosso resultado final: uma etiqueta produ\u00e7\u00e3o centro de repara\u00e7\u00e3o t\u00edpico com v\u00e1rias informa\u00e7\u00f5es, incluindo um n\u00famero de s\u00e9rie e um c\u00f3digo de barras.<\/p>\n<p><a class=\"hover-item\" data-gal=\"prettyPhoto[rolo]\" title=\"R\u00f3tulo pronto para imprimir com impressora rolo\" href=\"http:\/\/www.labeljoy.com\/images\/how-to\/roll-printer\/pt\/roll-print005.jpg\"><img decoding=\"async\" src=\"http:\/\/www.labeljoy.com\/images\/how-to\/roll-printer\/pt\/roll-print005.jpg\" alt=\"Etiquete pronto para imprimir com impressora rolo\" width=\"645\" height=\"460\"><\/a><\/p>\n<p style=\"text-align: center\"><a href=\"http:\/\/www.labeljoy.com\/images\/how-to\/roll-printer\/production.lpa\" class=\"large green tt-button\" target=\"_self\"> Fa\u00e7a o download deste ficheiro Labeljoy <\/a>\n<p>&nbsp;<\/p>\n<h2>3 \u2013 Conectar os dados<\/h2>\n<p>Se voc\u00ea precisar imprimir um lote de etiquetas contendo dados, precisa definir uma fonte de dados no Labeljoy. Por favor veja <a href=\"http:\/\/www.labeljoy.com\/pt-pt\/video-soporte\/carregar-informacoes-do-excel\/\" title=\"Carregar dados do excel\">este video tutorial<\/a>&nbsp;para aprender todos os detalhes.<\/p>\n<p>Uma vez que a fonte de dados est\u00e1 ligada, edite cada elemento para assegurar que os dados s\u00e3o lidos a partir adequadamente da fonte subjacente, clicando no bot\u00e3o <em>Campo<\/em> e criando a correcta concatena\u00e7\u00e3o de textos.<\/p>\n<p><a class=\"hover-item\" data-gal=\"prettyPhoto[rolo]\" href=\"http:\/\/www.labeljoy.com\/images\/how-to\/roll-printer\/pt\/roll-print006.jpg\"><img decoding=\"async\" width=\"700\" height=\"456\" src=\"http:\/\/www.labeljoy.com\/images\/how-to\/roll-printer\/pt\/roll-print006.jpg\" alt=\"A concatena\u00e7\u00e3o de texto\"><\/a><\/p>\n<p>Tenha em mente que este \u00e9 um projeto de uma etiqueta por p\u00e1gina, se a sua fonte de dados cont\u00e9m 300 linhas, Labeljoy vai lidar com isso como um projeto de 300 p\u00e1ginas. Tudo isso significa que para percorrer cada r\u00f3tulo, \u00e9 preciso agir sobre os bot\u00f5es de p\u00e1gina na barra de ferramentas superior e percorrer etiquetas de como se fossem p\u00e1ginas.<\/p>\n","protected":false},"excerpt":{"rendered":"<p>Imprimir com impressoras de rolo Impressoras de rolo s\u00e3o a melhor escolha se voc\u00ea tem um grande volume de etiquetas para imprimir. O custo por etiqueta \u00e9 geralmente menor, e por ter uma impressora dedicada pode avan\u00e7ar muitos dos aborrecimentos tipicamente relacionados ao trabalho com uma impressora padr\u00e3o, como ter de carregar o papel certo &#8230; <a title=\"Imprimir com impressoras de rolo\" class=\"read-more\" href=\"https:\/\/www.labeljoy.com\/pt-pt\/suporte\/como-fazer\/imprimir-com-impressoras-rolo\/\" aria-label=\"Leia mais sobre Imprimir com impressoras de rolo\">Read more<\/a><\/p>\n","protected":false},"author":1,"featured_media":0,"parent":3366,"menu_order":16,"comment_status":"open","ping_status":"closed","template":"","meta":{"inline_featured_image":false,"_monsterinsights_skip_tracking":false,"_monsterinsights_sitenote_active":false,"_monsterinsights_sitenote_note":"","_monsterinsights_sitenote_category":0,"footnotes":""},"class_list":{"0":"post-17751","1":"page","2":"type-page","3":"status-publish","5":"infinite-scroll-item"},"aioseo_notices":[],"_links":{"self":[{"href":"https:\/\/www.labeljoy.com\/pt-pt\/wp-json\/wp\/v2\/pages\/17751","targetHints":{"allow":["GET"]}}],"collection":[{"href":"https:\/\/www.labeljoy.com\/pt-pt\/wp-json\/wp\/v2\/pages"}],"about":[{"href":"https:\/\/www.labeljoy.com\/pt-pt\/wp-json\/wp\/v2\/types\/page"}],"author":[{"embeddable":true,"href":"https:\/\/www.labeljoy.com\/pt-pt\/wp-json\/wp\/v2\/users\/1"}],"replies":[{"embeddable":true,"href":"https:\/\/www.labeljoy.com\/pt-pt\/wp-json\/wp\/v2\/comments?post=17751"}],"version-history":[{"count":7,"href":"https:\/\/www.labeljoy.com\/pt-pt\/wp-json\/wp\/v2\/pages\/17751\/revisions"}],"predecessor-version":[{"id":39540,"href":"https:\/\/www.labeljoy.com\/pt-pt\/wp-json\/wp\/v2\/pages\/17751\/revisions\/39540"}],"up":[{"embeddable":true,"href":"https:\/\/www.labeljoy.com\/pt-pt\/wp-json\/wp\/v2\/pages\/3366"}],"wp:attachment":[{"href":"https:\/\/www.labeljoy.com\/pt-pt\/wp-json\/wp\/v2\/media?parent=17751"}],"curies":[{"name":"wp","href":"https:\/\/api.w.org\/{rel}","templated":true}]}}