{"id":17759,"date":"2013-09-25T08:46:42","date_gmt":"2013-09-25T08:46:42","guid":{"rendered":"http:\/\/www.labeljoy.com\/modelos\/round-labels\/"},"modified":"2021-01-04T14:34:04","modified_gmt":"2021-01-04T14:34:04","slug":"etiqueta-redonda","status":"publish","type":"page","link":"https:\/\/www.labeljoy.com\/pt-pt\/modelos\/etiqueta-redonda\/","title":{"rendered":"Etiqueta Redonda"},"content":{"rendered":"<h1>Modelo de Etiqueta Redonda<\/h1>\n<p>As <strong>etiquetas redondas adicionam uma apar\u00eancia profissional<\/strong> e original  aos seus produtos, quer sejam para <a href=\"http:\/\/www.labeljoy.com\/pt-pt\/modelos\/etiqueta-autocolante\/\" title=\"Etiqueta autocolante\">etiqueta autocolante<\/a> ou para os itens vendidos na loja.<\/p>\n<p>Fa\u00e7a o download gratuito de modelos de etiquetas redondas e imprima facilmente com uma impressora padr\u00e3o ou com uma <a href=\"http:\/\/www.labeljoy.com\/pt-pt\/suporte\/como-fazer\/imprimir-com-impressoras-rolo\/\" title=\"Imprimir com impressoras de rolo\">impressora de rolo<\/a>. Lembre-se, \u00e9 poss\u00edvel alterar o tamanho das etiquetas redondas em todos os momentos, a fim de adapt\u00e1-las \u00e0s suas necessidades.<\/p>\n<h2>Fa\u00e7a suas etiquetas redondas imprim\u00edveis<\/h2>\n<p>Normalmente, as etiquetas circulares s\u00e3o usados \u200b\u200bpara <a href=\"http:\/\/www.labeljoy.com\/pt-pt\/modelos\/etiqueta-cosmeticos\/\" title=\"Cosm\u00e9tica\">etiquetagem de cosm\u00e9ticos<\/a>, <a href=\"http:\/\/www.labeljoy.com\/pt-pt\/modelos\/etiquetas-vestuario\/\" title=\"Etiqueta para vestu\u00e1rio\">etiquetas para vestu\u00e1rio<\/a> para sinalizar uma promo\u00e7\u00e3o, <a href=\"http:\/\/www.labeljoy.com\/pt-pt\/modelos\/etiqueta-presente\/\" title=\"Etiqueta para presente\">presentes<\/a>, casamentos, e muitas outras situa\u00e7\u00f5es especiais.<\/p>\n<h3>Modelo de R\u00f3tulos e Etiquetas redondas circulares <\/h3>\n<p>Com Labeljoy voc\u00ea pode selecionar um dos <strong>6500 layouts pr\u00e9 carregados<\/strong> dos principais fabricantes de folhas de etiquetas, ou voc\u00ea pode definir manualmente os tamanhos, bordas e margens.<\/p>\n<p>Entre os layouts pr\u00e9 carregos h\u00e1 os <em>etiquetas redondas claras<\/em> de Avery. Isso permite que use os len\u00e7\u00f3is comprados de Avery e criar <strong>as suas pr\u00f3prias etiquetas circulares personalizadas<\/strong> com Labeljoy: o melhor software de etiquetagem.<\/p>\n<div class=\"one_third\"> <div class=\"img-frame full-fourth\"><div class=\"lightbox-zoom\"><a title=\"Etiquetas redondas para lojas\" href=\"http:\/\/www.labeljoy.com\/label-templates\/round\/round1b.jpg\" data-gal=\"prettyPhoto[etiqueta-redonda]\" class=\"hover-item\"><img decoding=\"async\" width=\"197\" height=\"133\" alt=\"Etiquetas redondas para lojas\" src=\"https:\/\/www.labeljoy.com\/wp-content\/plugins\/sterling-shortcodes\/\/timthumb\/timthumb.php?src=http:\/\/www.labeljoy.com\/label-templates\/round\/round1s.jpg&#038;h=133&#038;w=197\"><\/a><\/div><\/div>\n<p style=\"text-align: center\"><a href=\"http:\/\/www.labeljoy.com\/label-templates\/round\/round1.lpa\" class=\"small white tt-button\" target=\"_self\"> Download <\/a>\n<\/div>\n<div class=\"one_third\"> <div class=\"img-frame full-fourth\"><div class=\"lightbox-zoom\"><a title=\"Etiquetas circulares para casamentos\" href=\"http:\/\/www.labeljoy.com\/label-templates\/round\/round2b.jpg\" data-gal=\"prettyPhoto[etiqueta-redonda]\" class=\"hover-item\"><img decoding=\"async\" width=\"197\" height=\"133\" alt=\"Etiquetas circulares para casamentos\" src=\"https:\/\/www.labeljoy.com\/wp-content\/plugins\/sterling-shortcodes\/\/timthumb\/timthumb.php?src=http:\/\/www.labeljoy.com\/label-templates\/round\/round2s.jpg&#038;h=133&#038;w=197\"><\/a><\/div><\/div>\n<p style=\"text-align: center\"><a href=\"http:\/\/www.labeljoy.com\/label-templates\/round\/round2.lpa\" class=\"small white tt-button\" target=\"_self\"> Download <\/a>\n<\/div>\n<div class=\"one_third\"> <div class=\"img-frame full-fourth\"><div class=\"lightbox-zoom\"><a title=\"Etiquetas redondas com letras\" href=\"http:\/\/www.labeljoy.com\/label-templates\/round\/round3b.jpg\" data-gal=\"prettyPhoto[etiqueta-redonda]\" class=\"hover-item\"><img decoding=\"async\" width=\"197\" height=\"133\" alt=\"Etiquetas redondas com letras\" src=\"https:\/\/www.labeljoy.com\/wp-content\/plugins\/sterling-shortcodes\/\/timthumb\/timthumb.php?src=http:\/\/www.labeljoy.com\/label-templates\/round\/round3s.jpg&#038;h=133&#038;w=197\"><\/a><\/div><\/div>\n<p style=\"text-align: center\"><a href=\"http:\/\/www.labeljoy.com\/label-templates\/round\/round3.lpa\" class=\"small white tt-button\" target=\"_self\"> Download <\/a>\n<\/div>\n<div class=\"hr hr-dotted\">&nbsp;<\/div>\n<div class=\"one_third\"> <div class=\"img-frame full-fourth\"><div class=\"lightbox-zoom\"><a title=\"Etiquetas para jarros\" href=\"http:\/\/www.labeljoy.com\/label-templates\/round\/round4b.jpg\" data-gal=\"prettyPhoto[etiqueta-redonda]\" class=\"hover-item\"><img decoding=\"async\" width=\"197\" height=\"133\" alt=\"Etiquetas para jarros\" src=\"https:\/\/www.labeljoy.com\/wp-content\/plugins\/sterling-shortcodes\/\/timthumb\/timthumb.php?src=http:\/\/www.labeljoy.com\/label-templates\/round\/round4s.jpg&#038;h=133&#038;w=197\"><\/a><\/div><\/div>\n<p style=\"text-align: center\"><a href=\"http:\/\/www.labeljoy.com\/label-templates\/round\/round4.lpa\" class=\"small white tt-button\" target=\"_self\"> Download <\/a>\n<\/div>\n<div class=\"one_third\"> <div class=\"img-frame full-fourth\"><div class=\"lightbox-zoom\"><a title=\"Autocolantes redondos com um log\u00f3tipo\" href=\"http:\/\/www.labeljoy.com\/label-templates\/round\/round5b.jpg\" data-gal=\"prettyPhoto[etiqueta-redonda]\" class=\"hover-item\"><img decoding=\"async\" width=\"197\" height=\"133\" alt=\"Autocolantes redondos com um log\u00f3tipo\" src=\"https:\/\/www.labeljoy.com\/wp-content\/plugins\/sterling-shortcodes\/\/timthumb\/timthumb.php?src=http:\/\/www.labeljoy.com\/label-templates\/round\/round5s.jpg&#038;h=133&#038;w=197\"><\/a><\/div><\/div>\n<p style=\"text-align: center\"><a href=\"http:\/\/www.labeljoy.com\/label-templates\/round\/round5.lpa\" class=\"small white tt-button\" target=\"_self\"> Download <\/a>\n<\/div>\n<div class=\"one_third\"> <div class=\"img-frame full-fourth\"><div class=\"lightbox-zoom\"><a title=\"Autocolantes de perigo\" href=\"http:\/\/www.labeljoy.com\/label-templates\/round\/round6b.jpg\" data-gal=\"prettyPhoto[etiqueta-redonda]\" class=\"hover-item\"><img decoding=\"async\" width=\"197\" height=\"133\" alt=\"Autocolantes de perigo\" src=\"https:\/\/www.labeljoy.com\/wp-content\/plugins\/sterling-shortcodes\/\/timthumb\/timthumb.php?src=http:\/\/www.labeljoy.com\/label-templates\/round\/round6s.jpg&#038;h=133&#038;w=197\"><\/a><\/div><\/div>\n<p style=\"text-align: center\"><a href=\"http:\/\/www.labeljoy.com\/label-templates\/round\/round6.lpa\" class=\"small white tt-button\" target=\"_self\"> Download <\/a>\n<\/div>\n<div class=\"hr hr-dotted\">&nbsp;<\/div>\n<div class=\"one_half\">\n<p style=\"text-align: center\"><a href=\"\/pt-pt\/compra\/\" class=\"large blue tt-button\" target=\"\"> Comprar Software <\/a>\n<\/div>\n<div class=\"one_half\">\n<p style=\"text-align: center\"><a href=\"\/pt-pt\/download-pt\/\" class=\"large green tt-button\"> Download Gr\u00e1tis <\/a><\/p>\n<\/div>\n","protected":false},"excerpt":{"rendered":"<p>Modelo de Etiqueta Redonda As etiquetas redondas adicionam uma apar\u00eancia profissional e original aos seus produtos, quer sejam para etiqueta autocolante ou para os itens vendidos na loja. Fa\u00e7a o download gratuito de modelos de etiquetas redondas e imprima facilmente com uma impressora padr\u00e3o ou com uma impressora de rolo. Lembre-se, \u00e9 poss\u00edvel alterar o &#8230; <a title=\"Etiqueta Redonda\" class=\"read-more\" href=\"https:\/\/www.labeljoy.com\/pt-pt\/modelos\/etiqueta-redonda\/\" aria-label=\"Leia mais sobre Etiqueta Redonda\">Read more<\/a><\/p>\n","protected":false},"author":1,"featured_media":0,"parent":3391,"menu_order":0,"comment_status":"open","ping_status":"closed","template":"page-template-left-sidebar.php","meta":{"inline_featured_image":false,"_monsterinsights_skip_tracking":false,"_monsterinsights_sitenote_active":false,"_monsterinsights_sitenote_note":"","_monsterinsights_sitenote_category":0,"footnotes":""},"class_list":{"0":"post-17759","1":"page","2":"type-page","3":"status-publish","5":"infinite-scroll-item"},"aioseo_notices":[],"_links":{"self":[{"href":"https:\/\/www.labeljoy.com\/pt-pt\/wp-json\/wp\/v2\/pages\/17759","targetHints":{"allow":["GET"]}}],"collection":[{"href":"https:\/\/www.labeljoy.com\/pt-pt\/wp-json\/wp\/v2\/pages"}],"about":[{"href":"https:\/\/www.labeljoy.com\/pt-pt\/wp-json\/wp\/v2\/types\/page"}],"author":[{"embeddable":true,"href":"https:\/\/www.labeljoy.com\/pt-pt\/wp-json\/wp\/v2\/users\/1"}],"replies":[{"embeddable":true,"href":"https:\/\/www.labeljoy.com\/pt-pt\/wp-json\/wp\/v2\/comments?post=17759"}],"version-history":[{"count":7,"href":"https:\/\/www.labeljoy.com\/pt-pt\/wp-json\/wp\/v2\/pages\/17759\/revisions"}],"predecessor-version":[{"id":35150,"href":"https:\/\/www.labeljoy.com\/pt-pt\/wp-json\/wp\/v2\/pages\/17759\/revisions\/35150"}],"up":[{"embeddable":true,"href":"https:\/\/www.labeljoy.com\/pt-pt\/wp-json\/wp\/v2\/pages\/3391"}],"wp:attachment":[{"href":"https:\/\/www.labeljoy.com\/pt-pt\/wp-json\/wp\/v2\/media?parent=17759"}],"curies":[{"name":"wp","href":"https:\/\/api.w.org\/{rel}","templated":true}]}}