{"id":17763,"date":"2013-09-20T10:58:20","date_gmt":"2013-09-20T10:58:20","guid":{"rendered":"http:\/\/www.labeljoy.com\/modelos\/beer-labels\/"},"modified":"2021-03-28T16:05:54","modified_gmt":"2021-03-28T16:05:54","slug":"etiqueta-cerveja","status":"publish","type":"page","link":"https:\/\/www.labeljoy.com\/pt-pt\/modelos\/etiqueta-cerveja\/","title":{"rendered":"Etiqueta de Cerveja"},"content":{"rendered":"<h1>Modelos de Etiqueta de Cerveja<\/h1>\n<p>Labeljoy permite <strong>criar o seu pr\u00f3prio modelo de etiqueta da cerveja<\/strong> em apenas uns minutos. Criar a sua etiqueta com Labeljoy \u00e9 f\u00e1cil e n\u00e3o requer qualquer conhecimento de design. <\/p>\n<p><img decoding=\"async\" src=\"http:\/\/www.labeljoy.com\/label-templates\/beer\/beer-labels.jpg\" width=\"670\" height=\"218\" alt=\"Etiqueta de cerveja\" class=\"aligncenter\" \/><\/p>\n<h2>Fa\u00e7a a sua pr\u00f3pria garrafa de cerveja<\/h2>\n<p>As etiquetas s\u00e3o a alma de uma empresa, porque a tornam reconhec\u00edvel. \u00c9 muito importante, especialmente no campo da cerveja, para ter a possibilidade de <em>criar a sua pr\u00f3pria etiqueta de cerveja<\/em>.<\/p>\n<div class=\"one_half\">\n<h3>R\u00f3tulos de cerveja artesanal<\/h3>\n<p>Labeljoy \u00e9 adequado para pequenos artes\u00e3os que produzem cerveja em casa.<\/p>\n<ul>\n<li><strong>Descarregue modelos de etiqueta cerveja<\/strong> e personalize-os.<\/li>\n<li><strong>Defina o tamanho<\/strong> ou escolha entre os layouts pr\u00e9-instalados.<\/li>\n<li><strong>Adicione fotos<\/strong> do seu disco.<\/li>\n<li><strong>Imprima etiquetas<\/strong> em papel adesivo com sua impressora dom\u00e9stica.<\/li>\n<\/ul>\n<\/div>\n<div class=\"one_half\">\n<h3>Etiquetas de cerveja profissionais<\/h3>\n<p>O programa de etiquetas Labeljoy tamb\u00e9m \u00e9 adequado para <strong>fabricantes profissionais de etiquetas<\/strong>.<\/p>\n<ul>\n<li><strong>Defina o tamanho e personalize a forma<\/strong>: quadrada, oval, redonda. <\/li>\n<li><strong>Adicione o logotipo da empresa<\/strong>, texto, efeitos gr\u00e1ficos, cliparts. <\/li>\n<li><a href=\"http:\/\/www.labeljoy.com\/pt-pt\/video-soporte\/conectar-dados-externos\/\" title=\"Conectar fontes de dados externas\">Importar informa\u00e7\u00f5es de bases de dados externas<\/a>. <\/li>\n<li>Adicionar C\u00f3digos de barras automaticamente criados pelo software. <\/li>\n<li><strong>Exportar etiquetas de cerveja<\/strong> para ser enviado para a tipografia. <\/li>\n<\/ul>\n<\/div>\n<div class=\"column-clear\"> <\/div>\n<h2>V\u00eddeo tutorial: como personalizar o layout da sua etiqueta<\/h2>\n<p>Com Labeljoy pode personalizar o formato e layout das suas etiquetas. Descubra como em apenas alguns cliques, com o nosso v\u00eddeo tutorial.<\/p>\n\n<div class=\"youtube-embed\" itemprop=\"video\" itemscope itemtype=\"https:\/\/schema.org\/VideoObject\">\n\t<meta itemprop=\"url\" content=\"https:\/\/www.youtube.com\/v\/ONEDGjGP8fc\" \/>\n\t<meta itemprop=\"name\" content=\"Beer labels\" \/>\n\t<meta itemprop=\"description\" content=\"Beer labels\" \/>\n\t<meta itemprop=\"uploadDate\" content=\"2013-09-20T10:58:20+00:00\" \/>\n\t<meta itemprop=\"thumbnailUrl\" content=\"https:\/\/i.ytimg.com\/vi\/ONEDGjGP8fc\/default.jpg\" \/>\n\t<meta itemprop=\"embedUrl\" content=\"https:\/\/www.youtube.com\/embed\/ONEDGjGP8fc\" \/>\n\t<meta itemprop=\"height\" content=\"385\" \/>\n\t<meta itemprop=\"width\" content=\"640\" \/>\n\t<iframe style=\"border: 0;\" class=\"youtube-player\" width=\"640\" height=\"385\" src=\"https:\/\/www.youtube.com\/embed\/ONEDGjGP8fc?modestbranding=1&fs=0&rel=0&loop=1&color=white&playlist=ONEDGjGP8fc\"><\/iframe>\n<\/div>\n\n<div class=\"one_third\"> <div class=\"img-frame full-fourth\"><div class=\"lightbox-zoom\"><a title=\"Etiquetas de cerveja Preta\" href=\"http:\/\/www.labeljoy.com\/label-templates\/beer\/beer1b.jpg\" data-gal=\"prettyPhoto[cerveja]\" class=\"hover-item\"><img decoding=\"async\" width=\"197\" height=\"133\" alt=\"Etiquetas de cerveja Preta\" src=\"https:\/\/www.labeljoy.com\/wp-content\/plugins\/sterling-shortcodes\/\/timthumb\/timthumb.php?src=http:\/\/www.labeljoy.com\/label-templates\/beer\/beer1s.jpg&#038;h=133&#038;w=197\"><\/a><\/div><\/div>\n<p style=\"text-align: center\"><a href=\"http:\/\/www.labeljoy.com\/label-templates\/beer\/beer1.lpa\" class=\"small white tt-button\" target=\"_self\"> Download <\/a>\n<\/div>\n<div class=\"one_third\"> <div class=\"img-frame full-fourth\"><div class=\"lightbox-zoom\"><a title=\"Modelo de etiqueta de cerveja personalizada\" href=\"http:\/\/www.labeljoy.com\/label-templates\/beer\/beer2b.jpg\" data-gal=\"prettyPhoto[cerveja]\" class=\"hover-item\"><img decoding=\"async\" width=\"197\" height=\"133\" alt=\"Modelo de etiqueta de cerveja personalizada\" src=\"https:\/\/www.labeljoy.com\/wp-content\/plugins\/sterling-shortcodes\/\/timthumb\/timthumb.php?src=http:\/\/www.labeljoy.com\/label-templates\/beer\/beer2s.jpg&#038;h=133&#038;w=197\"><\/a><\/div><\/div>\n<p style=\"text-align: center\"><a href=\"http:\/\/www.labeljoy.com\/label-templates\/beer\/beer2.lpa\" class=\"small white tt-button\" target=\"_self\"> Download <\/a>\n<\/div>\n<div class=\"one_third\"> <div class=\"img-frame full-fourth\"><div class=\"lightbox-zoom\"><a title=\"Etiquetas de cerveja loira\" href=\"http:\/\/www.labeljoy.com\/label-templates\/beer\/beer3b.jpg\" data-gal=\"prettyPhoto[cerveja]\" class=\"hover-item\"><img decoding=\"async\" width=\"197\" height=\"133\" alt=\"Etiquetas de cerveja loira\" src=\"https:\/\/www.labeljoy.com\/wp-content\/plugins\/sterling-shortcodes\/\/timthumb\/timthumb.php?src=http:\/\/www.labeljoy.com\/label-templates\/beer\/beer3s.jpg&#038;h=133&#038;w=197\"><\/a><\/div><\/div>\n<p style=\"text-align: center\"><a href=\"http:\/\/www.labeljoy.com\/label-templates\/beer\/beer3.lpa\" class=\"small white tt-button\" target=\"_self\"> Download <\/a>\n<\/div>\n<div class=\"hr hr-dotted\">&nbsp;<\/div>\n<div class=\"one_third\"> <div class=\"img-frame full-fourth\"><div class=\"lightbox-zoom\"><a title=\"Etiquetas de cerveja inglesa\" href=\"http:\/\/www.labeljoy.com\/label-templates\/beer\/beer4b.jpg\" data-gal=\"prettyPhoto[cerveja]\" class=\"hover-item\"><img decoding=\"async\" width=\"197\" height=\"133\" alt=\"Etiquetas de cerveja inglesa\" src=\"https:\/\/www.labeljoy.com\/wp-content\/plugins\/sterling-shortcodes\/\/timthumb\/timthumb.php?src=http:\/\/www.labeljoy.com\/label-templates\/beer\/beer4s.jpg&#038;h=133&#038;w=197\"><\/a><\/div><\/div>\n<p style=\"text-align: center\"><a href=\"http:\/\/www.labeljoy.com\/label-templates\/beer\/beer4.lpa\" class=\"small white tt-button\" target=\"_self\"> Download <\/a>\n<\/div>\n<div class=\"one_third\"> <div class=\"img-frame full-fourth\"><div class=\"lightbox-zoom\"><a title=\"Modelo de etiqueta de cerveja personalizada\" href=\"http:\/\/www.labeljoy.com\/label-templates\/beer\/beer5b.jpg\" data-gal=\"prettyPhoto[cerveja]\" class=\"hover-item\"><img decoding=\"async\" width=\"197\" height=\"133\" alt=\"Modelo de etiqueta de cerveja personalizada\" src=\"https:\/\/www.labeljoy.com\/wp-content\/plugins\/sterling-shortcodes\/\/timthumb\/timthumb.php?src=http:\/\/www.labeljoy.com\/label-templates\/beer\/beer5s.jpg&#038;h=133&#038;w=197\"><\/a><\/div><\/div>\n<p style=\"text-align: center\"><a href=\"http:\/\/www.labeljoy.com\/label-templates\/beer\/beer5.lpa\" class=\"small white tt-button\" target=\"_self\"> Download <\/a>\n<\/div>\n<div class=\"one_third\"> <div class=\"img-frame full-fourth\"><div class=\"lightbox-zoom\"><a title=\"R\u00f3tulo personalizado para a cerveja\" href=\"http:\/\/www.labeljoy.com\/label-templates\/beer\/beer6b.jpg\" data-gal=\"prettyPhoto[cerveja]\" class=\"hover-item\"><img decoding=\"async\" width=\"197\" height=\"133\" alt=\"R\u00f3tulo personalizado para a cerveja\" src=\"https:\/\/www.labeljoy.com\/wp-content\/plugins\/sterling-shortcodes\/\/timthumb\/timthumb.php?src=http:\/\/www.labeljoy.com\/label-templates\/beer\/beer6s.jpg&#038;h=133&#038;w=197\"><\/a><\/div><\/div>\n<p style=\"text-align: center\"><a href=\"http:\/\/www.labeljoy.com\/label-templates\/beer\/beer6.lpa\" class=\"small white tt-button\" target=\"_self\"> Download <\/a>\n<\/div>\n<div class=\"hr hr-dotted\">&nbsp;<\/div>\n<div class=\"one_third\"> <div class=\"img-frame full-fourth\"><div class=\"lightbox-zoom\"><a title=\"R\u00f3tulos para garrafa de cerveja\" href=\"http:\/\/www.labeljoy.com\/label-templates\/beer\/beer7b.jpg\" data-gal=\"prettyPhoto[cerveja]\" class=\"hover-item\"><img decoding=\"async\" width=\"197\" height=\"133\" alt=\"R\u00f3tulos para garrafa de cerveja\" src=\"https:\/\/www.labeljoy.com\/wp-content\/plugins\/sterling-shortcodes\/\/timthumb\/timthumb.php?src=http:\/\/www.labeljoy.com\/label-templates\/beer\/beer7s.jpg&#038;h=133&#038;w=197\"><\/a><\/div><\/div>\n<p style=\"text-align: center\"><a href=\"http:\/\/www.labeljoy.com\/label-templates\/beer\/beer7.lpa\" class=\"small white tt-button\" target=\"_self\"> Download <\/a>\n<\/div>\n<div class=\"one_third\"> <div class=\"img-frame full-fourth\"><div class=\"lightbox-zoom\"><a title=\"etiqueta da cerveja profissional\" href=\"http:\/\/www.labeljoy.com\/label-templates\/beer\/beer8b.jpg\" data-gal=\"prettyPhoto[cerveja]\" class=\"hover-item\"><img decoding=\"async\" width=\"197\" height=\"133\" alt=\"etiqueta da cerveja profissional\" src=\"https:\/\/www.labeljoy.com\/wp-content\/plugins\/sterling-shortcodes\/\/timthumb\/timthumb.php?src=http:\/\/www.labeljoy.com\/label-templates\/beer\/beer8s.jpg&#038;h=133&#038;w=197\"><\/a><\/div><\/div>\n<p style=\"text-align: center\"><a href=\"http:\/\/www.labeljoy.com\/label-templates\/beer\/beer8.lpa\" class=\"small white tt-button\" target=\"_self\"> Download <\/a>\n<\/div>\n<div class=\"one_third\"> <div class=\"img-frame full-fourth\"><div class=\"lightbox-zoom\"><a title=\"etiqueta da cerveja Oval.\" href=\"http:\/\/www.labeljoy.com\/label-templates\/beer\/beer9b.jpg\" data-gal=\"prettyPhoto[cerveja]\" class=\"hover-item\"><img decoding=\"async\" width=\"197\" height=\"133\" alt=\"etiqueta da cerveja Oval.\" src=\"https:\/\/www.labeljoy.com\/wp-content\/plugins\/sterling-shortcodes\/\/timthumb\/timthumb.php?src=http:\/\/www.labeljoy.com\/label-templates\/beer\/beer9s.jpg&#038;h=133&#038;w=197\"><\/a><\/div><\/div>\n<p style=\"text-align: center\"><a href=\"http:\/\/www.labeljoy.com\/label-templates\/beer\/beer9.lpa\" class=\"small white tt-button\" target=\"_self\"> Download <\/a>\n<\/div>\n<div class=\"hr hr-dotted\">&nbsp;<\/div>\n<div class=\"one_third\"> <div class=\"img-frame full-fourth\"><div class=\"lightbox-zoom\"><a title=\"etiqueta da cerveja rodada\" href=\"http:\/\/www.labeljoy.com\/label-templates\/beer\/beer10b.jpg\" data-gal=\"prettyPhoto[cerveja]\" class=\"hover-item\"><img decoding=\"async\" width=\"197\" height=\"133\" alt=\"etiqueta da cerveja rodada\" src=\"https:\/\/www.labeljoy.com\/wp-content\/plugins\/sterling-shortcodes\/\/timthumb\/timthumb.php?src=http:\/\/www.labeljoy.com\/label-templates\/beer\/beer10s.jpg&#038;h=133&#038;w=197\"><\/a><\/div><\/div>\n<p style=\"text-align: center\"><a href=\"http:\/\/www.labeljoy.com\/label-templates\/beer\/beer10.lpa\" class=\"small white tt-button\" target=\"_self\"> Download <\/a>\n<\/div>\n<div class=\"one_third\"> <\/div>\n<div class=\"one_third\"> <\/div>\n<div class=\"hr hr-dotted\">&nbsp;<\/div>\n<div class=\"one_half\">\n<p style=\"text-align: center\"><a href=\"\/pt-pt\/compra\/\" class=\"large blue tt-button\" target=\"\"> Comprar Software <\/a>\n<\/div>\n<div class=\"one_half\">\n<p style=\"text-align: center\"><a class=\"large green tt-button\" href=\"\/pt-pt\/download-pt\/\"> Download Gr\u00e1tis <\/a><\/p>\n<\/div>\n","protected":false},"excerpt":{"rendered":"<p>Modelos de Etiqueta de Cerveja Labeljoy permite criar o seu pr\u00f3prio modelo de etiqueta da cerveja em apenas uns minutos. Criar a sua etiqueta com Labeljoy \u00e9 f\u00e1cil e n\u00e3o requer qualquer conhecimento de design. Fa\u00e7a a sua pr\u00f3pria garrafa de cerveja As etiquetas s\u00e3o a alma de uma empresa, porque a tornam reconhec\u00edvel. \u00c9 &#8230; <a title=\"Etiqueta de Cerveja\" class=\"read-more\" href=\"https:\/\/www.labeljoy.com\/pt-pt\/modelos\/etiqueta-cerveja\/\" aria-label=\"Leia mais sobre Etiqueta de Cerveja\">Read more<\/a><\/p>\n","protected":false},"author":1,"featured_media":0,"parent":3391,"menu_order":0,"comment_status":"open","ping_status":"closed","template":"page-template-left-sidebar.php","meta":{"inline_featured_image":false,"_monsterinsights_skip_tracking":false,"_monsterinsights_sitenote_active":false,"_monsterinsights_sitenote_note":"","_monsterinsights_sitenote_category":0,"footnotes":""},"class_list":{"0":"post-17763","1":"page","2":"type-page","3":"status-publish","5":"infinite-scroll-item"},"aioseo_notices":[],"_links":{"self":[{"href":"https:\/\/www.labeljoy.com\/pt-pt\/wp-json\/wp\/v2\/pages\/17763","targetHints":{"allow":["GET"]}}],"collection":[{"href":"https:\/\/www.labeljoy.com\/pt-pt\/wp-json\/wp\/v2\/pages"}],"about":[{"href":"https:\/\/www.labeljoy.com\/pt-pt\/wp-json\/wp\/v2\/types\/page"}],"author":[{"embeddable":true,"href":"https:\/\/www.labeljoy.com\/pt-pt\/wp-json\/wp\/v2\/users\/1"}],"replies":[{"embeddable":true,"href":"https:\/\/www.labeljoy.com\/pt-pt\/wp-json\/wp\/v2\/comments?post=17763"}],"version-history":[{"count":14,"href":"https:\/\/www.labeljoy.com\/pt-pt\/wp-json\/wp\/v2\/pages\/17763\/revisions"}],"predecessor-version":[{"id":35534,"href":"https:\/\/www.labeljoy.com\/pt-pt\/wp-json\/wp\/v2\/pages\/17763\/revisions\/35534"}],"up":[{"embeddable":true,"href":"https:\/\/www.labeljoy.com\/pt-pt\/wp-json\/wp\/v2\/pages\/3391"}],"wp:attachment":[{"href":"https:\/\/www.labeljoy.com\/pt-pt\/wp-json\/wp\/v2\/media?parent=17763"}],"curies":[{"name":"wp","href":"https:\/\/api.w.org\/{rel}","templated":true}]}}