{"id":17771,"date":"2012-11-20T11:53:39","date_gmt":"2012-11-20T11:53:39","guid":{"rendered":"http:\/\/www.labeljoy.com\/modelos\/address-label\/"},"modified":"2026-03-06T07:20:23","modified_gmt":"2026-03-06T07:20:23","slug":"etiqueta-endereco","status":"publish","type":"page","link":"https:\/\/www.labeljoy.com\/pt-pt\/modelos\/etiqueta-endereco\/","title":{"rendered":"Etiqueta de Endere\u00e7o"},"content":{"rendered":"<h1>Modelo de Etiqueta de Endere\u00e7o<\/h1>\n<h2>Imprimir etiquetas de endere\u00e7o e criar listas personalizadas<\/h2>\n<p>Com Labeljoy voc\u00ea pode <strong>criar etiquetas de endere\u00e7o personalizados<\/strong> para cada tipo de convite e recorr\u00eancia.<\/p>\n<p>Pode <em>transferir o modelo de etiquetas de endere\u00e7o<\/em> e modificar \u00e0 sua escolha, pode editar texto, adicionar imagens, cliparts ou c\u00f3digo de barras.<\/p>\n<p>Com Labeljoy criar etiquetas <strong>com muitos endere\u00e7os<\/strong> \u00e9 muito simples. Labeljoy permite <a title=\"Carregar dados do excel\" href=\"https:\/\/www.labeljoy.com\/pt-pt\/video\/conectar-fontes-de-dados-externas\/\">importar endere\u00e7os de v\u00e1rias bases de dados<\/a>, tais como contactos Outlook ou Contactos SQLite ou ainda a partir de ficheiros externos, tais como Excel e texto. Veja o <a title=\"V\u00eddeo\" href=\"http:\/\/www.labeljoy.com\/pt-pt\/video\/\">video tutorial<\/a> ou leia os nossos Guias \u201c<a title=\"Como fazer\" href=\"http:\/\/www.labeljoy.com\/pt-pt\/suporte\/como-fazer\/\">how to<\/a>\u201d.<\/p>\n<h3>Em poucos minutos voc\u00ea ser\u00e1 capaz de personalizar o seu modelo de etiquetas de endere\u00e7os!<\/h3>\n<p>&nbsp;<\/p>\n<h2>Ver o v\u00eddeo tutorial sobre como importar endere\u00e7os a partir de bases de dados externas<\/h2>\n<p>Este v\u00eddeo tutorial da Labeljoy mostra como vincular os campos de etiqueta a um arquivo de texto.txt externo.<\/p>\n\n<div class=\"youtube-embed\" itemprop=\"video\" itemscope itemtype=\"https:\/\/schema.org\/VideoObject\">\n\t<meta itemprop=\"url\" content=\"https:\/\/www.youtube.com\/v\/D5YwAoH0_OM\" \/>\n\t<meta itemprop=\"name\" content=\"Conectar fontes de dados externas\" \/>\n\t<meta itemprop=\"description\" content=\"Conectar fontes de dados externas\" \/>\n\t<meta itemprop=\"uploadDate\" content=\"2020-06-04T22:07:14+00:00\" \/>\n\t<meta itemprop=\"thumbnailUrl\" content=\"https:\/\/i.ytimg.com\/vi\/D5YwAoH0_OM\/default.jpg\" \/>\n\t<meta itemprop=\"embedUrl\" content=\"https:\/\/www.youtube.com\/embed\/D5YwAoH0_OM\" \/>\n\t<meta itemprop=\"height\" content=\"385\" \/>\n\t<meta itemprop=\"width\" content=\"640\" \/>\n\t<iframe style=\"border: 0;\" class=\"youtube-player\" width=\"640\" height=\"385\" src=\"https:\/\/www.youtube.com\/embed\/D5YwAoH0_OM?modestbranding=1&fs=0&rel=0&loop=1&color=white&playlist=D5YwAoH0_OM\"><\/iframe>\n<\/div>\n\n<div class=\"one_third\"> <div class=\"img-frame full-fourth\"><div class=\"lightbox-zoom\"><a title=\"Etiquetas de endere\u00e7o de flores\" href=\"http:\/\/www.labeljoy.com\/label-templates\/address\/address1b.jpg\" data-gal=\"prettyPhoto[endereco]\" class=\"hover-item\"><img decoding=\"async\" width=\"197\" height=\"133\" alt=\"Etiquetas de endere\u00e7o de flores\" src=\"https:\/\/www.labeljoy.com\/wp-content\/plugins\/sterling-shortcodes\/\/timthumb\/timthumb.php?src=http:\/\/www.labeljoy.com\/label-templates\/address\/address1s.jpg&#038;h=133&#038;w=197\"><\/a><\/div><\/div>\n<p style=\"text-align: center;\"><a href=\"http:\/\/www.labeljoy.com\/label-templates\/address\/address1.lpa\" class=\"small white tt-button\" target=\"_self\"> Download <\/a>\n<\/div>\n<div class=\"one_third\"> <div class=\"img-frame full-fourth\"><div class=\"lightbox-zoom\"><a title=\"Etiquetas de endere\u00e7o c\u00edrculares\" href=\"http:\/\/www.labeljoy.com\/label-templates\/address\/address2b.jpg\" data-gal=\"prettyPhoto[endereco]\" class=\"hover-item\"><img decoding=\"async\" width=\"197\" height=\"133\" alt=\"Etiquetas de endere\u00e7o c\u00edrculares\" src=\"https:\/\/www.labeljoy.com\/wp-content\/plugins\/sterling-shortcodes\/\/timthumb\/timthumb.php?src=http:\/\/www.labeljoy.com\/label-templates\/address\/address2s.jpg&#038;h=133&#038;w=197\"><\/a><\/div><\/div>\n<p style=\"text-align: center;\"><a href=\"http:\/\/www.labeljoy.com\/label-templates\/address\/address2.lpa\" class=\"small white tt-button\" target=\"_self\"> Download <\/a>\n<\/div>\n<div class=\"one_third\"> <div class=\"img-frame full-fourth\"><div class=\"lightbox-zoom\"><a title=\"Etiquetas de endere\u00e7o simples\" href=\"http:\/\/www.labeljoy.com\/label-templates\/address\/address3b.jpg\" data-gal=\"prettyPhoto[endereco]\" class=\"hover-item\"><img decoding=\"async\" width=\"197\" height=\"133\" alt=\"Etiquetas de endere\u00e7o simples\" src=\"https:\/\/www.labeljoy.com\/wp-content\/plugins\/sterling-shortcodes\/\/timthumb\/timthumb.php?src=http:\/\/www.labeljoy.com\/label-templates\/address\/address3s.jpg&#038;h=133&#038;w=197\"><\/a><\/div><\/div>\n<p style=\"text-align: center;\"><a href=\"http:\/\/www.labeljoy.com\/label-templates\/address\/address3.lpa\" class=\"small white tt-button\" target=\"_self\"> Download <\/a>\n<\/div>\n<div class=\"hr hr-dotted\">&nbsp;<\/div>\n<div class=\"one_third\"> <div class=\"img-frame full-fourth\"><div class=\"lightbox-zoom\"><a title=\"Etiquetas De - Para para escrever endere\u00e7os\" href=\"http:\/\/www.labeljoy.com\/label-templates\/address\/address4b.jpg\" data-gal=\"prettyPhoto[endereco]\" class=\"hover-item\"><img decoding=\"async\" width=\"197\" height=\"133\" alt=\"Etiquetas De - Para para escrever endere\u00e7os\" src=\"https:\/\/www.labeljoy.com\/wp-content\/plugins\/sterling-shortcodes\/\/timthumb\/timthumb.php?src=http:\/\/www.labeljoy.com\/label-templates\/address\/address4s.jpg&#038;h=133&#038;w=197\"><\/a><\/div><\/div>\n<p style=\"text-align: center;\"><a href=\"http:\/\/www.labeljoy.com\/label-templates\/address\/address4.lpa\" class=\"small white tt-button\" target=\"_self\"> Download <\/a>\n<\/div>\n<div class=\"one_third\"> <div class=\"img-frame full-fourth\"><div class=\"lightbox-zoom\"><a title=\"Etiquetas de endere\u00e7os para envelopes\" href=\"http:\/\/www.labeljoy.com\/label-templates\/address\/address5b.jpg\" data-gal=\"prettyPhoto[endereco]\" class=\"hover-item\"><img decoding=\"async\" width=\"197\" height=\"133\" alt=\"Etiquetas de endere\u00e7os para envelopes\" src=\"https:\/\/www.labeljoy.com\/wp-content\/plugins\/sterling-shortcodes\/\/timthumb\/timthumb.php?src=http:\/\/www.labeljoy.com\/label-templates\/address\/address5s.jpg&#038;h=133&#038;w=197\"><\/a><\/div><\/div>\n<p style=\"text-align: center;\"><a href=\"http:\/\/www.labeljoy.com\/label-templates\/address\/address5.lpa\" class=\"small white tt-button\" target=\"_self\"> Download <\/a>\n<\/div>\n<div class=\"one_third\">\n<\/div>\n<div class=\"hr hr-dotted\">&nbsp;<\/div>\n<div class=\"one_half\">\n<p style=\"text-align: center;\"><a href=\"\/pt-pt\/compra\/\" class=\"large blue tt-button\" target=\"\"> Comprar Software <\/a>\n<\/div>\n<div class=\"one_half\">\n<p style=\"text-align: center;\"><a class=\"large green tt-button\" href=\"https:\/\/www.labeljoy.com\/pt-pt\/download-pt\/\"> Download Gr\u00e1tis <\/a><\/p>\n<\/div>\n","protected":false},"excerpt":{"rendered":"<p>Modelo de Etiqueta de Endere\u00e7o Imprimir etiquetas de endere\u00e7o e criar listas personalizadas Com Labeljoy voc\u00ea pode criar etiquetas de endere\u00e7o personalizados para cada tipo de convite e recorr\u00eancia. Pode transferir o modelo de etiquetas de endere\u00e7o e modificar \u00e0 sua escolha, pode editar texto, adicionar imagens, cliparts ou c\u00f3digo de barras. Com Labeljoy criar &#8230; <a title=\"Etiqueta de Endere\u00e7o\" class=\"read-more\" href=\"https:\/\/www.labeljoy.com\/pt-pt\/modelos\/etiqueta-endereco\/\" aria-label=\"Leia mais sobre Etiqueta de Endere\u00e7o\">Read more<\/a><\/p>\n","protected":false},"author":1,"featured_media":0,"parent":3391,"menu_order":0,"comment_status":"closed","ping_status":"closed","template":"","meta":{"inline_featured_image":false,"_monsterinsights_skip_tracking":false,"_monsterinsights_sitenote_active":false,"_monsterinsights_sitenote_note":"","_monsterinsights_sitenote_category":0,"footnotes":""},"class_list":{"0":"post-17771","1":"page","2":"type-page","3":"status-publish","5":"infinite-scroll-item"},"aioseo_notices":[],"_links":{"self":[{"href":"https:\/\/www.labeljoy.com\/pt-pt\/wp-json\/wp\/v2\/pages\/17771","targetHints":{"allow":["GET"]}}],"collection":[{"href":"https:\/\/www.labeljoy.com\/pt-pt\/wp-json\/wp\/v2\/pages"}],"about":[{"href":"https:\/\/www.labeljoy.com\/pt-pt\/wp-json\/wp\/v2\/types\/page"}],"author":[{"embeddable":true,"href":"https:\/\/www.labeljoy.com\/pt-pt\/wp-json\/wp\/v2\/users\/1"}],"replies":[{"embeddable":true,"href":"https:\/\/www.labeljoy.com\/pt-pt\/wp-json\/wp\/v2\/comments?post=17771"}],"version-history":[{"count":18,"href":"https:\/\/www.labeljoy.com\/pt-pt\/wp-json\/wp\/v2\/pages\/17771\/revisions"}],"predecessor-version":[{"id":45133,"href":"https:\/\/www.labeljoy.com\/pt-pt\/wp-json\/wp\/v2\/pages\/17771\/revisions\/45133"}],"up":[{"embeddable":true,"href":"https:\/\/www.labeljoy.com\/pt-pt\/wp-json\/wp\/v2\/pages\/3391"}],"wp:attachment":[{"href":"https:\/\/www.labeljoy.com\/pt-pt\/wp-json\/wp\/v2\/media?parent=17771"}],"curies":[{"name":"wp","href":"https:\/\/api.w.org\/{rel}","templated":true}]}}