{"id":17784,"date":"2013-05-22T13:43:43","date_gmt":"2013-05-22T13:43:43","guid":{"rendered":"http:\/\/www.labeljoy.com\/suporte\/guia-codigo-de-barras\/code-128\/"},"modified":"2023-03-13T08:33:32","modified_gmt":"2023-03-13T08:33:32","slug":"code-128-pt","status":"publish","type":"page","link":"https:\/\/www.labeljoy.com\/pt-pt\/suporte\/guia-codigo-de-barras\/code-128-pt\/","title":{"rendered":"Code 128"},"content":{"rendered":"<h1>Gerador Code 128<\/h1>\n<blockquote><p>O <strong>Code 128<\/strong> \u00e9 um c\u00f3digo de barras linear utilizado para codificar informa\u00e7\u00e3o alfanum\u00e9rica. \u00c9 <strong>um dos c\u00f3digos de barras mais populares<\/strong> e \u00e9 utilizado numa vasta gama de aplica\u00e7\u00f5es, tais como gest\u00e3o de invent\u00e1rio, expedi\u00e7\u00e3o, rastreio de produtos, fabrico, e gest\u00e3o de documentos.<\/p><\/blockquote>\n<p>Code 128 \u00e9 assim chamado porque utiliza 128 caracteres ASCII (American Standard Code for Information Interchange) para codificar dados. Esses caracteres s\u00e3o representados por sete bits, o que significa que existem 128 combina\u00e7\u00f5es poss\u00edveis de bits, de 0000000 a 1111111. O c\u00f3digo utiliza um sistema de codifica\u00e7\u00e3o de barras para representar esses dados de forma visual.<\/p>\n<p>O sistema de codifica\u00e7\u00e3o de barras do <strong>Code 128<\/strong> utiliza tr\u00eas s\u00edmbolos de barra diferentes (um largo, um estreito e um intermedi\u00e1rio) para representar cada caractere ASCII. Tamb\u00e9m existem s\u00edmbolos de in\u00edcio e fim que indicam o in\u00edcio e o fim do <strong>c\u00f3digo de barras<\/strong>. No geral, o sistema de codifica\u00e7\u00e3o de barras do Code 128 pode representar todos os 128 caracteres ASCII, bem como caracteres especiais e de controle.<\/p>\n<p>Uma das caracter\u00edsticas distintivas do <strong>Code 128<\/strong> \u00e9 que pode ser utilizado para codificar tanto dados num\u00e9ricos como alfanum\u00e9ricos, incluindo caracteres de controlo, tais como checksums. Al\u00e9m disso, o Code 128 suporta a compress\u00e3o de dados, o que significa que o c\u00f3digo de barras pode ser mais curto do que outros c\u00f3digos de barras semelhantes.<\/p>\n<p>O <strong>Code 128<\/strong> foi introduzido nos anos 80 e rapidamente se tornou uma norma para muitas ind\u00fastrias devido \u00e0 sua flexibilidade e capacidade de codificar uma vasta gama de informa\u00e7\u00e3o. Hoje em dia \u00e9 amplamente utilizado em todo o mundo e \u00e9 suportado pela maioria dos leitores de c\u00f3digos de barras e software de gest\u00e3o de invent\u00e1rio.<\/p>\n<p>Code 128 \u00e9 usado como uma simbologia base para gerar s\u00edmbolos de c\u00f3digos de barra <a href=\"http:\/\/www.labeljoy.com\/pt-pt\/suporte\/guia-codigo-de-barras\/ean-128-pt\/\" title=\"Ean 128\">EAN-128<\/a> e <a href=\"http:\/\/www.labeljoy.com\/pt-pt\/suporte\/como-fazer\/gerar-codigos-de-barras-gs1-128\/\" title=\"Gerar c\u00f3digos de barras GS1-128\">GS1-128<\/a>.<br \/>\n<img decoding=\"async\" class=\"aligncenter\" alt=\"Code128 example\" src=\"http:\/\/www.labeljoy.com\/images\/barcodes\/code128_example.gif\" width=\"416\" height=\"330\"><\/p>\n<h2>S\u00edmbolo Code 128<\/h2>\n<p>Labeljoy permite inserir texto alfanum\u00e9rico at\u00e9 48 caracteres para gerar o c\u00f3digo de barras. Introduza o texto na caixa de texto.<br \/>\nO texto leg\u00edvel pode ser mostrado por baixo do s\u00edmbolo, acima ou oculto de acordo com a configura\u00e7\u00e3o especificada na caixa de combina\u00e7\u00e3o de texto.<\/p>\n<div class=\"tt-notification tip\"><p style=\"font-size:12px;\"> Encadeamento de texto:<br \/>\nQuando um <strong>elemento de c\u00f3digo de barra code 128<\/strong> \u00e9 gerado por encadear campos ou contadores, aplicam-se as seguintes regras:<\/p>\n<ul class=\"barcode-ul\">\n<li>O comprimento do texto n\u00e3o deve exceder 48 caracteres.<\/li>\n<\/ul>\n<p>Quando um valor que n\u00e3o cumpra as regras acima for encontrado, o c\u00f3digo de barras n\u00e3o \u00e9 exibido.<br \/>\n<\/p><\/div>\n<figure style=\"width: 343px\" class=\"wp-caption aligncenter\"><img decoding=\"async\" alt=\"texto Code 128 abaixo do s\u00edmbolo\" src=\"http:\/\/www.labeljoy.com\/images\/barcodes\/code128_text_below.png\" width=\"353\" height=\"101\"><figcaption class=\"wp-caption-text\">texto Code 128 abaixo do s\u00edmbolo<\/figcaption><\/figure>\n<figure style=\"width: 343px\" class=\"wp-caption aligncenter\"><img decoding=\"async\" alt=\"Code 128 com texto acima do s\u00edmbolo\" src=\"http:\/\/www.labeljoy.com\/images\/barcodes\/code128_text_above.png\" width=\"353\" height=\"101\"><figcaption class=\"wp-caption-text\">Code 128 com texto acima do s\u00edmbolo<\/figcaption><\/figure>\n<figure style=\"width: 343px\" class=\"wp-caption aligncenter\"><img decoding=\"async\" alt=\"Code 128 com texto oculto\" src=\"http:\/\/www.labeljoy.com\/images\/barcodes\/code128_hidden_text.png\" width=\"353\" height=\"105\"><figcaption class=\"wp-caption-text\">Code 128 com texto oculto<\/figcaption><\/figure>\n<div class=\"hr hr-dotted\">&nbsp;<\/div>\n<div class=\"one_half\">\n<p style=\"text-align: center\"><a href=\"\/pt-pt\/compra\/\" class=\"large blue tt-button\" target=\"_self\">Comprar software gerador de Code 128<\/a>\n<\/div>\n<div class=\"one_half\">\n<p style=\"text-align: center\"><a href=\"\/pt-pt\/download-pt\/\" class=\"large green tt-button\" target=\"_self\"> Download vers\u00e3o gratuita <\/a>\n<\/div>\n","protected":false},"excerpt":{"rendered":"<p>Gerador Code 128 O Code 128 \u00e9 um c\u00f3digo de barras linear utilizado para codificar informa\u00e7\u00e3o alfanum\u00e9rica. \u00c9 um dos c\u00f3digos de barras mais populares e \u00e9 utilizado numa vasta gama de aplica\u00e7\u00f5es, tais como gest\u00e3o de invent\u00e1rio, expedi\u00e7\u00e3o, rastreio de produtos, fabrico, e gest\u00e3o de documentos. Code 128 \u00e9 assim chamado porque utiliza 128 &#8230; <a title=\"Code 128\" class=\"read-more\" href=\"https:\/\/www.labeljoy.com\/pt-pt\/suporte\/guia-codigo-de-barras\/code-128-pt\/\" aria-label=\"Leia mais sobre Code 128\">Read more<\/a><\/p>\n","protected":false},"author":1,"featured_media":0,"parent":3371,"menu_order":0,"comment_status":"open","ping_status":"closed","template":"","meta":{"inline_featured_image":false,"_monsterinsights_skip_tracking":false,"_monsterinsights_sitenote_active":false,"_monsterinsights_sitenote_note":"","_monsterinsights_sitenote_category":0,"footnotes":""},"class_list":{"0":"post-17784","1":"page","2":"type-page","3":"status-publish","5":"infinite-scroll-item"},"aioseo_notices":[],"_links":{"self":[{"href":"https:\/\/www.labeljoy.com\/pt-pt\/wp-json\/wp\/v2\/pages\/17784","targetHints":{"allow":["GET"]}}],"collection":[{"href":"https:\/\/www.labeljoy.com\/pt-pt\/wp-json\/wp\/v2\/pages"}],"about":[{"href":"https:\/\/www.labeljoy.com\/pt-pt\/wp-json\/wp\/v2\/types\/page"}],"author":[{"embeddable":true,"href":"https:\/\/www.labeljoy.com\/pt-pt\/wp-json\/wp\/v2\/users\/1"}],"replies":[{"embeddable":true,"href":"https:\/\/www.labeljoy.com\/pt-pt\/wp-json\/wp\/v2\/comments?post=17784"}],"version-history":[{"count":5,"href":"https:\/\/www.labeljoy.com\/pt-pt\/wp-json\/wp\/v2\/pages\/17784\/revisions"}],"predecessor-version":[{"id":39684,"href":"https:\/\/www.labeljoy.com\/pt-pt\/wp-json\/wp\/v2\/pages\/17784\/revisions\/39684"}],"up":[{"embeddable":true,"href":"https:\/\/www.labeljoy.com\/pt-pt\/wp-json\/wp\/v2\/pages\/3371"}],"wp:attachment":[{"href":"https:\/\/www.labeljoy.com\/pt-pt\/wp-json\/wp\/v2\/media?parent=17784"}],"curies":[{"name":"wp","href":"https:\/\/api.w.org\/{rel}","templated":true}]}}