{"id":17787,"date":"2013-05-22T13:44:57","date_gmt":"2013-05-22T13:44:57","guid":{"rendered":"http:\/\/www.labeljoy.com\/suporte\/guia-codigo-de-barras\/ean-13\/"},"modified":"2024-12-18T09:04:12","modified_gmt":"2024-12-18T09:04:12","slug":"ean-13-pt","status":"publish","type":"page","link":"https:\/\/www.labeljoy.com\/pt-pt\/suporte\/guia-codigo-de-barras\/ean-13-pt\/","title":{"rendered":"EAN 13"},"content":{"rendered":"<h1>Gerador de c\u00f3digo de barras EAN 13<\/h1>\n<blockquote><p>O c\u00f3digo <strong>EAN 13 &#8211; GTIN-13<\/strong> \u00e9 utilizado principalmente na grande distribui\u00e7\u00e3o, onde \u00e9 necess\u00e1rio um processo de normaliza\u00e7\u00e3o internacional para o reconhecimento e registo dos produtos, sobretudo devido ao grande n\u00famero de artigos \u00e0 venda.<\/p><\/blockquote>\n<p>A embalagem ou produto leva o N\u00famero Europeu de Artigo (EAN) ou GTIN (Global Trade Item Number), que \u00e9 convertido em <strong>c\u00f3digo de barras<\/strong> atrav\u00e9s de um processo de codifica\u00e7\u00e3o.<\/p>\n<p>O c\u00f3digo de barras EAN 13 tem 13 d\u00edgitos. Para produtos mais pequenos, existe uma vers\u00e3o mais compacta com 8 d\u00edgitos, o <a title=\"C\u00f3digo de Barras EAN 8\" href=\"https:\/\/www.labeljoy.com\/pt-pt\/suporte\/guia-codigo-de-barras\/ean-8-pt\/\"><strong>EAN 8<\/strong><\/a>.<\/p>\n<p>Estrutura:<\/p>\n<ul>\n<li><span style=\"font-weight: 400;\">Os tr\u00eas primeiros d\u00edgitos do c\u00f3digo <strong>GTIN-13<\/strong> (<strong>EAN-13<\/strong>) indicam o pa\u00eds de origem ou de fabrico do produto (prefixo do pa\u00eds). Por exemplo, os d\u00edgitos 789-790 correspondem ao Brasil e 560 a Portugal.<\/span><\/li>\n<li><span style=\"font-weight: 400;\">Os seis d\u00edgitos seguintes indicam o c\u00f3digo da empresa; este c\u00f3digo \u00e9 atribu\u00eddo pela organiza\u00e7\u00e3o internacional GS1.<\/span><\/li>\n<li><span style=\"font-weight: 400;\">Os tr\u00eas d\u00edgitos sucessivos est\u00e3o dispon\u00edveis para a identifica\u00e7\u00e3o do artigo e classificam um dos produtos da empresa. Este n\u00famero \u00e9 atribu\u00eddo direta e livremente pelo fabricante. A formata\u00e7\u00e3o vai de 000-001&#8230; a 999.<\/span><\/li>\n<li>O \u00faltimo d\u00edgito \u00e9 o d\u00edgito de controlo que \u00e9 calculado por <strong>Labeljoy<\/strong> baseado em um algoritmo matem\u00e1tico.<\/li>\n<\/ul>\n<h2 style=\"margin-top: 1.5em;\">Como gerar o s\u00edmbolo EAN 13<\/h2>\n<figure style=\"width: 185px\" class=\"wp-caption alignleft\"><img decoding=\"async\" src=\"http:\/\/www.labeljoy.com\/images\/barcodes\/ean13_barcode.png\" alt=\"S\u00edmbolo EAN-13\" width=\"195\" height=\"148\" \/><figcaption class=\"wp-caption-text\">S\u00edmbolo EAN-13<\/figcaption><\/figure>\n<p>Labeljoy requer que introduza <strong>12 d\u00edgitos para gerar o c\u00f3digo de barras<\/strong>.<br \/>\nInsira os 12 d\u00edgitos na caixa de texto e clique em \u201cPr\u00e9-visualizar\u201d para saber se a codifica\u00e7\u00e3o do EAN 13 est\u00e1 correcta.<\/p>\n<p>O 13\u00ba d\u00edgito (ou d\u00edgito de verifica\u00e7\u00e3o) \u00e9 <strong>calculado automaticamente<\/strong>.<\/p>\n<div class=\"column-clear\"><\/div>\n<h3>Especifica\u00e7\u00e3o EAN 13<\/h3>\n<p>C\u00f3digos de Barra EAN-13 criados com Labeljoy podem tamb\u00e9m codificar 2 ou 5 d\u00edgitos adicionais. Insira os d\u00edgitos adicionais na caixa de texto correcta.<\/p>\n<div class=\"one_half\">\n<figure style=\"width: 244px\" class=\"wp-caption aligncenter\"><img decoding=\"async\" src=\"http:\/\/www.labeljoy.com\/images\/barcodes\/ean13_2-digit.png\" alt=\"EAN-13 com um add-on de 2-d\u00edgitos\" width=\"254\" height=\"148\" \/><figcaption class=\"wp-caption-text\">EAN-13 com um add-on de 2-d\u00edgitos<\/figcaption><\/figure>\n<\/div>\n<div class=\"one_half\">\n<figure style=\"width: 296px\" class=\"wp-caption aligncenter\"><img decoding=\"async\" src=\"http:\/\/www.labeljoy.com\/images\/barcodes\/ean-13_5-digit.png\" alt=\"EAN-13 com um add-on de 5-d\u00edgitos\" width=\"306\" height=\"148\" \/><figcaption class=\"wp-caption-text\">EAN-13 com um add-on de 5-d\u00edgitos<\/figcaption><\/figure>\n<\/div>\n<div class=\"column-clear\"><\/div>\n<div class=\"tt-notification tip\"><p style=\"font-size:12px;\">Encadeamento de texto:<br \/>\nQuando um <strong>elemento de c\u00f3digo de barra EAN-13<\/strong> \u00e9 gerado por encadear campos ou contadores, aplicam-se as seguintes regras:<\/p>\n<ul class=\"barcode-ul\">\n<li>Para o c\u00f3digo de barras principal, apenas os 12 primeiros d\u00edgitos ser\u00e3o considerados.<\/li>\n<li>Para o add-on, um h\u00edfen (-) \u00e9 necess\u00e1rio seguido de 2 ou 5 d\u00edgitos.<\/li>\n<\/ul>\n<p>Quando um valor que n\u00e3o cumpra as regras acima for encontrado, o c\u00f3digo de barras n\u00e3o \u00e9 exibido.<br \/>\n<\/p><\/div>\n<p>O texto leg\u00edvel pode ser mostrado acima do s\u00edmbolo ou oculto de acordo com a configura\u00e7\u00e3o especificada na caixa de combina\u00e7\u00e3o de texto.<\/p>\n<div class=\"one_half\">\n<figure style=\"width: 185px\" class=\"wp-caption aligncenter\"><img decoding=\"async\" src=\"http:\/\/www.labeljoy.com\/images\/barcodes\/ean-13_code.png\" alt=\"EAN-13 com texto acima do s\u00edmbolo\" width=\"195\" height=\"148\" \/><figcaption class=\"wp-caption-text\">EAN-13 com texto acima do s\u00edmbolo<\/figcaption><\/figure>\n<\/div>\n<div class=\"one_half\">\n<figure style=\"width: 172px\" class=\"wp-caption aligncenter\"><img decoding=\"async\" src=\"http:\/\/www.labeljoy.com\/images\/barcodes\/ean13_hidden-text.png\" alt=\"EAN-13 com texto oculto\" width=\"182\" height=\"151\" \/><figcaption class=\"wp-caption-text\">EAN-13 com texto oculto<\/figcaption><\/figure>\n<\/div>\n<p><strong>ISBN-13<\/strong> barcodes are generated using the EAN-13 symbology and are tipically shown with an additional text over the top side, which displays the ISBN prefix (978 or 979) and the code assigned by the local authority.<\/p>\n<table border=\"0\" width=\"100%\" cellspacing=\"2\" cellpadding=\"2\">\n<tbody>\n<tr>\n<td class=\"images\" width=\"20%\"><img decoding=\"async\" width=\"220\" height=\"174\" src=\"\/user-guide-lj6-files\/en\/bcd_ean13_6.png\" alt=\"\" \/><\/td>\n<td width=\"80%\">\n<p class=\"body\">See <a href=\"\/pt-pt\/suporte\/como-fazer\/gerar-codigos-de-barras-isbn\/\">Generate ISBN barcodes<\/a> for more information.<\/p>\n<\/td>\n<\/tr>\n<tr class=\"images\">\n<td class=\"images\" align=\"left\" valign=\"middle\">ISBN-13 symbol<\/td>\n<\/tr>\n<\/tbody>\n<\/table>\n<div class=\"hr hr-dotted\">&nbsp;<\/div>\n<div class=\"one_half\">\n<p style=\"text-align: center;\"><a href=\"\/pt-pt\/compra\/\" class=\"large blue tt-button\" target=\"_self\">Comprar software gerador de EAN 13<\/a>\n<\/div>\n<div class=\"one_half\">\n<p style=\"text-align: center;\"><a href=\"\/pt-pt\/download-pt\/\" class=\"large green tt-button\" target=\"_self\"> Download vers\u00e3o gratuita <\/a>\n<\/div>\n","protected":false},"excerpt":{"rendered":"<p>Gerador de c\u00f3digo de barras EAN 13 O c\u00f3digo EAN 13 &#8211; GTIN-13 \u00e9 utilizado principalmente na grande distribui\u00e7\u00e3o, onde \u00e9 necess\u00e1rio um processo de normaliza\u00e7\u00e3o internacional para o reconhecimento e registo dos produtos, sobretudo devido ao grande n\u00famero de artigos \u00e0 venda. A embalagem ou produto leva o N\u00famero Europeu de Artigo (EAN) ou &#8230; <a title=\"EAN 13\" class=\"read-more\" href=\"https:\/\/www.labeljoy.com\/pt-pt\/suporte\/guia-codigo-de-barras\/ean-13-pt\/\" aria-label=\"Leia mais sobre EAN 13\">Read more<\/a><\/p>\n","protected":false},"author":1,"featured_media":0,"parent":3371,"menu_order":0,"comment_status":"closed","ping_status":"closed","template":"","meta":{"inline_featured_image":false,"_monsterinsights_skip_tracking":false,"_monsterinsights_sitenote_active":false,"_monsterinsights_sitenote_note":"","_monsterinsights_sitenote_category":0,"footnotes":""},"class_list":{"0":"post-17787","1":"page","2":"type-page","3":"status-publish","5":"infinite-scroll-item"},"aioseo_notices":[],"_links":{"self":[{"href":"https:\/\/www.labeljoy.com\/pt-pt\/wp-json\/wp\/v2\/pages\/17787","targetHints":{"allow":["GET"]}}],"collection":[{"href":"https:\/\/www.labeljoy.com\/pt-pt\/wp-json\/wp\/v2\/pages"}],"about":[{"href":"https:\/\/www.labeljoy.com\/pt-pt\/wp-json\/wp\/v2\/types\/page"}],"author":[{"embeddable":true,"href":"https:\/\/www.labeljoy.com\/pt-pt\/wp-json\/wp\/v2\/users\/1"}],"replies":[{"embeddable":true,"href":"https:\/\/www.labeljoy.com\/pt-pt\/wp-json\/wp\/v2\/comments?post=17787"}],"version-history":[{"count":8,"href":"https:\/\/www.labeljoy.com\/pt-pt\/wp-json\/wp\/v2\/pages\/17787\/revisions"}],"predecessor-version":[{"id":42654,"href":"https:\/\/www.labeljoy.com\/pt-pt\/wp-json\/wp\/v2\/pages\/17787\/revisions\/42654"}],"up":[{"embeddable":true,"href":"https:\/\/www.labeljoy.com\/pt-pt\/wp-json\/wp\/v2\/pages\/3371"}],"wp:attachment":[{"href":"https:\/\/www.labeljoy.com\/pt-pt\/wp-json\/wp\/v2\/media?parent=17787"}],"curies":[{"name":"wp","href":"https:\/\/api.w.org\/{rel}","templated":true}]}}