{"id":17791,"date":"2013-05-22T13:45:51","date_gmt":"2013-05-22T13:45:51","guid":{"rendered":"http:\/\/www.labeljoy.com\/suporte\/guia-codigo-de-barras\/ean-8\/"},"modified":"2022-06-23T12:04:44","modified_gmt":"2022-06-23T12:04:44","slug":"ean-8-pt","status":"publish","type":"page","link":"https:\/\/www.labeljoy.com\/pt-pt\/suporte\/guia-codigo-de-barras\/ean-8-pt\/","title":{"rendered":"EAN 8"},"content":{"rendered":"<h1>Gerador de C\u00f3digo de Barras EAN 8<\/h1>\n<p>Um EAN-8 \u00e9 um c\u00f3digo de barras composto de 8 d\u00edgitos, derivado do c\u00f3digo maior European Article Number (<a href=\"http:\/\/www.labeljoy.com\/pt-pt\/suporte\/guia-codigo-de-barras\/ean-13-pt\/\" title=\"EAN 13\">EAN-13<\/a>).<br \/>\n<strong>Labeljoy \u00e9 \u00fatil para <a href=\"https:\/\/www.labeljoy.com\/gerador-de-codigos-de-barras-online\/\" title=\"Gerador de c\u00f3digos de barras online\">gerar c\u00f3digos de barras ean 8<\/a><\/strong>, que ocupam pouco espa\u00e7o, isto permite imprimir pequenas etiquetas para produtos com superf\u00edcies reduzidas, tais como: cigarros, l\u00e1pis, e embalagens de pastilhas el\u00e1sticas.<\/p>\n<p>\u00c9 composto por:<\/p>\n<ul>\n<li>2- ou 3-d\u00edgitos prefixos GS1 (que \u00e9 atribu\u00eddo a cada autoridade nacional GS1).<\/li>\n<li>5- ou 4-d\u00edgitos elemento de refer\u00eancia do item, dependendo do comprimento do prefixo GS1.<\/li>\n<li>Verifica\u00e7\u00e3o do d\u00edgito.<\/li>\n<\/ul>\n<p>Estes s\u00e3o formatados como 0xxx xxxx ou 2xxx xxxx.<\/p>\n<figure style=\"width: 119px\" class=\"wp-caption alignleft\"><img decoding=\"async\" alt=\"S\u00edmbolo EAN-8\" src=\"http:\/\/www.labeljoy.com\/images\/barcodes\/ean8_symbol.png\" width=\"129\" height=\"148\"><figcaption class=\"wp-caption-text\">S\u00edmbolo EAN-8<\/figcaption><\/figure>\n<h2>Como gerar C\u00f3digos de Barras EAN 8<\/h2>\n<p>O gerador de c\u00f3digo de barras EAN 8 Labeljoy requer que introduza 7 d\u00edgitos <em>para gerar o c\u00f3digo de barras EAN-8<\/em>.<br \/>\nIntroduza os 7 d\u00edgitos na caixa de texto e clique em Pr\u00e9-visualizar: o Labeljoy vai mostrar-lhe se a codifica\u00e7\u00e3o para o c\u00f3digo Ean-8 est\u00e1 correcta.<br \/>\nO 8\u00ba d\u00edgiro (ou d\u00edgito de verifica\u00e7\u00e3o) \u00e9 calculado automaticamente.<\/p>\n<div class=\"column-clear\"><\/div>\n<h3>Simbologia CODE 8 no Labeljoy<\/h3>\n<p><strong>C\u00f3digos de barra EAN-8 podem tamb\u00e9m codificar 2 ou 5 d\u00edgitos adicionais. <\/strong>. Insira os d\u00edgitos adicionais na caixa de texto correcta.<br \/>\n<div class=\"one_half\">\n<figure style=\"width: 177px\" class=\"wp-caption aligncenter\"><img decoding=\"async\" alt=\"EAN-8 com um add-on de 2-d\u00edgitos\" src=\"http:\/\/www.labeljoy.com\/images\/barcodes\/ean8_2_digit.png\" width=\"187\" height=\"148\"><figcaption class=\"wp-caption-text\">EAN-8 com um add-on de 2-d\u00edgitos<\/figcaption><\/figure>\n<\/div>\n<div class=\"one_half\">\n<figure style=\"width: 177px\" class=\"wp-caption aligncenter\"><img decoding=\"async\" width=\"240\" height=\"148\" alt=\"EAN-8 com um add-on de 5-d\u00edgitos\" src=\"http:\/\/www.labeljoy.com\/images\/barcodes\/ean8_5_digit.png\"><figcaption class=\"wp-caption-text\">EAN-8 com um add-on de 5-d\u00edgitos<\/figcaption><\/figure>\n<\/div>\n<div class=\"tt-notification tip\"><p style=\"font-size:12px;\">Encadeamento de texto:<br \/>\nQuando um <strong>elemento de c\u00f3digo de barra EAN-8<\/strong> \u00e9 gerado por encadear campos ou contadores, aplicam-se as seguintes regras:<\/p>\n<ul class=\"barcode-ul\">\n<li>Para o c\u00f3digo de barras principal, apenas os 7 primeiros d\u00edgitos ser\u00e3o considerados.<\/li>\n<li>Para o add-on, um h\u00edfen (-) \u00e9 necess\u00e1rio seguido de 2 ou 5 d\u00edgitos.<\/li>\n<\/ul>\n<p>Quando um valor que n\u00e3o cumpra as regras acima for encontrado, o c\u00f3digo de barras n\u00e3o \u00e9 exibido.<br \/>\n<\/p><\/div>\nO texto leg\u00edvel pode ser mostrado acima do s\u00edmbolo ou oculto de acordo com a configura\u00e7\u00e3o especificada na caixa de combina\u00e7\u00e3o de texto.<br \/>\n<div class=\"one_half\">\n<figure style=\"width: 119px\" class=\"wp-caption aligncenter\"><img decoding=\"async\" alt=\"EAN-8 com texto acima do s\u00edmbolo\" src=\"http:\/\/www.labeljoy.com\/images\/barcodes\/ean8_text_above.png\" width=\"129\" height=\"148\"><figcaption class=\"wp-caption-text\">EAN-8 com texto acima do s\u00edmbolo<\/figcaption><\/figure>\n<\/div>\n<div class=\"one_half\">\n<figure style=\"width: 119px\" class=\"wp-caption aligncenter\"><img decoding=\"async\" alt=\"EAN-8 com texto oculto\" src=\"http:\/\/www.labeljoy.com\/images\/barcodes\/ean8_hidden-text.png\" width=\"129\" height=\"151\"><figcaption class=\"wp-caption-text\">EAN-8 com texto oculto<\/figcaption><\/figure>\n<\/div>\n<div class=\"column-clear\"><\/div>\n<p>Introduza 7 n\u00fameros no Labeljoy para gerar o c\u00f3digo de barras. O 8\u00ba d\u00edgito \u00e9 calculado automaticamente.<\/p>\n<div class=\"hr hr-dotted\">&nbsp;<\/div>\n<div class=\"one_half\">\n<p style=\"text-align: center\"><a href=\"\/pt-pt\/compra\/\" class=\"large blue tt-button\" target=\"_self\">Comprar software gerador de EAN 8<\/a>\n<\/div>\n<div class=\"one_half\">\n<p style=\"text-align: center\"><a href=\"\/pt-pt\/download-pt\/\" class=\"large green tt-button\" target=\"_self\"> Download vers\u00e3o gratuita <\/a>\n<\/div>\n","protected":false},"excerpt":{"rendered":"<p>Gerador de C\u00f3digo de Barras EAN 8 Um EAN-8 \u00e9 um c\u00f3digo de barras composto de 8 d\u00edgitos, derivado do c\u00f3digo maior European Article Number (EAN-13). Labeljoy \u00e9 \u00fatil para gerar c\u00f3digos de barras ean 8, que ocupam pouco espa\u00e7o, isto permite imprimir pequenas etiquetas para produtos com superf\u00edcies reduzidas, tais como: cigarros, l\u00e1pis, e &#8230; <a title=\"EAN 8\" class=\"read-more\" href=\"https:\/\/www.labeljoy.com\/pt-pt\/suporte\/guia-codigo-de-barras\/ean-8-pt\/\" aria-label=\"Leia mais sobre EAN 8\">Read more<\/a><\/p>\n","protected":false},"author":1,"featured_media":0,"parent":3371,"menu_order":0,"comment_status":"open","ping_status":"closed","template":"","meta":{"inline_featured_image":false,"_monsterinsights_skip_tracking":false,"_monsterinsights_sitenote_active":false,"_monsterinsights_sitenote_note":"","_monsterinsights_sitenote_category":0,"footnotes":""},"class_list":{"0":"post-17791","1":"page","2":"type-page","3":"status-publish","5":"infinite-scroll-item"},"aioseo_notices":[],"_links":{"self":[{"href":"https:\/\/www.labeljoy.com\/pt-pt\/wp-json\/wp\/v2\/pages\/17791","targetHints":{"allow":["GET"]}}],"collection":[{"href":"https:\/\/www.labeljoy.com\/pt-pt\/wp-json\/wp\/v2\/pages"}],"about":[{"href":"https:\/\/www.labeljoy.com\/pt-pt\/wp-json\/wp\/v2\/types\/page"}],"author":[{"embeddable":true,"href":"https:\/\/www.labeljoy.com\/pt-pt\/wp-json\/wp\/v2\/users\/1"}],"replies":[{"embeddable":true,"href":"https:\/\/www.labeljoy.com\/pt-pt\/wp-json\/wp\/v2\/comments?post=17791"}],"version-history":[{"count":3,"href":"https:\/\/www.labeljoy.com\/pt-pt\/wp-json\/wp\/v2\/pages\/17791\/revisions"}],"predecessor-version":[{"id":37665,"href":"https:\/\/www.labeljoy.com\/pt-pt\/wp-json\/wp\/v2\/pages\/17791\/revisions\/37665"}],"up":[{"embeddable":true,"href":"https:\/\/www.labeljoy.com\/pt-pt\/wp-json\/wp\/v2\/pages\/3371"}],"wp:attachment":[{"href":"https:\/\/www.labeljoy.com\/pt-pt\/wp-json\/wp\/v2\/media?parent=17791"}],"curies":[{"name":"wp","href":"https:\/\/api.w.org\/{rel}","templated":true}]}}