{"id":17817,"date":"2013-05-22T13:50:09","date_gmt":"2013-05-22T13:50:09","guid":{"rendered":"http:\/\/www.labeljoy.com\/suporte\/guia-codigo-de-barras\/itf-14\/"},"modified":"2022-06-23T11:55:47","modified_gmt":"2022-06-23T11:55:47","slug":"itf-14-pt","status":"publish","type":"page","link":"https:\/\/www.labeljoy.com\/pt-pt\/suporte\/guia-codigo-de-barras\/itf-14-pt\/","title":{"rendered":"ITF 14"},"content":{"rendered":"<h1>Gerador de c\u00f3digo de barras ITF 14<\/h1>\n<p>Utilize o <strong>programa Labeljoy para <a href=\"https:\/\/www.labeljoy.com\/gerador-de-codigos-de-barras-online\/\" title=\"Gerador de c\u00f3digos de barras online\">gerar c\u00f3digos de barras ITF 14<\/a><\/strong>. ITF 14 \u00e9 principalmente usado em remessas de mercadorias e pacotes que cont\u00eam o sistema codificado <a href=\"http:\/\/www.labeljoy.com\/pt-pt\/suporte\/guia-codigo-de-barras\/ean-13-pt\/\" title=\"EAN 13\">EAN 13<\/a>. Um d\u00edgito \u00e9 colocado \u00e0 frente do c\u00f3digo EAN 13 para apresentar a vers\u00e3o do pacote.<\/p>\n<p>Codifica sempre 14 d\u00edgitos:<\/p>\n<ul>\n<li>O primeiro d\u00edgito \u00e9 a log\u00edstica variantes, tamb\u00e9m chamado de &#8220;indicador de embalagem&#8221;.<\/li>\n<li>Os outros 12 d\u00edgitos s\u00e3o o n\u00famero do produto. Geralmente EAN 13 sem o d\u00edgito verificador.<\/li>\n<li>O \u00faltimo d\u00edgito \u00e9 o d\u00edgito de verifica\u00e7\u00e3o.<\/li>\n<\/ul>\n<p>A borda espessa preta em torno do s\u00edmbolo \u00e9 chamada de Barra Portadora. O gerador ITF 14 Labeljoy automaticamente cria a Barra Portadora. O prop\u00f3sito de uma barra de portador \u00e9 equilibrar press\u00f5es exercidas pela placa de impress\u00e3o ao longo de toda a superf\u00edcie do s\u00edmbolo.<\/p>\n<figure style=\"width: 301px\" class=\"wp-caption alignleft\"><img decoding=\"async\" alt=\"ITF-14 S\u00edmbolo\" src=\"http:\/\/www.labeljoy.com\/images\/barcodes\/itf14_symbol.png\" width=\"311\" height=\"100\"><figcaption class=\"wp-caption-text\">S\u00edmbolo ITF-14<\/figcaption><\/figure>\n<h2>Como gerar um c\u00f3digo de barras ITF 14<\/h2>\n<p>O gerador de c\u00f3digo de barras Labeljoy requer que digite 13 ou 14 d\u00edgitos para gerar o c\u00f3digo de barras ITF 14, dependendo das configura\u00e7\u00f5es na caixa de combina\u00e7\u00e3o.<br \/>\nDigite os 13 d\u00edgitos na caixa de texto se as op\u00e7\u00f5es da soma de verifica\u00e7\u00e3o \u00e9 definida como Sim (o 14\u00ba d\u00edgito ser\u00e1 adicionado automaticamente), caso contr\u00e1rio, introduza 14 d\u00edgitos.<br \/>\nA necessidade de uma soma de verifica\u00e7\u00e3o na 14\u00aa posi\u00e7\u00e3o pode variar dependendo dos aplicativos em uso e as configura\u00e7\u00f5es do scanner de c\u00f3digo de barras direcionadas.<\/p>\n<h3>Barra Portadora em ITF 14<\/h3>\n<p>A caixa de combina\u00e7\u00e3o do quadro permite que especifique como as barras portadoras devem ser impressas.<br \/>\n<div class=\"one_half\">\n<figure style=\"width: 281px\" class=\"wp-caption aligncenter\"><img decoding=\"async\" alt=\"ITF-14 com barras portadoras horizontais\" src=\"http:\/\/www.labeljoy.com\/images\/barcodes\/itf14_bars.png\" width=\"291\" height=\"100\"><figcaption class=\"wp-caption-text\">ITF-14 com barras portadoras horizontais<\/figcaption><\/figure>\n<\/div>\n<div class=\"one_half\">\n<figure style=\"width: 244px\" class=\"wp-caption aligncenter\"><img decoding=\"async\" alt=\"ITF-14 com barras portadoras ocultas\" src=\"http:\/\/www.labeljoy.com\/images\/barcodes\/itf14_barcode.png\" width=\"254\" height=\"81\"><figcaption class=\"wp-caption-text\">ITF-14 com barras portadoras ocultas<\/figcaption><\/figure>\n<\/div>\n<div class=\"tt-notification tip\"><p style=\"font-size:12px;\">Encadeamento de texto:<br \/>\nQuando um <strong>elemento de c\u00f3digo de barra ITF-14<\/strong> \u00e9 gerado por encadear campos ou contadores, aplicam-se as seguintes regras:<\/p>\n<ul class=\"barcode-ul\">\n<li>Se a op\u00e7\u00e3o Checksum estiver definida como Sim, somente os primeiros 13 d\u00edgitos encontrados ser\u00e3o considerados, caso contr\u00e1rio, apenas os primeiros 14 d\u00edgitos ser\u00e3o consideradas.<\/li>\n<\/ul>\n<p>Quando um valor que n\u00e3o cumpra as regras acima for encontrado, o c\u00f3digo de barras n\u00e3o \u00e9 exibido.<br \/>\n<\/p><\/div>\n<p>O texto leg\u00edvel pode ser mostrado acima do s\u00edmbolo ou oculto de acordo com a configura\u00e7\u00e3o especificada na caixa de combina\u00e7\u00e3o de texto.<br \/>\n<div class=\"one_half\">\n<figure style=\"width: 301px\" class=\"wp-caption aligncenter\"><img decoding=\"async\" alt=\"ITF-14 com texto acima do s\u00edmbolo\" src=\"http:\/\/www.labeljoy.com\/images\/barcodes\/itf14_text-above.png\" width=\"311\" height=\"100\"><figcaption class=\"wp-caption-text\">ITF-14 com texto acima do s\u00edmbolo<\/figcaption><\/figure>\n<\/div>\n<div class=\"one_half\">\n<figure style=\"width: 301px\" class=\"wp-caption aligncenter\"><img decoding=\"async\" alt=\"ITF-14 com texto escondido\" src=\"http:\/\/www.labeljoy.com\/images\/barcodes\/itf14_hidden-text.png\" width=\"311\" height=\"104\"><figcaption class=\"wp-caption-text\">ITF-14 com texto escondido<\/figcaption><\/figure>\n<\/div>\n<div class=\"hr hr-dotted\">&nbsp;<\/div>\n<div class=\"one_half\">\n<p style=\"text-align: center\"><a href=\"\/pt-pt\/compra\/\" class=\"large blue tt-button\" target=\"_self\">Comprar software gerador de ITF 14<\/a>\n<\/div>\n<div class=\"one_half\">\n<p style=\"text-align: center\"><a href=\"\/pt-pt\/download-pt\/\" class=\"large green tt-button\" target=\"_self\"> Download vers\u00e3o gratuita <\/a>\n<\/div>\n","protected":false},"excerpt":{"rendered":"<p>Gerador de c\u00f3digo de barras ITF 14 Utilize o programa Labeljoy para gerar c\u00f3digos de barras ITF 14. ITF 14 \u00e9 principalmente usado em remessas de mercadorias e pacotes que cont\u00eam o sistema codificado EAN 13. Um d\u00edgito \u00e9 colocado \u00e0 frente do c\u00f3digo EAN 13 para apresentar a vers\u00e3o do pacote. Codifica sempre 14 &#8230; <a title=\"ITF 14\" class=\"read-more\" href=\"https:\/\/www.labeljoy.com\/pt-pt\/suporte\/guia-codigo-de-barras\/itf-14-pt\/\" aria-label=\"Leia mais sobre ITF 14\">Read more<\/a><\/p>\n","protected":false},"author":1,"featured_media":0,"parent":3371,"menu_order":0,"comment_status":"open","ping_status":"closed","template":"","meta":{"inline_featured_image":false,"_monsterinsights_skip_tracking":false,"_monsterinsights_sitenote_active":false,"_monsterinsights_sitenote_note":"","_monsterinsights_sitenote_category":0,"footnotes":""},"class_list":{"0":"post-17817","1":"page","2":"type-page","3":"status-publish","5":"infinite-scroll-item"},"aioseo_notices":[],"_links":{"self":[{"href":"https:\/\/www.labeljoy.com\/pt-pt\/wp-json\/wp\/v2\/pages\/17817","targetHints":{"allow":["GET"]}}],"collection":[{"href":"https:\/\/www.labeljoy.com\/pt-pt\/wp-json\/wp\/v2\/pages"}],"about":[{"href":"https:\/\/www.labeljoy.com\/pt-pt\/wp-json\/wp\/v2\/types\/page"}],"author":[{"embeddable":true,"href":"https:\/\/www.labeljoy.com\/pt-pt\/wp-json\/wp\/v2\/users\/1"}],"replies":[{"embeddable":true,"href":"https:\/\/www.labeljoy.com\/pt-pt\/wp-json\/wp\/v2\/comments?post=17817"}],"version-history":[{"count":2,"href":"https:\/\/www.labeljoy.com\/pt-pt\/wp-json\/wp\/v2\/pages\/17817\/revisions"}],"predecessor-version":[{"id":37657,"href":"https:\/\/www.labeljoy.com\/pt-pt\/wp-json\/wp\/v2\/pages\/17817\/revisions\/37657"}],"up":[{"embeddable":true,"href":"https:\/\/www.labeljoy.com\/pt-pt\/wp-json\/wp\/v2\/pages\/3371"}],"wp:attachment":[{"href":"https:\/\/www.labeljoy.com\/pt-pt\/wp-json\/wp\/v2\/media?parent=17817"}],"curies":[{"name":"wp","href":"https:\/\/api.w.org\/{rel}","templated":true}]}}