{"id":17820,"date":"2013-05-22T13:50:48","date_gmt":"2013-05-22T13:50:48","guid":{"rendered":"http:\/\/www.labeljoy.com\/suporte\/guia-codigo-de-barras\/upc-code\/"},"modified":"2022-06-23T11:54:39","modified_gmt":"2022-06-23T11:54:39","slug":"upc-code-pt","status":"publish","type":"page","link":"https:\/\/www.labeljoy.com\/pt-pt\/suporte\/guia-codigo-de-barras\/upc-code-pt\/","title":{"rendered":"UPC code"},"content":{"rendered":"<h1>Gerador de c\u00f3digo UPC<\/h1>\n<h2>O que \u00e9 o c\u00f3digo upc<\/h2>\n<p>O UPC (Universal Product Code) \u00e9 uma simbologia de c\u00f3digo de barras amplamente usada na Am\u00e9rica do Norte, Reino Unido, Austr\u00e1lia e Nova Zel\u00e2ndia. O c\u00f3digo de barras \u00e9 composto por 12 d\u00edgitos e \u00e9 similar ao EAN 13. A sua principal fun\u00e7\u00e3o \u00e9 o acompanhamento de itens comerciais em lojas.<br \/>\nA estrutura do c\u00f3digo \u00e9 a seguinte:<\/p>\n<ul>\n<li>primeiro d\u00edgito \u00e9 um c\u00f3digo vari\u00e1vel que depende da utiliza\u00e7\u00e3o e o tipo de produto, de acordo com uma tabela de valores.<\/li>\n<li>As cinco d\u00edgitos seguintes destinam-se a identificar o fabricante dos produtos.<\/li>\n<li>Os outros 5 d\u00edgitos identificam os produtos ou os produtos do mesmo fabricante.<\/li>\n<li>O \u00faltimo d\u00edgito \u00e9 o d\u00edgito verificador calculado automaticamente a partir do programa gerador de c\u00f3digo UPC.<\/li>\n<\/ul>\n<h2>Como gerar c\u00f3digo UPC<\/h2>\n<figure style=\"width: 161px\" class=\"wp-caption alignleft\"><img decoding=\"async\" alt=\"UPC-A barcode\" src=\"http:\/\/www.labeljoy.com\/images\/barcodes\/upc_a_code.png\" width=\"171\" height=\"123\"><figcaption class=\"wp-caption-text\">S\u00edmbolo UPC-A<\/figcaption><\/figure>\n<p>Para <strong><a href=\"https:\/\/www.labeljoy.com\/gerador-de-codigos-de-barras-online\/\" title=\"Gerador de c\u00f3digos de barras online\">gerar o c\u00f3digo de barras UPC<\/a><\/strong> o Labeljoy requer que introduza 11 d\u00edgitos.<br \/>\nIntroduza os 11 d\u00edgitos na caixa de texto.<br \/>\nO 12\u00ba d\u00edgito (ou d\u00edgito de verifica\u00e7\u00e3o) \u00e9 calculado automaticamente.<\/p>\n<div class=\"column-clear\"><\/div>\n<p>&nbsp;<br \/>\nCom labeljoy pode criar e imprimir <a href=\"http:\/\/www.labeljoy.com\/pt-pt\/modelos\/etiqueta-codigo-de-barras\/\" title=\"Etiqueta de c\u00f3digo de barras\">etiquetas de c\u00f3digos de barras personalizadas<\/a> e <a href=\"http:\/\/www.labeljoy.com\/pt-pt\/modelos\/etiqueta-produto\/\" title=\"Etiqueta Produto\">etiquetas de produtos com c\u00f3digo UPC<\/a><\/p>\n<figure style=\"width: 90px\" class=\"wp-caption alignleft\"><img decoding=\"async\" alt=\"S\u00edmbolo UPC-E\" src=\"http:\/\/www.labeljoy.com\/images\/barcodes\/upc_e_code.png\" width=\"100\" height=\"123\"><figcaption class=\"wp-caption-text\">S\u00edmbolo UPC-E<\/figcaption><\/figure>\n<p>Para <strong>permitir o uso de c\u00f3digos de barras UPC<\/strong> em embalagens mais pequenas onde o completo c\u00f3digo de barras de 12 d\u00edgitos pode n\u00e3o caber, uma vers\u00e3o \u201czero-compressada\u201d do UPC foi desenvolvida e chamada de UPC-E.<\/p>\n<p>Active a op\u00e7\u00e3o &#8220;Utilizar UPC-E quando poss\u00edvel&#8221; para incumbir o Labeljoy a tentar aplicar o algoritmo de compress\u00e3o.<br \/>\nO s\u00edmbolo ser\u00e1 ent\u00e3o automaticamente convertido para a menor vers\u00e3o UPC-E se a combina\u00e7\u00e3o de d\u00edgitos permitir.<\/p>\n<div class=\"tt-notification tip\"><p style=\"font-size:12px;\">Encadeamento de texto:<br \/>\nQuando um elemento de c\u00f3digo de barra UPC-A \u00e9 gerado por encadear campos ou contadores, aplicam-se as seguintes regras:<\/p>\n<ul class=\"barcode-ul\">\n<li>Para o c\u00f3digo de barras principal, apenas os 11 primeiros d\u00edgitos ser\u00e3o considerados.<\/li>\n<li>Para o add-on, um h\u00edfen (-) \u00e9 necess\u00e1rio seguido de 2 ou 5 d\u00edgitos.<\/li>\n<\/ul>\n<p>Quando um valor que n\u00e3o cumpra as regras acima for encontrado, o c\u00f3digo de barras n\u00e3o \u00e9 exibido.<br \/>\n<\/p><\/div>\n<h3>C\u00f3digos de barra UPC para os seus produtos<\/h3>\n<p><strong>S\u00edmbolos UPC-A<\/strong> podem precisar exibir os d\u00edgitos leg\u00edvel por humanos no grupo espec\u00edfico. Use a caixa de combina\u00e7\u00e3o de estilo de texto para especificar formas alternativas para mostrar o texto:<br \/>\n<div class=\"one_half\">\n<figure style=\"width: 161px\" class=\"wp-caption aligncenter\"><img decoding=\"async\" alt=\"UPC-A 5-5-2 estilo de texto\" src=\"http:\/\/www.labeljoy.com\/images\/barcodes\/upc_a_symbol1.png\" width=\"171\" height=\"131\"><figcaption class=\"wp-caption-text\">UPC-A quando o estilo de texto 5-5-2 \u00e9 aplicado<\/figcaption><\/figure>\n<\/div>\n<div class=\"one_half\">\n<figure style=\"width: 161px\" class=\"wp-caption aligncenter\"><img decoding=\"async\" alt=\"UPC-A 5-4-3 estilo de texto\" src=\"http:\/\/www.labeljoy.com\/images\/barcodes\/upc_barcode.png\" width=\"171\" height=\"131\"><figcaption class=\"wp-caption-text\">UPC-A quando o estilo de texto 5-4-3 \u00e9 aplicado<\/figcaption><\/figure>\n<\/div>\n<p><strong>C\u00f3digos de Barras UPC-A e UPC-E podem tamb\u00e9m codificar 2 ou 5 d\u00edgitos adicionais<\/strong>. Introduza os d\u00edgitos adicionais na caixa de texto correcta:<\/p>\n<div class=\"one_half\">\n<figure style=\"width: 204px\" class=\"wp-caption aligncenter\"><img decoding=\"async\" alt=\"UPC-A com um add-on de 2 d\u00edgitos\" src=\"http:\/\/www.labeljoy.com\/images\/barcodes\/upc_code.png\" width=\"214\" height=\"123\"><figcaption class=\"wp-caption-text\">UPC-A com um add-on de 2 d\u00edgitos<\/figcaption><\/figure>\n<\/div>\n<div class=\"one_half\">\n<figure style=\"width: 174px\" class=\"wp-caption aligncenter\"><img decoding=\"async\" alt=\"UPC-E com um add-on de 5 d\u00edgitos\" src=\"http:\/\/www.labeljoy.com\/images\/barcodes\/upc_digit.png\" width=\"184\" height=\"123\"><figcaption class=\"wp-caption-text\">UPC-E com um add-on de 5 d\u00edgitos<\/figcaption><\/figure>\n<\/div>\n<p>O texto leg\u00edvel humano tamb\u00e9m pode ser mostrado acima do s\u00edmbolo ou oculto de acordo com a configura\u00e7\u00e3o especificada na caixa de combina\u00e7\u00e3o de texto:<\/p>\n<div class=\"one_half\">\n<figure style=\"width: 161px\" class=\"wp-caption aligncenter\"><img decoding=\"async\" alt=\"UPC-A com texto acima do s\u00edmbolo\" src=\"http:\/\/www.labeljoy.com\/images\/barcodes\/upc_text_above.png\" width=\"171\" height=\"124\"><figcaption class=\"wp-caption-text\">UPC-A com texto acima do s\u00edmbolo<\/figcaption><\/figure>\n<\/div>\n<div class=\"one_half\">\n<figure style=\"width: 143px\" class=\"wp-caption aligncenter\"><img decoding=\"async\" alt=\"UPC-A com texto oculto\" src=\"http:\/\/www.labeljoy.com\/images\/barcodes\/upc_hidden_text.png\" width=\"153\" height=\"126\"><figcaption class=\"wp-caption-text\">UPC-A com texto oculto<\/figcaption><\/figure>\n<\/div>\n<div class=\"hr hr-dotted\">&nbsp;<\/div>\n<div class=\"one_half\">\n<p style=\"text-align: center\"><a href=\"\/pt-pt\/compra\/\" class=\"large blue tt-button\" target=\"_self\">Comprar software gerador de UPC Code<\/a>\n<\/div>\n<div class=\"one_half\">\n<p style=\"text-align: center\"><a href=\"\/pt-pt\/download-pt\/\" class=\"large green tt-button\" target=\"_self\"> Download vers\u00e3o gratuita <\/a>\n<\/div>\n","protected":false},"excerpt":{"rendered":"<p>Gerador de c\u00f3digo UPC O que \u00e9 o c\u00f3digo upc O UPC (Universal Product Code) \u00e9 uma simbologia de c\u00f3digo de barras amplamente usada na Am\u00e9rica do Norte, Reino Unido, Austr\u00e1lia e Nova Zel\u00e2ndia. O c\u00f3digo de barras \u00e9 composto por 12 d\u00edgitos e \u00e9 similar ao EAN 13. A sua principal fun\u00e7\u00e3o \u00e9 o &#8230; <a title=\"UPC code\" class=\"read-more\" href=\"https:\/\/www.labeljoy.com\/pt-pt\/suporte\/guia-codigo-de-barras\/upc-code-pt\/\" aria-label=\"Leia mais sobre UPC code\">Read more<\/a><\/p>\n","protected":false},"author":1,"featured_media":0,"parent":3371,"menu_order":0,"comment_status":"open","ping_status":"closed","template":"","meta":{"inline_featured_image":false,"_monsterinsights_skip_tracking":false,"_monsterinsights_sitenote_active":false,"_monsterinsights_sitenote_note":"","_monsterinsights_sitenote_category":0,"footnotes":""},"class_list":{"0":"post-17820","1":"page","2":"type-page","3":"status-publish","5":"infinite-scroll-item"},"aioseo_notices":[],"_links":{"self":[{"href":"https:\/\/www.labeljoy.com\/pt-pt\/wp-json\/wp\/v2\/pages\/17820","targetHints":{"allow":["GET"]}}],"collection":[{"href":"https:\/\/www.labeljoy.com\/pt-pt\/wp-json\/wp\/v2\/pages"}],"about":[{"href":"https:\/\/www.labeljoy.com\/pt-pt\/wp-json\/wp\/v2\/types\/page"}],"author":[{"embeddable":true,"href":"https:\/\/www.labeljoy.com\/pt-pt\/wp-json\/wp\/v2\/users\/1"}],"replies":[{"embeddable":true,"href":"https:\/\/www.labeljoy.com\/pt-pt\/wp-json\/wp\/v2\/comments?post=17820"}],"version-history":[{"count":2,"href":"https:\/\/www.labeljoy.com\/pt-pt\/wp-json\/wp\/v2\/pages\/17820\/revisions"}],"predecessor-version":[{"id":37655,"href":"https:\/\/www.labeljoy.com\/pt-pt\/wp-json\/wp\/v2\/pages\/17820\/revisions\/37655"}],"up":[{"embeddable":true,"href":"https:\/\/www.labeljoy.com\/pt-pt\/wp-json\/wp\/v2\/pages\/3371"}],"wp:attachment":[{"href":"https:\/\/www.labeljoy.com\/pt-pt\/wp-json\/wp\/v2\/media?parent=17820"}],"curies":[{"name":"wp","href":"https:\/\/api.w.org\/{rel}","templated":true}]}}