{"id":17830,"date":"2013-05-22T13:52:48","date_gmt":"2013-05-22T13:52:48","guid":{"rendered":"http:\/\/www.labeljoy.com\/suporte\/guia-codigo-de-barras\/industrial-2-of-5\/"},"modified":"2021-01-05T15:58:18","modified_gmt":"2021-01-05T15:58:18","slug":"industrial-2-of-5-pt","status":"publish","type":"page","link":"https:\/\/www.labeljoy.com\/pt-pt\/suporte\/guia-codigo-de-barras\/industrial-2-of-5-pt\/","title":{"rendered":"Industrial 2 of 5"},"content":{"rendered":"<h1>C\u00f3digo de barras Industrial 2 of 5<\/h1>\n<p>Industrial 2 of 5 \u00e9 muito similar ao c\u00f3digo de barras <a href=\"http:\/\/www.labeljoy.com\/pt-pt\/suporte\/guia-codigo-de-barras\/interleaved-2-of-5-pt\/\" title=\"Interleaved 2 of 5\">Interleaved 2 of 5<\/a>.<br \/>\nA taxa de impress\u00e3o nominal (rela\u00e7\u00e3o entre a espessura da barra de largura e da barra estreita) \u00e9 3:1, mas pode variar de 2:1 a 3:1.<br \/>\n<figure style=\"width: 150px\" class=\"wp-caption alignleft\"><img decoding=\"async\" alt=\"Industrial 2 of 5 barcode\" src=\"http:\/\/www.labeljoy.com\/images\/barcodes\/industrial_2_of_5_barcode.png\" width=\"160\" height=\"121\" \/><figcaption class=\"wp-caption-text\">S\u00edmbolo Industrial 2 of 5<\/figcaption><\/figure>\n<p>Labeljoy requer que introduza at\u00e9 255 d\u00edgitos para <strong>gerar o c\u00f3digo de barras Industrial 2 of 5<\/strong>.<br \/>\nIntroduza os d\u00edgitos na caixa de texto.<br \/>\nFa\u00e7a o download de <a href=\"http:\/\/www.labeljoy.com\/pt-pt\/modelos\/etiqueta-automobilistica\/\" title=\"Automotor\">modelos de etiquetas industriais<\/a> e comece a criar e a imprimir as suas pr\u00f3prias etiquetas de c\u00f3digos de barra<\/p>\n<div class=\"column-clear\"><\/div>\n<h2>C\u00f3digo de Barra Industrial 2 of 5<\/h2>\n<p>A caixa de combina\u00e7\u00e3o do quadro permite-lhe especificar como as barras portadoras devem ser impressas.<\/p>\n<div class=\"one_half\">\n<figure style=\"width: 182px\" class=\"wp-caption aligncenter\"><img decoding=\"async\" alt=\"Industrial 2 of 5 com apenas barras portadoras horizontais\" src=\"http:\/\/www.labeljoy.com\/images\/barcodes\/industrial_2_of_5_code_bars.png\" width=\"192\" height=\"121\" \/><figcaption class=\"wp-caption-text\">Industrial 2 of 5 com apenas barras portadoras horizontais<\/figcaption><\/figure>\n<\/div>\n<div class=\"one_half\">\n<figure style=\"width: 182px\" class=\"wp-caption aligncenter\"><img decoding=\"async\" alt=\"Industrial 2 of 5 com barras portadoras completas\" src=\"http:\/\/www.labeljoy.com\/images\/barcodes\/industrial_2_of_5_bars.png\" width=\"192\" height=\"121\" \/><figcaption class=\"wp-caption-text\">Industrial 2 of 5 com barras portadoras completas<\/figcaption><\/figure>\n<\/div>\n<div class=\"column-clear\"><\/div>\n<p><strong>C\u00f3digos de Barra Industrial 2 of 5 podem incluir um d\u00edgito de verifica\u00e7\u00e3o opcional<\/strong>. O d\u00edgito de verifica\u00e7\u00e3o pode ser codificado no s\u00edmbolo, e opcionalmente mostrado no texto leg\u00edvel por humanos tamb\u00e9m.<br \/>\nDefina as configura\u00e7\u00f5es de d\u00edgito de verifica\u00e7\u00e3o usando a caixa de combina\u00e7\u00e3o de soma de verifica\u00e7\u00e3o.<\/p>\n<div class=\"one_half\">\n<figure style=\"width: 193px\" class=\"wp-caption aligncenter\"><img decoding=\"async\" alt=\"Industrial 2 of 5 com um d\u00edgito de verifica\u00e7\u00e3o mostrado no texto\" src=\"http:\/\/www.labeljoy.com\/images\/barcodes\/industrial_2_of_5_check.png\" width=\"203\" height=\"121\" \/><figcaption class=\"wp-caption-text\">Industrial 2 of 5 com um d\u00edgito de verifica\u00e7\u00e3o mostrado no texto<\/figcaption><\/figure>\n<\/div>\n<div class=\"one_half\">\n<figure style=\"width: 193px\" class=\"wp-caption aligncenter\"><img decoding=\"async\" alt=\"Industrial 2 of 5 com um d\u00edgito de verifica\u00e7\u00e3o n\u00e3o mostrado no texto\" src=\"http:\/\/www.labeljoy.com\/images\/barcodes\/industrial_2_of_5_no_check.png\" width=\"203\" height=\"121\" \/><figcaption class=\"wp-caption-text\">Industrial 2 of 5 com um d\u00edgito de verifica\u00e7\u00e3o n\u00e3o mostrado no texto<\/figcaption><\/figure>\n<\/div>\n<div class=\"tt-notification tip\"><p style=\"font-size:12px;\">Encadeamento de texto:<br \/>\nQuando um elemento de <strong>c\u00f3digo de Industrical 2 of 5 \u00e9 gerado<\/strong> por encadear campos ou contadores, aplicam-se as seguintes regras:<\/p>\n<ul class=\"barcode-ul\">\n<li>Somente os textos que contenham d\u00edgitos ser\u00e3o consideradas.<\/li>\n<\/ul>\n<p>Quando um valor que n\u00e3o cumpra as regras acima for encontrado, o c\u00f3digo de barras n\u00e3o \u00e9 exibido.<br \/>\n<\/p><\/div>\n<p>O texto leg\u00edvel pode ser mostrado acima do s\u00edmbolo ou oculto de acordo com a configura\u00e7\u00e3o especificada na caixa de combina\u00e7\u00e3o de texto.<\/p>\n<div class=\"one_half\">\n<figure style=\"width: 150px\" class=\"wp-caption aligncenter\"><img decoding=\"async\" alt=\"Industrial 2 of 5 com texto acima do s\u00edmbolo\" src=\"http:\/\/www.labeljoy.com\/images\/barcodes\/industrial_2_of_5_text_above.png\" width=\"160\" height=\"121\" \/><figcaption class=\"wp-caption-text\">Industrial 2 of 5 com texto acima do s\u00edmbolo<\/figcaption><\/figure>\n<\/div>\n<div class=\"one_half\">\n<figure style=\"width: 150px\" class=\"wp-caption aligncenter\"><img decoding=\"async\" alt=\"Industrial 2 of 5 com texto oculto\" src=\"http:\/\/www.labeljoy.com\/images\/barcodes\/industrial_2_of_5_hidden_text.png\" width=\"160\" height=\"124\" \/><figcaption class=\"wp-caption-text\">Industrial 2 of 5 com texto oculto<\/figcaption><\/figure>\n<\/div>\n<div class=\"hr hr-dotted\">&nbsp;<\/div>\n<div class=\"one_half\">\n<p style=\"text-align: center\"><a href=\"\/pt-pt\/compra\/\" class=\"large blue tt-button\" target=\"_self\">Comprar software gerador de Industrial 2 of 5<\/a>\n<\/div>\n<div class=\"one_half\">\n<p style=\"text-align: center\"><a href=\"\/pt-pt\/download-pt\/\" class=\"large green tt-button\" target=\"_self\"> Download vers\u00e3o gratuita <\/a>\n<\/div>\n","protected":false},"excerpt":{"rendered":"<p>C\u00f3digo de barras Industrial 2 of 5 Industrial 2 of 5 \u00e9 muito similar ao c\u00f3digo de barras Interleaved 2 of 5. A taxa de impress\u00e3o nominal (rela\u00e7\u00e3o entre a espessura da barra de largura e da barra estreita) \u00e9 3:1, mas pode variar de 2:1 a 3:1. Labeljoy requer que introduza at\u00e9 255 d\u00edgitos &#8230; <a title=\"Industrial 2 of 5\" class=\"read-more\" href=\"https:\/\/www.labeljoy.com\/pt-pt\/suporte\/guia-codigo-de-barras\/industrial-2-of-5-pt\/\" aria-label=\"Leia mais sobre Industrial 2 of 5\">Read more<\/a><\/p>\n","protected":false},"author":1,"featured_media":0,"parent":3371,"menu_order":0,"comment_status":"open","ping_status":"closed","template":"page-template-left-sidebar.php","meta":{"inline_featured_image":false,"_monsterinsights_skip_tracking":false,"_monsterinsights_sitenote_active":false,"_monsterinsights_sitenote_note":"","_monsterinsights_sitenote_category":0,"footnotes":""},"class_list":{"0":"post-17830","1":"page","2":"type-page","3":"status-publish","5":"infinite-scroll-item"},"aioseo_notices":[],"_links":{"self":[{"href":"https:\/\/www.labeljoy.com\/pt-pt\/wp-json\/wp\/v2\/pages\/17830","targetHints":{"allow":["GET"]}}],"collection":[{"href":"https:\/\/www.labeljoy.com\/pt-pt\/wp-json\/wp\/v2\/pages"}],"about":[{"href":"https:\/\/www.labeljoy.com\/pt-pt\/wp-json\/wp\/v2\/types\/page"}],"author":[{"embeddable":true,"href":"https:\/\/www.labeljoy.com\/pt-pt\/wp-json\/wp\/v2\/users\/1"}],"replies":[{"embeddable":true,"href":"https:\/\/www.labeljoy.com\/pt-pt\/wp-json\/wp\/v2\/comments?post=17830"}],"version-history":[{"count":9,"href":"https:\/\/www.labeljoy.com\/pt-pt\/wp-json\/wp\/v2\/pages\/17830\/revisions"}],"predecessor-version":[{"id":35192,"href":"https:\/\/www.labeljoy.com\/pt-pt\/wp-json\/wp\/v2\/pages\/17830\/revisions\/35192"}],"up":[{"embeddable":true,"href":"https:\/\/www.labeljoy.com\/pt-pt\/wp-json\/wp\/v2\/pages\/3371"}],"wp:attachment":[{"href":"https:\/\/www.labeljoy.com\/pt-pt\/wp-json\/wp\/v2\/media?parent=17830"}],"curies":[{"name":"wp","href":"https:\/\/api.w.org\/{rel}","templated":true}]}}