{"id":17833,"date":"2013-05-22T13:53:18","date_gmt":"2013-05-22T13:53:18","guid":{"rendered":"http:\/\/www.labeljoy.com\/suporte\/guia-codigo-de-barras\/codabar\/"},"modified":"2021-01-05T16:09:45","modified_gmt":"2021-01-05T16:09:45","slug":"codabar-pt","status":"publish","type":"page","link":"https:\/\/www.labeljoy.com\/pt-pt\/suporte\/guia-codigo-de-barras\/codabar-pt\/","title":{"rendered":"Codabar"},"content":{"rendered":"<h1>Gerador de c\u00f3digo de barras Codabar<\/h1>\n<p>Descubra qu\u00e3o f\u00e1cil \u00e9 <strong>gerar Codabar com o programa de etiquetas Labeljoy<\/strong>. Codabar \u00e9 um c\u00f3digo num\u00e9rico que tamb\u00e9m inclui caracteres especiais (- $: \/. +).<br \/>\nO texto codificado deve ser delimitado por um in\u00edcio e fim, ser seleccionado entre a letra mai\u00fascula A, B, ou D, estas letras pode ser utilizadas apenas no in\u00edcio e no final da codifica\u00e7\u00e3o.<\/p>\n<p><em>Use o gerador Codabar para imprimir etiquetas para os seus envios.<\/em><\/p>\n<div class=\"tt-notification warning\"><p style=\"font-size:12px;\"><strong>Nota<\/strong>: Os caracteres de in\u00edcio e fim n\u00e3o s\u00e3o exibidos no texto leg\u00edvel.<\/p><\/div>\n<figure style=\"width: 111px\" class=\"wp-caption alignleft\"><img decoding=\"async\" alt=\"Codabar c\u00f3digo de barras\" src=\"http:\/\/www.labeljoy.com\/images\/barcodes\/codabar_symbol.png\" width=\"121\" height=\"121\" \/><figcaption class=\"wp-caption-text\">S\u00edmbolo Codabar<\/figcaption><\/figure>\n<p>Labeljoy requer que introduza texto at\u00e9 255 caracteres para gerar o c\u00f3digo de barras codabar.<br \/>\nInsira os d\u00edgitos na caixa de texto.<\/p>\n<div class=\"column-clear\"><\/div>\n<figure style=\"width: 394px\" class=\"wp-caption aligncenter\"><img decoding=\"async\" alt=\"Codabar barcode\" src=\"http:\/\/www.labeljoy.com\/images\/barcodes\/codabar_barcode.png\" width=\"404\" height=\"122\" \/><figcaption class=\"wp-caption-text\">D\u00edgitos de codifica\u00e7\u00e3o Codabar e caracteres especiais<\/figcaption><\/figure>\n<h2>C\u00f3digo de Barras Codabar<\/h2>\n<div class=\"tt-notification tip\"><p style=\"font-size:12px;\">Encadeamento de texto:<br \/>\nQuando um elemento de c\u00f3digo de barra Codabar \u00e9 gerado por encadear campos ou contadores, aplicam-se as seguintes regras:<\/p>\n<ul class=\"barcode-ul\">\n<li>Somente os textos que cont\u00eam n\u00fameros e os caracteres especiais permitidos ser\u00e3o consideradas.<\/li>\n<li>Os textos devem ser delimitados por um dos quatro caracteres mai\u00fasculos permitidos. Por exemplo, para codificar 1234+5678, o campo deve conter o seguinte texto: A1234+5678B, onde A e B sao respectivamente o in\u00edcio e fim delimitador e n\u00e3o ser\u00e3o apresentados.<\/li>\n<\/ul>\n<p>Quando um valor que n\u00e3o cumpra as regras acima for encontrado, o c\u00f3digo de barras n\u00e3o \u00e9 exibido.<br \/>\n<\/p><\/div>\nO texto leg\u00edvel pode ser mostrado acima do s\u00edmbolo ou oculto de acordo com a configura\u00e7\u00e3o especificada na caixa de combina\u00e7\u00e3o de texto.<\/p>\n<div class=\"one_half\">\n<figure style=\"width: 111px\" class=\"wp-caption aligncenter\"><img decoding=\"async\" alt=\"Codabar com o texto acima do s\u00edmbolo\" src=\"http:\/\/www.labeljoy.com\/images\/barcodes\/codabar_text_above.png\" width=\"121\" height=\"121\" \/><figcaption class=\"wp-caption-text\">Codabar com o texto acima do s\u00edmbolo<\/figcaption><\/figure>\n<\/div>\n<div class=\"one_half\">\n<figure style=\"width: 111px\" class=\"wp-caption aligncenter\"><img decoding=\"async\" alt=\"Codabar com texto oculto\" src=\"http:\/\/www.labeljoy.com\/images\/barcodes\/codabar_hidden_text.png\" width=\"121\" height=\"124\" \/><figcaption class=\"wp-caption-text\">Codabar com texto oculto<\/figcaption><\/figure>\n<\/div>\n<div class=\"hr hr-dotted\">&nbsp;<\/div>\n<div class=\"one_half\">\n<p style=\"text-align: center\"><a href=\"\/pt-pt\/compra\/\" class=\"large blue tt-button\" target=\"_self\">Comprar software gerador de Codabar<\/a>\n<\/div>\n<div class=\"one_half\">\n<p style=\"text-align: center\"><a href=\"\/pt-pt\/download-pt\/\" class=\"large green tt-button\" target=\"_self\"> Download vers\u00e3o gratuita <\/a>\n<\/div>\n","protected":false},"excerpt":{"rendered":"<p>Gerador de c\u00f3digo de barras Codabar Descubra qu\u00e3o f\u00e1cil \u00e9 gerar Codabar com o programa de etiquetas Labeljoy. Codabar \u00e9 um c\u00f3digo num\u00e9rico que tamb\u00e9m inclui caracteres especiais (- $: \/. +). O texto codificado deve ser delimitado por um in\u00edcio e fim, ser seleccionado entre a letra mai\u00fascula A, B, ou D, estas letras &#8230; <a title=\"Codabar\" class=\"read-more\" href=\"https:\/\/www.labeljoy.com\/pt-pt\/suporte\/guia-codigo-de-barras\/codabar-pt\/\" aria-label=\"Leia mais sobre Codabar\">Read more<\/a><\/p>\n","protected":false},"author":1,"featured_media":0,"parent":3371,"menu_order":0,"comment_status":"open","ping_status":"closed","template":"page-template-left-sidebar.php","meta":{"inline_featured_image":false,"_monsterinsights_skip_tracking":false,"_monsterinsights_sitenote_active":false,"_monsterinsights_sitenote_note":"","_monsterinsights_sitenote_category":0,"footnotes":""},"class_list":{"0":"post-17833","1":"page","2":"type-page","3":"status-publish","5":"infinite-scroll-item"},"aioseo_notices":[],"_links":{"self":[{"href":"https:\/\/www.labeljoy.com\/pt-pt\/wp-json\/wp\/v2\/pages\/17833","targetHints":{"allow":["GET"]}}],"collection":[{"href":"https:\/\/www.labeljoy.com\/pt-pt\/wp-json\/wp\/v2\/pages"}],"about":[{"href":"https:\/\/www.labeljoy.com\/pt-pt\/wp-json\/wp\/v2\/types\/page"}],"author":[{"embeddable":true,"href":"https:\/\/www.labeljoy.com\/pt-pt\/wp-json\/wp\/v2\/users\/1"}],"replies":[{"embeddable":true,"href":"https:\/\/www.labeljoy.com\/pt-pt\/wp-json\/wp\/v2\/comments?post=17833"}],"version-history":[{"count":4,"href":"https:\/\/www.labeljoy.com\/pt-pt\/wp-json\/wp\/v2\/pages\/17833\/revisions"}],"predecessor-version":[{"id":35195,"href":"https:\/\/www.labeljoy.com\/pt-pt\/wp-json\/wp\/v2\/pages\/17833\/revisions\/35195"}],"up":[{"embeddable":true,"href":"https:\/\/www.labeljoy.com\/pt-pt\/wp-json\/wp\/v2\/pages\/3371"}],"wp:attachment":[{"href":"https:\/\/www.labeljoy.com\/pt-pt\/wp-json\/wp\/v2\/media?parent=17833"}],"curies":[{"name":"wp","href":"https:\/\/api.w.org\/{rel}","templated":true}]}}