{"id":17840,"date":"2013-05-22T14:28:02","date_gmt":"2013-05-22T14:28:02","guid":{"rendered":"http:\/\/www.labeljoy.com\/suporte\/guia-codigo-de-barras\/postnet-barcode\/"},"modified":"2021-01-05T16:17:14","modified_gmt":"2021-01-05T16:17:14","slug":"postnet-pt","status":"publish","type":"page","link":"https:\/\/www.labeljoy.com\/pt-pt\/suporte\/guia-codigo-de-barras\/postnet-pt\/","title":{"rendered":"Postnet"},"content":{"rendered":"<h1>Gerador de C\u00f3digo de Barras Postnet<\/h1>\n<p>Utilize Labeljoy para <strong>gerar c\u00f3digos de barra Postnet de forma simples e f\u00e1cil<\/strong>. Postnet (Postal Numeric Encoding Technique) \u00e9 uma simbologia de c\u00f3digos de barras utilizado no servi\u00e7o de correios dos Estados Unidos, para gerir mail directo. O c\u00f3digo de barras \u00e9 codificado em meias e barras completas.<br \/>\nO gerador de Postnet permite codificar <strong>5, 9 ou 11 d\u00edgitos<\/strong>, como o padr\u00e3o Postnet exigido.<br \/>\nVeja os <a href=\"http:\/\/www.labeljoy.com\/pt-pt\/modelos\/etiquetas-envio\/\" title=\"Etiqueta envio\">modelos de etiquetas de envio<\/a>, fa\u00e7a o download e comece a criar a sua pr\u00f3pria etiqueta de c\u00f3digo Postnet.<\/p>\n<div class=\"tt-notification warning\"><p style=\"font-size:12px;\"><strong>Nota<\/strong>: N\u00e3o h\u00e1 nenhum texto leg\u00edvel exibido com este tipo de simbologia.<\/p><\/div>\n<figure style=\"width: 177px\" class=\"wp-caption aligncenter\"><img decoding=\"async\" alt=\"Postnet barcode\" src=\"http:\/\/www.labeljoy.com\/images\/barcodes\/postnet_barcode.png\" width=\"187\" height=\"19\" \/><figcaption class=\"wp-caption-text\">Postnet a codificar 5 d\u00edgitos<\/figcaption><\/figure>\n<figure style=\"width: 296px\" class=\"wp-caption aligncenter\"><img decoding=\"async\" alt=\"Postnet Code\" src=\"http:\/\/www.labeljoy.com\/images\/barcodes\/postnet_code.png\" width=\"306\" height=\"20\" \/><figcaption class=\"wp-caption-text\">Postnet a codificar 9 d\u00edgitos<\/figcaption><\/figure>\n<figure style=\"width: 355px\" class=\"wp-caption aligncenter\"><img decoding=\"async\" alt=\"Postnet encoding 11 digits\" src=\"http:\/\/www.labeljoy.com\/images\/barcodes\/postnet_encoding.png\" width=\"365\" height=\"19\" \/><figcaption class=\"wp-caption-text\">Postnet a codificar 11 d\u00edgitos<\/figcaption><\/figure>\n<div class=\"tt-notification tip\"><p style=\"font-size:12px;\">Encadeamento de texto:<br \/>\nQuando um <strong>elemento de c\u00f3digo de barra Postnet \u00e9 gerado<\/strong> por encadear campos ou contadores, aplicam-se as seguintes regras:<\/p>\n<ul class=\"barcode-ul\">\n<li>Apenas d\u00edgitos s\u00e3o permitidos.<\/li>\n<li>Somente os textos de 5, 9 ou 11 d\u00edgitos ser\u00e3o consideradas.<\/li>\n<\/ul>\n<p>Quando um valor que n\u00e3o cumpra as regras acima for encontrado, o c\u00f3digo de barras n\u00e3o \u00e9 exibido.<br \/>\n<\/p><\/div>\n<div class=\"hr hr-dotted\">&nbsp;<\/div>\n<div class=\"one_half\">\n<p style=\"text-align: center\"><a href=\"\/pt-pt\/compra\/\" class=\"large blue tt-button\" target=\"_self\">Comprar software gerador de Postnet<\/a>\n<\/div>\n<div class=\"one_half\">\n<p style=\"text-align: center\"><a href=\"\/pt-pt\/download-pt\/\" class=\"large green tt-button\" target=\"_self\"> Download vers\u00e3o gratuita <\/a>\n<\/div>\n","protected":false},"excerpt":{"rendered":"<p>Gerador de C\u00f3digo de Barras Postnet Utilize Labeljoy para gerar c\u00f3digos de barra Postnet de forma simples e f\u00e1cil. Postnet (Postal Numeric Encoding Technique) \u00e9 uma simbologia de c\u00f3digos de barras utilizado no servi\u00e7o de correios dos Estados Unidos, para gerir mail directo. O c\u00f3digo de barras \u00e9 codificado em meias e barras completas. O &#8230; <a title=\"Postnet\" class=\"read-more\" href=\"https:\/\/www.labeljoy.com\/pt-pt\/suporte\/guia-codigo-de-barras\/postnet-pt\/\" aria-label=\"Leia mais sobre Postnet\">Read more<\/a><\/p>\n","protected":false},"author":1,"featured_media":0,"parent":3371,"menu_order":0,"comment_status":"open","ping_status":"closed","template":"page-template-left-sidebar.php","meta":{"inline_featured_image":false,"_monsterinsights_skip_tracking":false,"_monsterinsights_sitenote_active":false,"_monsterinsights_sitenote_note":"","_monsterinsights_sitenote_category":0,"footnotes":""},"class_list":{"0":"post-17840","1":"page","2":"type-page","3":"status-publish","5":"infinite-scroll-item"},"aioseo_notices":[],"_links":{"self":[{"href":"https:\/\/www.labeljoy.com\/pt-pt\/wp-json\/wp\/v2\/pages\/17840","targetHints":{"allow":["GET"]}}],"collection":[{"href":"https:\/\/www.labeljoy.com\/pt-pt\/wp-json\/wp\/v2\/pages"}],"about":[{"href":"https:\/\/www.labeljoy.com\/pt-pt\/wp-json\/wp\/v2\/types\/page"}],"author":[{"embeddable":true,"href":"https:\/\/www.labeljoy.com\/pt-pt\/wp-json\/wp\/v2\/users\/1"}],"replies":[{"embeddable":true,"href":"https:\/\/www.labeljoy.com\/pt-pt\/wp-json\/wp\/v2\/comments?post=17840"}],"version-history":[{"count":2,"href":"https:\/\/www.labeljoy.com\/pt-pt\/wp-json\/wp\/v2\/pages\/17840\/revisions"}],"predecessor-version":[{"id":17842,"href":"https:\/\/www.labeljoy.com\/pt-pt\/wp-json\/wp\/v2\/pages\/17840\/revisions\/17842"}],"up":[{"embeddable":true,"href":"https:\/\/www.labeljoy.com\/pt-pt\/wp-json\/wp\/v2\/pages\/3371"}],"wp:attachment":[{"href":"https:\/\/www.labeljoy.com\/pt-pt\/wp-json\/wp\/v2\/media?parent=17840"}],"curies":[{"name":"wp","href":"https:\/\/api.w.org\/{rel}","templated":true}]}}