{"id":17844,"date":"2013-05-22T14:29:12","date_gmt":"2013-05-22T14:29:12","guid":{"rendered":"http:\/\/www.labeljoy.com\/qr-code-2\/"},"modified":"2022-01-14T14:37:35","modified_gmt":"2022-01-14T14:37:35","slug":"qr-code-pt","status":"publish","type":"page","link":"https:\/\/www.labeljoy.com\/pt-pt\/qr-code-pt\/","title":{"rendered":"QR Code"},"content":{"rendered":"<h1>QR Code<\/h1>\n<p><em>Nova fronteira de comunica\u00e7\u00e3o com c\u00f3digo de barras 2D QR code<\/em><br \/>\n<strong>C\u00f3digos QR<\/strong> est\u00e3o a ter cada vez mais espa\u00e7o no mundo da comunica\u00e7\u00e3o e produ\u00e7\u00e3o. Este C\u00f3digo 2D especial tem grande capacidade de armazenamento de dados e est\u00e1 dispon\u00edvel para todos. Vamos ver o que \u00e9 QR Code.<\/p>\n<h2>Sobre QR Code<\/h2>\n<p><img decoding=\"async\" class=\"alignleft\" style=\"margin-bottom: 10px\" alt=\"Qr Code\" src=\"http:\/\/www.labeljoy.com\/images\/qr-code\/the-qr-code.jpg\" width=\"177\" height=\"200\">Um c\u00f3digo QR \u200b\u200b\u00e9 um c\u00f3digo de barras bidimensional (tamb\u00e9m chamado de c\u00f3digo 2D) que fica imediatamente fora da sua matriz caracter\u00edstica diferente dos c\u00f3digos de barras mais comuns que consistem em barras, este consiste em m\u00f3dulos pretos organizados dentro de um padr\u00e3o quadrado.<\/p>\n<p>A sigla QR significa &#8220;<em>quick response<\/em>&#8221; (resposta r\u00e1pida), resultante da raz\u00e3o para a qual foi desenvolvida: para permitir a descodifica\u00e7\u00e3o r\u00e1pida do seu conte\u00fado, assim como o c\u00f3digo de barras.<\/p>\n<p>&nbsp;<\/p>\n<h3>Funcionalidades do QR Code<\/h3>\n<p>Criar QR Code \u00e9 muito simples, permite a codifica\u00e7\u00e3o de n\u00fameros e letras com uma capacidade m\u00e1xima de mais de 4.200 caracteres alfanum\u00e9ricos (n\u00fameros, letras e caracteres especiais), equivalente a cerca de metade de uma p\u00e1gina de texto.<\/p>\n<p>Labeljoy \u00e9 um programa de c\u00f3digo QR que permite criar o seu pr\u00f3prio QR Code de forma f\u00e1cile r\u00e1pida, mesmo offline.<br \/>\n\u00c9 poss\u00edvel gerar v\u00e1rios tipos de QR Code. Dependendo de como criou um qrcode, o leitor de etiquetas no telem\u00f3vel decodifica as informa\u00e7\u00f5es contidas no qrcode e executa uma das seguintes fun\u00e7\u00f5es:<\/p>\n<table width=\"100%\" border=\"0\" cellspacing=\"0\" cellpadding=\"20\">\n<tbody>\n<tr>\n<td width=\"110\"><img decoding=\"async\" width=\"155\" height=\"155\" style=\"width: 110px;height: 110px\" alt=\"url Qr Code\" src=\"http:\/\/www.labeljoy.com\/images\/qr-code\/url-qr-code.jpg\"><\/td>\n<td><strong>Web<\/strong><br \/>\nA maior parte dos qrcode s\u00e3o gerados pelo codificador de um URL. O URL \u00e9 um link para um site na Internet. Labeljoy produz c\u00f3digos de alta qualidade, agilizando e facilitando a leitura do c\u00f3digo QR \u200b\u200bdo smartphone.<\/td>\n<\/tr>\n<tr>\n<td width=\"110\"><img decoding=\"async\" style=\"width: 110px;height: 110px\" alt=\"SMS Qr code\" src=\"http:\/\/www.labeljoy.com\/images\/qr-code\/sms-qr-code.jpg\" width=\"155\" height=\"155\"><\/td>\n<td><strong>SMS<\/strong><br \/>\nNum QR Code pode codificar a mensagem e o n\u00famero de telefone para onde a SMS \u00e9 enviada.<\/td>\n<\/tr>\n<tr>\n<td width=\"110\"><img decoding=\"async\" style=\"width: 110px;height: 110px\" alt=\"vCard Qr code\" src=\"http:\/\/www.labeljoy.com\/images\/qr-code\/vcard-qr-code.jpg\" width=\"155\" height=\"155\"><\/td>\n<td><strong>vCard<\/strong><br \/>\n&#8220;Fotografar&#8221; um qr pode ser guardado no livro de endere\u00e7os do seu contato de telem\u00f3vel com um monte de informa\u00e7\u00f5es, tais como nome, sobrenome, endere\u00e7o e n\u00famero de telefone.<\/td>\n<\/tr>\n<tr>\n<td width=\"110\"><img decoding=\"async\" style=\"width: 110px;height: 110px\" alt=\"vCalendar QR code\" src=\"http:\/\/www.labeljoy.com\/images\/qr-code\/vcalendar-qr-code.jpg\" width=\"155\" height=\"155\"><\/td>\n<td><strong>vCalendar<\/strong><br \/>\n\u00c9 poss\u00edvel criar evento vCalendar por inserir o Resumo de eventos, Descri\u00e7\u00e3o de Eventos, data de in\u00edcio \/ fim, o nome da localidade.<\/td>\n<\/tr>\n<tr>\n<td width=\"110\"><img decoding=\"async\" style=\"width: 110px;height: 110px\" alt=\"Maps Qr code\" src=\"http:\/\/www.labeljoy.com\/images\/qr-code\/maps-qr-code.jpg\" width=\"155\" height=\"155\"><\/td>\n<td><strong> Maps<\/strong><br \/>\nA simples verifica\u00e7\u00e3o de QR Code pode ser associada a uma localiza\u00e7\u00e3o precisa num mapa como o mapa do Google ou Bing.<\/td>\n<\/tr>\n<tr>\n<td width=\"110\"><img decoding=\"async\" style=\"width: 110px;height: 110px\" alt=\"Text Qr code\" src=\"http:\/\/www.labeljoy.com\/images\/qr-code\/text-qr-code.jpg\" width=\"155\" height=\"155\"><\/td>\n<td><strong>Text<\/strong><br \/>\nA possibilidademenos utilizada de um QR Code \u00e9 exibir um simples texto no telefone.<\/td>\n<\/tr>\n<\/tbody>\n<\/table>\n<p>O gerador de QR permite o processo inverso: \u00e9 poss\u00edvel decodificar um texto, envi\u00e1-lo de uma forma simples e, portanto, represent\u00e1-la graficamente.<br \/>\nVeja o v\u00eddeo <a href=\"http:\/\/www.labeljoy.com\/pt-pt\/video-soporte\/gerar-codigos-barras-qrcode\/\" title=\"Gerar c\u00f3digo de barras e c\u00f3digo QR\">como criar c\u00f3digos de barras e qr code<\/a> e veja como \u00e9 f\u00e1cil gerar QR Code com o programa de c\u00f3digos de barra Labeljoy.<\/p>\n<div class=\"hr hr-dotted\">&nbsp;<\/div>\n<div class=\"one_half\">\n<p style=\"text-align: center\"><a href=\"\/pt-pt\/compra\/\" class=\"large blue tt-button\" target=\"_self\">Comprar software gerador de QR code<\/a>\n<\/div>\n<div class=\"one_half\">\n<p style=\"text-align: center\"><a href=\"\/pt-pt\/download-pt\/\" class=\"large green tt-button\" target=\"_self\"> Download vers\u00e3o gratuita <\/a>\n<\/div>\n","protected":false},"excerpt":{"rendered":"<p>QR Code Nova fronteira de comunica\u00e7\u00e3o com c\u00f3digo de barras 2D QR code C\u00f3digos QR est\u00e3o a ter cada vez mais espa\u00e7o no mundo da comunica\u00e7\u00e3o e produ\u00e7\u00e3o. Este C\u00f3digo 2D especial tem grande capacidade de armazenamento de dados e est\u00e1 dispon\u00edvel para todos. Vamos ver o que \u00e9 QR Code. Sobre QR Code Um &#8230; <a title=\"QR Code\" class=\"read-more\" href=\"https:\/\/www.labeljoy.com\/pt-pt\/qr-code-pt\/\" aria-label=\"Leia mais sobre QR Code\">Read more<\/a><\/p>\n","protected":false},"author":1,"featured_media":0,"parent":0,"menu_order":2,"comment_status":"open","ping_status":"closed","template":"","meta":{"inline_featured_image":false,"_monsterinsights_skip_tracking":false,"_monsterinsights_sitenote_active":false,"_monsterinsights_sitenote_note":"","_monsterinsights_sitenote_category":0,"footnotes":""},"class_list":{"0":"post-17844","1":"page","2":"type-page","3":"status-publish","5":"infinite-scroll-item"},"aioseo_notices":[],"_links":{"self":[{"href":"https:\/\/www.labeljoy.com\/pt-pt\/wp-json\/wp\/v2\/pages\/17844","targetHints":{"allow":["GET"]}}],"collection":[{"href":"https:\/\/www.labeljoy.com\/pt-pt\/wp-json\/wp\/v2\/pages"}],"about":[{"href":"https:\/\/www.labeljoy.com\/pt-pt\/wp-json\/wp\/v2\/types\/page"}],"author":[{"embeddable":true,"href":"https:\/\/www.labeljoy.com\/pt-pt\/wp-json\/wp\/v2\/users\/1"}],"replies":[{"embeddable":true,"href":"https:\/\/www.labeljoy.com\/pt-pt\/wp-json\/wp\/v2\/comments?post=17844"}],"version-history":[{"count":6,"href":"https:\/\/www.labeljoy.com\/pt-pt\/wp-json\/wp\/v2\/pages\/17844\/revisions"}],"predecessor-version":[{"id":36415,"href":"https:\/\/www.labeljoy.com\/pt-pt\/wp-json\/wp\/v2\/pages\/17844\/revisions\/36415"}],"wp:attachment":[{"href":"https:\/\/www.labeljoy.com\/pt-pt\/wp-json\/wp\/v2\/media?parent=17844"}],"curies":[{"name":"wp","href":"https:\/\/api.w.org\/{rel}","templated":true}]}}