{"id":17853,"date":"2013-05-22T14:28:44","date_gmt":"2013-05-22T14:28:44","guid":{"rendered":"http:\/\/www.labeljoy.com\/suporte\/guia-codigo-de-barras\/planet-code-pt\/"},"modified":"2021-01-05T16:05:38","modified_gmt":"2021-01-05T16:05:38","slug":"planet-code-pt","status":"publish","type":"page","link":"https:\/\/www.labeljoy.com\/pt-pt\/suporte\/guia-codigo-de-barras\/planet-code-pt\/","title":{"rendered":"Planet code"},"content":{"rendered":"<h1>Planet code<\/h1>\n<p>O c\u00f3digo de barras Planet \u00e9 usado no servi\u00e7o de correios dos Estados Unidos para identificar e localizar partes do correio durante a entrega &#8211; a t\u00e9cnica de codifica\u00e7\u00e3o alfa-num\u00e9rica postal.<br \/>\n<strong>S\u00edmbolos Planet codificam 12 ou 14 d\u00edgitos apenas<\/strong>, onde o \u00faltimo d\u00edgito \u00e9 um d\u00edgito de verifica\u00e7\u00e3o, calculado automaticamente pelo Labeljoy. Portanto, apenas 11 ou 13 d\u00edgitos podem ser inseridos.<\/p>\n<div class=\"tt-notification warning\"><p style=\"font-size:12px;\"><strong>Nota<\/strong>: N\u00e3o h\u00e1 nenhum texto leg\u00edvel exibido com este tipo de simbologia.<\/p><\/div>\n<div><\/div>\n<figure style=\"width: 355px\" class=\"wp-caption aligncenter\"><img decoding=\"async\" alt=\"Planet code 11 d\u00edgitos\" src=\"http:\/\/www.labeljoy.com\/images\/barcodes\/planet_code.png\" width=\"365\" height=\"19\" \/><figcaption class=\"wp-caption-text\">Codifica\u00e7\u00e3o Planet 11 d\u00edgitos + d\u00edgito de verifica\u00e7\u00e3o<\/figcaption><\/figure>\n<figure style=\"width: 414px\" class=\"wp-caption aligncenter\"><img decoding=\"async\" alt=\"Planet barcode 13 d\u00edgitos\" src=\"http:\/\/www.labeljoy.com\/images\/barcodes\/planet_barcode.png\" width=\"424\" height=\"19\" \/><figcaption class=\"wp-caption-text\">Codifica\u00e7\u00e3o Planet 13 d\u00edgitos + d\u00edgito de verifica\u00e7\u00e3o<\/figcaption><\/figure>\n<div class=\"tt-notification tip\"><p style=\"font-size:12px;\">Encadeamento de texto:<br \/>\nQuando um <strong>elemento de c\u00f3digo de barra Planet \u00e9 gerado<\/strong> por encadear campos ou contadores, aplicam-se as seguintes regras:<\/p>\n<ul class=\"barcode-ul\">\n<li>Apenas d\u00edgitos s\u00e3o permitidos.<\/li>\n<li>Somente os textos de 11 ou 13 d\u00edgitos ser\u00e3o consideradas.<\/li>\n<\/ul>\n<p>Quando um valor que n\u00e3o cumpra as regras acima for encontrado, o c\u00f3digo de barras n\u00e3o \u00e9 exibido.<br \/>\n<\/p><\/div>\n<div class=\"hr hr-dotted\">&nbsp;<\/div>\n<div class=\"one_half\">\n<p style=\"text-align: center\"><a href=\"\/pt-pt\/compra\/\" class=\"large blue tt-button\" target=\"_self\">Comprar software gerador de Planet Code<\/a>\n<\/div>\n<div class=\"one_half\">\n<p style=\"text-align: center\"><a href=\"\/pt-pt\/download-pt\/\" class=\"large green tt-button\" target=\"_self\"> Download vers\u00e3o gratuita <\/a>\n<\/div>\n","protected":false},"excerpt":{"rendered":"<p>Planet code O c\u00f3digo de barras Planet \u00e9 usado no servi\u00e7o de correios dos Estados Unidos para identificar e localizar partes do correio durante a entrega &#8211; a t\u00e9cnica de codifica\u00e7\u00e3o alfa-num\u00e9rica postal. S\u00edmbolos Planet codificam 12 ou 14 d\u00edgitos apenas, onde o \u00faltimo d\u00edgito \u00e9 um d\u00edgito de verifica\u00e7\u00e3o, calculado automaticamente pelo Labeljoy. Portanto, &#8230; <a title=\"Planet code\" class=\"read-more\" href=\"https:\/\/www.labeljoy.com\/pt-pt\/suporte\/guia-codigo-de-barras\/planet-code-pt\/\" aria-label=\"Leia mais sobre Planet code\">Read more<\/a><\/p>\n","protected":false},"author":1,"featured_media":0,"parent":3371,"menu_order":0,"comment_status":"open","ping_status":"closed","template":"page-template-left-sidebar.php","meta":{"inline_featured_image":false,"_monsterinsights_skip_tracking":false,"_monsterinsights_sitenote_active":false,"_monsterinsights_sitenote_note":"","_monsterinsights_sitenote_category":0,"footnotes":""},"class_list":{"0":"post-17853","1":"page","2":"type-page","3":"status-publish","5":"infinite-scroll-item"},"aioseo_notices":[],"_links":{"self":[{"href":"https:\/\/www.labeljoy.com\/pt-pt\/wp-json\/wp\/v2\/pages\/17853","targetHints":{"allow":["GET"]}}],"collection":[{"href":"https:\/\/www.labeljoy.com\/pt-pt\/wp-json\/wp\/v2\/pages"}],"about":[{"href":"https:\/\/www.labeljoy.com\/pt-pt\/wp-json\/wp\/v2\/types\/page"}],"author":[{"embeddable":true,"href":"https:\/\/www.labeljoy.com\/pt-pt\/wp-json\/wp\/v2\/users\/1"}],"replies":[{"embeddable":true,"href":"https:\/\/www.labeljoy.com\/pt-pt\/wp-json\/wp\/v2\/comments?post=17853"}],"version-history":[{"count":3,"href":"https:\/\/www.labeljoy.com\/pt-pt\/wp-json\/wp\/v2\/pages\/17853\/revisions"}],"predecessor-version":[{"id":35194,"href":"https:\/\/www.labeljoy.com\/pt-pt\/wp-json\/wp\/v2\/pages\/17853\/revisions\/35194"}],"up":[{"embeddable":true,"href":"https:\/\/www.labeljoy.com\/pt-pt\/wp-json\/wp\/v2\/pages\/3371"}],"wp:attachment":[{"href":"https:\/\/www.labeljoy.com\/pt-pt\/wp-json\/wp\/v2\/media?parent=17853"}],"curies":[{"name":"wp","href":"https:\/\/api.w.org\/{rel}","templated":true}]}}