{"id":24349,"date":"2015-07-14T08:38:36","date_gmt":"2015-07-14T08:38:36","guid":{"rendered":"http:\/\/www.labeljoy.com\/?page_id=24349"},"modified":"2022-12-14T13:40:26","modified_gmt":"2022-12-14T13:40:26","slug":"labeljoy-no-mac-aqui-esta-como-funciona","status":"publish","type":"page","link":"https:\/\/www.labeljoy.com\/pt-pt\/labeljoy-no-mac-aqui-esta-como-funciona\/","title":{"rendered":"Labeljoy no Mac? Aqui est\u00e1 como funciona"},"content":{"rendered":"<h1>Labeljoy no Mac? Aqui est\u00e1 como funciona<\/h1>\n<p><img decoding=\"async\" width=\"754\" height=\"438\" class=\" aligncenter\" src=\"http:\/\/www.labeljoy.com\/images\/mac\/pt\/install-labeljoy-o-mac.jpg\" alt=\"Instale Labeljoy no Mac\"><\/p>\n<p>Use o <strong>Labeljoy <\/strong>e as suas funcionalidades diretamente no <strong>Mac<\/strong>. Com o <a href=\"http:\/\/www.parallels.com\/br\/products\/desktop\/\" target=\"_blank\" rel=\"noopener\">Parallels Desktop<\/a> e o Windows poder\u00e1 usufruir de todos os recursos que o Labeljoy fornece para a cria\u00e7\u00e3o das suas etiquetas e c\u00f3digos de barras.<\/p>\n<p><a class=\"hover-item\" style=\"margin-right: 15px\" title=\"Labeljoy on Mac\" href=\"http:\/\/www.labeljoy.com\/images\/mac\/pt\/parallels-labeljoy-1.jpg\"><img decoding=\"async\" width=\"1280\" height=\"800\" src=\"http:\/\/www.labeljoy.com\/images\/mac\/pt\/parallels-labeljoy-1.jpg\" alt=\"\" width=\"300px\" border=\"0\"><\/a><a class=\"hover-item\" style=\"margin-left: 15px\" title=\"Labeljoy on Mac\" href=\"http:\/\/www.labeljoy.com\/images\/mac\/pt\/parallels-labeljoy-2.jpg\"><img decoding=\"async\" width=\"1280\" height=\"800\" src=\"http:\/\/www.labeljoy.com\/images\/mac\/pt\/parallels-labeljoy-2.jpg\" alt=\"\" width=\"300px\" border=\"0\"><\/a><\/p>\n<p>Com apenas alguns cliques pode configurar o Labeljoy e us\u00e1-lo sem qualquer limita\u00e7\u00e3o. Todas as fun\u00e7\u00f5es do software, desde a cria\u00e7\u00e3o de etiquetas at\u00e9 \u00e0 gera\u00e7\u00e3o de c\u00f3digo de barras, ser\u00e1 totalmente funcional como se executasse o software num PC com Windows.<\/p>\n<p>Al\u00e9m disso, com a licen\u00e7a do <a href=\"http:\/\/www.parallels.com\/br\/products\/desktop\/\" target=\"_blank\" rel=\"noopener\">Parallels Desktop<\/a> e um Windows poder\u00e1 instalar e usar sem problemas as suas aplica\u00e7\u00f5es favoritas do Windows diretamente no seu Mac OS X.<\/p>\n<div style=\"text-align: center\"><a class=\"jumbo green tt-button\" style=\"margin-top: 15px\" href=\"\/download\/\" target=\"_self\" rel=\"noopener\">Fa\u00e7a download do Labeljoy Agora<\/a><\/div>\n","protected":false},"excerpt":{"rendered":"<p>Labeljoy no Mac? Aqui est\u00e1 como funciona Use o Labeljoy e as suas funcionalidades diretamente no Mac. Com o Parallels Desktop e o Windows poder\u00e1 usufruir de todos os recursos que o Labeljoy fornece para a cria\u00e7\u00e3o das suas etiquetas e c\u00f3digos de barras. Com apenas alguns cliques pode configurar o Labeljoy e us\u00e1-lo sem &#8230; <a title=\"Labeljoy no Mac? Aqui est\u00e1 como funciona\" class=\"read-more\" href=\"https:\/\/www.labeljoy.com\/pt-pt\/labeljoy-no-mac-aqui-esta-como-funciona\/\" aria-label=\"Leia mais sobre Labeljoy no Mac? Aqui est\u00e1 como funciona\">Read more<\/a><\/p>\n","protected":false},"author":1,"featured_media":0,"parent":0,"menu_order":2,"comment_status":"open","ping_status":"closed","template":"","meta":{"inline_featured_image":false,"_monsterinsights_skip_tracking":false,"_monsterinsights_sitenote_active":false,"_monsterinsights_sitenote_note":"","_monsterinsights_sitenote_category":0,"footnotes":""},"class_list":{"0":"post-24349","1":"page","2":"type-page","3":"status-publish","5":"infinite-scroll-item"},"aioseo_notices":[],"_links":{"self":[{"href":"https:\/\/www.labeljoy.com\/pt-pt\/wp-json\/wp\/v2\/pages\/24349","targetHints":{"allow":["GET"]}}],"collection":[{"href":"https:\/\/www.labeljoy.com\/pt-pt\/wp-json\/wp\/v2\/pages"}],"about":[{"href":"https:\/\/www.labeljoy.com\/pt-pt\/wp-json\/wp\/v2\/types\/page"}],"author":[{"embeddable":true,"href":"https:\/\/www.labeljoy.com\/pt-pt\/wp-json\/wp\/v2\/users\/1"}],"replies":[{"embeddable":true,"href":"https:\/\/www.labeljoy.com\/pt-pt\/wp-json\/wp\/v2\/comments?post=24349"}],"version-history":[{"count":5,"href":"https:\/\/www.labeljoy.com\/pt-pt\/wp-json\/wp\/v2\/pages\/24349\/revisions"}],"predecessor-version":[{"id":39496,"href":"https:\/\/www.labeljoy.com\/pt-pt\/wp-json\/wp\/v2\/pages\/24349\/revisions\/39496"}],"wp:attachment":[{"href":"https:\/\/www.labeljoy.com\/pt-pt\/wp-json\/wp\/v2\/media?parent=24349"}],"curies":[{"name":"wp","href":"https:\/\/api.w.org\/{rel}","templated":true}]}}