{"id":24354,"date":"2015-07-14T08:52:44","date_gmt":"2015-07-14T08:52:44","guid":{"rendered":"http:\/\/www.labeljoy.com\/?page_id=24354"},"modified":"2025-03-03T09:05:30","modified_gmt":"2025-03-03T09:05:30","slug":"contadores-incrementais","status":"publish","type":"page","link":"https:\/\/www.labeljoy.com\/pt-pt\/suporte\/como-fazer\/contadores-incrementais\/","title":{"rendered":"Contadores incrementais"},"content":{"rendered":"<p>Uma das caracter\u00edsticas do <a title=\"Gerador de c\u00f3digos de barras online\" href=\"https:\/\/www.labeljoy.com\/gerador-de-codigos-de-barras-online\/\">gerador de c\u00f3digo de barras<\/a> Labeljoy \u00e9 <strong>criar contadores elementares<\/strong>: c\u00f3digos din\u00e2micos que gradualmente aumentam seguindo par\u00e2metros que voc\u00ea definiu.<\/p>\n<h2>Crie centenas de c\u00f3digos de barras automaticamente<\/h2>\n<p>Com os nossos contadores incrementais pode <strong>imprimir centenas de c\u00f3digos de barras sem necessidade de escrev\u00ea-los \u00e0 m\u00e3o<\/strong>: o Labeljoy ir\u00e1 gerar os contadores para voc\u00ea, seguindo suas instru\u00e7\u00f5es. Tipo de contador (decimal, alfanum\u00e9rico, hexadecimal), o incremento (o valor pelo qual o contador ser\u00e1 aumentado), quantas vezes pode ser repetido: esses s\u00e3o apenas alguns dos par\u00e2metros que pode facilmente configurar.<\/p>\n<p>Pode <strong>exportar esses c\u00f3digos de barras para o formato que escolher<\/strong> (PDF, JPG, PNG ou TIFF, por exemplo) ou <strong>imprimi-los diretamente nas suas etiquetas<\/strong>.<\/p>\n<h3>Como usar o contador incremental<\/h3>\n<p>Este tutorial explica como criar etiquetas com c\u00f3digo de barras em s\u00e9rie <strong>sem escrever c\u00f3digos manualmente<\/strong>.<\/p>\n<p>1) Clique duas vezes no c\u00f3digo de barras.<\/p>\n<p><a href=\"https:\/\/www.labeljoy.com\/wp-content\/uploads\/2025\/03\/1-Clique-duas-vezes-no-codigo-de-barras.-Imgur-1024x609.png\"><img decoding=\"async\" class=\"alignnone wp-image-43185 size-large\" src=\"https:\/\/www.labeljoy.com\/wp-content\/uploads\/2025\/03\/1-Clique-duas-vezes-no-codigo-de-barras.-Imgur-1024x609.png\" alt=\"1) Clique duas vezes no c\u00f3digo de barras. - Imgur\" width=\"1024\" height=\"609\" srcset=\"https:\/\/www.labeljoy.com\/wp-content\/uploads\/2025\/03\/1-Clique-duas-vezes-no-codigo-de-barras.-Imgur-1024x609.png 1024w, https:\/\/www.labeljoy.com\/wp-content\/uploads\/2025\/03\/1-Clique-duas-vezes-no-codigo-de-barras.-Imgur-300x178.png 300w, https:\/\/www.labeljoy.com\/wp-content\/uploads\/2025\/03\/1-Clique-duas-vezes-no-codigo-de-barras.-Imgur-768x457.png 768w, https:\/\/www.labeljoy.com\/wp-content\/uploads\/2025\/03\/1-Clique-duas-vezes-no-codigo-de-barras.-Imgur-1536x914.png 1536w, https:\/\/www.labeljoy.com\/wp-content\/uploads\/2025\/03\/1-Clique-duas-vezes-no-codigo-de-barras.-Imgur.png 1920w\" sizes=\"(max-width: 1024px) 100vw, 1024px\" \/><\/a><\/p>\n<h4>Partes fixas + din\u00e2micas<\/h4>\n<p>2) Neste caso, foi inserida uma parte fixa (00000) e uma parte din\u00e2mica clicando no <strong>\u00edcone Contador<\/strong>.<\/p>\n<p><a href=\"https:\/\/www.labeljoy.com\/wp-content\/uploads\/2025\/03\/2-Neste-caso-foi-inserida-uma-parte-fixa-00000-e-uma-parte-dinamica-clicando-no-icone-Contador.-Imgur.png\"><img decoding=\"async\" class=\"alignnone wp-image-43176 size-full\" src=\"https:\/\/www.labeljoy.com\/wp-content\/uploads\/2025\/03\/2-Neste-caso-foi-inserida-uma-parte-fixa-00000-e-uma-parte-dinamica-clicando-no-icone-Contador.-Imgur.png\" alt=\"2) Neste caso, foi inserida uma parte fixa (00000) e uma parte din\u00e2mica clicando no \u00edcone Contador. - Imgur\" width=\"865\" height=\"737\" srcset=\"https:\/\/www.labeljoy.com\/wp-content\/uploads\/2025\/03\/2-Neste-caso-foi-inserida-uma-parte-fixa-00000-e-uma-parte-dinamica-clicando-no-icone-Contador.-Imgur.png 865w, https:\/\/www.labeljoy.com\/wp-content\/uploads\/2025\/03\/2-Neste-caso-foi-inserida-uma-parte-fixa-00000-e-uma-parte-dinamica-clicando-no-icone-Contador.-Imgur-300x256.png 300w, https:\/\/www.labeljoy.com\/wp-content\/uploads\/2025\/03\/2-Neste-caso-foi-inserida-uma-parte-fixa-00000-e-uma-parte-dinamica-clicando-no-icone-Contador.-Imgur-768x654.png 768w\" sizes=\"(max-width: 865px) 100vw, 865px\" \/><\/a><\/p>\n<p>3) Clique em <em>Contador 0-9<\/em> para abrir a janela de configura\u00e7\u00e3o.<\/p>\n<p><a href=\"https:\/\/www.labeljoy.com\/wp-content\/uploads\/2025\/03\/3-Clique-em-Contador-0-9-para-abrir-a-janela-de-configuracao.-Imgur.png\"><img decoding=\"async\" class=\"alignnone wp-image-43167 size-full\" src=\"https:\/\/www.labeljoy.com\/wp-content\/uploads\/2025\/03\/3-Clique-em-Contador-0-9-para-abrir-a-janela-de-configuracao.-Imgur.png\" alt=\"3) Clique em Contador 0-9 para abrir a janela de configura\u00e7\u00e3o. - Imgur\" width=\"865\" height=\"739\" srcset=\"https:\/\/www.labeljoy.com\/wp-content\/uploads\/2025\/03\/3-Clique-em-Contador-0-9-para-abrir-a-janela-de-configuracao.-Imgur.png 865w, https:\/\/www.labeljoy.com\/wp-content\/uploads\/2025\/03\/3-Clique-em-Contador-0-9-para-abrir-a-janela-de-configuracao.-Imgur-300x256.png 300w, https:\/\/www.labeljoy.com\/wp-content\/uploads\/2025\/03\/3-Clique-em-Contador-0-9-para-abrir-a-janela-de-configuracao.-Imgur-768x656.png 768w\" sizes=\"(max-width: 865px) 100vw, 865px\" \/><\/a><\/p>\n<p>4) A janela Modificar contador permite modificar algumas propriedades <a href=\"http:\/\/www.labeljoy.com\/help\/manage-counters\/\" target=\"_blank\" rel=\"noopener\">(mais detalhes aqui)<\/a><\/p>\n<p><a href=\"https:\/\/www.labeljoy.com\/wp-content\/uploads\/2025\/03\/4-A-janela-Modificar-contador-permite-modificar-algumas-propriedades-mais-detalhes-aqui-Imgur.png\"><img decoding=\"async\" class=\"alignnone wp-image-43158 size-full\" src=\"https:\/\/www.labeljoy.com\/wp-content\/uploads\/2025\/03\/4-A-janela-Modificar-contador-permite-modificar-algumas-propriedades-mais-detalhes-aqui-Imgur.png\" alt=\"4) A janela Modificar contador permite modificar algumas propriedades (mais detalhes aqui) - Imgur\" width=\"862\" height=\"737\" srcset=\"https:\/\/www.labeljoy.com\/wp-content\/uploads\/2025\/03\/4-A-janela-Modificar-contador-permite-modificar-algumas-propriedades-mais-detalhes-aqui-Imgur.png 862w, https:\/\/www.labeljoy.com\/wp-content\/uploads\/2025\/03\/4-A-janela-Modificar-contador-permite-modificar-algumas-propriedades-mais-detalhes-aqui-Imgur-300x256.png 300w, https:\/\/www.labeljoy.com\/wp-content\/uploads\/2025\/03\/4-A-janela-Modificar-contador-permite-modificar-algumas-propriedades-mais-detalhes-aqui-Imgur-768x657.png 768w\" sizes=\"(max-width: 862px) 100vw, 862px\" \/><\/a><\/p>\n<p>5) Clique em OK: <strong>c\u00f3digos de barras s\u00e3o gerados automaticamente!<\/strong><\/p>\n<p><a href=\"https:\/\/www.labeljoy.com\/wp-content\/uploads\/2025\/03\/5-Clique-em-OK-codigos-de-barras-sao-gerados-automaticamente-Imgur-1024x751.png\"><img decoding=\"async\" class=\"alignnone wp-image-43149 size-large\" src=\"https:\/\/www.labeljoy.com\/wp-content\/uploads\/2025\/03\/5-Clique-em-OK-codigos-de-barras-sao-gerados-automaticamente-Imgur-1024x751.png\" alt=\"5) Clique em OK c\u00f3digos de barras s\u00e3o gerados automaticamente - Imgur\" width=\"1024\" height=\"751\" srcset=\"https:\/\/www.labeljoy.com\/wp-content\/uploads\/2025\/03\/5-Clique-em-OK-codigos-de-barras-sao-gerados-automaticamente-Imgur-1024x751.png 1024w, https:\/\/www.labeljoy.com\/wp-content\/uploads\/2025\/03\/5-Clique-em-OK-codigos-de-barras-sao-gerados-automaticamente-Imgur-300x220.png 300w, https:\/\/www.labeljoy.com\/wp-content\/uploads\/2025\/03\/5-Clique-em-OK-codigos-de-barras-sao-gerados-automaticamente-Imgur-768x563.png 768w, https:\/\/www.labeljoy.com\/wp-content\/uploads\/2025\/03\/5-Clique-em-OK-codigos-de-barras-sao-gerados-automaticamente-Imgur.png 1434w\" sizes=\"(max-width: 1024px) 100vw, 1024px\" \/><\/a><\/p>\n<hr style=\"margin: 20px 0;\" \/>\n<h4>Concatenar v\u00e1rios contadores incrementais<\/h4>\n<p><a href=\"https:\/\/www.labeljoy.com\/wp-content\/uploads\/2025\/03\/Concatenar-varios-contadores-incrementais-Imgur.png\"><img decoding=\"async\" class=\"alignnone wp-image-43140 size-full\" src=\"https:\/\/www.labeljoy.com\/wp-content\/uploads\/2025\/03\/Concatenar-varios-contadores-incrementais-Imgur.png\" alt=\"Concatenar v\u00e1rios contadores incrementais - Imgur\" width=\"870\" height=\"738\" srcset=\"https:\/\/www.labeljoy.com\/wp-content\/uploads\/2025\/03\/Concatenar-varios-contadores-incrementais-Imgur.png 870w, https:\/\/www.labeljoy.com\/wp-content\/uploads\/2025\/03\/Concatenar-varios-contadores-incrementais-Imgur-300x254.png 300w, https:\/\/www.labeljoy.com\/wp-content\/uploads\/2025\/03\/Concatenar-varios-contadores-incrementais-Imgur-768x651.png 768w\" sizes=\"(max-width: 870px) 100vw, 870px\" \/><\/a><\/p>\n<p>1) Definir <strong>Contador Decimal<\/strong>.<\/p>\n<p><a href=\"https:\/\/www.labeljoy.com\/wp-content\/uploads\/2025\/03\/1-Definir-Contador-Decimal.-Imgur.png\"><img decoding=\"async\" class=\"alignnone wp-image-43131 size-full\" src=\"https:\/\/www.labeljoy.com\/wp-content\/uploads\/2025\/03\/1-Definir-Contador-Decimal.-Imgur.png\" alt=\"1) Definir Contador Decimal. - Imgur\" width=\"864\" height=\"736\" srcset=\"https:\/\/www.labeljoy.com\/wp-content\/uploads\/2025\/03\/1-Definir-Contador-Decimal.-Imgur.png 864w, https:\/\/www.labeljoy.com\/wp-content\/uploads\/2025\/03\/1-Definir-Contador-Decimal.-Imgur-300x256.png 300w, https:\/\/www.labeljoy.com\/wp-content\/uploads\/2025\/03\/1-Definir-Contador-Decimal.-Imgur-768x654.png 768w\" sizes=\"(max-width: 864px) 100vw, 864px\" \/><\/a><\/p>\n<p>2) Definir <strong>Contador Alfab\u00e9tico em Mai\u00fasculas<\/strong>.<\/p>\n<p><a href=\"https:\/\/www.labeljoy.com\/wp-content\/uploads\/2025\/03\/2-Definir-Contador-Alfabetico-em-Maiusculas.-Imgur.png\"><img decoding=\"async\" class=\"alignnone wp-image-43122 size-full\" src=\"https:\/\/www.labeljoy.com\/wp-content\/uploads\/2025\/03\/2-Definir-Contador-Alfabetico-em-Maiusculas.-Imgur.png\" alt=\"2) Definir Contador Alfab\u00e9tico em Mai\u00fasculas. - Imgur\" width=\"868\" height=\"742\" srcset=\"https:\/\/www.labeljoy.com\/wp-content\/uploads\/2025\/03\/2-Definir-Contador-Alfabetico-em-Maiusculas.-Imgur.png 868w, https:\/\/www.labeljoy.com\/wp-content\/uploads\/2025\/03\/2-Definir-Contador-Alfabetico-em-Maiusculas.-Imgur-300x256.png 300w, https:\/\/www.labeljoy.com\/wp-content\/uploads\/2025\/03\/2-Definir-Contador-Alfabetico-em-Maiusculas.-Imgur-768x657.png 768w\" sizes=\"(max-width: 868px) 100vw, 868px\" \/><\/a><\/p>\n<p><span style=\"font-weight: 400;\">3) <strong>Aqui est\u00e3o seus c\u00f3digos de barras<\/strong><\/span><\/p>\n<p><a href=\"https:\/\/www.labeljoy.com\/wp-content\/uploads\/2025\/03\/3.-Aqui-estao-seus-codigos-de-barras-Imgur-1024x752.png\"><img decoding=\"async\" class=\"alignnone wp-image-43113 size-large\" src=\"https:\/\/www.labeljoy.com\/wp-content\/uploads\/2025\/03\/3.-Aqui-estao-seus-codigos-de-barras-Imgur-1024x752.png\" alt=\"3. Aqui est\u00e3o seus c\u00f3digos de barras - Imgur\" width=\"1024\" height=\"752\" srcset=\"https:\/\/www.labeljoy.com\/wp-content\/uploads\/2025\/03\/3.-Aqui-estao-seus-codigos-de-barras-Imgur-1024x752.png 1024w, https:\/\/www.labeljoy.com\/wp-content\/uploads\/2025\/03\/3.-Aqui-estao-seus-codigos-de-barras-Imgur-300x220.png 300w, https:\/\/www.labeljoy.com\/wp-content\/uploads\/2025\/03\/3.-Aqui-estao-seus-codigos-de-barras-Imgur-768x564.png 768w, https:\/\/www.labeljoy.com\/wp-content\/uploads\/2025\/03\/3.-Aqui-estao-seus-codigos-de-barras-Imgur.png 1437w\" sizes=\"(max-width: 1024px) 100vw, 1024px\" \/><\/a><\/p>\n<div class=\"also-like\">\n<p><strong>Pode tamb\u00e9m achar interessante:<\/strong><\/p>\n<ul>\n<li><a title=\"Guia: gerir contadores\" href=\"http:\/\/www.labeljoy.com\/help\/manage-counters\/\">Guia: gerir contadores<\/a><\/li>\n<li><a title=\"Video contadores inrementais\" href=\"http:\/\/www.labeljoy.com\/pt-pt\/video-soporte\/contadores-incrementais\/\">Video: contadores inrementais<\/a><\/li>\n<\/ul>\n<\/div>\n","protected":false},"excerpt":{"rendered":"<p>Uma das caracter\u00edsticas do gerador de c\u00f3digo de barras Labeljoy \u00e9 criar contadores elementares: c\u00f3digos din\u00e2micos que gradualmente aumentam seguindo par\u00e2metros que voc\u00ea definiu. Crie centenas de c\u00f3digos de barras automaticamente Com os nossos contadores incrementais pode imprimir centenas de c\u00f3digos de barras sem necessidade de escrev\u00ea-los \u00e0 m\u00e3o: o Labeljoy ir\u00e1 gerar os contadores &#8230; <a title=\"Contadores incrementais\" class=\"read-more\" href=\"https:\/\/www.labeljoy.com\/pt-pt\/suporte\/como-fazer\/contadores-incrementais\/\" aria-label=\"Leia mais sobre Contadores incrementais\">Read more<\/a><\/p>\n","protected":false},"author":1,"featured_media":0,"parent":3366,"menu_order":0,"comment_status":"closed","ping_status":"closed","template":"","meta":{"inline_featured_image":false,"_monsterinsights_skip_tracking":false,"_monsterinsights_sitenote_active":false,"_monsterinsights_sitenote_note":"","_monsterinsights_sitenote_category":0,"footnotes":""},"class_list":{"0":"post-24354","1":"page","2":"type-page","3":"status-publish","5":"infinite-scroll-item"},"aioseo_notices":[],"_links":{"self":[{"href":"https:\/\/www.labeljoy.com\/pt-pt\/wp-json\/wp\/v2\/pages\/24354","targetHints":{"allow":["GET"]}}],"collection":[{"href":"https:\/\/www.labeljoy.com\/pt-pt\/wp-json\/wp\/v2\/pages"}],"about":[{"href":"https:\/\/www.labeljoy.com\/pt-pt\/wp-json\/wp\/v2\/types\/page"}],"author":[{"embeddable":true,"href":"https:\/\/www.labeljoy.com\/pt-pt\/wp-json\/wp\/v2\/users\/1"}],"replies":[{"embeddable":true,"href":"https:\/\/www.labeljoy.com\/pt-pt\/wp-json\/wp\/v2\/comments?post=24354"}],"version-history":[{"count":11,"href":"https:\/\/www.labeljoy.com\/pt-pt\/wp-json\/wp\/v2\/pages\/24354\/revisions"}],"predecessor-version":[{"id":43197,"href":"https:\/\/www.labeljoy.com\/pt-pt\/wp-json\/wp\/v2\/pages\/24354\/revisions\/43197"}],"up":[{"embeddable":true,"href":"https:\/\/www.labeljoy.com\/pt-pt\/wp-json\/wp\/v2\/pages\/3366"}],"wp:attachment":[{"href":"https:\/\/www.labeljoy.com\/pt-pt\/wp-json\/wp\/v2\/media?parent=24354"}],"curies":[{"name":"wp","href":"https:\/\/api.w.org\/{rel}","templated":true}]}}