{"id":24365,"date":"2015-07-14T09:57:59","date_gmt":"2015-07-14T09:57:59","guid":{"rendered":"http:\/\/www.labeljoy.com\/?page_id=24365"},"modified":"2015-07-20T08:19:13","modified_gmt":"2015-07-20T08:19:13","slug":"identificadores-de-aplicacao-ia-gs1-128","status":"publish","type":"page","link":"https:\/\/www.labeljoy.com\/pt-pt\/suporte\/como-fazer\/identificadores-de-aplicacao-ia-gs1-128\/","title":{"rendered":"Identificadores de Aplica\u00e7\u00e3o (IA) &#8211; GS1 128"},"content":{"rendered":"<h1>Identificadores de Aplica\u00e7\u00e3o (IA) &#8211; GS1 128<\/h1>\n<p>Com o sistema de formata\u00e7\u00e3o <a href=\"http:\/\/www.labeljoy.com\/pt-pt\/suporte\/guia-codigo-de-barras\/gs1-128-pt\/\">GS1-128<\/a> \u00e9 inserido o IA (<strong>Identificador de Aplica\u00e7\u00e3o<\/strong>). \u00c9 um n\u00famero no in\u00edcio de uma cadeia de dados para <strong>reportar \u00e0 aplica\u00e7\u00e3o o que est\u00e1 a ser lido<\/strong>.<\/p>\n<p>Por exemplo, pode codificar o peso de 35,97 kg com um c\u00f3digo de barras padr\u00e3o usando o c\u00f3digo 3597, mas durante a leitura n\u00e3o somos capazes de saber se o que est\u00e1 ser lido \u00e9 um peso, um tempo, um pre\u00e7o ou outra coisa. Na pr\u00e1tica, a aplica\u00e7\u00e3o n\u00e3o \u00e9 capaz de saber o que est\u00e1 a ler. Os <em>Identificadores de Aplica\u00e7\u00e3o<\/em> resolvem este problema.<\/p>\n<p>As <strong>especifica\u00e7\u00f5es GS1<\/strong> definem v\u00e1rios IA, como n\u00fameros de s\u00e9rie ou data de validade.<\/p>\n<div class=\"hr hr-solid\"><\/div>\n<h2>Tabela de Identificadores de Aplica\u00e7\u00e3o GS1<\/h2>\n<p>A <strong>tabela a seguir cont\u00e9m uma lista de IA v\u00e1lidos<\/strong> (Identificadores de Aplica\u00e7\u00e3o). Alguns IA s\u00e3o seguidos por um &#8220;n&#8221; ou um &#8220;y&#8221;: isto significa que o IA pode ser adicionado a um \u00fanico d\u00edgito com os seguintes significados:<\/p>\n<ul>\n<li>n: um \u00fanico d\u00edgito que indica o <strong>comprimento do campo de dados<\/strong>.<\/li>\n<li>y: um \u00fanico d\u00edgito que indica o <strong>n\u00famero de casas decimais<\/strong>.<\/li>\n<\/ul>\n<p>&nbsp;<\/p>\n<table class=\"tabellabordi\">\n<tbody>\n<tr style=\"background-color: #f2f2f2;text-align: center;font-weight: bold\">\n<td>C\u00f3digo<\/td>\n<td>Descri\u00e7\u00e3o<\/td>\n<td style=\"width: 100px\">Tamanho dos dados<br \/>\n<span style=\"font-size: 10px\">(sem IA)<\/span><\/td>\n<\/tr>\n<tr>\n<td>00<\/td>\n<td>Serial Shipping Container Code (SSCC)<\/td>\n<td>18<\/td>\n<\/tr>\n<tr>\n<td>01<\/td>\n<td>Global Trade Item Number (GTIN)<\/td>\n<td>14<\/td>\n<\/tr>\n<tr>\n<td>02<\/td>\n<td>GTIN of Contained Trade Items<\/td>\n<td>14<\/td>\n<\/tr>\n<tr>\n<td>10<\/td>\n<td>Batch\/Lot Number<\/td>\n<td>variable, up to 20<\/td>\n<\/tr>\n<tr>\n<td>11<\/td>\n<td>Production Date<\/td>\n<td>6<\/td>\n<\/tr>\n<tr>\n<td>12<\/td>\n<td>Due Date<\/td>\n<td>6<\/td>\n<\/tr>\n<tr>\n<td>13<\/td>\n<td>Packaging Date<\/td>\n<td>6<\/td>\n<\/tr>\n<tr>\n<td>15<\/td>\n<td>Best Before Date (YYMMDD)<\/td>\n<td>6<\/td>\n<\/tr>\n<tr>\n<td>17<\/td>\n<td>Expiration Date<\/td>\n<td>6<\/td>\n<\/tr>\n<tr>\n<td>20<\/td>\n<td>Product Variant<\/td>\n<td>2<\/td>\n<\/tr>\n<tr>\n<td>21<\/td>\n<td>Serial Number<\/td>\n<td>variable, up to 20<\/td>\n<\/tr>\n<tr>\n<td>22<\/td>\n<td>Secondary Data Fields<\/td>\n<td>variable, up to 29<\/td>\n<\/tr>\n<tr>\n<td>23n<\/td>\n<td>Lot number <i>n<\/i><\/td>\n<td>variable, up to 19<\/td>\n<\/tr>\n<tr>\n<td>240<\/td>\n<td>Additional Product Identification<\/td>\n<td>variable, up to 30<\/td>\n<\/tr>\n<tr>\n<td>241<\/td>\n<td>Customer Part Number<\/td>\n<td>variable, up to 30<\/td>\n<\/tr>\n<tr>\n<td>242<\/td>\n<td>Made-to-Order Variation Number<\/td>\n<td>variable, up to 6<\/td>\n<\/tr>\n<tr>\n<td>250<\/td>\n<td>Secondary Serial Number<\/td>\n<td>variable, up to 30<\/td>\n<\/tr>\n<tr>\n<td>251<\/td>\n<td>Reference to Source Entity<\/td>\n<td>variable, up to 30<\/td>\n<\/tr>\n<tr>\n<td>253<\/td>\n<td>Global Document Type Identifier<\/td>\n<td>variable, 13F17<\/td>\n<\/tr>\n<tr>\n<td>254<\/td>\n<td>GLN Extension Component<\/td>\n<td>variable, up to 20<\/td>\n<\/tr>\n<tr>\n<td>30<\/td>\n<td>Count of items<\/td>\n<td>variable, up to 8<\/td>\n<\/tr>\n<tr>\n<td>310y<\/td>\n<td>Product Net Weight in kg<\/td>\n<td>6<\/td>\n<\/tr>\n<tr>\n<td>311y<\/td>\n<td>Product Length\/1st Dimension, in meters<\/td>\n<td>6<\/td>\n<\/tr>\n<tr>\n<td>312y<\/td>\n<td>Product Width\/Diameter\/2nd Dimension, in meters<\/td>\n<td>6<\/td>\n<\/tr>\n<tr>\n<td>313y<\/td>\n<td>Product Depth\/Thickness\/Height\/3rd Dimension, in meters<\/td>\n<td>6<\/td>\n<\/tr>\n<tr>\n<td>314y<\/td>\n<td>Product Area, in square meters<\/td>\n<td>6<\/td>\n<\/tr>\n<tr>\n<td>315y<\/td>\n<td>Product Net Volume, in liters<\/td>\n<td>6<\/td>\n<\/tr>\n<tr>\n<td>316y<\/td>\n<td>Product Net Volume, in cubic meters<\/td>\n<td>6<\/td>\n<\/tr>\n<tr>\n<td>320y<\/td>\n<td>Product Net Weight, in pounds<\/td>\n<td>6<\/td>\n<\/tr>\n<tr>\n<td>321y<\/td>\n<td>Product Length\/1st Dimension, in inches<\/td>\n<td>6<\/td>\n<\/tr>\n<tr>\n<td>322y<\/td>\n<td>Product Length\/1st Dimension, in feet<\/td>\n<td>6<\/td>\n<\/tr>\n<tr>\n<td>323y<\/td>\n<td>Product Length\/1st Dimension, in yards<\/td>\n<td>6<\/td>\n<\/tr>\n<tr>\n<td>324y<\/td>\n<td>Product Width\/Diameter\/2nd Dimension, in inches<\/td>\n<td>6<\/td>\n<\/tr>\n<tr>\n<td>325y<\/td>\n<td>Product Width\/Diameter\/2nd Dimension, in feet<\/td>\n<td>6<\/td>\n<\/tr>\n<tr>\n<td>326y<\/td>\n<td>Product Width\/Diameter\/2nd Dimension, in yards<\/td>\n<td>6<\/td>\n<\/tr>\n<tr>\n<td>327y<\/td>\n<td>Product Depth\/Thickness\/Height\/3rd Dimension, in inches<\/td>\n<td>6<\/td>\n<\/tr>\n<tr>\n<td>328y<\/td>\n<td>Product Depth\/Thickness\/Height\/3rd Dimension, in feet<\/td>\n<td>6<\/td>\n<\/tr>\n<tr>\n<td>329y<\/td>\n<td>Product Depth\/Thickness\/3rd Dimension, in yards<\/td>\n<td>6<\/td>\n<\/tr>\n<tr>\n<td>330y<\/td>\n<td>Container Gross Weight (kg)<\/td>\n<td>6<\/td>\n<\/tr>\n<tr>\n<td>331y<\/td>\n<td>Container Length\/1st Dimension (Meters)<\/td>\n<td>6<\/td>\n<\/tr>\n<tr>\n<td>332y<\/td>\n<td>Container Width\/Diameter\/2nd Dimension (Meters)<\/td>\n<td>6<\/td>\n<\/tr>\n<tr>\n<td>333y<\/td>\n<td>Container Depth\/Thickness\/3rd Dimension (Meters)<\/td>\n<td>6<\/td>\n<\/tr>\n<tr>\n<td>334y<\/td>\n<td>Container Area (Square Meters)<\/td>\n<td>6<\/td>\n<\/tr>\n<tr>\n<td>335y<\/td>\n<td>Container Gross Volume (Liters)<\/td>\n<td>6<\/td>\n<\/tr>\n<tr>\n<td>336y<\/td>\n<td>Container Gross Volume (Cubic Meters)<\/td>\n<td>6<\/td>\n<\/tr>\n<tr>\n<td>340y<\/td>\n<td>Container Gross Weight (Pounds)<\/td>\n<td>6<\/td>\n<\/tr>\n<tr>\n<td>341y<\/td>\n<td>Container Length\/1st Dimension, in inches<\/td>\n<td>6<\/td>\n<\/tr>\n<tr>\n<td>342y<\/td>\n<td>Container Length\/1st Dimension, in feet<\/td>\n<td>6<\/td>\n<\/tr>\n<tr>\n<td>343y<\/td>\n<td>Container Length\/1st Dimension in, in yards<\/td>\n<td>6<\/td>\n<\/tr>\n<tr>\n<td>344y<\/td>\n<td>Container Width\/Diameter\/2nd Dimension, in inches<\/td>\n<td>6<\/td>\n<\/tr>\n<tr>\n<td>345y<\/td>\n<td>Container Width\/Diameter\/2nd Dimension, in feet<\/td>\n<td>6<\/td>\n<\/tr>\n<tr>\n<td>346y<\/td>\n<td>Container Width\/Diameter\/2nd Dimension, in yards<\/td>\n<td>6<\/td>\n<\/tr>\n<tr>\n<td>347y<\/td>\n<td>Container Depth\/Thickness\/Height\/3rd Dimension, in inches<\/td>\n<td>6<\/td>\n<\/tr>\n<tr>\n<td>348y<\/td>\n<td>Container Depth\/Thickness\/Height\/3rd Dimension, in feet<\/td>\n<td>6<\/td>\n<\/tr>\n<tr>\n<td>349y<\/td>\n<td>Container Depth\/Thickness\/Height\/3rd Dimension, in yards<\/td>\n<td>6<\/td>\n<\/tr>\n<tr>\n<td>350y<\/td>\n<td>Product Area (Square Inches)<\/td>\n<td>6<\/td>\n<\/tr>\n<tr>\n<td>351y<\/td>\n<td>Product Area (Square Feet)<\/td>\n<td>6<\/td>\n<\/tr>\n<tr>\n<td>352y<\/td>\n<td>Product Area (Square Yards)<\/td>\n<td>6<\/td>\n<\/tr>\n<tr>\n<td>353y<\/td>\n<td>Container Area (Square Inches)<\/td>\n<td>6<\/td>\n<\/tr>\n<tr>\n<td>354y<\/td>\n<td>Container Area (Square Feet)<\/td>\n<td>6<\/td>\n<\/tr>\n<tr>\n<td>355y<\/td>\n<td>Container Area (Square Yards)<\/td>\n<td>6<\/td>\n<\/tr>\n<tr>\n<td>356y<\/td>\n<td>Net Weight (Troy Ounces)<\/td>\n<td>6<\/td>\n<\/tr>\n<tr>\n<td>357y<\/td>\n<td>Net Weight\/Volume (Ounces)<\/td>\n<td>6<\/td>\n<\/tr>\n<tr>\n<td>360y<\/td>\n<td>Product Volume (Quarts)<\/td>\n<td>6<\/td>\n<\/tr>\n<tr>\n<td>361y<\/td>\n<td>Product Volume (Gallons)<\/td>\n<td>6<\/td>\n<\/tr>\n<tr>\n<td>362y<\/td>\n<td>Container Gross Volume (Quarts)<\/td>\n<td>6<\/td>\n<\/tr>\n<tr>\n<td>363y<\/td>\n<td>Container Gross Volume (U.S. Gallons)<\/td>\n<td>6<\/td>\n<\/tr>\n<tr>\n<td>364y<\/td>\n<td>Product Volume (Cubic Inches)<\/td>\n<td>6<\/td>\n<\/tr>\n<tr>\n<td>365y<\/td>\n<td>Product Volume (Cubic Feet)<\/td>\n<td>6<\/td>\n<\/tr>\n<tr>\n<td>366y<\/td>\n<td>Product Volume (Cubic Yards)<\/td>\n<td>6<\/td>\n<\/tr>\n<tr>\n<td>367y<\/td>\n<td>Container Gross Volume (Cubic Inches)<\/td>\n<td>6<\/td>\n<\/tr>\n<tr>\n<td>368y<\/td>\n<td>Container Gross Volume (Cubic Feet)<\/td>\n<td>6<\/td>\n<\/tr>\n<tr>\n<td>369y<\/td>\n<td>Container Gross Volume (Cubic Yards)<\/td>\n<td>6<\/td>\n<\/tr>\n<tr>\n<td>37<\/td>\n<td>Number of Units Contained<\/td>\n<td>variable, up to 8<\/td>\n<\/tr>\n<tr>\n<td>390y<\/td>\n<td>Amount payable (local currency)<\/td>\n<td>variable, up to 15<\/td>\n<\/tr>\n<tr>\n<td>391y<\/td>\n<td>Amount payable (with ISO currency code)<\/td>\n<td>variable, 3\u201318<\/td>\n<\/tr>\n<tr>\n<td>392y<\/td>\n<td>Amount payable per single item (local currency)<\/td>\n<td>variable, up to 15<\/td>\n<\/tr>\n<tr>\n<td>393y<\/td>\n<td>Amount payable per single item (with ISO currency code)<\/td>\n<td>variable, 3\u201318<\/td>\n<\/tr>\n<tr>\n<td>400<\/td>\n<td>Customer Purchase Order Number<\/td>\n<td>variable, up to 30<\/td>\n<\/tr>\n<tr>\n<td>401<\/td>\n<td>Consignment Number<\/td>\n<td>variable, up to 30<\/td>\n<\/tr>\n<tr>\n<td>402<\/td>\n<td>Bill of Lading number<\/td>\n<td>17<\/td>\n<\/tr>\n<tr>\n<td>403<\/td>\n<td>Routing code<\/td>\n<td>variable, up to 30<\/td>\n<\/tr>\n<tr>\n<td>410<\/td>\n<td>Ship To\/Deliver To Location Code (Global Location Number)<\/td>\n<td>13<\/td>\n<\/tr>\n<tr>\n<td>411<\/td>\n<td>Bill To\/Invoice Location Code (Global Location Number)<\/td>\n<td>13<\/td>\n<\/tr>\n<tr>\n<td>412<\/td>\n<td>Purchase From Location Code (Global Location Number)<\/td>\n<td>13<\/td>\n<\/tr>\n<tr>\n<td>413<\/td>\n<td>Ship for, Deliver for, or Forward to Location Code (Global Location Number)<\/td>\n<td>13<\/td>\n<\/tr>\n<tr>\n<td>414<\/td>\n<td>Identification of a physical location (Global Location Number)<\/td>\n<td>13<\/td>\n<\/tr>\n<tr>\n<td>420<\/td>\n<td>Ship To\/Deliver To Postal Code (Single Postal Authority)<\/td>\n<td>variable, up to 20<\/td>\n<\/tr>\n<tr>\n<td>421<\/td>\n<td>Ship To\/Deliver To Postal Code (with ISO country code)<\/td>\n<td>variable, 3\u201315<\/td>\n<\/tr>\n<tr>\n<td>422<\/td>\n<td>Country of Origin (ISO country code)<\/td>\n<td>3<\/td>\n<\/tr>\n<tr>\n<td>423<\/td>\n<td>Country or countries of initial processing<\/td>\n<td>variable, 3\u201315<\/td>\n<\/tr>\n<tr>\n<td>424<\/td>\n<td>Country of processing<\/td>\n<td>3<\/td>\n<\/tr>\n<tr>\n<td>425<\/td>\n<td>Country of disassembly<\/td>\n<td>3<\/td>\n<\/tr>\n<tr>\n<td>426<\/td>\n<td>Country of full process chain<\/td>\n<td>3<\/td>\n<\/tr>\n<tr>\n<td>7001<\/td>\n<td>NATO Stock Number (NSN)<\/td>\n<td>13<\/td>\n<\/tr>\n<tr>\n<td>7002<\/td>\n<td>UN\/ECE Meat Carcasses and cuts classification<\/td>\n<td>variable, up to 30<\/td>\n<\/tr>\n<tr>\n<td>7003<\/td>\n<td>expiration date and time<\/td>\n<td>10<\/td>\n<\/tr>\n<tr>\n<td>7004<\/td>\n<td>Active Potency<\/td>\n<td>variable, up to 4<\/td>\n<\/tr>\n<tr>\n<td>703n<\/td>\n<td>Processor approval (with ISO country code); <i>n<\/i> indicates sequence number of several processors<\/td>\n<td>variable, 3\u201330<\/td>\n<\/tr>\n<tr>\n<td>8001<\/td>\n<td>Roll Products: Width\/Length\/Core Diameter\/Direction\/Splices<\/td>\n<td>14<\/td>\n<\/tr>\n<tr>\n<td>8002<\/td>\n<td>Mobile phone identifier<\/td>\n<td>variable, up to 20<\/td>\n<\/tr>\n<tr>\n<td>8003<\/td>\n<td>Global Returnable Asset Identifier<\/td>\n<td>variable, 14\u201330<\/td>\n<\/tr>\n<tr>\n<td>8004<\/td>\n<td>Global Individual Asset Identifier<\/td>\n<td>variable, up to 30<\/td>\n<\/tr>\n<tr>\n<td>8005<\/td>\n<td>Price per Unit of Measure<\/td>\n<td>6<\/td>\n<\/tr>\n<tr>\n<td>8006<\/td>\n<td>identification of the components of an item<\/td>\n<td>18<\/td>\n<\/tr>\n<tr>\n<td>8007<\/td>\n<td>International Bank Account Number<\/td>\n<td>variable, up to 30<\/td>\n<\/tr>\n<tr>\n<td>8008<\/td>\n<td>Date\/time of production<\/td>\n<td>variable, 8\u201312<\/td>\n<\/tr>\n<tr>\n<td>8018<\/td>\n<td>Global Service Relation Number<\/td>\n<td>18<\/td>\n<\/tr>\n<tr>\n<td>8020<\/td>\n<td>Payment slip reference number<\/td>\n<td>variable, up to 25<\/td>\n<\/tr>\n<tr>\n<td>8100<\/td>\n<td>Coupon Extended Code: Number System and Offer<\/td>\n<td>6<\/td>\n<\/tr>\n<tr>\n<td>8101<\/td>\n<td>Coupon Extended Code: Number System, Offer, End of Offer<\/td>\n<td>10<\/td>\n<\/tr>\n<tr>\n<td>8102<\/td>\n<td>Coupon Extended Code: Number System preceded by 0<\/td>\n<td>2<\/td>\n<\/tr>\n<tr>\n<td>8110<\/td>\n<td>Coupon code ID (North America)<\/td>\n<td>variable, up to 30<\/td>\n<\/tr>\n<tr>\n<td>90<\/td>\n<td>Mutually Agreed Between Trading Partners<\/td>\n<td>variable, up to 30<\/td>\n<\/tr>\n<tr>\n<td>91\u201399<\/td>\n<td>Internal Company Codes<\/td>\n<td>variable, up to 30<\/td>\n<\/tr>\n<\/tbody>\n<\/table>\n<p>&nbsp;<\/p>\n<p style=\"text-align: center\"><span style=\"text-align: center\"><a href=\"http:\/\/www.labeljoy.com\/pt-pt\/suporte\/como-fazer\/gerar-codigos-de-barras-gs1-128\/\" class=\"large blue tt-button\" target=\"_self\"> Como Gerar c\u00f3digos de barra GS1-128 <\/a><\/span><\/p>\n","protected":false},"excerpt":{"rendered":"<p>Identificadores de Aplica\u00e7\u00e3o (IA) &#8211; GS1 128 Com o sistema de formata\u00e7\u00e3o GS1-128 \u00e9 inserido o IA (Identificador de Aplica\u00e7\u00e3o). \u00c9 um n\u00famero no in\u00edcio de uma cadeia de dados para reportar \u00e0 aplica\u00e7\u00e3o o que est\u00e1 a ser lido. Por exemplo, pode codificar o peso de 35,97 kg com um c\u00f3digo de barras padr\u00e3o &#8230; <a title=\"Identificadores de Aplica\u00e7\u00e3o (IA) &#8211; GS1 128\" class=\"read-more\" href=\"https:\/\/www.labeljoy.com\/pt-pt\/suporte\/como-fazer\/identificadores-de-aplicacao-ia-gs1-128\/\" aria-label=\"Leia mais sobre Identificadores de Aplica\u00e7\u00e3o (IA) &#8211; GS1 128\">Read more<\/a><\/p>\n","protected":false},"author":1,"featured_media":0,"parent":3366,"menu_order":0,"comment_status":"open","ping_status":"closed","template":"page-template-left-sidebar.php","meta":{"inline_featured_image":false,"_monsterinsights_skip_tracking":false,"_monsterinsights_sitenote_active":false,"_monsterinsights_sitenote_note":"","_monsterinsights_sitenote_category":0,"footnotes":""},"class_list":{"0":"post-24365","1":"page","2":"type-page","3":"status-publish","5":"infinite-scroll-item"},"aioseo_notices":[],"_links":{"self":[{"href":"https:\/\/www.labeljoy.com\/pt-pt\/wp-json\/wp\/v2\/pages\/24365","targetHints":{"allow":["GET"]}}],"collection":[{"href":"https:\/\/www.labeljoy.com\/pt-pt\/wp-json\/wp\/v2\/pages"}],"about":[{"href":"https:\/\/www.labeljoy.com\/pt-pt\/wp-json\/wp\/v2\/types\/page"}],"author":[{"embeddable":true,"href":"https:\/\/www.labeljoy.com\/pt-pt\/wp-json\/wp\/v2\/users\/1"}],"replies":[{"embeddable":true,"href":"https:\/\/www.labeljoy.com\/pt-pt\/wp-json\/wp\/v2\/comments?post=24365"}],"version-history":[{"count":9,"href":"https:\/\/www.labeljoy.com\/pt-pt\/wp-json\/wp\/v2\/pages\/24365\/revisions"}],"predecessor-version":[{"id":24631,"href":"https:\/\/www.labeljoy.com\/pt-pt\/wp-json\/wp\/v2\/pages\/24365\/revisions\/24631"}],"up":[{"embeddable":true,"href":"https:\/\/www.labeljoy.com\/pt-pt\/wp-json\/wp\/v2\/pages\/3366"}],"wp:attachment":[{"href":"https:\/\/www.labeljoy.com\/pt-pt\/wp-json\/wp\/v2\/media?parent=24365"}],"curies":[{"name":"wp","href":"https:\/\/api.w.org\/{rel}","templated":true}]}}