{"id":25730,"date":"2016-03-02T17:10:32","date_gmt":"2016-03-02T17:10:32","guid":{"rendered":"http:\/\/www.labeljoy.com\/pt-pt\/?page_id=25730"},"modified":"2021-01-04T12:56:30","modified_gmt":"2021-01-04T12:56:30","slug":"information-label","status":"publish","type":"page","link":"https:\/\/www.labeljoy.com\/pt-pt\/modelos\/information-label\/","title":{"rendered":"Etiquetas de informa\u00e7\u00e3o com QR-Code"},"content":{"rendered":"<h1>Etiquetas de informa\u00e7\u00e3o com QR-Code<\/h1>\n<p>O <strong>Software Labeljoy Barcode <\/strong> cria etiquetas <a title=\"QR code specifications\" href=\"http:\/\/www.labeljoy.com\/qr-code\/qr-code-software\/\">QR-Code<\/a> . Os seus clientes visitar\u00e3o o seu web site ou p\u00e1gina inicial apenas por ler o seu <a title=\"QR code specifications\" href=\"http:\/\/www.labeljoy.com\/qr-code\/qr-code-software\/\">QR-Code<\/a> com um smartphone. Pode tamb\u00e9m lig\u00e1-lo a um recurso multim\u00e9dia ou v\u00eddeo.<\/p>\n<p>A tecnologia <a title=\"QR code specifications\" href=\"http:\/\/www.labeljoy.com\/qr-code\/qr-code-software\/\">QR-Code<\/a> \u00e9 a solu\u00e7\u00e3o perfeita. Por vezes tem muito a dizer mas pouco espa\u00e7o numa etiqueta. Expanda as suas possibilidades.<\/p>\n<p>Partilhe e aumente a informa\u00e7\u00f5es com que os seus clientes podem beneficiar. Apenas por usar um smartphone todos ficar\u00e3o a par das suas novidades.<\/p>\n<h1>Imprima as suas pr\u00f3prias etiquetas personalizadas<\/h1>\n<p>Pode imprimir as etiquetas usando impressoras a laser, impressoras ink-jet ou impressoras de rolo. Fa\u00e7a download e personalize as suas etiquetas.<br \/>\n-Inclua o logo e o endere\u00e7o da sua empresa<br \/>\n-Inclua o c\u00f3digo de barras e um QR-Code<br \/>\n-Importe de fontes de dados externas<\/p>\n<p>Aqui abaixo pode encontrar alguns templates gratuitos.<\/p>\n<h3>Exemplos de templates prontos a usar<\/h3>\n<p>&nbsp;<\/p>\n<div class=\"one_third\">\n<p>MUSEU<\/p>\n<div class=\"img-frame full-fourth\"><div class=\"lightbox-zoom\"><a title=\"Museu\" href=\"http:\/\/www.labeljoy.com\/label-templates\/information\/museum1_2.jpg\" data-gal=\"prettyPhoto[address label]\" class=\"hover-item\"><img decoding=\"async\" width=\"197\" height=\"133\" alt=\"Museu\" src=\"https:\/\/www.labeljoy.com\/wp-content\/plugins\/sterling-shortcodes\/\/timthumb\/timthumb.php?src=http:\/\/www.labeljoy.com\/label-templates\/information\/museum1_1.jpg&#038;h=133&#038;w=197\"><\/a><\/div><\/div>\n<p style=\"text-align: center\"><a href=\"http:\/\/www.labeljoy.com\/label-templates\/information\/museum.lpa\" class=\"small white tt-button\" target=\"_self\"> Download <\/a>\n<\/div>\n<div class=\"one_third\">\n<p>EXIBI\u00c7\u00d5ES DE ARTE<\/p>\n<div class=\"img-frame full-fourth\"><div class=\"lightbox-zoom\"><a title=\"EXIBI\u00c7\u00d5ES DE ARTE\" href=\"http:\/\/www.labeljoy.com\/label-templates\/information\/art_exhibitions1.jpg\" data-gal=\"prettyPhoto[address label]\" class=\"hover-item\"><img decoding=\"async\" width=\"197\" height=\"133\" alt=\"EXIBI\u00c7\u00d5ES DE ARTE\" src=\"https:\/\/www.labeljoy.com\/wp-content\/plugins\/sterling-shortcodes\/\/timthumb\/timthumb.php?src=http:\/\/www.labeljoy.com\/label-templates\/information\/art_exhibitions.jpg&#038;h=133&#038;w=197\"><\/a><\/div><\/div>\n<p style=\"text-align: center\"><a href=\"http:\/\/www.labeljoy.com\/label-templates\/information\/art_exhibitions.lpa\" class=\"small white tt-button\" target=\"_self\"> Download <\/a>\n<\/div>\n<div class=\"one_third\">\n<p>ACAMPAMENTOS<\/p>\n<div class=\"img-frame full-fourth\"><div class=\"lightbox-zoom\"><a title=\"ACAMPAMENTOS\" href=\"http:\/\/www.labeljoy.com\/label-templates\/information\/camping1.jpg\" data-gal=\"prettyPhoto[address label]\" class=\"hover-item\"><img decoding=\"async\" width=\"197\" height=\"133\" alt=\"ACAMPAMENTOS\" src=\"https:\/\/www.labeljoy.com\/wp-content\/plugins\/sterling-shortcodes\/\/timthumb\/timthumb.php?src=http:\/\/www.labeljoy.com\/label-templates\/information\/camping.jpg&#038;h=133&#038;w=197\"><\/a><\/div><\/div>\n<p style=\"text-align: center\"><a href=\"http:\/\/www.labeljoy.com\/label-templates\/information\/camping.lpa\" class=\"small white tt-button\" target=\"_self\"> Download <\/a>\n<\/div>\n<div class=\"hr hr-dotted\">&nbsp;<\/div>\n<div class=\"one_half\">\n<p style=\"text-align: center\"><a href=\"\/pt-pt\/compra\/\" class=\"large blue tt-button\" target=\"\"> Comprar Software <\/a>\n<\/div>\n<div class=\"one_half\">\n<p style=\"text-align: center\"><a href=\"\/pt-pt\/download-pt\/\" class=\"large green tt-button\" target=\"\"> Download Gr\u00e1tis <\/a>\n<\/div>\n","protected":false},"excerpt":{"rendered":"<p>Etiquetas de informa\u00e7\u00e3o com QR-Code O Software Labeljoy Barcode cria etiquetas QR-Code . Os seus clientes visitar\u00e3o o seu web site ou p\u00e1gina inicial apenas por ler o seu QR-Code com um smartphone. Pode tamb\u00e9m lig\u00e1-lo a um recurso multim\u00e9dia ou v\u00eddeo. A tecnologia QR-Code \u00e9 a solu\u00e7\u00e3o perfeita. Por vezes tem muito a dizer &#8230; <a title=\"Etiquetas de informa\u00e7\u00e3o com QR-Code\" class=\"read-more\" href=\"https:\/\/www.labeljoy.com\/pt-pt\/modelos\/information-label\/\" aria-label=\"Leia mais sobre Etiquetas de informa\u00e7\u00e3o com QR-Code\">Read more<\/a><\/p>\n","protected":false},"author":12,"featured_media":0,"parent":3391,"menu_order":0,"comment_status":"open","ping_status":"closed","template":"page-template-left-sidebar.php","meta":{"inline_featured_image":false,"_monsterinsights_skip_tracking":false,"_monsterinsights_sitenote_active":false,"_monsterinsights_sitenote_note":"","_monsterinsights_sitenote_category":0,"footnotes":""},"class_list":{"0":"post-25730","1":"page","2":"type-page","3":"status-publish","5":"infinite-scroll-item"},"aioseo_notices":[],"_links":{"self":[{"href":"https:\/\/www.labeljoy.com\/pt-pt\/wp-json\/wp\/v2\/pages\/25730","targetHints":{"allow":["GET"]}}],"collection":[{"href":"https:\/\/www.labeljoy.com\/pt-pt\/wp-json\/wp\/v2\/pages"}],"about":[{"href":"https:\/\/www.labeljoy.com\/pt-pt\/wp-json\/wp\/v2\/types\/page"}],"author":[{"embeddable":true,"href":"https:\/\/www.labeljoy.com\/pt-pt\/wp-json\/wp\/v2\/users\/12"}],"replies":[{"embeddable":true,"href":"https:\/\/www.labeljoy.com\/pt-pt\/wp-json\/wp\/v2\/comments?post=25730"}],"version-history":[{"count":3,"href":"https:\/\/www.labeljoy.com\/pt-pt\/wp-json\/wp\/v2\/pages\/25730\/revisions"}],"predecessor-version":[{"id":35130,"href":"https:\/\/www.labeljoy.com\/pt-pt\/wp-json\/wp\/v2\/pages\/25730\/revisions\/35130"}],"up":[{"embeddable":true,"href":"https:\/\/www.labeljoy.com\/pt-pt\/wp-json\/wp\/v2\/pages\/3391"}],"wp:attachment":[{"href":"https:\/\/www.labeljoy.com\/pt-pt\/wp-json\/wp\/v2\/media?parent=25730"}],"curies":[{"name":"wp","href":"https:\/\/api.w.org\/{rel}","templated":true}]}}