{"id":25872,"date":"2016-03-23T21:57:52","date_gmt":"2016-03-23T21:57:52","guid":{"rendered":"http:\/\/www.labeljoy.com\/pt-pt\/?page_id=25872"},"modified":"2026-03-06T07:50:59","modified_gmt":"2026-03-06T07:50:59","slug":"como-fazer-um-codigo-qr","status":"publish","type":"page","link":"https:\/\/www.labeljoy.com\/pt-pt\/qr-code-pt\/como-fazer-um-codigo-qr\/","title":{"rendered":"Como fazer um c\u00f3digo QR?"},"content":{"rendered":"<h1>Como fazer um c\u00f3digo QR?<\/h1>\n<p><strong>Fazer um c\u00f3digo QR com Labeljoy<\/strong> \u00e9 muito simples e r\u00e1pido. Labeljoy permite <strong>gerar o seu pr\u00f3prio c\u00f3digo QR<\/strong> de duas maneiras diferentes: a primeira \u00e9 usar a <a title=\"Gerador de Qr code\" href=\"http:\/\/www.labeljoy.com\/pt-pt\/qr-code-pt\/gerador-codigo-qr\/\">ferramenta de gera\u00e7\u00e3o de c\u00f3digos QR<\/a> (que permite gerar c\u00f3digos de barras 2D online), a segunda maneira \u00e9 usar o software QR Code Generator, fazer o <a title=\"Baixe LabelJoy\" href=\"http:\/\/www.labeljoy.com\/pt-pt\/download-pt\/\">download gratuito<\/a> e infinitos c\u00f3digos QR offline.<br \/>\n<img decoding=\"async\" class=\"aligncenter\" style=\"margin-top: 20px;\" src=\"http:\/\/www.labeljoy.com\/images\/qr-code\/your-own-qrcode.jpg\" alt=\"Fazer um c\u00f3digo QR\" width=\"670\" height=\"200\" \/><\/p>\n<h2>Fazer um c\u00f3digo QR offline<\/h2>\n<p>O <a title=\"Software de C\u00f3digos QR\" href=\"http:\/\/www.labeljoy.com\/qr-code\/qr-code-label-software\/\">software gerador de c\u00f3digos QR Labeljoy<\/a> permite <strong>gerar c\u00f3digos QR infinitos<\/strong> diretamente do seu computador sem a necessidade de uma liga\u00e7\u00e3o \u00e0 internet. Estes s\u00e3o os passos para gerar um c\u00f3digo QR com o Labeljoy:<br \/>\n<a class=\"hover-item\" title=\"Labeljoy Fazer um c\u00f3digo QR offline\" href=\"http:\/\/www.labeljoy.com\/images\/qr-code\/offline-qr-code-software.jpg\"><img decoding=\"async\" class=\"alignright\" style=\"margin-top: 20px;\" src=\"http:\/\/www.labeljoy.com\/images\/qr-code\/create-qr-code-software.jpg\" alt=\"Create Qr code offline\" width=\"200\" height=\"133\" \/><\/a><\/p>\n<ol>\n<li>Abra Labeljoy e defina o layout (opcional)<\/li>\n<li>D\u00ea um duplo clique sobre o c\u00f3digo de barras j\u00e1 existente ou crie um novo com o bot\u00e3o &#8220;Inserir c\u00f3digo de barras&#8221;<\/li>\n<li>Escolha &#8220;C\u00f3digo QR&#8221; da lista de s\u00edmbolos<\/li>\n<li>Adicione o texto da sua prefer\u00eancia<\/li>\n<li>Clique em OK<\/li>\n<\/ol>\n<p>Agora pode exportar o seu c\u00f3digo QR clicando em &#8220;Ficheiro&#8221; &#8211; &#8220;Exportar&#8221; &#8211; &#8220;C\u00f3digo de barras&#8221;. Gerar o c\u00f3digo QR offline \u00e9 f\u00e1cil!<\/p>\n<p style=\"text-align: center;\"><a href=\"\/pt-pt\/download-pt\/\" class=\"jumbo green tt-button\" target=\"_self\"> Fa\u00e7a o download do Software Gerador de C\u00f3digos Offline <\/a>\n<h2>Como fazer um c\u00f3digo QR online?<\/h2>\n<p>Pode <strong>gerar um c\u00f3digo QR <\/strong> com a <a title=\"Gerador de Qr code\" href=\"http:\/\/www.labeljoy.com\/pt-pt\/qr-code-pt\/gerador-codigo-qr\/\">ferramenta online de gerador de c\u00f3digos QR Labeljoy <\/a> em apenas tr\u00eas passos:<\/p>\n<ol>\n<li>Selecione a a\u00e7\u00e3o<\/li>\n<li>Digite sua mensagem \/ url \/ dados<\/li>\n<li>Clique em &#8220;Gerar&#8221; para gerar o seu c\u00f3digo QR<\/li>\n<\/ol>\n<p>Agora pode fazer download do seu c\u00f3digo QR fazendo clique direito sobre a imagem e selecionando &#8220;Guardar imagem como&#8221;.<\/p>\n<h3>Gerar c\u00f3digo QR a partir de bases de dados<\/h3>\n<p><a class=\"hover-item\" title=\"Labeljoy gerar c\u00f3digo QR a partir de bases de dados\" href=\"http:\/\/www.labeljoy.com\/images\/qr-code\/pt\/make-code-from-database.jpg\"><img decoding=\"async\" width=\"1200\" height=\"636\" class=\"aligncenter\" style=\"margin-top: 10px; margin-bottom: 10px; max-width: 550px;\" src=\"http:\/\/www.labeljoy.com\/images\/qr-code\/pt\/make-code-from-database.jpg\" alt=\"Gerar c\u00f3digo QR a partir de bases de dados\" \/><\/a> Uma <a title=\"Caracter\u00edsticas do Labeljoy\" href=\"http:\/\/www.labeljoy.com\/pt-pt\/funcionalidades\/\">fun\u00e7\u00e3o <\/a>\u00fatil do labeljoy \u00e9 a possibilidade de <a title=\"Como Carregar Informa\u00e7\u00f5es do Excel\" href=\"http:\/\/www.labeljoy.com\/pt-pt\/video-soporte\/carregar-informacoes-do-excel\/\">importar dados de bases de dados externos<\/a> tais como Excel, Access, MySql, ficheiro de texto e SQLite.\u00a0Desta forma, pode criar c\u00f3digos QR diferentes relacionado com os campos que desejar. Uma aplica\u00e7\u00e3o \u00fatil seria a cria\u00e7\u00e3o de v\u00e1rios <a title=\"Modelos de Cart\u00f5es de Visita\" href=\"http:\/\/www.labeljoy.com\/pt-pt\/modelos\/cartoes-de-visita\/\">cart\u00f5es de visita personalizados<\/a>, cada um com um c\u00f3digo QR diferente.<\/p>\n<p>J\u00e1 viu uma maneira mais f\u00e1cil de gerar c\u00f3digos QR?<\/p>\n","protected":false},"excerpt":{"rendered":"<p>Como fazer um c\u00f3digo QR? Fazer um c\u00f3digo QR com Labeljoy \u00e9 muito simples e r\u00e1pido. Labeljoy permite gerar o seu pr\u00f3prio c\u00f3digo QR de duas maneiras diferentes: a primeira \u00e9 usar a ferramenta de gera\u00e7\u00e3o de c\u00f3digos QR (que permite gerar c\u00f3digos de barras 2D online), a segunda maneira \u00e9 usar o software QR &#8230; <a title=\"Como fazer um c\u00f3digo QR?\" class=\"read-more\" href=\"https:\/\/www.labeljoy.com\/pt-pt\/qr-code-pt\/como-fazer-um-codigo-qr\/\" aria-label=\"Leia mais sobre Como fazer um c\u00f3digo QR?\">Read more<\/a><\/p>\n","protected":false},"author":12,"featured_media":0,"parent":17844,"menu_order":0,"comment_status":"closed","ping_status":"closed","template":"","meta":{"inline_featured_image":false,"_monsterinsights_skip_tracking":false,"_monsterinsights_sitenote_active":false,"_monsterinsights_sitenote_note":"","_monsterinsights_sitenote_category":0,"footnotes":""},"class_list":{"0":"post-25872","1":"page","2":"type-page","3":"status-publish","5":"infinite-scroll-item"},"aioseo_notices":[],"_links":{"self":[{"href":"https:\/\/www.labeljoy.com\/pt-pt\/wp-json\/wp\/v2\/pages\/25872","targetHints":{"allow":["GET"]}}],"collection":[{"href":"https:\/\/www.labeljoy.com\/pt-pt\/wp-json\/wp\/v2\/pages"}],"about":[{"href":"https:\/\/www.labeljoy.com\/pt-pt\/wp-json\/wp\/v2\/types\/page"}],"author":[{"embeddable":true,"href":"https:\/\/www.labeljoy.com\/pt-pt\/wp-json\/wp\/v2\/users\/12"}],"replies":[{"embeddable":true,"href":"https:\/\/www.labeljoy.com\/pt-pt\/wp-json\/wp\/v2\/comments?post=25872"}],"version-history":[{"count":4,"href":"https:\/\/www.labeljoy.com\/pt-pt\/wp-json\/wp\/v2\/pages\/25872\/revisions"}],"predecessor-version":[{"id":45138,"href":"https:\/\/www.labeljoy.com\/pt-pt\/wp-json\/wp\/v2\/pages\/25872\/revisions\/45138"}],"up":[{"embeddable":true,"href":"https:\/\/www.labeljoy.com\/pt-pt\/wp-json\/wp\/v2\/pages\/17844"}],"wp:attachment":[{"href":"https:\/\/www.labeljoy.com\/pt-pt\/wp-json\/wp\/v2\/media?parent=25872"}],"curies":[{"name":"wp","href":"https:\/\/api.w.org\/{rel}","templated":true}]}}