{"id":25875,"date":"2016-03-23T22:53:31","date_gmt":"2016-03-23T22:53:31","guid":{"rendered":"http:\/\/www.labeljoy.com\/pt-pt\/?page_id=25875"},"modified":"2026-03-06T08:18:06","modified_gmt":"2026-03-06T08:18:06","slug":"criar-etiquetas-de-codigo-qr-com-labeljoy","status":"publish","type":"page","link":"https:\/\/www.labeljoy.com\/pt-pt\/qr-code-pt\/criar-etiquetas-de-codigo-qr-com-labeljoy\/","title":{"rendered":"Criar etiquetas de c\u00f3digo QR com Labeljoy"},"content":{"rendered":"<h1>Criar etiquetas de c\u00f3digo QR com Labeljoy<\/h1>\n<p>Se precisa criar um \u00fanico c\u00f3digo QR pode experimentar o nosso gerador <a title=\"Gerador de Qr code\" href=\"http:\/\/www.labeljoy.com\/pt-pt\/qr-code-pt\/gerador-codigo-qr\/\">online de c\u00f3digos QR<\/a>, Se precisa de criar e imprimir etiquetas de c\u00f3digo QR com texto, imagens e <a title=\"Carregar Informa\u00e7\u00f5es do Excel\" href=\"http:\/\/www.labeljoy.com\/pt-pt\/video-soporte\/carregar-informacoes-do-excel\/\">importa\u00e7\u00e3o de dados<\/a> a partir de fontes de dados externas, o LabelJoy \u00e9 a solu\u00e7\u00e3o perfeita.<\/p>\n<h2>O melhor software de etiqueta com c\u00f3digo QR<\/h2>\n<p><em>Importe c\u00f3digos QR de bases de dados para etiquetas.<\/em><img decoding=\"async\" class=\"alignright\" src=\"http:\/\/www.labeljoy.com\/images\/qr-code\/qr-code-labels.jpg\" alt=\"etiqueta com c\u00f3digo QR\" width=\"280\" height=\"222\" \/><\/p>\n<ul>\n<li>Com o Labeljoy pode <strong>ligar etiquetas com c\u00f3digo QR <\/strong>a diferentes bases de dados de forma r\u00e1pida e f\u00e1cil.<\/li>\n<li>O Labeljoy fornece um guia para <strong>criar c\u00f3digos QR<\/strong> <a title=\"Carregar Informa\u00e7\u00f5es do Excel\" href=\"http:\/\/www.labeljoy.com\/pt-pt\/video-soporte\/carregar-informacoes-do-excel\/\">importando dados de bases de dados como Excel<\/a>, ficheiros de texto, ficheiros CSV e Access.<\/li>\n<li>Importar contatos do Windows Mail, Outlook e SQLite.<\/li>\n<li>Importe dados de bases de dados profissionais como MySQL e Oracle.<\/li>\n<\/ul>\n<div class=\"column-clear\"><\/div>\n<p style=\"text-align: center;\"><a href=\"\/pt-pt\/download-pt\/\" class=\"jumbo green tt-button\" target=\"_self\">Download Gratuito do Software de C\u00f3digos QR<\/a>\n<div class=\"column-clear\"><\/div>\n<h2>Como criar etiquetas com c\u00f3digo QR com o Labeljoy<\/h2>\n<p>O LabelJoy permite criar facilmente etiquetas de c\u00f3digos QR, fa\u00e7a o <a title=\"Download Free Labeling Software\" href=\"http:\/\/www.labeljoy.com\/pt-pt\/software-etiquetagem-gratis\/\">download<\/a>\u00a0e instale LabelJoy no seu PC, e abra o LabelJoy.<\/p>\n<p><a href=\"http:\/\/www.labeljoy.com\/pt-pt\/modelos\/etiquetas-vinho\/\"><img decoding=\"async\" class=\" alignright\" src=\"http:\/\/www.labeljoy.com\/images\/qr-code\/wine-qrcode.jpg\" alt=\"Modelo de Etiqueta de Vinho\" width=\"211\" height=\"364\" \/><\/a><\/p>\n<ol>\n<li>Selecione o bot\u00e3o &#8220;Inserir c\u00f3digo de barras&#8221; na barra de ferramentas esquerda.<\/li>\n<li>Indique a posi\u00e7\u00e3o na etiqueta na qual deseja <strong>imprimir o c\u00f3digo QR<\/strong>.<\/li>\n<li>Selecione &#8220;<em>C\u00f3digo QR&#8221;<\/em> na caixa de <em>escolha do tipo de c\u00f3digo de barras<\/em>\u00a03 caixas de escolha adicionais s\u00e3o mostradas para que possa definir os atributos deste c\u00f3digo de barras bi-dimensional: codifica\u00e7\u00e3o, tamanho e corre\u00e7\u00e3o de erro.<\/li>\n<li>Escreva o texto na parte inferior, adicionando contadores e dados de bases de dados.<\/li>\n<li>Por fim, clique em OK para gerar automaticamente o c\u00f3digo QR<\/li>\n<li>Altere o tamanho e dimens\u00e3o do c\u00f3digo directamente na etiqueta<\/li>\n<\/ol>\n<a href=\"\/templates\/wine-label\/\" class=\"large orange tt-button\" target=\"_self\">Modelos para etiquetas de vinho<\/a>\n","protected":false},"excerpt":{"rendered":"<p>Criar etiquetas de c\u00f3digo QR com Labeljoy Se precisa criar um \u00fanico c\u00f3digo QR pode experimentar o nosso gerador online de c\u00f3digos QR, Se precisa de criar e imprimir etiquetas de c\u00f3digo QR com texto, imagens e importa\u00e7\u00e3o de dados a partir de fontes de dados externas, o LabelJoy \u00e9 a solu\u00e7\u00e3o perfeita. O melhor &#8230; <a title=\"Criar etiquetas de c\u00f3digo QR com Labeljoy\" class=\"read-more\" href=\"https:\/\/www.labeljoy.com\/pt-pt\/qr-code-pt\/criar-etiquetas-de-codigo-qr-com-labeljoy\/\" aria-label=\"Leia mais sobre Criar etiquetas de c\u00f3digo QR com Labeljoy\">Read more<\/a><\/p>\n","protected":false},"author":12,"featured_media":0,"parent":17844,"menu_order":0,"comment_status":"closed","ping_status":"closed","template":"","meta":{"inline_featured_image":false,"_monsterinsights_skip_tracking":false,"_monsterinsights_sitenote_active":false,"_monsterinsights_sitenote_note":"","_monsterinsights_sitenote_category":0,"footnotes":""},"class_list":{"0":"post-25875","1":"page","2":"type-page","3":"status-publish","5":"infinite-scroll-item"},"aioseo_notices":[],"_links":{"self":[{"href":"https:\/\/www.labeljoy.com\/pt-pt\/wp-json\/wp\/v2\/pages\/25875","targetHints":{"allow":["GET"]}}],"collection":[{"href":"https:\/\/www.labeljoy.com\/pt-pt\/wp-json\/wp\/v2\/pages"}],"about":[{"href":"https:\/\/www.labeljoy.com\/pt-pt\/wp-json\/wp\/v2\/types\/page"}],"author":[{"embeddable":true,"href":"https:\/\/www.labeljoy.com\/pt-pt\/wp-json\/wp\/v2\/users\/12"}],"replies":[{"embeddable":true,"href":"https:\/\/www.labeljoy.com\/pt-pt\/wp-json\/wp\/v2\/comments?post=25875"}],"version-history":[{"count":3,"href":"https:\/\/www.labeljoy.com\/pt-pt\/wp-json\/wp\/v2\/pages\/25875\/revisions"}],"predecessor-version":[{"id":45157,"href":"https:\/\/www.labeljoy.com\/pt-pt\/wp-json\/wp\/v2\/pages\/25875\/revisions\/45157"}],"up":[{"embeddable":true,"href":"https:\/\/www.labeljoy.com\/pt-pt\/wp-json\/wp\/v2\/pages\/17844"}],"wp:attachment":[{"href":"https:\/\/www.labeljoy.com\/pt-pt\/wp-json\/wp\/v2\/media?parent=25875"}],"curies":[{"name":"wp","href":"https:\/\/api.w.org\/{rel}","templated":true}]}}