{"id":25877,"date":"2016-03-23T23:14:24","date_gmt":"2016-03-23T23:14:24","guid":{"rendered":"http:\/\/www.labeljoy.com\/pt-pt\/?page_id=25877"},"modified":"2022-12-15T09:17:49","modified_gmt":"2022-12-15T09:17:49","slug":"criar-um-codigo-qr","status":"publish","type":"page","link":"https:\/\/www.labeljoy.com\/pt-pt\/qr-code-pt\/criar-um-codigo-qr\/","title":{"rendered":"Criar um c\u00f3digo QR"},"content":{"rendered":"<h1>Criar um c\u00f3digo QR<\/h1>\n<p>Nesta p\u00e1gina iremos mostrar como \u00e9 simples <strong>criar o seu pr\u00f3prio c\u00f3digo QR<\/strong> em apenas alguns passos. O c\u00f3digo QR est\u00e1 a tornar-se cada vez mais presente no nosso dia-a-dia, uma vez que pode ser usado de diferentes formas e em diferentes contextos.<img decoding=\"async\" class=\"alignleft\" alt=\"Criar um c\u00f3digo QR\" src=\"http:\/\/www.labeljoy.com\/images\/qr-code\/create-qr-codes.jpg\" width=\"330\" height=\"248\"><\/p>\n<p>H\u00e1 uma infinidade de usos <strong>criativos para os c\u00f3digos QR<\/strong>: usamos frequentemente um gerador de c\u00f3digo QR para criar imagens que apontam para uma p\u00e1gina pessoal, enviar um email e muitas vezes usamos nas <a title=\"etiqueta de produto\" href=\"http:\/\/www.labeljoy.com\/pt-pt\/modelos\/etiqueta-produto\/\">etiquetas dos produtos<\/a> ou impressos em <a title=\"Business Cards with qrcode\" href=\"http:\/\/www.labeljoy.com\/pt-pt\/modelos\/cartoes-de-visita\/\">cart\u00f5es de visita<\/a>.<br \/>\nPode usar a ferramenta Labeljoy para criar c\u00f3digos de barras ou c\u00f3digos QR. Basta introduzir um endere\u00e7o de um website, endere\u00e7o de email, texto ou quaisquer dados para os quais deseja gerar um c\u00f3digo QR.<\/p>\n<div class=\"column-clear\"><\/div>\n<p style=\"text-align: center\"><a href=\"\/pt-pt\/download-pt\/\" class=\"jumbo green tt-button\" target=\"_self\">DOWNLOAD GRATUITO DO LABELJOY C\u00d3DIGO QR<\/a>\n<h2>4 Passos para criar um c\u00f3digo QR<\/h2>\n<ol>\n<li>Para criar em alguns segundos o c\u00f3digo QR v\u00e1 para o site Gerador de C\u00f3digos como <a title=\"Gerador de Qr code\" href=\"http:\/\/www.labeljoy.com\/pt-pt\/qr-code-pt\/gerador-codigo-qr\/\">Labeljoy<\/a>, <a title=\"Qrcode kaywa\" href=\"http:\/\/qrcode.kaywa.com\/\" target=\"_blank\" rel=\"noopener\">Kaywa<\/a>, <a title=\"Qurify Qr code\" href=\"http:\/\/www.visualead.com\/qurify2\" target=\"_blank\" rel=\"noopener\">Qurify<\/a>.<br \/>\nOu pode fazer download do Labeljoy para <strong>criar um c\u00f3digo QR<\/strong> off-line directamente do seu PC!<\/p>\n<p><a class=\"hover-item\" title=\"Labeljoy Qr code software\" href=\"http:\/\/www.labeljoy.com\/images\/qr-code\/pt\/create-qrcode-offline-labeljoy.jpg\"><img decoding=\"async\" width=\"1000\" height=\"456\" class=\"aligncenter\" alt=\"c\u00f3digo QR off-line\" src=\"http:\/\/www.labeljoy.com\/images\/qr-code\/pt\/create-qrcode-offline-labeljoy.jpg\"><\/a><\/li>\n<li>Selecione a a\u00e7\u00e3o: o c\u00f3digo de barras QR gerado ser\u00e1 vinculado a um website, texto simples, vCard, v\u00eddeo do Youtube, ponto no Google Maps &#8230;<\/li>\n<li>Preencha todos os campos. Com o gerador de c\u00f3digo QR Labeljoy tamb\u00e9m pode escolher o N\u00edvel de Corre\u00e7\u00e3o de Erro, Tamanho do Bloco em pix\u00e9is, Tamanho da Margem nos blocos, Cor da Letra e Cor de Fundo<\/li>\n<li>Crie o seu pr\u00f3prio c\u00f3digo QR!<\/li>\n<\/ol>\n<p><img decoding=\"async\" class=\"aligncenter\" alt=\"Scanning Qr code\" src=\"http:\/\/www.labeljoy.com\/images\/qr-code\/scanning-qrcode.jpg\" width=\"280\" height=\"187\"><\/p>\n","protected":false},"excerpt":{"rendered":"<p>Criar um c\u00f3digo QR Nesta p\u00e1gina iremos mostrar como \u00e9 simples criar o seu pr\u00f3prio c\u00f3digo QR em apenas alguns passos. O c\u00f3digo QR est\u00e1 a tornar-se cada vez mais presente no nosso dia-a-dia, uma vez que pode ser usado de diferentes formas e em diferentes contextos. H\u00e1 uma infinidade de usos criativos para os &#8230; <a title=\"Criar um c\u00f3digo QR\" class=\"read-more\" href=\"https:\/\/www.labeljoy.com\/pt-pt\/qr-code-pt\/criar-um-codigo-qr\/\" aria-label=\"Leia mais sobre Criar um c\u00f3digo QR\">Read more<\/a><\/p>\n","protected":false},"author":12,"featured_media":0,"parent":17844,"menu_order":0,"comment_status":"open","ping_status":"closed","template":"","meta":{"inline_featured_image":false,"_monsterinsights_skip_tracking":false,"_monsterinsights_sitenote_active":false,"_monsterinsights_sitenote_note":"","_monsterinsights_sitenote_category":0,"footnotes":""},"class_list":{"0":"post-25877","1":"page","2":"type-page","3":"status-publish","5":"infinite-scroll-item"},"aioseo_notices":[],"_links":{"self":[{"href":"https:\/\/www.labeljoy.com\/pt-pt\/wp-json\/wp\/v2\/pages\/25877","targetHints":{"allow":["GET"]}}],"collection":[{"href":"https:\/\/www.labeljoy.com\/pt-pt\/wp-json\/wp\/v2\/pages"}],"about":[{"href":"https:\/\/www.labeljoy.com\/pt-pt\/wp-json\/wp\/v2\/types\/page"}],"author":[{"embeddable":true,"href":"https:\/\/www.labeljoy.com\/pt-pt\/wp-json\/wp\/v2\/users\/12"}],"replies":[{"embeddable":true,"href":"https:\/\/www.labeljoy.com\/pt-pt\/wp-json\/wp\/v2\/comments?post=25877"}],"version-history":[{"count":4,"href":"https:\/\/www.labeljoy.com\/pt-pt\/wp-json\/wp\/v2\/pages\/25877\/revisions"}],"predecessor-version":[{"id":39532,"href":"https:\/\/www.labeljoy.com\/pt-pt\/wp-json\/wp\/v2\/pages\/25877\/revisions\/39532"}],"up":[{"embeddable":true,"href":"https:\/\/www.labeljoy.com\/pt-pt\/wp-json\/wp\/v2\/pages\/17844"}],"wp:attachment":[{"href":"https:\/\/www.labeljoy.com\/pt-pt\/wp-json\/wp\/v2\/media?parent=25877"}],"curies":[{"name":"wp","href":"https:\/\/api.w.org\/{rel}","templated":true}]}}