{"id":25883,"date":"2016-03-24T21:23:30","date_gmt":"2016-03-24T21:23:30","guid":{"rendered":"http:\/\/www.labeljoy.com\/pt-pt\/?page_id=25883"},"modified":"2021-01-05T18:19:10","modified_gmt":"2021-01-05T18:19:10","slug":"especificacao-do-codigo-qr","status":"publish","type":"page","link":"https:\/\/www.labeljoy.com\/pt-pt\/qr-code-pt\/especificacao-do-codigo-qr\/","title":{"rendered":"Especifica\u00e7\u00e3o do C\u00f3digo QR"},"content":{"rendered":"<h1>Especifica\u00e7\u00e3o do C\u00f3digo QR<\/h1>\n<p>Um<strong> C\u00f3digo QR<\/strong> (abreviatura de Quick Response) \u00e9 um s\u00edmbolo espec\u00edfico de c\u00f3digo de barras matriz (ou c\u00f3digo <strong>2D bidimensional<\/strong>). Os c\u00f3digos QR s\u00e3o uma evolu\u00e7\u00e3o do c\u00f3digo de barras tradicional.<\/p>\n<h2>Informa\u00e7\u00e3o de c\u00f3digo QR<\/h2>\n<p>O C\u00f3digo QR foi desenvolvido por uma empresa japonesa chamada Denso Wave in 1994. O c\u00f3digo QR codifica internamente, ao contr\u00e1rio do mais conhecido c\u00f3digo de barras, as informa\u00e7\u00f5es em duas direc\u00e7\u00f5es, vertical e horizontalmente. Gra\u00e7as a esta caracter\u00edstica o <strong>c\u00f3digo QR pode conter mais informa\u00e7\u00e3o<\/strong> do que o <a href=\"http:\/\/www.labeljoy.com\/pt-pt\/suporte\/guia-codigo-de-barras\/\" title=\"Tipos de C\u00f3digos de Barras\">c\u00f3digo de barras mais comum.<\/a>.<\/p>\n<p style=\"text-align:center\"><a href=\"\/pt-pt\/download-pt\/\" class=\"jumbo green tt-button\" target=\"_self\"> DOWNLOAD GRATUITO DO GERADOR DE C\u00d3DIGOS QR<\/a>\n<h3>C\u00f3digo QR: Micro e Standard<\/h3>\n<p>Os s\u00edmbolos podem ser de dois tipos: Micro QR Code ou Standard QR Code.<\/p>\n<p>Micro QR Code \u00e9 uma vers\u00e3o menor da simbologia e, dependendo do conte\u00fado e n\u00edvel de corre\u00e7\u00e3o de erro, pode representar at\u00e9 35 d\u00edgitos ou 21 caracteres alfanum\u00e9ricos. Existem 4 vers\u00f5es de Micro QR: Micro QR Code 1 at\u00e9 Micro QR Code 4. Eles t\u00eam aumentando a capacidade de codifica\u00e7\u00e3o de dados e tamanho f\u00edsico.<\/p>\n<p>Standar QR Code pode representar at\u00e9 7.089 d\u00edgitos ou 4.296 caracteres alfanum\u00e9ricos. Existem 40 vers\u00f5es do Standard QR Code: da Vers\u00e3o 1 \u00e0 vers\u00e3o 40.<\/p>\n<table width=\"100%\" border=\"0\" cellspacing=\"2\" cellpadding=\"2\">\n<tbody>\n<tr>\n<td align=\"center\" valign=\"center\"><img decoding=\"async\" class=\"aligncenter size-full wp-image-783\" title=\"micro-qr-code\" src=\"\/images\/about-qr-code\/micro-qr-code.jpg\" alt=\"micro qrcode\" width=\"81\" height=\"82\" \/><\/td>\n<td align=\"center\" valign=\"center\"><img decoding=\"async\" class=\"aligncenter size-full wp-image-783\" title=\"standard-qr-code\" alt=\"standard qrcode\" src=\"\/images\/about-qr-code\/standard-qr-code.jpg\" width=\"81\" height=\"82\" \/><\/td>\n<\/tr>\n<tr>\n<td align=\"center\" valign=\"center\"><span style=\"font-size: small\">Micro QR Code<\/span><\/td>\n<td align=\"center\" valign=\"center\"><span style=\"font-size: small\">Standard QR Code<\/span><\/td>\n<\/tr>\n<\/tbody>\n<\/table>\n<div class=\"hr hr-solid\">&nbsp;<\/div>\n<h3>C\u00f3digo QR: Codifica\u00e7\u00e3o<\/h3>\n<p>O Labeljoy permite definir o algoritmo de codifica\u00e7\u00e3o a ser utilizado para obter a melhor compress\u00e3o de dados poss\u00edvel, visando a redu\u00e7\u00e3o da quantidade de espa\u00e7o necess\u00e1rio para mostrar o s\u00edmbolo. As op\u00e7\u00f5es dispon\u00edveis s\u00e3o:<\/p>\n<ul>\n<li>(Misto): configura\u00e7\u00e3o padr\u00e3o. Permite a codifica\u00e7\u00e3o de dados atrav\u00e9s de uma combina\u00e7\u00e3o de todos os seguintes modos de codifica\u00e7\u00e3o com base no tipo de dados encontrados. Normalmente esta configura\u00e7\u00e3o produz os melhores resultados.<\/li>\n<li>Num\u00e9rico: permite a codifica\u00e7\u00e3o de n\u00fameros de 0 a 9 apenas.<\/li>\n<li>Alfanum\u00e9rico: permite a codifica\u00e7\u00e3o de n\u00fameros, letras mai\u00fasculas e alguns caracteres especiais. Mais adequado para c\u00f3digos alfanum\u00e9ricos com texto em mai\u00fasculas.<\/li>\n<li>Hex (String): permite a codifica\u00e7\u00e3o de qualquer caracter no conjunto ASCII. Mais adequado para c\u00f3digos alfanum\u00e9ricos com texto em min\u00fasculas.<\/li>\n<li>Hex (Byte): codifica\u00e7\u00e3o espec\u00edfica para dados de bytes que variam entre 0 e 255. Ao utilizar este algoritmo de codifica\u00e7\u00e3o \u00e9 poss\u00edvel codificar qualquer valor entre 0x00 e 0xFF (decimal 0 ~ 255). Para utilizar esta codifica\u00e7\u00e3o \u00e9 necess\u00e1rio introduzir uma string contendo valores hexadecimais de 2 d\u00edgitos separados por um espa\u00e7o, isto \u00e9, 32 FA 56 E8 12 &#8230; etc.<\/li>\n<li>Kanji: permite a codifica\u00e7\u00e3o de caracteres no sistema Shift JIS usado para mostrar caracteres japoneses.<\/li>\n<\/ul>\n<table width=\"100%\" cellspacing=\"0\" cellpadding=\"0\">\n<tbody>\n<tr>\n<td colspan=\"2\" align=\"middle\" valign=\"center\" style=\"max-width: 0;overflow: hidden\"><span style=\"font-size: small\">Codifica\u00e7\u00e3o de c\u00f3digos QR:<br \/>\n012345678901234567890123456789012345678901234567890123456789012345678901234567890123456789<\/span><\/td>\n<\/tr>\n<tr>\n<td align=\"center\" valign=\"center\"><img decoding=\"async\" class=\"aligncenter\" title=\"numeric encoding\" alt=\"numeric encoding\" src=\"\/images\/about-qr-code\/numeric-encoding-qr-code.jpg\" width=\"134\" height=\"134\" \/><\/td>\n<td align=\"center\" valign=\"center\"><img decoding=\"async\" class=\"aligncenter size-full wp-image-786\" title=\"byte-encoding-qr-code\" alt=\"byte encoding\" src=\"\/images\/about-qr-code\/byte-encoding-qr-code.jpg\" width=\"134\" height=\"134\" \/><\/td>\n<\/tr>\n<tr>\n<td align=\"center\" valign=\"center\"><span style=\"font-size: small\">Codifica\u00e7\u00e3o num\u00e9rica<\/span><\/td>\n<td align=\"center\" valign=\"center\"><span style=\"font-size: small\">Codifica\u00e7\u00e3o Byte (String)<\/span><\/td>\n<\/tr>\n<\/tbody>\n<\/table>\n<div class=\"basic-divider\"><\/div>\n<h3>C\u00f3digo QR: Tamanho do S\u00edmbolo<\/h3>\n<p>O Labeljoy permite-lhe introduzir a dimens\u00e3o m\u00ednima do s\u00edmbolo. A arquitetura do c\u00f3digo QR mostra os dados num quadrado. O tamanho do quadrado depende da quantidade de dados codificados.<\/p>\n<p>Normalmente o s\u00edmbolo \u00e9 gerado com o menor tamanho poss\u00edvel necess\u00e1rio para representar os dados codificados. Em alguns casos, pode ser desej\u00e1vel aumentar a dimens\u00e3o m\u00ednima necess\u00e1ria para ter certeza de que todos os s\u00edmbolos impressos t\u00eam o mesmo tamanho, independentemente da quantidade de dados codificados. Por exemplo, se ligar um c\u00f3digo de barras com c\u00f3digo QR a um campo de endere\u00e7o de uma fonte de dados, pode ser necess\u00e1rio todos os s\u00edmbolos terem o mesmo tamanho, independentemente do tamanho \u00fanico do endere\u00e7o. Neste cen\u00e1rio, ser\u00e1 capaz de definir um tamanho m\u00ednimo de s\u00edmbolo para todos os c\u00f3digos de barras gerados.<\/p>\n<table width=\"100%\" border=\"0\" cellspacing=\"2\" cellpadding=\"2\">\n<tbody>\n<tr>\n<td colspan=\"2\" align=\"center\" valign=\"center\"><span style=\"font-size: small\">Codifica\u00e7\u00e3o QR:<br \/>\nhttp:\/\/www.labeljoy.com\/pt-pt\/software-etiquetagem-gratis\/<\/span><\/td>\n<\/tr>\n<tr>\n<td align=\"center\" valign=\"center\"><img decoding=\"async\" class=\"aligncenter size-thumbnail wp-image-792\" title=\"auto-size\" alt=\"auto size qrcode\" src=\"\/images\/about-qr-code\/auto-size.jpg\" width=\"150\" height=\"150\" \/><\/td>\n<td align=\"center\" valign=\"center\"><img decoding=\"async\" class=\"aligncenter size-thumbnail wp-image-791\" title=\"10-size\" alt=\"10 size\" src=\"\/images\/about-qr-code\/10-size.jpg\" width=\"150\" height=\"150\" \/><\/td>\n<\/tr>\n<tr>\n<td align=\"center\" valign=\"center\">&lt;span style=&quot;font-size: small&quot;Com (Auto) tamanho do s\u00edmbolo<\/span><\/td>\n<td align=\"center\" valign=\"center\"><span style=\"font-size: small\">Com a vers\u00e3o 10 tamanho m\u00ednimo de s\u00edmbolo<\/span><\/td>\n<\/tr>\n<\/tbody>\n<\/table>\n<div class=\"hr hr-solid\">&nbsp;<\/div>\n<h3>C\u00f3digo QR: Corre\u00e7\u00e3o de Erros<\/h3>\n<p>O QR Code Standard permite-lhe seleccionar entre 4 diferentes n\u00edveis de recupera\u00e7\u00e3o a partir das seguintes quantidades de dano existentes:<\/p>\n<ul>\n<li>L: 7% de capacidade de recupera\u00e7\u00e3o.<\/li>\n<li>M (padr\u00e3o): 15% de capacidade de recupera\u00e7\u00e3o.<\/li>\n<li>Q:25% de capacidade de recupera\u00e7\u00e3o.<\/li>\n<li>H:30% a capacidade de recupera\u00e7\u00e3o.<\/li>\n<\/ul>\n<p>O c\u00f3digo QR implementa a corre\u00e7\u00e3o de erros para assegurar a legibilidade em s\u00edmbolos parcialmente danificados. Quanto maior o n\u00edvel de correc\u00e7\u00e3o de erros, maior o tamanho do s\u00edmbolo necess\u00e1rio para codificar os mesmos dados.<\/p>\n<table width=\"100%\" border=\"0\" cellspacing=\"2\" cellpadding=\"2\">\n<tbody>\n<tr>\n<td colspan=\"2\" align=\"center\" valign=\"center\"><span style=\"font-size: small\">Codifica\u00e7\u00e3o de C\u00f3digos QR:<br \/>\nhttp:\/\/www.labeljoy.com\/pt-pt\/software-etiquetagem-gratis\/<\/span><\/td>\n<\/tr>\n<tr>\n<td align=\"center\" valign=\"center\"><img decoding=\"async\" class=\"aligncenter size-thumbnail wp-image-794\" title=\"l-error\" alt=\"l-error\" src=\"\/images\/about-qr-code\/l-error.jpg\" width=\"150\" height=\"150\" \/><\/td>\n<td align=\"center\" valign=\"center\"><img decoding=\"async\" class=\"aligncenter size-thumbnail wp-image-788\" title=\"q-error\" alt=\"q-error code\" src=\"\/images\/about-qr-code\/q-error.jpg\" width=\"150\" height=\"150\" \/><\/td>\n<\/tr>\n<tr>\n<td align=\"center\" valign=\"center\"><span style=\"font-size: small\">Com n\u00edvel de corre\u00e7\u00e3o de erro L<\/span><\/td>\n<td align=\"center\" valign=\"center\"><span style=\"font-size: small\">Com n\u00edvel de corre\u00e7\u00e3o de erro Q<\/span><\/td>\n<\/tr>\n<\/tbody>\n<\/table>\n<div class=\"basic-divider\"><\/div>\n","protected":false},"excerpt":{"rendered":"<p>Especifica\u00e7\u00e3o do C\u00f3digo QR Um C\u00f3digo QR (abreviatura de Quick Response) \u00e9 um s\u00edmbolo espec\u00edfico de c\u00f3digo de barras matriz (ou c\u00f3digo 2D bidimensional). Os c\u00f3digos QR s\u00e3o uma evolu\u00e7\u00e3o do c\u00f3digo de barras tradicional. Informa\u00e7\u00e3o de c\u00f3digo QR O C\u00f3digo QR foi desenvolvido por uma empresa japonesa chamada Denso Wave in 1994. O c\u00f3digo &#8230; <a title=\"Especifica\u00e7\u00e3o do C\u00f3digo QR\" class=\"read-more\" href=\"https:\/\/www.labeljoy.com\/pt-pt\/qr-code-pt\/especificacao-do-codigo-qr\/\" aria-label=\"Leia mais sobre Especifica\u00e7\u00e3o do C\u00f3digo QR\">Read more<\/a><\/p>\n","protected":false},"author":12,"featured_media":0,"parent":17844,"menu_order":0,"comment_status":"open","ping_status":"closed","template":"page-template-left-sidebar.php","meta":{"inline_featured_image":false,"_monsterinsights_skip_tracking":false,"_monsterinsights_sitenote_active":false,"_monsterinsights_sitenote_note":"","_monsterinsights_sitenote_category":0,"footnotes":""},"class_list":{"0":"post-25883","1":"page","2":"type-page","3":"status-publish","5":"infinite-scroll-item"},"aioseo_notices":[],"_links":{"self":[{"href":"https:\/\/www.labeljoy.com\/pt-pt\/wp-json\/wp\/v2\/pages\/25883","targetHints":{"allow":["GET"]}}],"collection":[{"href":"https:\/\/www.labeljoy.com\/pt-pt\/wp-json\/wp\/v2\/pages"}],"about":[{"href":"https:\/\/www.labeljoy.com\/pt-pt\/wp-json\/wp\/v2\/types\/page"}],"author":[{"embeddable":true,"href":"https:\/\/www.labeljoy.com\/pt-pt\/wp-json\/wp\/v2\/users\/12"}],"replies":[{"embeddable":true,"href":"https:\/\/www.labeljoy.com\/pt-pt\/wp-json\/wp\/v2\/comments?post=25883"}],"version-history":[{"count":5,"href":"https:\/\/www.labeljoy.com\/pt-pt\/wp-json\/wp\/v2\/pages\/25883\/revisions"}],"predecessor-version":[{"id":31151,"href":"https:\/\/www.labeljoy.com\/pt-pt\/wp-json\/wp\/v2\/pages\/25883\/revisions\/31151"}],"up":[{"embeddable":true,"href":"https:\/\/www.labeljoy.com\/pt-pt\/wp-json\/wp\/v2\/pages\/17844"}],"wp:attachment":[{"href":"https:\/\/www.labeljoy.com\/pt-pt\/wp-json\/wp\/v2\/media?parent=25883"}],"curies":[{"name":"wp","href":"https:\/\/api.w.org\/{rel}","templated":true}]}}