{"id":25886,"date":"2016-03-24T21:44:36","date_gmt":"2016-03-24T21:44:36","guid":{"rendered":"http:\/\/www.labeljoy.com\/pt-pt\/?page_id=25886"},"modified":"2026-03-06T07:59:31","modified_gmt":"2026-03-06T07:59:31","slug":"software-de-codigos-qr","status":"publish","type":"page","link":"https:\/\/www.labeljoy.com\/pt-pt\/qr-code-pt\/software-de-codigos-qr\/","title":{"rendered":"Software de C\u00f3digos QR"},"content":{"rendered":"<h1>Software de C\u00f3digos QR<\/h1>\n<p>Com o <strong>software de c\u00f3digos QR Labeljoy<\/strong> pode <a title=\"Criar um c\u00f3digo QR\" href=\"http:\/\/www.labeljoy.com\/pt-pt\/qr-code-pt\/criar-um-codigo-qr\/\">gerar c\u00f3digos personalizados<\/a>, lig\u00e1-los a diferentes fontes como p\u00e1ginas web, campanhas de c\u00f3digo QR, vCards e posi\u00e7\u00f5es em mapas do Google!<\/p>\n<div class=\"tt-notification success\"><p style=\"font-size:12px;\">Labeljoy permite que crie c\u00f3digos QR offline sem a necessidade de uma liga\u00e7\u00e3o \u00e0 internet.<\/p><\/div>\n<p style=\"text-align: center;\"><a class=\"hover-item\" title=\"Software de c\u00f3digos QR Labeljoy\" href=\"http:\/\/www.labeljoy.com\/images\/qr-code\/pt\/qr-code-software-generator.jpg\" data-gal=\"prettyPhoto[1]\"><img decoding=\"async\" width=\"1441\" height=\"853\" style=\"max-width: 600px;\" src=\"http:\/\/www.labeljoy.com\/images\/qr-code\/pt\/qr-code-software-generator.jpg\" alt=\"Software de c\u00f3digos QR Labeljoy\" \/><\/a><\/p>\n<p style=\"text-align: center; margin-top: 15px;\"><a href=\"\/pt-pt\/download-pt\/\" class=\"large green tt-button\" target=\"_self\"> DOWNLOAD DO SOFTWARE DE C\u00d3DIGOS QR LABELJOY<br \/>\n<\/a>\n<h2 style=\"margin-top: 2em;\">Melhore o seu neg\u00f3cio com o software gerador de c\u00f3digos QR<\/h2>\n<p><em>O gerador de c\u00f3digos QR \u00e9 cada vez mais \u00fatil<\/em>. O uso do c\u00f3digo de barras 2D agora \u00e9 di\u00e1rio, por isso \u00e9 importante estar atualizado e ter o <strong>melhor software para c\u00f3digos QR<\/strong>. Com Labeljoy pode colocar c\u00f3digos em flyers, cart\u00f5es de visita, etiquetas para nomes, e qualquer tipo de etiquetas: produtos, vinhos, cosm\u00e9ticos.<\/p>\n<h3>Funcionalidades do software<\/h3>\n<p>Labeljoy \u00e9 um software completo e f\u00e1cil com o qual pode <a title=\"Como Gerar C\u00f3digos de Barras e QRcode\" href=\"http:\/\/www.labeljoy.com\/pt-pt\/video-soporte\/gerar-codigos-barras-qrcode\/\">criar c\u00f3digo de barras 1D e 2D<\/a>. Labeljoy tem muitas fun\u00e7\u00f5es que lhe permitem criar e imprimir etiquetas personalizadas com c\u00f3digos QR em qualquer tamanho de papel e layout.<\/p>\n<p class=\"tt-icon icon-qrcode\"><strong>Gerador de C\u00f3digos QR<\/strong><br \/>\nO software Labeljoy permite gerar e fazer download de c\u00f3digos QR que os clientes podem ler com o seu smartphone. Ser\u00e1 f\u00e1cil de ligar diretamente a vCards, endere\u00e7o de email, website, n\u00famero de telefone, v\u00eddeo do YouTube, perfil do Facebook ou Twitter.<\/p>\n<div class=\"column-clear\"><\/div>\n<p class=\"tt-icon icon-db2\"><strong>Importa\u00e7\u00e3o de dados de base de dados<\/strong><br \/>\nPode ligar textos, c\u00f3digos de barras e imagens a <a title=\"Como Conectar Fontes de Dados Externas\" href=\"http:\/\/www.labeljoy.com\/pt-pt\/video-soporte\/conectar-dados-externos\/\">uma fonte de dados externa ou base de dados<\/a> como Excel, Access, Outlook, SQLite, csv, txt, wk1-2-3, Sql Server, MySQL e Oracle. Ser\u00e1 capaz de gerar rapidamente etiquetas com c\u00f3digos de barras personalizados.<\/p>\n<div class=\"column-clear\"><\/div>\n<p class=\"tt-icon icon-printer\"><strong>Imprima as suas etiquetas com c\u00f3digo QR<\/strong><br \/>\nLabeljoy \u00e9 um software que permite imprimir etiquetas de maneira f\u00e1cil. Pode imprimir etiquetas divididas em grupos com c\u00f3digos QR diferentes, e com a fun\u00e7\u00e3o &#8220;importar endere\u00e7os&#8221; pode tornar o seu trabalho mais f\u00e1cil.<br \/>\nMelhorar o seu neg\u00f3cio com o software de etiquetas com c\u00f3digo QR, imprima etiquetas de produtos, etiquetas de endere\u00e7o, etiquetas de pre\u00e7o!<\/p>\n<div class=\"column-clear\"><\/div>\n<p class=\"tt-icon icon-export\"><strong>Exportar c\u00f3digo QR para imagem<\/strong><br \/>\nUma vez gerado o c\u00f3digo QR, o software permite exportar folhas inteiras, etiquetas individuais ou c\u00f3digos de barras para o disco nos formatos mais comuns, como jpg, png e pdf.<\/p>\n","protected":false},"excerpt":{"rendered":"<p>Software de C\u00f3digos QR Com o software de c\u00f3digos QR Labeljoy pode gerar c\u00f3digos personalizados, lig\u00e1-los a diferentes fontes como p\u00e1ginas web, campanhas de c\u00f3digo QR, vCards e posi\u00e7\u00f5es em mapas do Google! Melhore o seu neg\u00f3cio com o software gerador de c\u00f3digos QR O gerador de c\u00f3digos QR \u00e9 cada vez mais \u00fatil. O &#8230; <a title=\"Software de C\u00f3digos QR\" class=\"read-more\" href=\"https:\/\/www.labeljoy.com\/pt-pt\/qr-code-pt\/software-de-codigos-qr\/\" aria-label=\"Leia mais sobre Software de C\u00f3digos QR\">Read more<\/a><\/p>\n","protected":false},"author":12,"featured_media":0,"parent":17844,"menu_order":0,"comment_status":"closed","ping_status":"closed","template":"","meta":{"inline_featured_image":false,"_monsterinsights_skip_tracking":false,"_monsterinsights_sitenote_active":false,"_monsterinsights_sitenote_note":"","_monsterinsights_sitenote_category":0,"footnotes":""},"class_list":{"0":"post-25886","1":"page","2":"type-page","3":"status-publish","5":"infinite-scroll-item"},"aioseo_notices":[],"_links":{"self":[{"href":"https:\/\/www.labeljoy.com\/pt-pt\/wp-json\/wp\/v2\/pages\/25886","targetHints":{"allow":["GET"]}}],"collection":[{"href":"https:\/\/www.labeljoy.com\/pt-pt\/wp-json\/wp\/v2\/pages"}],"about":[{"href":"https:\/\/www.labeljoy.com\/pt-pt\/wp-json\/wp\/v2\/types\/page"}],"author":[{"embeddable":true,"href":"https:\/\/www.labeljoy.com\/pt-pt\/wp-json\/wp\/v2\/users\/12"}],"replies":[{"embeddable":true,"href":"https:\/\/www.labeljoy.com\/pt-pt\/wp-json\/wp\/v2\/comments?post=25886"}],"version-history":[{"count":9,"href":"https:\/\/www.labeljoy.com\/pt-pt\/wp-json\/wp\/v2\/pages\/25886\/revisions"}],"predecessor-version":[{"id":45150,"href":"https:\/\/www.labeljoy.com\/pt-pt\/wp-json\/wp\/v2\/pages\/25886\/revisions\/45150"}],"up":[{"embeddable":true,"href":"https:\/\/www.labeljoy.com\/pt-pt\/wp-json\/wp\/v2\/pages\/17844"}],"wp:attachment":[{"href":"https:\/\/www.labeljoy.com\/pt-pt\/wp-json\/wp\/v2\/media?parent=25886"}],"curies":[{"name":"wp","href":"https:\/\/api.w.org\/{rel}","templated":true}]}}