{"id":28970,"date":"2018-03-30T12:06:56","date_gmt":"2018-03-30T12:06:56","guid":{"rendered":"http:\/\/www.labeljoy.com\/pt-pt\/?page_id=28970"},"modified":"2018-03-30T12:08:29","modified_gmt":"2018-03-30T12:08:29","slug":"o-que-ha-de-novo-no-labeljoy-6","status":"publish","type":"page","link":"https:\/\/www.labeljoy.com\/pt-pt\/o-que-ha-de-novo-no-labeljoy-6\/","title":{"rendered":"O que h\u00e1 de novo no Labeljoy 6"},"content":{"rendered":"<div class=\"lj6-new-features\">\n<p style=\"text-align: center;\"><a href=\"\/pt-pt\/download-pt\/\" class=\"jumbo lime-green tt-button\" target=\"_self\"> Fa\u00e7a o download da vers\u00e3o de demonstra\u00e7\u00e3o do Labeljoy <\/a>\u00a0<a href=\"\/pt-pt\/compra\/\" class=\"jumbo orange tt-button\" target=\"_self\"> Escolha a sua vers\u00e3o <\/a>\n<div class=\"hr hr-solid\">&nbsp;<\/div>\n<div class=\"one_half\"><div class=\"img-frame full-half\"><img decoding=\"async\" src=\"https:\/\/www.labeljoy.com\/wp-content\/uploads\/2018\/03\/1.png\" alt=\"\" width=\"445\" height=\"273\"\/><\/div><\/div>\n<div class=\"one_half\">\n<h2 class=\"h2-features-titles\">Conte\u00fados multi-formata\u00e7\u00e3o<\/h2>\n<p>Gra\u00e7as ao novo e poderoso editor de conte\u00fado, pode <strong>personalizar cada elemento<\/strong> com <strong>formata\u00e7\u00e3o m\u00faltipla<\/strong>. Selecione tipos diferentes de fontes, tamanhos, cores e atributos no mesmo texto.<\/p>\n<h3>Criatividade e design sem limites<\/h3>\n<\/div>\n<div class=\"hr hr-solid\">&nbsp;<\/div>\n<div class=\"one_half\">\n<h2 class=\"h2-features-titles\">Gest\u00e3o interactiva de campos<\/h2>\n<p>Crie e preencha seu marcador com apenas alguns cliques gra\u00e7as \u00e0 <strong>interface totalmente din\u00e2mica<\/strong> para campos personalizados. Escolha dados do seu banco de dados e <strong>coloque-os onde preferir<\/strong> no seu r\u00f3tulo. Poder\u00e1 trabalhar com velocidade e precis\u00e3o.<\/p>\n<h3>Edi\u00e7\u00e3o R\u00e1pida e Precisa<\/h3>\n<\/div>\n<div class=\"one_half\"><div class=\"img-frame full-half\"><img decoding=\"async\" src=\"https:\/\/www.labeljoy.com\/wp-content\/uploads\/2018\/03\/2.png\" alt=\"\" width=\"445\" height=\"273\"\/><\/div><\/div>\n<div class=\"hr hr-solid\">&nbsp;<\/div>\n<div class=\"one_half\"><div class=\"img-frame full-half\"><img decoding=\"async\" src=\"https:\/\/www.labeljoy.com\/wp-content\/uploads\/2018\/03\/3.png\" alt=\"\" width=\"445\" height=\"273\"\/><\/div><\/div>\n<div class=\"one_half\">\n<h2 class=\"h2-features-titles\">Nova interface intuitivo<\/h2>\n<p><strong>Nova interface Labeljoy 6<\/strong> \u00e9 o resultado de todos os seus feedbacks colecionados ao longo dos anos. Reconhec\u00edvel por qualquer pessoa, incluindo os menos experientes de pain\u00e9is digitais, \u00e9 <strong>simples<\/strong>, <strong>intuitivo<\/strong> e permite-lhe personalizar as suas etiquetas em<strong> apenas alguns cliques<\/strong>.<\/p>\n<h3>Interface din\u00e2mica e interativa<\/h3>\n<\/div>\n<div class=\"hr hr-solid\">&nbsp;<\/div>\n<div class=\"one_half\">\n<h2>Filtro de banco de dados pr\u00e1tico<\/h2>\n<p>A <strong>nova ferramenta de filtro<\/strong> permite-lhe <strong>segmentar o seu banco de dados em segundos<\/strong>, selecionando apenas dados \u00fateis para os seus conjuntos de r\u00f3tulos. <strong>Crie os seus filtros<\/strong> e o painel mostrar\u00e1 os contactos que correspondem ao intervalo de vari\u00e1veis \u200b\u200bque selecionou.<\/p>\n<h3>Novas ferramentas de segmento para o seu banco de dados<\/h3>\n<\/div>\n<div class=\"one_half\"><div class=\"img-frame full-half\"><img decoding=\"async\" src=\"https:\/\/www.labeljoy.com\/wp-content\/uploads\/2018\/03\/4.png\" alt=\"\" width=\"445\" height=\"273\"\/><\/div><\/div>\n<div class=\"hr hr-solid\">&nbsp;<\/div>\n<div class=\"one_half\"><div class=\"img-frame full-half\"><img decoding=\"async\" src=\"https:\/\/www.labeljoy.com\/wp-content\/uploads\/2018\/03\/5.png\" alt=\"\" width=\"445\" height=\"273\"\/><\/div><\/div>\n<div class=\"one_half\">\n<h2>Exportar para PDF<\/h2>\n<p>Imprima mais r\u00e1pido que nunca! A nova ferramenta de exporta\u00e7\u00e3o .pdf para as suas p\u00e1ginas, etiquetas e c\u00f3digo de barras, garante uma impress\u00e3o muito precisa. Al\u00e9m disso, ter\u00e1 <strong>arquivos de formato leve<\/strong> que poder\u00e1 gerir ou possivelmente enviar.<\/p>\n<h3>Trabalhe rapidamente gra\u00e7as a arquivos leves<\/h3>\n<\/div>\n<div class=\"hr hr-solid\">&nbsp;<\/div>\n<div class=\"one_half\">\n<h2>Novos C\u00f3digos de barras<\/h2>\n<p>Labeljoy <strong>lista de c\u00f3digos de barras est\u00e1 a crescer<\/strong>! Os rec\u00e9m-chegados incluem o <strong>MSI Plessey<\/strong> c\u00f3digo, usado principalmente em bibliotecas e na rotulagem de prateleiras, e <strong>C\u00f3digo asteca<\/strong>, usado para rotulagem de tamanho pequeno, perfeito para pequenas embalagens.<\/p>\n<h3>C\u00f3digos de Barras para todas as necessidades<\/h3>\n<\/div>\n<div class=\"one_half\"><div class=\"img-frame full-half\"><img decoding=\"async\" src=\"https:\/\/www.labeljoy.com\/wp-content\/uploads\/2018\/03\/6.png\" alt=\"\" width=\"445\" height=\"273\"\/><\/div><\/div>\n<div class=\"hr hr-solid\">&nbsp;<\/div>\n<p style=\"text-align: center;\"><a href=\"\/pt-pt\/compra\/\" class=\"jumbo orange tt-button\" target=\"_self\"> Escolha a sua vers\u00e3o <\/a>\n<\/div>\n","protected":false},"excerpt":{"rendered":"<p>\u00a0<\/p>\n","protected":false},"author":2,"featured_media":0,"parent":0,"menu_order":2,"comment_status":"open","ping_status":"closed","template":"","meta":{"inline_featured_image":false,"_monsterinsights_skip_tracking":false,"_monsterinsights_sitenote_active":false,"_monsterinsights_sitenote_note":"","_monsterinsights_sitenote_category":0,"footnotes":""},"class_list":{"0":"post-28970","1":"page","2":"type-page","3":"status-publish","5":"infinite-scroll-item"},"aioseo_notices":[],"_links":{"self":[{"href":"https:\/\/www.labeljoy.com\/pt-pt\/wp-json\/wp\/v2\/pages\/28970","targetHints":{"allow":["GET"]}}],"collection":[{"href":"https:\/\/www.labeljoy.com\/pt-pt\/wp-json\/wp\/v2\/pages"}],"about":[{"href":"https:\/\/www.labeljoy.com\/pt-pt\/wp-json\/wp\/v2\/types\/page"}],"author":[{"embeddable":true,"href":"https:\/\/www.labeljoy.com\/pt-pt\/wp-json\/wp\/v2\/users\/2"}],"replies":[{"embeddable":true,"href":"https:\/\/www.labeljoy.com\/pt-pt\/wp-json\/wp\/v2\/comments?post=28970"}],"version-history":[{"count":4,"href":"https:\/\/www.labeljoy.com\/pt-pt\/wp-json\/wp\/v2\/pages\/28970\/revisions"}],"predecessor-version":[{"id":28975,"href":"https:\/\/www.labeljoy.com\/pt-pt\/wp-json\/wp\/v2\/pages\/28970\/revisions\/28975"}],"wp:attachment":[{"href":"https:\/\/www.labeljoy.com\/pt-pt\/wp-json\/wp\/v2\/media?parent=28970"}],"curies":[{"name":"wp","href":"https:\/\/api.w.org\/{rel}","templated":true}]}}