{"id":30252,"date":"2018-07-13T15:16:16","date_gmt":"2018-07-13T15:16:16","guid":{"rendered":"https:\/\/www.labeljoy.com\/pt-pt\/?page_id=30252"},"modified":"2018-07-13T15:40:12","modified_gmt":"2018-07-13T15:40:12","slug":"regulamento-ue-2016679-gdpr","status":"publish","type":"page","link":"https:\/\/www.labeljoy.com\/pt-pt\/regulamento-ue-2016679-gdpr\/","title":{"rendered":"Regulamento (UE) 2016\/679 \u2013 GDPR"},"content":{"rendered":"<p><strong>Proteger a privacidade dos nossos utilizadores \u00e9 a nossa prioridade<\/strong>, pelo que tomamos as melhores medidas e as melhores pr\u00e1ticas para a prote\u00e7\u00e3o de dados. O nosso trabalho \u00e9 baseado na Privacidade desde a Conce\u00e7\u00e3o.<\/p>\n<p>A nossa empresa j\u00e1 elevou os seus padr\u00f5es, em conformidade com o <strong>GDPR<\/strong> (Regulamento Geral de Prote\u00e7\u00e3o de Dados). Para n\u00f3s, \u00e9 um passo importante no sentido de garantir <strong>maior seguran\u00e7a dos seus dados<\/strong>,<\/p>\n<p>Queremos partilhar consigo <strong>o que fizemos para garantir maior seguran\u00e7ae<\/strong>, al\u00e9m disso, queremos ajud\u00e1-lo a <strong>estar em conformidade com o GDPR.<\/strong><\/p>\n<p>Se quiser rever os conceitos b\u00e1sicos do GDPR, pode consultar o <a href=\"\/pt-pt\/gdpr-conceitos-basico\/\"><strong>nosso guia<\/strong><\/a>, desenvolvido apenas para si.<\/p>\n<p>&nbsp;<\/p>\n<h2>Os Seus Dados Est\u00e3o Seguros Connosco<\/h2>\n<p>H\u00e1 algum tempo, a nossa equipa implementou algumas melhorias para proteger os seus dados e a sua privacidade. Como tal, estamos perfeitamente alinhados com o GDPR.<\/p>\n<p><strong>O nosso compromisso \u00e9 cont\u00ednuo.<\/strong>Na verdade, verificamos regularmente a efici\u00eancia e a adequa\u00e7\u00e3o das medidas adotadas e executadas, a fim de garantir a prote\u00e7\u00e3o da base de dados, direitos e liberdades fundamentais das pessoas, bem como a aplica\u00e7\u00e3o do processamento de dados por parte daqueles que usam os nossos servi\u00e7os.<\/p>\n<p>Na tabela abaixo, encontrar\u00e1 todas as informa\u00e7\u00f5es relativas ao trabalho feito para permitir que possa utilizar os nossos produtos e servi\u00e7os de forma segura.<\/p>\n<table class=\"gdpr-table\">\n<tbody>\n<tr>\n<td align=\"left\" valign=\"center\">Nome\u00e1mos um Oficial de Prote\u00e7\u00e3o de Dados<\/td>\n<td align=\"center\" valign=\"top\" width=\"100\"><img decoding=\"async\" width=\"28\" height=\"28\" src=\"\/images\/check-ok.png\" alt=\"\" \/><\/td>\n<\/tr>\n<tr>\n<td align=\"left\" valign=\"center\">Proporcion\u00e1mos forma\u00e7\u00e3o a uma equipa envolvida no processamento de dados e atividades de controlo relacionadas<\/td>\n<td align=\"center\" valign=\"top\" width=\"100\"><img decoding=\"async\" width=\"28\" height=\"28\" src=\"\/images\/check-ok.png\" alt=\"\" \/><\/td>\n<\/tr>\n<tr>\n<td align=\"left\" valign=\"center\">A nossa pol\u00edtica sobre os direitos do Titular dos Dados e os procedimentos para a prova de consentimento para o processamento de dados foram atualizados<\/td>\n<td align=\"center\" valign=\"top\" width=\"100\"><img decoding=\"async\" width=\"28\" height=\"28\" src=\"\/images\/check-ok.png\" alt=\"\" \/><\/td>\n<\/tr>\n<tr>\n<td align=\"left\" valign=\"center\">Desenvolvemos uma divulga\u00e7\u00e3o detalhada e adequada para o GDPR, f\u00e1cil de entender, a fim de permitir que os Titulares dos Dados saibam como exercer os seus direitos<\/td>\n<td align=\"center\" valign=\"top\" width=\"100\"><img decoding=\"async\" width=\"28\" height=\"28\" src=\"\/images\/check-ok.png\" alt=\"\" \/><\/td>\n<\/tr>\n<tr>\n<td align=\"left\" valign=\"center\">Em caso de viola\u00e7\u00e3o de dados pessoais, os nossos procedimentos de resposta s\u00e3o r\u00e1pidos e ocorrem sem qualquer atraso ap\u00f3s a detec\u00e7\u00e3o da anomalia<\/td>\n<td align=\"center\" valign=\"top\" width=\"100\"><img decoding=\"async\" width=\"28\" height=\"28\" src=\"\/images\/check-ok.png\" alt=\"\" \/><\/td>\n<\/tr>\n<tr>\n<td align=\"left\" valign=\"center\">Realizamos o DPIA, que \u00e9 a avalia\u00e7\u00e3o do impacto na prote\u00e7\u00e3o de dados<\/td>\n<td align=\"center\" valign=\"top\" width=\"100\"><img decoding=\"async\" width=\"28\" height=\"28\" src=\"\/images\/check-ok.png\" alt=\"\" \/><\/td>\n<\/tr>\n<tr>\n<td align=\"left\" valign=\"center\">Aplic\u00e1mos os princ\u00edpios do GDPR em v\u00e1rios aspetos do processamento de dados: atividades, objetivos, descri\u00e7\u00e3o das categorias de destinat\u00e1rios e eventuais transfer\u00eancias de dados<\/td>\n<td align=\"center\" valign=\"top\" width=\"100\"><img decoding=\"async\" width=\"28\" height=\"28\" src=\"\/images\/check-ok.png\" alt=\"\" \/><\/td>\n<\/tr>\n<tr>\n<td align=\"left\" valign=\"center\">As nossas medidas t\u00e9cnicas e organizacionais foram consolidadas<\/td>\n<td align=\"center\" valign=\"top\" width=\"100\"><img decoding=\"async\" width=\"28\" height=\"28\" src=\"\/images\/check-ok.png\" alt=\"\" \/><\/td>\n<\/tr>\n<tr>\n<td align=\"left\" valign=\"center\">Garantimos o direito de portabilidade de dados do titular de e para sistemas de terceiros<\/td>\n<td align=\"center\" valign=\"top\" width=\"100\"><img decoding=\"async\" width=\"28\" height=\"28\" src=\"\/images\/check-ok.png\" alt=\"\" \/><\/td>\n<\/tr>\n<tr>\n<td align=\"left\" valign=\"center\">O n\u00edvel de protec\u00e7\u00e3o para a transfer\u00eancia de dados para pa\u00edses n\u00e3o pertencentes \u00e0 UE foi refor\u00e7ado com protocolos adequados<\/td>\n<td align=\"center\" valign=\"top\" width=\"100\"><img decoding=\"async\" width=\"28\" height=\"28\" src=\"\/images\/check-ok.png\" alt=\"\" \/><\/td>\n<\/tr>\n<tr>\n<td align=\"left\" valign=\"center\">H\u00e1 algum tempo adot\u00e1mos a Privacidade desde a Conce\u00e7\u00e3o, para implementar eficientemente os princ\u00edpios do GDPR em prote\u00e7\u00e3o de dados e processamento de dados<\/td>\n<td align=\"center\" valign=\"top\" width=\"100\"><img decoding=\"async\" width=\"28\" height=\"28\" src=\"\/images\/check-ok.png\" alt=\"\" \/><\/td>\n<\/tr>\n<tr>\n<td align=\"left\" valign=\"center\">A 24 de maio de 2018, publicaremos a nova divulga\u00e7\u00e3o<\/td>\n<td align=\"center\" valign=\"top\" width=\"100\"><img decoding=\"async\" width=\"28\" height=\"28\" src=\"\/images\/check-ok.png\" alt=\"\" \/><\/td>\n<\/tr>\n<\/tbody>\n<\/table>\n","protected":false},"excerpt":{"rendered":"<p>Proteger a privacidade dos nossos utilizadores \u00e9 a nossa prioridade, pelo que tomamos as melhores medidas e as melhores pr\u00e1ticas para a prote\u00e7\u00e3o de dados. O nosso trabalho \u00e9 baseado na Privacidade desde a Conce\u00e7\u00e3o. A nossa empresa j\u00e1 elevou os seus padr\u00f5es, em conformidade com o GDPR (Regulamento Geral de Prote\u00e7\u00e3o de Dados). Para &#8230; <a title=\"Regulamento (UE) 2016\/679 \u2013 GDPR\" class=\"read-more\" href=\"https:\/\/www.labeljoy.com\/pt-pt\/regulamento-ue-2016679-gdpr\/\" aria-label=\"Leia mais sobre Regulamento (UE) 2016\/679 \u2013 GDPR\">Read more<\/a><\/p>\n","protected":false},"author":12,"featured_media":0,"parent":0,"menu_order":2,"comment_status":"open","ping_status":"closed","template":"","meta":{"inline_featured_image":false,"_monsterinsights_skip_tracking":false,"_monsterinsights_sitenote_active":false,"_monsterinsights_sitenote_note":"","_monsterinsights_sitenote_category":0,"footnotes":""},"class_list":{"0":"post-30252","1":"page","2":"type-page","3":"status-publish","5":"infinite-scroll-item"},"aioseo_notices":[],"_links":{"self":[{"href":"https:\/\/www.labeljoy.com\/pt-pt\/wp-json\/wp\/v2\/pages\/30252","targetHints":{"allow":["GET"]}}],"collection":[{"href":"https:\/\/www.labeljoy.com\/pt-pt\/wp-json\/wp\/v2\/pages"}],"about":[{"href":"https:\/\/www.labeljoy.com\/pt-pt\/wp-json\/wp\/v2\/types\/page"}],"author":[{"embeddable":true,"href":"https:\/\/www.labeljoy.com\/pt-pt\/wp-json\/wp\/v2\/users\/12"}],"replies":[{"embeddable":true,"href":"https:\/\/www.labeljoy.com\/pt-pt\/wp-json\/wp\/v2\/comments?post=30252"}],"version-history":[{"count":4,"href":"https:\/\/www.labeljoy.com\/pt-pt\/wp-json\/wp\/v2\/pages\/30252\/revisions"}],"predecessor-version":[{"id":30265,"href":"https:\/\/www.labeljoy.com\/pt-pt\/wp-json\/wp\/v2\/pages\/30252\/revisions\/30265"}],"wp:attachment":[{"href":"https:\/\/www.labeljoy.com\/pt-pt\/wp-json\/wp\/v2\/media?parent=30252"}],"curies":[{"name":"wp","href":"https:\/\/api.w.org\/{rel}","templated":true}]}}