{"id":30266,"date":"2018-07-13T15:50:40","date_gmt":"2018-07-13T15:50:40","guid":{"rendered":"https:\/\/www.labeljoy.com\/pt-pt\/?page_id=30266"},"modified":"2022-01-14T14:08:31","modified_gmt":"2022-01-14T14:08:31","slug":"rgpd-introducao-objetivos","status":"publish","type":"page","link":"https:\/\/www.labeljoy.com\/pt-pt\/rgpd-introducao-objetivos\/","title":{"rendered":"RGPD \u2013 Introdu\u00e7\u00e3o \u2013 Objetivos"},"content":{"rendered":"<p><img decoding=\"async\" class=\"alignnone size-full wp-image-38307\" src=\"https:\/\/www.labeljoy.com\/wp-content\/uploads\/2018\/05\/gdpr-intro-2.png\" alt=\"\" width=\"1280\" height=\"700\" srcset=\"https:\/\/www.labeljoy.com\/wp-content\/uploads\/2018\/05\/gdpr-intro-2.png 1280w, https:\/\/www.labeljoy.com\/wp-content\/uploads\/2018\/05\/gdpr-intro-2-300x164.png 300w, https:\/\/www.labeljoy.com\/wp-content\/uploads\/2018\/05\/gdpr-intro-2-768x420.png 768w, https:\/\/www.labeljoy.com\/wp-content\/uploads\/2018\/05\/gdpr-intro-2-1024x560.png 1024w\" sizes=\"(max-width: 1280px) 100vw, 1280px\" \/><\/p>\n<h2>Pol\u00edtica de Privacidade &#8211; Regulamento da UE 2016\/79 RGPD<\/h2>\n<p><em>Atualiza\u00e7\u00e3o de 25 de maio de 2018<\/em><\/p>\n<p>Redigimos este documento para o ajudar a compreender as nossas pol\u00edticas de privacidade. Para o tornar o mais claro poss\u00edvel, usamos uma linguagem clara e uma estrutura simples.<\/p>\n<p>Com a entrada em vigor do Regulamento Geral de Prote\u00e7\u00e3o de Dados (UE 2016\/679), estamos a introduzir algumas melhorias na utiliza\u00e7\u00e3o da Delivery Tech. Embora muitas destas regras se apliquem apenas a utilizadores na Uni\u00e3o Europeia (UE), as altera\u00e7\u00f5es afetar\u00e3o todos os utilizadores.<br \/>\nCom este documento, ficar\u00e1 a saber quais os dados que recolhemos, qual o motivo e durante quanto tempo armazenamos essa informa\u00e7\u00e3o. O nosso objetivo \u00e9 explicar, de uma maneira simples, de que forma atualizamos, gerimos, exportamos e eliminamos os seus dados.<\/p>\n<p>Conforme expressamente exigido pelo RGPD, ao usar os nossos servi\u00e7os, pode exercer os seus direitos a qualquer momento e com total transpar\u00eancia. Convidamo-lo a ler cuidadosamente as seguintes instru\u00e7\u00f5es e a tomar particular aten\u00e7\u00e3o \u00e0s \u00e1reas de maior interesse para si.<\/p>\n","protected":false},"excerpt":{"rendered":"<p>Pol\u00edtica de Privacidade &#8211; Regulamento da UE 2016\/79 RGPD Atualiza\u00e7\u00e3o de 25 de maio de 2018 Redigimos este documento para o ajudar a compreender as nossas pol\u00edticas de privacidade. Para o tornar o mais claro poss\u00edvel, usamos uma linguagem clara e uma estrutura simples. Com a entrada em vigor do Regulamento Geral de Prote\u00e7\u00e3o de &#8230; <a title=\"RGPD \u2013 Introdu\u00e7\u00e3o \u2013 Objetivos\" class=\"read-more\" href=\"https:\/\/www.labeljoy.com\/pt-pt\/rgpd-introducao-objetivos\/\" aria-label=\"Leia mais sobre RGPD \u2013 Introdu\u00e7\u00e3o \u2013 Objetivos\">Read more<\/a><\/p>\n","protected":false},"author":12,"featured_media":0,"parent":0,"menu_order":2,"comment_status":"open","ping_status":"closed","template":"","meta":{"inline_featured_image":false,"_monsterinsights_skip_tracking":false,"_monsterinsights_sitenote_active":false,"_monsterinsights_sitenote_note":"","_monsterinsights_sitenote_category":0,"footnotes":""},"class_list":{"0":"post-30266","1":"page","2":"type-page","3":"status-publish","5":"infinite-scroll-item"},"aioseo_notices":[],"_links":{"self":[{"href":"https:\/\/www.labeljoy.com\/pt-pt\/wp-json\/wp\/v2\/pages\/30266","targetHints":{"allow":["GET"]}}],"collection":[{"href":"https:\/\/www.labeljoy.com\/pt-pt\/wp-json\/wp\/v2\/pages"}],"about":[{"href":"https:\/\/www.labeljoy.com\/pt-pt\/wp-json\/wp\/v2\/types\/page"}],"author":[{"embeddable":true,"href":"https:\/\/www.labeljoy.com\/pt-pt\/wp-json\/wp\/v2\/users\/12"}],"replies":[{"embeddable":true,"href":"https:\/\/www.labeljoy.com\/pt-pt\/wp-json\/wp\/v2\/comments?post=30266"}],"version-history":[{"count":3,"href":"https:\/\/www.labeljoy.com\/pt-pt\/wp-json\/wp\/v2\/pages\/30266\/revisions"}],"predecessor-version":[{"id":36374,"href":"https:\/\/www.labeljoy.com\/pt-pt\/wp-json\/wp\/v2\/pages\/30266\/revisions\/36374"}],"wp:attachment":[{"href":"https:\/\/www.labeljoy.com\/pt-pt\/wp-json\/wp\/v2\/media?parent=30266"}],"curies":[{"name":"wp","href":"https:\/\/api.w.org\/{rel}","templated":true}]}}