{"id":30270,"date":"2018-07-13T16:10:00","date_gmt":"2018-07-13T16:10:00","guid":{"rendered":"https:\/\/www.labeljoy.com\/pt-pt\/?page_id=30270"},"modified":"2018-07-13T16:11:40","modified_gmt":"2018-07-13T16:11:40","slug":"informacao-basica","status":"publish","type":"page","link":"https:\/\/www.labeljoy.com\/pt-pt\/rgpd-introducao-objetivos\/informacao-basica\/","title":{"rendered":"Informa\u00e7\u00e3o b\u00e1sica"},"content":{"rendered":"<p><img decoding=\"async\" class=\"alignnone size-full wp-image-29573\" src=\"https:\/\/www.labeljoy.com\/wp-content\/uploads\/2018\/05\/gdpr-base.png\" alt=\"\" width=\"1280\" height=\"700\" srcset=\"https:\/\/www.labeljoy.com\/wp-content\/uploads\/2018\/05\/gdpr-base.png 1280w, https:\/\/www.labeljoy.com\/wp-content\/uploads\/2018\/05\/gdpr-base-300x164.png 300w, https:\/\/www.labeljoy.com\/wp-content\/uploads\/2018\/05\/gdpr-base-768x420.png 768w, https:\/\/www.labeljoy.com\/wp-content\/uploads\/2018\/05\/gdpr-base-1024x560.png 1024w\" sizes=\"(max-width: 1280px) 100vw, 1280px\" \/><\/p>\n<div class=\"one_third\">\n<h4>Quem Somos<\/h4>\n<\/div>\n<div class=\"two_thirds\">\n<p>A Delivery Tech \u00e9 uma empresa sediada nos Estados Unidos da Am\u00e9rica (EUA) e funciona a partir da Calif\u00f3rnia.<br \/>\nComo a nossa empresa oferece servi\u00e7os globais, design\u00e1mos a eDisplay Srl como o nosso representante europeu. A eDisplay Srl \u00e9 respons\u00e1vel por cooperar com a autoridade de privacidade e com a gest\u00e3o da clientela Europeia. Encontrar\u00e1 uma s\u00e9rie de refer\u00eancias \u00e0 eDisplay Srl nos nossos sites.<\/p>\n<ul>\n<li><strong>Delivery Tech Corp., 4411 Morena Blvd #105, San Diego, CA 92117<\/strong><\/li>\n<li><strong>eDisplay Srl, Viale del lavoro 53, 08023, Fonni (NU)<\/strong><\/li>\n<\/ul>\n<\/div>\n<div class=\"hr hr-solid\">&nbsp;<\/div>\n<div class=\"one_third\">\n<h4>Extens\u00e3o dos regulamentos de privacidade e seguran\u00e7a em conformidade com a UE \u2013 requisitos Europeus<\/h4>\n<\/div>\n<div class=\"two_thirds\">\n<p>Como a Delivery Tech se localiza na Calif\u00f3rnia, a nossa empresa tamb\u00e9m est\u00e1 sujeita \u00e0 legisla\u00e7\u00e3o dos EUA em rela\u00e7\u00e3o aos regulamentos de seguran\u00e7a e privacidade.<br \/>\n<strong>Este Aviso aplica-se apenas se a Delivery Tech processar os dados de clientes com listas de contactos que cont\u00eam as informa\u00e7\u00f5es pessoais de entidades da UE. Para todos os outros clientes, aplicam-se as leis de privacidade no pa\u00eds em que os dados s\u00e3o recolhidos.<\/strong><br \/>\nEstamos sempre muito atentos \u00e0 privacidade e seguran\u00e7a dos nossos clientes em todo o mundo, pelo que tomamos medidas para garantir o servi\u00e7o mais seguro e transparente poss\u00edvel. Tal inclui a extens\u00e3o da nossa pol\u00edtica de privacidade para cumprir com o Regulamento da UE de 2016\/79, que entrou em vigor a 25 de maio.<br \/>\nAo usar os nossos sites e os nossos servi\u00e7os, declara que compreende e consente a recolha, armazenamento, processamento e transfer\u00eancia das suas informa\u00e7\u00f5es para as nossas instala\u00e7\u00f5es nos Estados Unidos e tamb\u00e9m para terceiros. Esses terceiros s\u00e3o capazes de usar esses dados de acordo com os termos e m\u00e9todos descritos nesta declara\u00e7\u00e3o.<br \/>\nPara proteger os dados dos cidad\u00e3os europeus inseridos nos nossos sistemas pelos nossos utilizadores, aplicamos um modelo de Acordo de Privacidade de Dados (DPA). Indicamos os m\u00e9todos de tratamento, coopera\u00e7\u00e3o e as condi\u00e7\u00f5es de servi\u00e7o que adot\u00e1mos.<br \/>\nOs utilizadores registados na UE (sejam assinantes ou utilizadores de vers\u00f5es gratuitas) que usam a Delivery Tech para fins comerciais devem aderir ao nosso DPA para continuar a usar as nossas aplica\u00e7\u00f5es.<\/p>\n<\/div>\n<div class=\"hr hr-solid\">&nbsp;<\/div>\n<div class=\"one_third\">\n<h4>Controlador de Dados<\/h4>\n<\/div>\n<div class=\"two_thirds\">\n<p>Na Delivery Tech Corp. tamb\u00e9m atuamos como controladores de dados, mas apenas quando recolhemos os seus dados pessoais para uso pr\u00f3prio durante a presta\u00e7\u00e3o dos servi\u00e7os que adquiriu. Nesse instante, estabelecemos uma rela\u00e7\u00e3o direta consigo.<br \/>\nComo controladores de dados, garantimos o cumprimento das regras relativas \u00e0 prote\u00e7\u00e3o de dados pessoais. Fornecemos todas as informa\u00e7\u00f5es \u00fateis sobre o processamento de dados, tanto as informa\u00e7\u00f5es comunicadas direta e voluntariamente, como quaisquer informa\u00e7\u00f5es recolhidas pelo sistema enquanto navega no site e utiliza os nossos servi\u00e7os.<br \/>\nEspecificamente, o processador de dados da Delivery Tech Corp. \u00e9 o seu administrador pro-tempore, assistido pelo Diretor de Prote\u00e7\u00e3o de Dados (DPO), que garante o cumprimento das regras impostas pelo RGPD.<br \/>\nPode contactar o nosso controlador de dados atrav\u00e9s deste endere\u00e7o de email: <a href=\"mailto:privacy@edisplay.it\" target=\"_blank\" rel=\"noopener\">privacy@edisplay.it.<\/a><br \/>\n<\/div>\n<div class=\"hr hr-solid\">&nbsp;<\/div>\n<div class=\"one_third\">\n<h4>Processador de Dados<\/h4>\n<\/div>\n<div class=\"two_thirds\">\n<p>Ao usar os nossos servi\u00e7os, pode importar dados para o seu sistema, juntamente com as informa\u00e7\u00f5es pessoais que recolheu dos seus assinantes ou de outras pessoas. Nesse caso, como n\u00e3o temos nenhum relacionamento direto com os seus membros ou com qualquer outra pessoa que n\u00e3o seja consigo, a fun\u00e7\u00e3o de controlador de dados passa a ser sua. O seu trabalho ser\u00e1 garantir que obt\u00e9m a autoriza\u00e7\u00e3o adequada para recolher e processar informa\u00e7\u00f5es relacionadas com os diversos assuntos.<br \/>\nDe uma forma consistente com o uso de dados pessoais processados, assina um Contrato de Pol\u00edtica de Dados (DPA) com a Delivery Tech como fornecedor de servi\u00e7os para os seus assinantes atrav\u00e9s das nossas plataformas. O contrato serve para garantir o uso correto dos dados com as garantias apropriadas que lhe fornecemos a si como processador de dados.<br \/>\nNesse caso, manteremos os dados pessoais, processados \u200b\u200bem nome dos nossos utilizadores, pelo tempo necess\u00e1rio para:<\/p>\n<ul style=\"list-style-type: upper-latin;\">\n<li>fornecer os nossos servi\u00e7os<\/li>\n<li>cumprir com as nossas obriga\u00e7\u00f5es legais;<\/li>\n<li>resolver disputas;<\/li>\n<li>prevenir abuso;<\/li>\n<li>fazer cumprir os nossos acordos.<\/li>\n<\/ul>\n<\/div>\n<div class=\"hr hr-solid\">&nbsp;<\/div>\n<div class=\"one_third\">\n<h4>Representante da UE do controlador de dados<\/h4>\n<\/div>\n<div class=\"two_thirds\">\n<p>No caso espec\u00edfico em que a Delivery Tech atue como controlador de dados para um cidad\u00e3o europeu, designamos um representante da UE para atuar em nome da Delivery Tech durante as fases de coopera\u00e7\u00e3o com as autoridades de controlo.<br \/>\nO representante da UE da Delivery Tech Corp \u00e9 a eDisplay Srl. Devido ao facto de nos encontrarmos sediados e funcionarmos a partir dos EUA, essa \u00e9 uma tarefa vital que nos permite oferecer-lhe o melhor suporte poss\u00edvel.<br \/>\nPara clientes europeus, a eDisplay Srl tamb\u00e9m ser\u00e1 respons\u00e1vel pela fatura\u00e7\u00e3o e minimizar\u00e1 a transfer\u00eancia de dados de e para os Estados Unidos.<\/p>\n<\/div>\n<div class=\"hr hr-solid\">&nbsp;<\/div>\n<div class=\"one_third\">\n<h4>Escudo da Privacidade de Dados<\/h4>\n<\/div>\n<div class=\"two_thirds\">\n<p>A Delivery Tech aguarda aprova\u00e7\u00e3o para emitir um certificado de conformidade com Escudo de Prote\u00e7\u00e3o da Privacidade UE-EUA. Comprometemo-nos a enviar todas as informa\u00e7\u00f5es pessoais recebidas dos estados membros da UE para que elas se apliquem com os princ\u00edpios do Escudo de Prote\u00e7\u00e3o de Privacidade.<br \/>\nPara obter mais informa\u00e7\u00f5es sobre o Escudo de Prote\u00e7\u00e3o de Privacidade, visite o site Escudo de Privacidade do Departamento de Com\u00e9rcio dos EUA:\u00a0<a href=\"https:\/\/www.privacyshield.gov\/welcome\">https:\/\/www.privacyshield.gov\/welcome<\/a><\/p>\n<\/div>\n","protected":false},"excerpt":{"rendered":"","protected":false},"author":12,"featured_media":0,"parent":30266,"menu_order":0,"comment_status":"open","ping_status":"closed","template":"page-template-left-sidebar.php","meta":{"inline_featured_image":false,"_monsterinsights_skip_tracking":false,"_monsterinsights_sitenote_active":false,"_monsterinsights_sitenote_note":"","_monsterinsights_sitenote_category":0,"footnotes":""},"class_list":{"0":"post-30270","1":"page","2":"type-page","3":"status-publish","5":"infinite-scroll-item"},"aioseo_notices":[],"_links":{"self":[{"href":"https:\/\/www.labeljoy.com\/pt-pt\/wp-json\/wp\/v2\/pages\/30270","targetHints":{"allow":["GET"]}}],"collection":[{"href":"https:\/\/www.labeljoy.com\/pt-pt\/wp-json\/wp\/v2\/pages"}],"about":[{"href":"https:\/\/www.labeljoy.com\/pt-pt\/wp-json\/wp\/v2\/types\/page"}],"author":[{"embeddable":true,"href":"https:\/\/www.labeljoy.com\/pt-pt\/wp-json\/wp\/v2\/users\/12"}],"replies":[{"embeddable":true,"href":"https:\/\/www.labeljoy.com\/pt-pt\/wp-json\/wp\/v2\/comments?post=30270"}],"version-history":[{"count":2,"href":"https:\/\/www.labeljoy.com\/pt-pt\/wp-json\/wp\/v2\/pages\/30270\/revisions"}],"predecessor-version":[{"id":30272,"href":"https:\/\/www.labeljoy.com\/pt-pt\/wp-json\/wp\/v2\/pages\/30270\/revisions\/30272"}],"up":[{"embeddable":true,"href":"https:\/\/www.labeljoy.com\/pt-pt\/wp-json\/wp\/v2\/pages\/30266"}],"wp:attachment":[{"href":"https:\/\/www.labeljoy.com\/pt-pt\/wp-json\/wp\/v2\/media?parent=30270"}],"curies":[{"name":"wp","href":"https:\/\/api.w.org\/{rel}","templated":true}]}}