{"id":30298,"date":"2018-07-16T22:00:45","date_gmt":"2018-07-16T22:00:45","guid":{"rendered":"https:\/\/www.labeljoy.com\/pt-pt\/?page_id=30298"},"modified":"2018-07-16T22:05:34","modified_gmt":"2018-07-16T22:05:34","slug":"de-que-modo-a-delivery-tech-usa-as-suas-informacoes","status":"publish","type":"page","link":"https:\/\/www.labeljoy.com\/pt-pt\/rgpd-introducao-objetivos\/de-que-modo-a-delivery-tech-usa-as-suas-informacoes\/","title":{"rendered":"De que modo a Delivery Tech usa as suas informa\u00e7\u00f5es"},"content":{"rendered":"<p><img decoding=\"async\" class=\"alignnone size-full wp-image-29570\" src=\"https:\/\/www.labeljoy.com\/wp-content\/uploads\/2018\/05\/GDPR-intro.png\" alt=\"\" width=\"1280\" height=\"700\" srcset=\"https:\/\/www.labeljoy.com\/wp-content\/uploads\/2018\/05\/GDPR-intro.png 1280w, https:\/\/www.labeljoy.com\/wp-content\/uploads\/2018\/05\/GDPR-intro-300x164.png 300w, https:\/\/www.labeljoy.com\/wp-content\/uploads\/2018\/05\/GDPR-intro-768x420.png 768w, https:\/\/www.labeljoy.com\/wp-content\/uploads\/2018\/05\/GDPR-intro-1024x560.png 1024w\" sizes=\"(max-width: 1280px) 100vw, 1280px\" \/><\/p>\n<div class=\"one_third\">\n<h4>Finalidade e objetivo do processamento de dados \u2013 Base jur\u00eddica como controlador de dados<\/h4>\n<\/div>\n<div class=\"two_thirds\">\n<p>Processamos as suas informa\u00e7\u00f5es para atingir os nossos objetivos e os objetivos de terceiros, aplicando as devidas salvaguardas para proteger a sua privacidade.<br \/>\nO objetivo principal da recolha de dados pessoais \u00e9 oferecer uma experi\u00eancia segura, \u00f3tima, eficiente e personalizada. Para atingir esse objetivo, informamo-lo que procuramos atingir interesses leg\u00edtimos, conforme previsto pelo artigo 6 do RGPD sobre a legalidade do processamento de dados: \u201cTamb\u00e9m \u00e9 um interesse leg\u00edtimo do controlador de dados em quest\u00e3o processar dados pessoais estritamente necess\u00e1rios para fins de preven\u00e7\u00e3o de fraudes. Pode ser considerado interesse leg\u00edtimo processar dados pessoais para fins de marketing direto.\u201d<\/p>\n<p>Garantimos que os seus dados ser\u00e3o usados apenas para as seguintes finalidades:<\/p>\n<ul>\n<li><strong>Promover o uso dos nossos servi\u00e7os.<\/strong>. Quando solicita informa\u00e7\u00f5es ou se regista em servi\u00e7os gratuitos, deixando-nos os seus dados, podemos entrar em contacto consigo, por telefone ou atrav\u00e9s de e-mail:\n<ul style=\"list-style-type: lower-alpha\">\n<li><span style=\"font-weight: 400\">para pedir a sua opini\u00e3o;<\/span><\/li>\n<li><span style=\"font-weight: 400\">para propor que se registe num dos nossos servi\u00e7os, aplica\u00e7\u00f5es ou programas.<\/span><\/li>\n<\/ul>\n<p>Se j\u00e1 usa um dos nossos servi\u00e7os (gratuitos ou pagos) e caso acreditemos que poderia se beneficiar do uso de outro servi\u00e7o de entrega, aplica\u00e7\u00e3o ou programa, poder\u00edamos enviar-lhe um e-mail sobre essa oportunidade ou entrar em contacto com consigo para lhe enviar informa\u00e7\u00f5es e conte\u00fado promocional em conformidade com as suas prefer\u00eancias de marketing.<\/li>\n<li><strong>Para faturar ou enviar avisos de pagamento<\/strong>. Poderemos usar as suas informa\u00e7\u00f5es para enviar e-mails com faturas, recibos ou avisos de insolv\u00eancia. Usamos terceiros para o processamento de transa\u00e7\u00f5es com cart\u00e3o de cr\u00e9dito de forma segura e enviar dados de fatura\u00e7\u00e3o para terceiros para processar os seus pedidos e pagamentos.<\/li>\n<li><strong>Para enviar mensagens de aviso do sistema<\/strong>. Pode receber comunica\u00e7\u00f5es sobre servi\u00e7os, aplica\u00e7\u00f5es ou programas da delivery tech que utiliza. O objetivo \u00e9 avis\u00e1-lo em caso de:\n<ul style=\"list-style-type: lower-alpha\">\n<li>mudan\u00e7as tempor\u00e1rias ou permanentes nos nossos servi\u00e7os, aplica\u00e7\u00f5es ou programas;<\/li>\n<li>mudan\u00e7as nas condi\u00e7\u00f5es de uso;<\/li>\n<li>pausas programadas;<\/li>\n<li>novas funcionalidades;<\/li>\n<li>atualiza\u00e7\u00f5es de vers\u00e3o;<\/li>\n<li>avisos de abuso ou viola\u00e7\u00e3o de dados (tamb\u00e9m designados \u201cviola\u00e7\u00e3o de dados\u201d);<\/li>\n<li>atualiza\u00e7\u00f5es e altera\u00e7\u00f5es \u00e0 nossa Pol\u00edtica de Privacidade.<\/li>\n<\/ul>\n<\/li>\n<li><strong>Para prestar assist\u00eancia<\/strong>. Podemos comunicar consigo, ou com os membros da sua lista de contactos, para fornecer assist\u00eancia e suporte em rela\u00e7\u00e3o aos servi\u00e7os, aplica\u00e7\u00f5es e programas utilizados.<\/li>\n<li><strong>Por raz\u00f5es legais<\/strong>. Pode receber comunica\u00e7\u00f5es de natureza legal, como o cumprimento de ordens judiciais.<\/li>\n<li><strong>Para fornecer informa\u00e7\u00f5es a representantes e consultores, incluindo advogados e contabilistas<\/strong>, Podemos precisar de utilizar as suas informa\u00e7\u00f5es para cumprir com os requisitos legais, de contabilidade ou de seguran\u00e7a, conforme descrito por lei.<\/li>\n<li><strong>Para responder a pedidos leg\u00edtimos de autoridades p\u00fablicas<\/strong>. Se uma autoridade p\u00fablica fizesse uma solicita\u00e7\u00e3o leg\u00edtima, motivada pela conformidade com os requisitos de seguran\u00e7a nacional ou pela aplica\u00e7\u00e3o da lei, os seus dados poderiam ser utilizados.<\/li>\n<li>&lt;strongPara transferir as suas informa\u00e7\u00f5es em caso de venda, fus\u00e3o, consolida\u00e7\u00e3o, liquida\u00e7\u00e3o, reorganiza\u00e7\u00e3o ou aquisi\u00e7\u00e3o<\/strong>. Neste caso, qualquer comprador estar\u00e1 sujeito \u00e0s nossas obriga\u00e7\u00f5es, de acordo com esta Pol\u00edtica de Privacidade, incluindo direitos de acesso e sele\u00e7\u00e3o. Iremos notific\u00e1-lo da altera\u00e7\u00e3o enviando-lhe um email ou publicando um aviso no nosso site.<\/li>\n<\/ul>\n<\/div>\n<div class=\"hr hr-solid\">&nbsp;<\/div>\n<div class=\"one_third\">\n<h4>Quando a Delivery Tech partilha as suas informa\u00e7\u00f5es \u2013 Destinat\u00e1rios dos dados<\/h4>\n<\/div>\n<div class=\"two_thirds\">\n<p>Os dados pessoais que recolhemos s\u00e3o destinados a fornecer os servi\u00e7os comerciais, de contabilidade e de assist\u00eancia t\u00e9cnica da Delivery Tech. Poder\u00e3o tamb\u00e9m ser enviados para empresas contratantes que a Delivery Tech usa para executar servi\u00e7os, como a eDisplay Srl, uma empresa que representa a Delivery Tech na UE.<br \/>\nOs dados pessoais n\u00e3o podem ser transferidos a terceiros para fins de marketing sem o seu consentimento expl\u00edcito. A divulga\u00e7\u00e3o de dados pessoais fornecidos por si, a terceiros, s\u00f3 poder\u00e1 ocorrer nos seguintes casos:<\/p>\n<ul>\n<li>com a sua permiss\u00e3o;<\/li>\n<li>a pedido das autoridades legais competentes para inqu\u00e9ritos judiciais ou no \u00e2mbito de um lit\u00edgio judicial.<\/li>\n<\/ul>\n<\/div>\n<div class=\"hr hr-solid\">&nbsp;<\/div>\n<div class=\"one_third\">\n<h4>Finalidade e objetivo do processamento de dados como um utilizador B2B respons\u00e1vel<\/h4>\n<\/div>\n<div class=\"two_thirds\">\n<p>Ao usar os nossos servi\u00e7os, pode importar dados para o seu sistema, juntamente com as informa\u00e7\u00f5es pessoais que recolheu dos seus assinantes ou de outras pessoas. N\u00e3o temos nenhum relacionamento direto com os seus assinantes, pelo que \u00e9 da sua responsabilidade obter a autoriza\u00e7\u00e3o adequada para a recolha e processamento dos dados relacionados com esses assuntos.<br \/>\nDe acordo com o RGPD, podemos transferir as suas informa\u00e7\u00f5es pessoais ou informa\u00e7\u00f5es de assinantes para empresas que nos apoiam e nos ajudam a garantir os nossos servi\u00e7os.<br \/>\nPara fins estat\u00edsticos ou de pesquisa, podemos categorizar as informa\u00e7\u00f5es recolhidos atrav\u00e9s dos nossos servi\u00e7os. Mais especificamente:<\/p>\n<ul>\n<li>dados que nos forneceu diretamente;<\/li>\n<li>dados recolhidos por si;<\/li>\n<li>dados recolhidos pelos membros das suas listas de forma indistinta.<\/li>\n<\/ul>\n<\/div>\n<div class=\"hr hr-solid\">&nbsp;<\/div>\n<div class=\"one_third\">\n<h4>Dados processados \u200b\u200bpara fornecer, apoiar e melhorar os servi\u00e7os que oferecemos e para fazer sugest\u00f5es<\/h4>\n<\/div>\n<div class=\"two_thirds\">\n<p>Recolhemos dados para fins leg\u00edtimos e precisos:<\/p>\n<ul>\n<li>para oferecer melhores servi\u00e7os e fornecer estat\u00edsticas mais precisas que ajudem a aumentar o desempenho das suas campanhas e a percentagem de entrega de e-mail;<\/li>\n<li>para adicionar novos recursos, a fim de garantir a melhor oferta aos nossos utilizadores;<\/li>\n<li>para sugerir produtos ou servi\u00e7os que possam ser relevantes ou do seu interesse ou para os assinantes das suas listas. (Algumas dessas sugest\u00f5es s\u00e3o geradas pelos nossos algoritmos de \u201cci\u00eancia de dados\u201d.)<\/li>\n<\/ul>\n<p>A cria\u00e7\u00e3o de perfis permite combinar informa\u00e7\u00f5es pessoais com outras informa\u00e7\u00f5es suas que recolhemos ou obtemos (como informa\u00e7\u00f5es dos nossos parceiros que gerem pagamentos com cart\u00e3o de cr\u00e9dito), para o servir de maneira personalizada de acordo com suas prefer\u00eancias ou restri\u00e7\u00f5es ou para fins de publicidade ou segmenta\u00e7\u00e3o de acordo com esta Pol\u00edtica de Privacidade.<br \/>\nQuando combinamos informa\u00e7\u00f5es pessoais com outras informa\u00e7\u00f5es, tratamos essas informa\u00e7\u00f5es escrupulosamente para garantir que todas as medidas de seguran\u00e7a sejam aplicadas ao processamento de dados pessoais, conforme descrito neste Aviso.<\/p>\n<\/div>\n<div class=\"hr hr-solid\">&nbsp;<\/div>\n<div class=\"one_third\">\n<h4>Cria\u00e7\u00e3o de Perfis<\/h4>\n<\/div>\n<div class=\"two_thirds\">\n<p>Tamb\u00e9m usamos os seus dados para fins de marketing direto. Pode, a qualquer momento, recusar esse tipo de atividade. \u00c9, e ser\u00e1 sempre, informado sobre como, onde e quando adotarmos esta medida. Os nossos servi\u00e7os n\u00e3o cont\u00eam a\u00e7\u00f5es autom\u00e1ticas que o possam afetar legal ou significativamente.<\/p>\n<\/div>\n","protected":false},"excerpt":{"rendered":"","protected":false},"author":12,"featured_media":0,"parent":30266,"menu_order":0,"comment_status":"open","ping_status":"closed","template":"page-template-left-sidebar.php","meta":{"inline_featured_image":false,"_monsterinsights_skip_tracking":false,"_monsterinsights_sitenote_active":false,"_monsterinsights_sitenote_note":"","_monsterinsights_sitenote_category":0,"footnotes":""},"class_list":{"0":"post-30298","1":"page","2":"type-page","3":"status-publish","5":"infinite-scroll-item"},"aioseo_notices":[],"_links":{"self":[{"href":"https:\/\/www.labeljoy.com\/pt-pt\/wp-json\/wp\/v2\/pages\/30298","targetHints":{"allow":["GET"]}}],"collection":[{"href":"https:\/\/www.labeljoy.com\/pt-pt\/wp-json\/wp\/v2\/pages"}],"about":[{"href":"https:\/\/www.labeljoy.com\/pt-pt\/wp-json\/wp\/v2\/types\/page"}],"author":[{"embeddable":true,"href":"https:\/\/www.labeljoy.com\/pt-pt\/wp-json\/wp\/v2\/users\/12"}],"replies":[{"embeddable":true,"href":"https:\/\/www.labeljoy.com\/pt-pt\/wp-json\/wp\/v2\/comments?post=30298"}],"version-history":[{"count":2,"href":"https:\/\/www.labeljoy.com\/pt-pt\/wp-json\/wp\/v2\/pages\/30298\/revisions"}],"predecessor-version":[{"id":30303,"href":"https:\/\/www.labeljoy.com\/pt-pt\/wp-json\/wp\/v2\/pages\/30298\/revisions\/30303"}],"up":[{"embeddable":true,"href":"https:\/\/www.labeljoy.com\/pt-pt\/wp-json\/wp\/v2\/pages\/30266"}],"wp:attachment":[{"href":"https:\/\/www.labeljoy.com\/pt-pt\/wp-json\/wp\/v2\/media?parent=30298"}],"curies":[{"name":"wp","href":"https:\/\/api.w.org\/{rel}","templated":true}]}}