{"id":30301,"date":"2018-07-16T22:05:20","date_gmt":"2018-07-16T22:05:20","guid":{"rendered":"https:\/\/www.labeljoy.com\/pt-pt\/?page_id=30301"},"modified":"2018-07-16T22:08:10","modified_gmt":"2018-07-16T22:08:10","slug":"aceder-exportar-modificar-e-remover-informacao","status":"publish","type":"page","link":"https:\/\/www.labeljoy.com\/pt-pt\/rgpd-introducao-objetivos\/aceder-exportar-modificar-e-remover-informacao\/","title":{"rendered":"Aceder, exportar, modificar e remover informa\u00e7\u00e3o"},"content":{"rendered":"<p><img decoding=\"async\" class=\"alignnone size-full wp-image-29568\" src=\"https:\/\/www.labeljoy.com\/wp-content\/uploads\/2018\/05\/gdpr-esporta.png\" alt=\"\" width=\"1280\" height=\"700\" srcset=\"https:\/\/www.labeljoy.com\/wp-content\/uploads\/2018\/05\/gdpr-esporta.png 1280w, https:\/\/www.labeljoy.com\/wp-content\/uploads\/2018\/05\/gdpr-esporta-300x164.png 300w, https:\/\/www.labeljoy.com\/wp-content\/uploads\/2018\/05\/gdpr-esporta-768x420.png 768w, https:\/\/www.labeljoy.com\/wp-content\/uploads\/2018\/05\/gdpr-esporta-1024x560.png 1024w\" sizes=\"(max-width: 1280px) 100vw, 1280px\" \/><\/p>\n<div class=\"one_third\">\n<h4>Direito de acesso, retifica\u00e7\u00e3o e oposi\u00e7\u00e3o<\/h4>\n<\/div>\n<div class=\"two_thirds\">\n<p>Estabelecemos mecanismos e procedimentos que, a qualquer momento e por motivos leg\u00edtimos, lhe garantem a capacidade de:<\/p>\n<ul>\n<li>se opor ao processamento de dados;<\/li>\n<li>de solicitar o cancelamento, modifica\u00e7\u00e3o ou atualiza\u00e7\u00e3o de todas as suas informa\u00e7\u00f5es pessoais em nossa posse.<\/li>\n<\/ul>\n<p>A Delivery Tech tamb\u00e9m lhe permite alterar os seus dados sempre que quiser, acedendo ao seu perfil atrav\u00e9s dos nossos portais ou entrando em contacto connosco no endere\u00e7o de e-mail indicado na se\u00e7\u00e3o de privacidade do site ao qual o servi\u00e7o espec\u00edfico se refere.<br \/>\nPode cancelar a assinatura do nosso boletim informativo ou optar por n\u00e3o receber comunica\u00e7\u00f5es comerciais por e-mail. Basta usar o link de cancelamento da assinatura inclu\u00eddo em todos os e-mails.<br \/>\nPode encaminhar pedidos de cancelamento, modifica\u00e7\u00e3o ou atualiza\u00e7\u00e3o de todas as informa\u00e7\u00f5es pessoais eletronicamente usando os formul\u00e1rios apropriados ou informando-nos por e-mail.<br \/>\nEsses pedidos ser\u00e3o processados dentro de um per\u00edodo m\u00e1ximo de 30 dias, a menos que haja um atraso justificado.<br \/>\nSe a Delivery Tech for o processador de dados, de acordo com o princ\u00edpio de coopera\u00e7\u00e3o, ajudaremos o controlador de dados a implementar os pedidos mencionados acima.<\/p>\n<\/div>\n<div class=\"hr hr-solid\">&nbsp;<\/div>\n<div class=\"one_third\">\n<h4>Direito a ser esquecido<\/h4>\n<\/div>\n<div class=\"two_thirds\">\n<p>Cri\u00e1mos todos os procedimentos necess\u00e1rios para lhe garantir o seu direito de ser esquecido, o que lhe permite corrigir os seus dados pessoais.<br \/>\nEm resposta ao seu pedido leg\u00edtimo, excluiremos os seus dados, que n\u00e3o estar\u00e3o mais sujeitos a nenhum tipo de processamento. Nem usaremos os seus dados para qualquer finalidade que n\u00e3o seja aquela necess\u00e1ria para a qual os dados foram previamente recolhidos ou processados.<br \/>\nTem o direito de retirar o seu consentimento ou de se opor ao processamento de dados se acreditar que este n\u00e3o est\u00e1 em conformidade com este regulamento.<br \/>\nPara tirar partido deste direito, ter\u00e1 de provar que \u00e9 eleg\u00edvel para fazer este pedido, enviando-nos documentos que comprovem a sua identidade. Por favor, n\u00e3o se esque\u00e7a que deve explicar a sua decis\u00e3o.<br \/>\nAssim que recebermos a sua comunica\u00e7\u00e3o, responderemos o mais breve poss\u00edvel para confirmar e demonstrar o cancelamento dos seus dados.<br \/>\n<\/div>\n<div class=\"hr hr-solid\">&nbsp;<\/div>\n<div class=\"one_third\">\n<h4>Direito de portabilidade de dados<\/h4>\n<\/div>\n<div class=\"two_thirds\">\n<p>Para fortalecer ainda mais o controlo de qualquer dado processado automaticamente, ter\u00e1 o direito de transferir esses dados das nossas aplica\u00e7\u00f5es.<br \/>\nOs dados estar\u00e3o dispon\u00edveis num formato estruturado, normalmente utilizado e leg\u00edvel por um dispositivo eletr\u00f3nico (como computadores, smartphones, tablets, etc.)<br \/>\nOs ficheiros com os seus dados pessoais podem ser transmitidos para outro controlador de dados similar, garantindo o seu direito \u00e0 portabilidade de dados.<\/p>\n<\/div>\n<div class=\"hr hr-solid\">&nbsp;<\/div>\n<div class=\"one_third\">\n<h4>Direito de revoga\u00e7\u00e3o do consentimento ao processamento de dados<\/h4>\n<\/div>\n<div class=\"two_thirds\">\n<p>Se j\u00e1 n\u00e3o desejar receber mais os nossos e-mails promocionais, siga as instru\u00e7\u00f5es para a remo\u00e7\u00e3o da nossa lista de contactos inclu\u00edda em cada e-mail.<br \/>\nLembre-se: a revoga\u00e7\u00e3o do consentimento para o processamento de dados, limitado ao uso de um servi\u00e7o oferecido gratuitamente, suspende <em>ipso jure<\/em> o fornecimento.<\/p>\n<\/div>\n<div class=\"hr hr-solid\">&nbsp;<\/div>\n<div class=\"one_third\">\n<h4>Direito de revoga\u00e7\u00e3o do consentimento para o processamento de dados para membros de listas de clientes<\/h4>\n<\/div>\n<div class=\"two_thirds\">\n<p>Se se inscreveu na lista de contactos de um dos nossos utilizadores, lembramos que somos os \u00fanicos respons\u00e1veis \u200b\u200bpelo processamento de dados. O utilizador \u00e9 o controlador de dados e cabe a esse utilizador excluir ou atualizar os seus dados.<br \/>\nSe j\u00e1 n\u00e3o desejar receber mais as comunica\u00e7\u00f5es enviadas por um dos nossos utilizadores, convidamo-lo a cancelar a inscri\u00e7\u00e3o atrav\u00e9s do link dispon\u00edvel no e-mail que recebeu ou a entrar em contacto diretamente com o utilizador para fazer o seu pedido.<br \/>\nO pedido efetuado para revogar o seu consentimento para o processamento dos seus dados ser\u00e1 comunicado ao utilizador que possuir as suas informa\u00e7\u00f5es de contacto na sua lista. Esse utilizador ter\u00e1 de remover ou atualizar os seus dados.<\/p>\n<\/div>\n","protected":false},"excerpt":{"rendered":"","protected":false},"author":12,"featured_media":0,"parent":30266,"menu_order":0,"comment_status":"open","ping_status":"closed","template":"page-template-left-sidebar.php","meta":{"inline_featured_image":false,"_monsterinsights_skip_tracking":false,"_monsterinsights_sitenote_active":false,"_monsterinsights_sitenote_note":"","_monsterinsights_sitenote_category":0,"footnotes":""},"class_list":{"0":"post-30301","1":"page","2":"type-page","3":"status-publish","5":"infinite-scroll-item"},"aioseo_notices":[],"_links":{"self":[{"href":"https:\/\/www.labeljoy.com\/pt-pt\/wp-json\/wp\/v2\/pages\/30301","targetHints":{"allow":["GET"]}}],"collection":[{"href":"https:\/\/www.labeljoy.com\/pt-pt\/wp-json\/wp\/v2\/pages"}],"about":[{"href":"https:\/\/www.labeljoy.com\/pt-pt\/wp-json\/wp\/v2\/types\/page"}],"author":[{"embeddable":true,"href":"https:\/\/www.labeljoy.com\/pt-pt\/wp-json\/wp\/v2\/users\/12"}],"replies":[{"embeddable":true,"href":"https:\/\/www.labeljoy.com\/pt-pt\/wp-json\/wp\/v2\/comments?post=30301"}],"version-history":[{"count":5,"href":"https:\/\/www.labeljoy.com\/pt-pt\/wp-json\/wp\/v2\/pages\/30301\/revisions"}],"predecessor-version":[{"id":30308,"href":"https:\/\/www.labeljoy.com\/pt-pt\/wp-json\/wp\/v2\/pages\/30301\/revisions\/30308"}],"up":[{"embeddable":true,"href":"https:\/\/www.labeljoy.com\/pt-pt\/wp-json\/wp\/v2\/pages\/30266"}],"wp:attachment":[{"href":"https:\/\/www.labeljoy.com\/pt-pt\/wp-json\/wp\/v2\/media?parent=30301"}],"curies":[{"name":"wp","href":"https:\/\/api.w.org\/{rel}","templated":true}]}}