{"id":30309,"date":"2018-07-16T22:16:42","date_gmt":"2018-07-16T22:16:42","guid":{"rendered":"https:\/\/www.labeljoy.com\/pt-pt\/?page_id=30309"},"modified":"2018-07-16T22:17:33","modified_gmt":"2018-07-16T22:17:33","slug":"seguranca","status":"publish","type":"page","link":"https:\/\/www.labeljoy.com\/pt-pt\/rgpd-introducao-objetivos\/seguranca\/","title":{"rendered":"Seguran\u00e7a"},"content":{"rendered":"<p><img decoding=\"async\" class=\"alignnone size-full wp-image-29571\" src=\"https:\/\/www.labeljoy.com\/wp-content\/uploads\/2018\/05\/gdpr-protect.png\" alt=\"\" width=\"1280\" height=\"700\" srcset=\"https:\/\/www.labeljoy.com\/wp-content\/uploads\/2018\/05\/gdpr-protect.png 1280w, https:\/\/www.labeljoy.com\/wp-content\/uploads\/2018\/05\/gdpr-protect-300x164.png 300w, https:\/\/www.labeljoy.com\/wp-content\/uploads\/2018\/05\/gdpr-protect-768x420.png 768w, https:\/\/www.labeljoy.com\/wp-content\/uploads\/2018\/05\/gdpr-protect-1024x560.png 1024w\" sizes=\"(max-width: 1280px) 100vw, 1280px\" \/><\/p>\n<div class=\"one_third\">\n<h4>Medidas t\u00e9cnicas<\/h4>\n<\/div>\n<div class=\"two_thirds\">\n<p>A Delivery Tech atribui a maior import\u00e2ncia \u00e0 seguran\u00e7a e integridade dos seus dados pessoais.<br \/>\nDe acordo com o RGPD, comprometemo-nos diariamente a tomar todas as precau\u00e7\u00f5es necess\u00e1rias para preservar a seguran\u00e7a dos seus dados e, em particular, proteg\u00ea-los de:<\/p>\n<ul>\n<li>destrui\u00e7\u00e3o acidental ou il\u00edcita;<\/li>\n<li>perda acidental ou il\u00edcita;<\/li>\n<li>corrup\u00e7\u00e3o acidental ou il\u00edcita;<\/li>\n<li>circula\u00e7\u00e3o ou divulga\u00e7\u00e3o a pessoas n\u00e3o autorizadas;<\/li>\n<li>acesso n\u00e3o autorizado;<\/li>\n<li>processamento ilegal.<\/li>\n<\/ul>\n<p>Para este fim, adot\u00e1mos medidas t\u00e9cnicas de seguran\u00e7a padr\u00e3o do setor, incluindo:<\/p>\n<ul>\n<li>uma firewall multin\u00edvel;<\/li>\n<li>antiv\u00edrus e programas de dete\u00e7\u00e3o de intrus\u00e3o comprovados;<\/li>\n<li>transmiss\u00e3o encriptada de dados atrav\u00e9s de tecnologia SSL\/HTTPS\/VPN.<\/li>\n<\/ul>\n<p>Para proteger os dados pessoais de divulga\u00e7\u00f5es n\u00e3o autorizadas, us\u00e1mos m\u00e9todos de codifica\u00e7\u00e3o desenvolvidos especificamente para esse prop\u00f3sito, bem como algoritmos que garantem a seguran\u00e7a de transa\u00e7\u00f5es, acessos e c\u00f3pias de seguran\u00e7a de dados.<br \/>\nGarantimos a precis\u00e3o e o uso correto dos dados:<\/p>\n<ul>\n<li>com procedimentos eletr\u00f3nicos, f\u00edsicos e de gest\u00e3o adequados para salvaguardar e preservar os dados recolhidos atrav\u00e9s dos nossos servi\u00e7os;<\/li>\n<li>com a forma\u00e7\u00e3o apropriada de qualquer funcion\u00e1rio que tenha obtido autoriza\u00e7\u00e3o espec\u00edfica para aceder aos dados, em conformidade com as disposi\u00e7\u00f5es do GPDR.<\/li>\n<\/ul>\n<p>No entanto, n\u00e3o h\u00e1 defesa absoluta contra ataques de pirataria ou hackers. No caso de uma quebra de seguran\u00e7a (uma \u201cviola\u00e7\u00e3o de dados\u201d), comprometemo-nos em inform\u00e1-lo sem atrasos indevidos e faremos o melhor poss\u00edvel para neutralizar a intrus\u00e3o e minimizar o impacto. No caso de sofrer uma perda devido a uma viola\u00e7\u00e3o de seguran\u00e7a, comprometemo-nos em fornecer-lhe toda a assist\u00eancia necess\u00e1ria para que possa reivindicar os seus direitos.<br \/>\nSe, em casos excecionais, a perda sofrida for devida a uma falta grave por parte da Delivery Tech, forneceremos uma indemniza\u00e7\u00e3o, dentro do limite de responsabilidade estabelecido pelas nossas Condi\u00e7\u00f5es Gerais de Uso.<br \/>\nSe um utilizador, assinante de listas de contactos ou um hacker descobrir e aproveitar uma viola\u00e7\u00e3o de seguran\u00e7a, essa pessoa \u00e9 respons\u00e1vel pela acusa\u00e7\u00e3o. A Delivery Tech tomar\u00e1 todas as medidas, incluindo a apresenta\u00e7\u00e3o de uma reclama\u00e7\u00e3o e\/ou a\u00e7\u00e3o legal, para preservar os dados e direitos dos seus utilizadores, bem como os seus pr\u00f3prios direitos e limitar quaisquer efeitos.<br \/>\nAs medidas acima mencionadas s\u00e3o aquelas que adotamos para a prote\u00e7\u00e3o dos seus dados. Como utilizador dos nossos servi\u00e7os, aplica\u00e7\u00f5es ou programas, deve executar as seguintes a\u00e7\u00f5es:<\/p>\n<ul>\n<li>verificar a autentica\u00e7\u00e3o das pessoas com acesso aos seus dados;<\/li>\n<li>utilizar uma palavra-passe \u00fanica e suficientemente segura, n\u00e3o se esquecendo de a alterar regularmente e nunca deixar \u00e0 vista;<\/li>\n<li>n\u00e3o se esquecer de tomar as medidas de seguran\u00e7a adequadas para os dados processados pela Delivery Tech que partilhe em canais de comunica\u00e7\u00e3o inseguros.<\/li>\n<\/ul>\n<p>O objetivo dessas medidas t\u00e9cnicas \u00e9 tornar os seus dados incompreens\u00edveis ou inacess\u00edveis a pessoas n\u00e3o autorizadas.<br \/>\nPara quaisquer quest\u00f5es relacionadas com a seguran\u00e7a dos nossos servi\u00e7os, aplica\u00e7\u00f5es e programas, entre em contacto com nossa equipa de suporte t\u00e9cnico dispon\u00edvel nos nossos canais oficiais: e-mail, chat online e telefone.<\/p>\n<\/div>\n<div class=\"hr hr-solid\">&nbsp;<\/div>\n<div class=\"one_third\">\n<h4>Acesso a dados autorizados para atendimento ao cliente e assist\u00eancia t\u00e9cnica<\/h4>\n<\/div>\n<div class=\"two_thirds\">\n<p>Os dados recolhidos ser\u00e3o usados se for necess\u00e1rio ou instrumental para:<\/p>\n<ul>\n<li>fornecer assist\u00eancia t\u00e9cnica aos utilizadores para os servi\u00e7os prestados pela Delivery Tech que afetam os controladores de dados ou as suas listas de contactos;<\/li>\n<li>concluir negocia\u00e7\u00f5es comerciais por telefone ou email;<\/li>\n<li>aconselhamento comercial direto ou indireto.<\/li>\n<\/ul>\n<p>Os seus dados podem ser processados por funcion\u00e1rios da Delivery Tech, ou por terceiros, que ser\u00e3o indicados como processadores externos, conforme apropriado. O propriet\u00e1rio, ou o controlador de dados, ser\u00e3o informados periodicamente sobre os m\u00e9todos de tratamento.<\/p>\n<\/div>\n<div class=\"hr hr-solid\">&nbsp;<\/div>\n<div class=\"one_third\">\n<h4>Minimiza\u00e7\u00e3o do processamento e arquivamento de dados<\/h4>\n<\/div>\n<div class=\"two_thirds\">\n<p>Prepar\u00e1mos medidas t\u00e9cnicas e organizacionais para garantir o princ\u00edpio da minimiza\u00e7\u00e3o do processamento de dados. Qualquer processamento de dados ser\u00e1 sempre adequado, relevante e limitado para atingir os prop\u00f3sitos declarados.<br \/>\nO tratamento de dados para fins estat\u00edsticos, arquivamento no interesse p\u00fablico, pesquisa cient\u00edfica ou hist\u00f3rica est\u00e1 sujeito a garantias adequadas aos direitos e liberdades do interessado, em conformidade com as disposi\u00e7\u00f5es do RGPD.<\/p>\n<\/div>\n","protected":false},"excerpt":{"rendered":"","protected":false},"author":12,"featured_media":0,"parent":30266,"menu_order":0,"comment_status":"open","ping_status":"closed","template":"page-template-left-sidebar.php","meta":{"inline_featured_image":false,"_monsterinsights_skip_tracking":false,"_monsterinsights_sitenote_active":false,"_monsterinsights_sitenote_note":"","_monsterinsights_sitenote_category":0,"footnotes":""},"class_list":{"0":"post-30309","1":"page","2":"type-page","3":"status-publish","5":"infinite-scroll-item"},"aioseo_notices":[],"_links":{"self":[{"href":"https:\/\/www.labeljoy.com\/pt-pt\/wp-json\/wp\/v2\/pages\/30309","targetHints":{"allow":["GET"]}}],"collection":[{"href":"https:\/\/www.labeljoy.com\/pt-pt\/wp-json\/wp\/v2\/pages"}],"about":[{"href":"https:\/\/www.labeljoy.com\/pt-pt\/wp-json\/wp\/v2\/types\/page"}],"author":[{"embeddable":true,"href":"https:\/\/www.labeljoy.com\/pt-pt\/wp-json\/wp\/v2\/users\/12"}],"replies":[{"embeddable":true,"href":"https:\/\/www.labeljoy.com\/pt-pt\/wp-json\/wp\/v2\/comments?post=30309"}],"version-history":[{"count":1,"href":"https:\/\/www.labeljoy.com\/pt-pt\/wp-json\/wp\/v2\/pages\/30309\/revisions"}],"predecessor-version":[{"id":30310,"href":"https:\/\/www.labeljoy.com\/pt-pt\/wp-json\/wp\/v2\/pages\/30309\/revisions\/30310"}],"up":[{"embeddable":true,"href":"https:\/\/www.labeljoy.com\/pt-pt\/wp-json\/wp\/v2\/pages\/30266"}],"wp:attachment":[{"href":"https:\/\/www.labeljoy.com\/pt-pt\/wp-json\/wp\/v2\/media?parent=30309"}],"curies":[{"name":"wp","href":"https:\/\/api.w.org\/{rel}","templated":true}]}}