{"id":32151,"date":"2019-07-29T22:41:59","date_gmt":"2019-07-29T22:41:59","guid":{"rendered":"https:\/\/www.labeljoy.com\/pt-pt\/?page_id=32151"},"modified":"2022-11-30T09:35:17","modified_gmt":"2022-11-30T09:35:17","slug":"renovacao-de-assinatura","status":"publish","type":"page","link":"https:\/\/www.labeljoy.com\/pt-pt\/renovacao-de-assinatura\/","title":{"rendered":"Renova\u00e7\u00e3o de assinatura"},"content":{"rendered":"<script type='text\/javascript'>\nvar rn_url = \"https:\/\/www.labeljoy.com\/pt-pt\/shop-pt\/renew-pt\/\";\nvar rn_action = \"LJRENEW\";\nvar rn_lang = \"pt\";\nvar rn_CTA = \"Renovar agora\";\nvar rn_other = \"Outras licen\u00e7as associadas a este email\";\nvar rn_error = new Array(\n   \"Please fill both fields\",\n   \"Por favor insira um endere\u00e7o de e-mail v\u00e1lido.\",\n   \"Please check the licence code format.\",\n   \"Nenhuma licen\u00e7a associada a este email.\",\n   \"The licence entered is not upgradeable.\",\n   \"The licence code is associated to a different email.\",\n   \"The licence has been already upgraded.<br>Please contact our <a href=\\\"https:\/\/www.labeljoy.com\/tickets\/\\\">technical support<\/a> for more info.\",\n   \"Your subscription will end on [DATE].<br>You can renew your subscription from 30 days before the expiry date.\",\n   \"We detected an error regarding your subscription.<br>Please contact our <a href=\\\"https:\/\/www.labeljoy.com\/tickets\/\\\">technical support<\/a> for more info.\",\n   \"Labeljoy Light is no longer available nor developed, so there will not be updates.<br>Please contact <a href=\\\"https:\/\/www.labeljoy.com\/tickets\/\\\">customer care<\/a> for a very special deal on other versions of Labeljoy.\"\n);\nvar rn_CTAselected = \"Renovar selecionadas\";\nvar rn_selectAlert = \"Selecione pelo menos 1 licen\u00e7a\";\n<\/script>\n<div class=\"one_half\">\r\n<p style=\"font-size: 1em;\">Renove sua assinatura do Labeljoy!<br>\r\nCom apenas <strong>&dollar;99,00 para as vers\u00f5es Basic e Full<\/strong> e <strong>&dollar;229,00 para a vers\u00e3o Server,<\/strong> obt\u00e9m 12 meses de <strong>Atualiza\u00e7\u00f5es de Software<\/strong>, <strong>Suporte Premium<\/strong> e todas as funcionalidades que requerem uma assinatura ativa.<\/p>\r\n<div id=\"upgrade-form\" class=\"form-row\">\r\n<div id=\"rnError\" class=\"tt-notification error\" style=\"display: none;\">\r\n<p>Lorem Ipsum<\/p>\r\n<\/div>\r\n<p><strong>Selecionar a dura\u00e7\u00e3o<\/strong>: <select id=\"rn_select_duration\" name=\"rn_select_duration\" style=\"width: 100%\">\r\n\t<option value=\"0\" selected>um ano (&dollar;99,00\/&dollar;229,00)<\/option>\r\n\t<option value=\"1\">tr\u00eas anos (&dollar;79,00\/&dollar;169,00 por ano)<\/option>\r\n<\/select>\r\n<\/p>\r\n<p><strong>Email<\/strong>:<br>\r\n<input id=\"rn_email_list\" class=\"input-100\" name=\"email\" type=\"text\" value=\"\" placeholder=\"Digite aqui o email usado durante a compra\" style=\"width: 100%\" \/>\r\n<input id=\"rn_hash_list\" type=\"hidden\" value=\"\" \/><\/p>\r\n\r\n<p><a href=\"#\" id=\"renew_button_list\" class=\"tt-button large blue\">Encontre licen\u00e7as<\/a><\/p>\r\n\r\n<\/div>\r\n<\/div>\r\n<div class=\"one_half\">\r\n\r\n<p style=\"font-size: 1em;\">A <strong>renova\u00e7\u00e3o da assinatura<\/strong> s\u00f3 pode ser efetuada para a mesma vers\u00e3o da licen\u00e7a activa.<br>\r\nSe desejar fazer um <strong>upgrade da licen\u00e7a<\/strong>, por favor <a href=\"https:\/\/support.labeljoy.com\/tickets\/open.php?lang=pt-pt\">contacte o suporte t\u00e9cnico<\/a>.\r\n<\/p>\r\n<div class=\"container\">\r\n    <table id=\"multi-discount-tbl\" style=\"border:thick double #ff3300\">\r\n        <thead>\r\n            <tr>\r\n                <th colspan=\"3\" style=\"font-weight: bold;color: #ff3300;\">Para renova\u00e7\u00f5es multilicen\u00e7a, os seguintes descontos ser\u00e3o aplicados.<\/th>\r\n            <\/tr>\r\n            <tr>\r\n                <td colspan=\"3\" class=\"\" align=\"center\">Basta usar o c\u00f3digo de desconto apropriado no formul\u00e1rio de pedido:<\/td>\r\n            <\/tr>\r\n            <tr>\r\n                <th class=\"\">N\u00famero de licen\u00e7as<\/th>\r\n                <th class=\"\">Desconto<\/th>\r\n                <th class=\"\">C\u00f3digo<\/th>\r\n            <\/tr>\r\n        <\/thead>\r\n        <tbody>\r\n            <tr>\r\n                <td class=\"\" align=\"center\">2<\/td>\r\n                <td class=\"\" align=\"center\">20%<\/td>\r\n                <td class=\"\" align=\"center\">SRNW02<\/td>\r\n            <\/tr>\r\n            <tr>\r\n                <td class=\"\" align=\"center\">3<\/td>\r\n                <td class=\"\" align=\"center\">30%<\/td>\r\n                <td class=\"\" align=\"center\">SRNW03<\/td>\r\n            <\/tr>\r\n            <tr>\r\n                <td class=\"\" align=\"center\">4<\/td>\r\n                <td class=\"\" align=\"center\">35%<\/td>\r\n                <td class=\"\" align=\"center\">SRNW04<\/td>\r\n            <\/tr>\r\n            <tr>\r\n                <td class=\"\" align=\"center\">5<\/td>\r\n                <td class=\"\" align=\"center\">40%<\/td>\r\n                <td class=\"\" align=\"center\">SRNW05<\/td>\r\n            <\/tr>\r\n            <tr>\r\n                <td class=\"\" align=\"center\">6 - 11<\/td>\r\n                <td class=\"\" align=\"center\">45%<\/td>\r\n                <td class=\"\" align=\"center\">SRNW06<\/td>\r\n            <\/tr>\r\n            <tr>\r\n                <td class=\"\" align=\"center\">12+<\/td>\r\n                <td class=\"\" align=\"center\">50%<\/td>\r\n                <td class=\"\" align=\"center\">SRNW12<\/td>\r\n            <\/tr>\r\n        <\/tbody>\r\n    <\/table>\r\n<\/div><\/div>\n<div style=\"clear: both;\"><\/div>\n<div id=\"renew-table-div\">\n<table id=\"renew-table\">\n<thead>\n<tr>\n<th id=\"th_selectall\">&nbsp;<\/th>\n<th>N\u00famero de licen\u00e7a<\/th>\n<th>Vers\u00e3o<\/th>\n<th>Ordem<\/th>\n<th>Data de expira\u00e7\u00e3o<\/th>\n<th><\/th>\n<\/tr>\n<\/thead>\n<tbody><\/tbody>\n<tfoot>\n<tr>\n<th colspan=\"6\">\n<a href=\"#\" class=\"small blue tt-button\" target=\"_self\" style=\"pointer-events: none; cursor: default; opacity: .5;\" id=\"renew_selected\" rel=\"noopener\">Ren. sel. lic.<\/a><\/th>\n<\/tr>\n<\/tfoot>\n<\/table>\n<p><em>No final do primeiro ano ou em renova\u00e7\u00f5es sucessivas, Labeljoy continuar\u00e1 a funcionar, mas sem a capacidade de descarregar novas atualiza\u00e7\u00f5es, aceder ao suporte premium e \u00e0s funcionalidades que requerem uma subscri\u00e7\u00e3o activa.<\/em><\/p>\n<\/div>\n","protected":false},"excerpt":{"rendered":"<p>&nbsp; N\u00famero de licen\u00e7a Vers\u00e3o Ordem Data de expira\u00e7\u00e3o Ren. sel. lic. No final do primeiro ano ou em renova\u00e7\u00f5es sucessivas, Labeljoy continuar\u00e1 a funcionar, mas sem a capacidade de descarregar novas atualiza\u00e7\u00f5es, aceder ao suporte premium e \u00e0s funcionalidades que requerem uma subscri\u00e7\u00e3o activa.<\/p>\n","protected":false},"author":12,"featured_media":0,"parent":0,"menu_order":2,"comment_status":"open","ping_status":"closed","template":"","meta":{"inline_featured_image":false,"_monsterinsights_skip_tracking":false,"_monsterinsights_sitenote_active":false,"_monsterinsights_sitenote_note":"","_monsterinsights_sitenote_category":0,"footnotes":""},"class_list":{"0":"post-32151","1":"page","2":"type-page","3":"status-publish","5":"infinite-scroll-item"},"aioseo_notices":[],"_links":{"self":[{"href":"https:\/\/www.labeljoy.com\/pt-pt\/wp-json\/wp\/v2\/pages\/32151","targetHints":{"allow":["GET"]}}],"collection":[{"href":"https:\/\/www.labeljoy.com\/pt-pt\/wp-json\/wp\/v2\/pages"}],"about":[{"href":"https:\/\/www.labeljoy.com\/pt-pt\/wp-json\/wp\/v2\/types\/page"}],"author":[{"embeddable":true,"href":"https:\/\/www.labeljoy.com\/pt-pt\/wp-json\/wp\/v2\/users\/12"}],"replies":[{"embeddable":true,"href":"https:\/\/www.labeljoy.com\/pt-pt\/wp-json\/wp\/v2\/comments?post=32151"}],"version-history":[{"count":14,"href":"https:\/\/www.labeljoy.com\/pt-pt\/wp-json\/wp\/v2\/pages\/32151\/revisions"}],"predecessor-version":[{"id":39485,"href":"https:\/\/www.labeljoy.com\/pt-pt\/wp-json\/wp\/v2\/pages\/32151\/revisions\/39485"}],"wp:attachment":[{"href":"https:\/\/www.labeljoy.com\/pt-pt\/wp-json\/wp\/v2\/media?parent=32151"}],"curies":[{"name":"wp","href":"https:\/\/api.w.org\/{rel}","templated":true}]}}