{"id":32926,"date":"2020-06-04T21:51:09","date_gmt":"2020-06-04T21:51:09","guid":{"rendered":"https:\/\/www.labeljoy.com\/?page_id=32926"},"modified":"2022-01-14T14:50:24","modified_gmt":"2022-01-14T14:50:24","slug":"video","status":"publish","type":"page","link":"https:\/\/www.labeljoy.com\/pt-pt\/video\/","title":{"rendered":"V\u00eddeos Tutoriais"},"content":{"rendered":"<h1>Labeljoy V\u00eddeos Tutoriais<\/h1>\n<h2>Como criar, personalizar e imprimir etiquetas<\/h2>\n<div class=\"one_third\"><div class=\"img-frame full-fourth\"><a href=\"\/pt-pt\/video\/apresentacao-software\/\" target=\"_self\"><img decoding=\"async\" src=\"https:\/\/www.labeljoy.com\/wp-content\/plugins\/sterling-shortcodes\/\/timthumb\/timthumb.php?src=\/images\/video\/lj6-barcode-software.jpg&#038;h=133&#038;w=197\" alt=\"Apresenta\u00e7\u00e3o do Software de Etiquetagem\" width=\"197\" height=\"133\"\/><\/a><\/div>\n<p><a title=\"Software de Etiquetagem\" href=\"http:\/\/www.labeljoy.com\/pt-pt\/video\/apresentacao-software\/\">Apresenta\u00e7\u00e3o do Software de Etiquetagem<\/a><\/div>\n<div class=\"one_third\"><div class=\"img-frame full-fourth\"><a href=\"\/pt-pt\/video\/gerir-layouts\/\" target=\"_self\"><img decoding=\"async\" src=\"https:\/\/www.labeljoy.com\/wp-content\/plugins\/sterling-shortcodes\/\/timthumb\/timthumb.php?src=\/images\/video\/lj6-layout.jpg&#038;h=133&#038;w=197\" alt=\"escolher layout\" width=\"197\" height=\"133\"\/><\/a><\/div>\n<p><a title=\"Gerir e escolher um Layout\" href=\"http:\/\/www.labeljoy.com\/pt-pt\/video\/gerir-layouts\/\">Gerir e escolher um Layout<\/a><\/div>\n<div class=\"one_third\"><div class=\"img-frame full-fourth\"><a href=\"\/pt-pt\/video\/conectar-dados-externos\/\" target=\"_self\"><img decoding=\"async\" src=\"https:\/\/www.labeljoy.com\/wp-content\/plugins\/sterling-shortcodes\/\/timthumb\/timthumb.php?src=\/images\/video\/lj6-database.jpg&#038;h=133&#038;w=197\" alt=\"Conectar fontes de dados externas\" width=\"197\" height=\"133\"\/><\/a><\/div>\n<p><a title=\"Conectar fontes de dados externas\" href=\"http:\/\/www.labeljoy.com\/pt-pt\/video\/conectar-dados-externos\/\">Conectar fontes de dados externas<\/a><\/div>\n<div class=\"hr hr-solid\">&nbsp;<\/div>\n<div class=\"one_third\"><div class=\"img-frame full-fourth\"><a href=\"\/pt-pt\/video\/carregar-dados-do-excel\/\" target=\"_self\"><img decoding=\"async\" src=\"https:\/\/www.labeljoy.com\/wp-content\/plugins\/sterling-shortcodes\/\/timthumb\/timthumb.php?src=\/images\/video\/lj6-excel.jpg&#038;h=133&#038;w=197\" alt=\"informa\u00e7\u00f5es do Excel\" width=\"197\" height=\"133\"\/><\/a><\/div>\n<p><a title=\"Carregar informa\u00e7\u00f5es do Excel\" href=\"http:\/\/www.labeljoy.com\/pt-pt\/video\/carregar-dados-do-excel\/\/\">Carregar informa\u00e7\u00f5es do Excel<\/a><\/div>\n<div class=\"one_third\"><div class=\"img-frame full-fourth\"><a href=\"http:\/\/pt-pt\/video\/imprimir-etiquetas-diferentes-na-mesma-folha\/\" target=\"_self\"><img decoding=\"async\" src=\"https:\/\/www.labeljoy.com\/wp-content\/plugins\/sterling-shortcodes\/\/timthumb\/timthumb.php?src=\/images\/video\/lj6-sets.jpg&#038;h=133&#038;w=197\" alt=\"Imprimir Etiquetas mesma Folha\" width=\"197\" height=\"133\"\/><\/a><\/div>\n<p><a title=\"Imprimir Etiquetas diferentes na mesma Folha\" href=\"http:\/\/www.labeljoy.com\/pt-pt\/video\/imprimir-etiquetas-diferentes-na-mesma-folha\/\">Imprimir Etiquetas diferentes na mesma Folha<\/a><\/div>\n<div class=\"one_third\"><div class=\"img-frame full-fourth\"><a href=\"\/pt-pt\/video\/imprimir-usando-impressora-rolo\/\" target=\"_self\"><img decoding=\"async\" src=\"https:\/\/www.labeljoy.com\/wp-content\/plugins\/sterling-shortcodes\/\/timthumb\/timthumb.php?src=\/images\/video\/lj6-roll-printer.jpg&#038;h=133&#038;w=197\" alt=\"Impressora de Rolo\" width=\"197\" height=\"133\"\/><\/a><\/div>\n<p><a title=\"Imprimir utilizando uma Impressora de Rolo\" href=\"http:\/\/www.labeljoy.com\/pt-pt\/video\/imprimir-usando-impressora-rolo\/\">Imprimir utilizando uma Impressora de Rolo<\/a><\/div>\n<div class=\"hr hr-solid\">&nbsp;<\/div>\n<div class=\"one_third\"><div class=\"img-frame full-fourth\"><a href=\"\/pt-pt\/video\/gerar-codigo-de-barras-e-codigo-qr\/\" target=\"_self\"><img decoding=\"async\" src=\"https:\/\/www.labeljoy.com\/wp-content\/plugins\/sterling-shortcodes\/\/timthumb\/timthumb.php?src=\/images\/video\/lj6-barcode.jpg&#038;h=133&#038;w=197\" alt=\"Gerar C\u00f3digos QRcode\" width=\"197\" height=\"133\"\/><\/a><\/div>\n<p><a title=\"Gerar C\u00f3digos de Barras\" href=\"http:\/\/www.labeljoy.com\/pt-pt\/video\/gerar-codigo-de-barras-e-codigo-qr\/\">Gerar C\u00f3digos de Barras e QRcode<\/a><\/div>\n<div class=\"one_third\"><div class=\"img-frame full-fourth\"><a href=\"\/pt-pt\/video\/atualizar-dados-ligados-a-etiquetas\/\" target=\"_self\"><img decoding=\"async\" src=\"https:\/\/www.labeljoy.com\/wp-content\/plugins\/sterling-shortcodes\/\/timthumb\/timthumb.php?src=\/images\/video\/lj6-dynamic.jpg&#038;h=133&#038;w=197\" alt=\"Actualiza\u00e7\u00e3o Din\u00e2mica\" width=\"197\" height=\"133\"\/><\/a><\/div>\n<p><a title=\"Actualiza\u00e7\u00e3o Din\u00e2mica\" href=\"http:\/\/www.labeljoy.com\/pt-pt\/video\/atualizar-dados-ligados-a-etiquetas\/\">Actualiza\u00e7\u00e3o Din\u00e2mica<\/a><\/div>\n<div class=\"one_third\"><div class=\"img-frame full-fourth\"><a href=\"\/pt-pt\/video\/contadores-incrementais\/\" target=\"_self\"><img decoding=\"async\" src=\"https:\/\/www.labeljoy.com\/wp-content\/plugins\/sterling-shortcodes\/\/timthumb\/timthumb.php?src=\/images\/video\/lj6-counter.jpg&#038;h=133&#038;w=197\" alt=\"Contador Incremental\" width=\"197\" height=\"133\"\/><\/a><\/div>\n<p><a title=\"Contador Incremental\" href=\"http:\/\/www.labeljoy.com\/pt-pt\/video\/contadores-incrementais\/\">Contador Incremental<\/a><\/div>\n<div class=\"hr hr-solid\">&nbsp;<\/div>\n<div class=\"one_third\"><div class=\"img-frame full-fourth\"><a href=\"\/pt-pt\/video\/definir-o-numero-de-etiquetas-da-fonte-de-dados\/\" target=\"_self\"><img decoding=\"async\" src=\"https:\/\/www.labeljoy.com\/wp-content\/plugins\/sterling-shortcodes\/\/timthumb\/timthumb.php?src=\/images\/video\/lj6-n-labels.jpg&#038;h=133&#038;w=197\" alt=\"Definir o n\u00famero de etiquetas da fonte de dados\" width=\"197\" height=\"133\"\/><\/a><\/div>\n<p><a title=\"Definir o n\u00famero de etiquetas da fonte de dados\" href=\"http:\/\/www.labeljoy.com\/pt-pt\/video\/definir-o-numero-de-etiquetas-da-fonte-de-dados\/\">Definir o n\u00famero de etiquetas da fonte de dados<\/a><\/div>\n<div class=\"one_third\"><div class=\"img-frame full-fourth\"><a href=\"http:\/\/www.labeljoy.com\/pt-pt\/video\/codigo-de-registro-de-labeljoy\/\" target=\"_self\"><img decoding=\"async\" src=\"https:\/\/www.labeljoy.com\/wp-content\/plugins\/sterling-shortcodes\/\/timthumb\/timthumb.php?src=\/images\/video\/lj6-registration.jpg&#038;h=133&#038;w=197\" alt=\"A ativa\u00e7\u00e3o de software\" width=\"197\" height=\"133\"\/><\/a><\/div>\n<p><a title=\"A ativa\u00e7\u00e3o de software\" href=\"http:\/\/www.labeljoy.com\/pt-pt\/video\/codigo-de-registro-de-labeljoy\/\">Inserir o c\u00f3digo de registro <\/a><\/div>\n<div class=\"one_third\"><div class=\"img-frame full-fourth\"><a href=\"http:\/\/www.labeljoy.com\/pt-pt\/video\/importar-datas-da-area-de-transferencia\/\" target=\"_self\"><img decoding=\"async\" src=\"https:\/\/www.labeljoy.com\/wp-content\/plugins\/sterling-shortcodes\/\/timthumb\/timthumb.php?src=\/images\/video\/lj6-clipboard.jpg&#038;h=133&#038;w=197\" alt=\"Importar datas da \u00e1rea de transfer\u00eancia\" width=\"197\" height=\"133\"\/><\/a><\/div>\n<p><a title=\"Importar datas da \u00e1rea de transfer\u00eancia\" href=\"http:\/\/www.labeljoy.com\/pt-pt\/video\/importar-datas-da-area-de-transferencia\/\">Importar datas da \u00e1rea de transfer\u00eancia<\/a><\/div>\n<div class=\"hr hr-solid\">&nbsp;<\/div>\n<div class=\"one_third\"><div class=\"img-frame full-fourth\"><a href=\"http:\/\/www.labeljoy.com\/pt-pt\/video\/referencias\/\" target=\"_self\"><img decoding=\"async\" src=\"https:\/\/www.labeljoy.com\/wp-content\/plugins\/sterling-shortcodes\/\/timthumb\/timthumb.php?src=\/images\/video\/lj6-references.jpg&#038;h=133&#038;w=197\" alt=\"inserir refer\u00eancias\" width=\"197\" height=\"133\"\/><\/a><\/div>\n<p><a title=\"inserir refer\u00eancias\" href=\"http:\/\/www.labeljoy.com\/pt-pt\/video\/referencias\/\">Inserir refer\u00eancias<\/a><\/div>\n<div class=\"one_third\"><div class=\"img-frame full-fourth\"><a href=\"http:\/\/www.labeljoy.com\/pt-pt\/video\/conectar-banco-de-dados-access\/\" target=\"_self\"><img decoding=\"async\" src=\"https:\/\/www.labeljoy.com\/wp-content\/plugins\/sterling-shortcodes\/\/timthumb\/timthumb.php?src=\/images\/video\/lj6-access.jpg&#038;h=133&#038;w=197\" alt=\"Conectar banco de dados Access\" width=\"197\" height=\"133\"\/><\/a><\/div>\n<p><a title=\"Conectar banco de dados Access\" href=\"http:\/\/www.labeljoy.com\/pt-pt\/video\/conectar-banco-de-dados-access\/\">Conectar banco de dados Access<\/a><\/div>\n<div class=\"one_third\"><\/div>\n","protected":false},"excerpt":{"rendered":"<p>Labeljoy V\u00eddeos Tutoriais Como criar, personalizar e imprimir etiquetas<\/p>\n","protected":false},"author":12,"featured_media":0,"parent":0,"menu_order":2,"comment_status":"open","ping_status":"closed","template":"","meta":{"inline_featured_image":false,"_monsterinsights_skip_tracking":false,"_monsterinsights_sitenote_active":false,"_monsterinsights_sitenote_note":"","_monsterinsights_sitenote_category":0,"footnotes":""},"class_list":{"0":"post-32926","1":"page","2":"type-page","3":"status-publish","5":"infinite-scroll-item"},"aioseo_notices":[],"_links":{"self":[{"href":"https:\/\/www.labeljoy.com\/pt-pt\/wp-json\/wp\/v2\/pages\/32926","targetHints":{"allow":["GET"]}}],"collection":[{"href":"https:\/\/www.labeljoy.com\/pt-pt\/wp-json\/wp\/v2\/pages"}],"about":[{"href":"https:\/\/www.labeljoy.com\/pt-pt\/wp-json\/wp\/v2\/types\/page"}],"author":[{"embeddable":true,"href":"https:\/\/www.labeljoy.com\/pt-pt\/wp-json\/wp\/v2\/users\/12"}],"replies":[{"embeddable":true,"href":"https:\/\/www.labeljoy.com\/pt-pt\/wp-json\/wp\/v2\/comments?post=32926"}],"version-history":[{"count":16,"href":"https:\/\/www.labeljoy.com\/pt-pt\/wp-json\/wp\/v2\/pages\/32926\/revisions"}],"predecessor-version":[{"id":35216,"href":"https:\/\/www.labeljoy.com\/pt-pt\/wp-json\/wp\/v2\/pages\/32926\/revisions\/35216"}],"wp:attachment":[{"href":"https:\/\/www.labeljoy.com\/pt-pt\/wp-json\/wp\/v2\/media?parent=32926"}],"curies":[{"name":"wp","href":"https:\/\/api.w.org\/{rel}","templated":true}]}}