{"id":32930,"date":"2020-06-04T21:58:00","date_gmt":"2020-06-04T21:58:00","guid":{"rendered":"https:\/\/www.labeljoy.com\/?page_id=32930"},"modified":"2025-01-23T14:10:00","modified_gmt":"2025-01-23T14:10:00","slug":"apresentacao-software","status":"publish","type":"page","link":"https:\/\/www.labeljoy.com\/pt-pt\/video\/apresentacao-software\/","title":{"rendered":"Apresenta\u00e7\u00e3o Software"},"content":{"rendered":"<h1>Apresenta\u00e7\u00e3o do Software Labeljoy 6<\/h1>\n<p><span style=\"font-weight: 400;\"><strong>Labeljoy 6 \u00e9 um software profissional de cria\u00e7\u00e3o de etiquetas que explora todo o potencial da tecnologia de c\u00f3digos de barras<\/strong>. Com uma interface intuitiva, permite gerar etiquetas personalizadas com apenas alguns cliques. A vasta gama de c\u00f3digos de barras suportados, combinada com a capacidade de importar dados de bases de dados externas, faz do Labeljoy 6 a ferramenta ideal para automatizar a cria\u00e7\u00e3o de etiquetas para tudo, desde a log\u00edstica \u00e0 produ\u00e7\u00e3o.<\/span><\/p>\n<p>Como mostrado no v\u00eddeo,\u00a0<strong>criar uma etiqueta personalizada<\/strong>\u00a0\u00e9 f\u00e1cil: simplesmente\u00a0<a title=\"defina o layout tutorial\" href=\"http:\/\/www.labeljoy.com\/pt-pt\/video-soporte\/gerir-layouts\/\">defina o layout<\/a>, insira imagens e texto e imprima. E mais, \u00e9 poss\u00edvel conectar o Labeljoy a\u00a0<a title=\"bases de dados externas tutorial\" href=\"http:\/\/www.labeljoy.com\/pt-pt\/video-soporte\/conectar-dados-externos\/\">bases de dados externas<\/a>\u00a0tais como <a title=\"tutorial carregar Excel\" href=\"http:\/\/www.labeljoy.com\/pt-pt\/video-soporte\/carregar-informacoes-do-excel\/\">Excel<\/a>, Outlook, SQL &#8230; <a title=\"inserir QR Code tutorial\" href=\"http:\/\/www.labeljoy.com\/pt-pt\/video-soporte\/gerar-codigos-barras-qrcode\/\">inserir QR Code<\/a>\u00a0e c\u00f3digos de barra lineares que s\u00e3o gerados automaticamente pelo software, e usar campos din\u00e2micos que podem ser\u00a0<a title=\"campo actualizados em tempo real tutorial\" href=\"http:\/\/www.labeljoy.com\/pt-pt\/video-soporte\/actualizacao-dinamica\/\">actualizados em tempo real<\/a>\u00a0com a sua pr\u00f3pria base de dados pessoal.<\/p>\n<div class=\"lyte-wrapper\" title=\"Labeljoy 6 software para criar e imprimir etiquetas\" style=\"width:640px;max-width:100%;margin:5px;\"><div class=\"lyMe\" id=\"WYL_eWSVMO7xLH4\" itemprop=\"video\" itemscope itemtype=\"https:\/\/schema.org\/VideoObject\"><div><meta itemprop=\"thumbnailUrl\" content=\"https:\/\/www.labeljoy.com\/wp-content\/plugins\/wp-youtube-lyte\/lyteCache.php?origThumbUrl=https%3A%2F%2Fi.ytimg.com%2Fvi%2FeWSVMO7xLH4%2Fhqdefault.jpg\" \/><meta itemprop=\"embedURL\" content=\"https:\/\/www.youtube.com\/embed\/eWSVMO7xLH4\" \/><meta itemprop=\"duration\" content=\"PT3M41S\" \/><meta itemprop=\"uploadDate\" content=\"2020-05-10T22:06:08Z\" \/><\/div><div id=\"lyte_eWSVMO7xLH4\" data-src=\"https:\/\/www.labeljoy.com\/wp-content\/plugins\/wp-youtube-lyte\/lyteCache.php?origThumbUrl=https%3A%2F%2Fi.ytimg.com%2Fvi%2FeWSVMO7xLH4%2Fhqdefault.jpg\" class=\"pL\"><div class=\"tC\"><div class=\"tT\" itemprop=\"name\">Labeljoy 6 software para criar e imprimir etiquetas<\/div><\/div><div class=\"play\"><\/div><div class=\"ctrl\"><div class=\"Lctrl\"><\/div><div class=\"Rctrl\"><\/div><\/div><\/div><noscript><a href=\"https:\/\/youtu.be\/eWSVMO7xLH4\" rel=\"nofollow\"><img decoding=\"async\" src=\"https:\/\/www.labeljoy.com\/wp-content\/plugins\/wp-youtube-lyte\/lyteCache.php?origThumbUrl=https%3A%2F%2Fi.ytimg.com%2Fvi%2FeWSVMO7xLH4%2F0.jpg\" alt=\"Labeljoy 6 software para criar e imprimir etiquetas\" width=\"640\" height=\"340\" \/><br \/>Watch this video on YouTube<\/a><\/noscript><meta itemprop=\"description\" content=\"Este v\u00eddeo mostra as principais caracter\u00edsticas do software de etiquetagem profissional Labeljoy 6. Com a sua interface pr\u00e1tica, o Labeljoy 6 \u00e9 um software gerador de c\u00f3digos de barras que lhe permite criar etiquetas profissionais e de uso dom\u00e9stico com apenas alguns cliques. Veja e aprenda como pode ser f\u00e1cil criar etiquetas personalizadas: comece por definir o esquema, insira imagens, textos e c\u00f3digos de barras e imprima em qualquer impressora instalada. Al\u00e9m disso, o Labeljoy pode ligar-se a bases de dados externas como o Excel, Outlook, SQL... utilizar campos din\u00e2micos que podem ser actualizados em tempo real a partir da sua base de dados pessoal e gerar c\u00f3digos QR e c\u00f3digos de barras lineares automaticamente. Labeljoy permite a exporta\u00e7\u00e3o de etiquetas e c\u00f3digos de barras em formatos gr\u00e1ficos comuns, como JPG, png, GIF e PDF. Mais informa\u00e7\u00f5es: https:\/\/www.labeljoy.com\/pt-pt\/funcionalidades\/\"><\/div><\/div><div class=\"lL\" style=\"max-width:100%;width:640px;margin:5px;\"><\/div>\n<div class=\"lj-video-button hide\">\n  <a href=\"https:\/\/www.youtube.com\/embed\/eWSVMO7xLH4?rel=0&autoplay=1\" data-featherlight=\"iframe\" data-featherlight-iframe-width=\"800\" data-featherlight-iframe-height=\"610\" data-featherlight-iframe-frameborder=\"0\" data-featherlight-iframe-allow=\"autoplay; encrypted-media\" data-featherlight-iframe-allowfullscreen=\"true\" title=\"Reproduza o apresenta\u00e7\u00e3o\">Reproduza o apresenta\u00e7\u00e3o <i class=\"fa fa-play-circle fa-2x\"><\/i><\/a>\n<\/div>\n","protected":false},"excerpt":{"rendered":"<p>Apresenta\u00e7\u00e3o do Software Labeljoy 6 Labeljoy 6 \u00e9 um software profissional de cria\u00e7\u00e3o de etiquetas que explora todo o potencial da tecnologia de c\u00f3digos de barras. Com uma interface intuitiva, permite gerar etiquetas personalizadas com apenas alguns cliques. A vasta gama de c\u00f3digos de barras suportados, combinada com a capacidade de importar dados de bases &#8230; <a title=\"Apresenta\u00e7\u00e3o Software\" class=\"read-more\" href=\"https:\/\/www.labeljoy.com\/pt-pt\/video\/apresentacao-software\/\" aria-label=\"Leia mais sobre Apresenta\u00e7\u00e3o Software\">Read more<\/a><\/p>\n","protected":false},"author":12,"featured_media":0,"parent":32926,"menu_order":0,"comment_status":"closed","ping_status":"closed","template":"","meta":{"inline_featured_image":false,"_monsterinsights_skip_tracking":false,"_monsterinsights_sitenote_active":false,"_monsterinsights_sitenote_note":"","_monsterinsights_sitenote_category":0,"footnotes":""},"class_list":{"0":"post-32930","1":"page","2":"type-page","3":"status-publish","5":"infinite-scroll-item"},"aioseo_notices":[],"_links":{"self":[{"href":"https:\/\/www.labeljoy.com\/pt-pt\/wp-json\/wp\/v2\/pages\/32930","targetHints":{"allow":["GET"]}}],"collection":[{"href":"https:\/\/www.labeljoy.com\/pt-pt\/wp-json\/wp\/v2\/pages"}],"about":[{"href":"https:\/\/www.labeljoy.com\/pt-pt\/wp-json\/wp\/v2\/types\/page"}],"author":[{"embeddable":true,"href":"https:\/\/www.labeljoy.com\/pt-pt\/wp-json\/wp\/v2\/users\/12"}],"replies":[{"embeddable":true,"href":"https:\/\/www.labeljoy.com\/pt-pt\/wp-json\/wp\/v2\/comments?post=32930"}],"version-history":[{"count":5,"href":"https:\/\/www.labeljoy.com\/pt-pt\/wp-json\/wp\/v2\/pages\/32930\/revisions"}],"predecessor-version":[{"id":42905,"href":"https:\/\/www.labeljoy.com\/pt-pt\/wp-json\/wp\/v2\/pages\/32930\/revisions\/42905"}],"up":[{"embeddable":true,"href":"https:\/\/www.labeljoy.com\/pt-pt\/wp-json\/wp\/v2\/pages\/32926"}],"wp:attachment":[{"href":"https:\/\/www.labeljoy.com\/pt-pt\/wp-json\/wp\/v2\/media?parent=32930"}],"curies":[{"name":"wp","href":"https:\/\/api.w.org\/{rel}","templated":true}]}}