{"id":32940,"date":"2020-06-04T22:07:14","date_gmt":"2020-06-04T22:07:14","guid":{"rendered":"https:\/\/www.labeljoy.com\/?page_id=32940"},"modified":"2021-01-05T17:54:16","modified_gmt":"2021-01-05T17:54:16","slug":"conectar-fontes-de-dados-externas","status":"publish","type":"page","link":"https:\/\/www.labeljoy.com\/pt-pt\/video\/conectar-fontes-de-dados-externas\/","title":{"rendered":"Conectar fontes de dados externas"},"content":{"rendered":"<h2>Como Conectar Fontes de Dados Externas<\/h2>\n<p>Neste v\u00eddeo voc\u00ea pode ver como \u00e9 f\u00e1cil \u00a0<strong>conectar o Labeljoy a bases de dados externas.<\/strong>\u00a0Este v\u00eddeo mostra como conectar as suas etiquetas a dados contidos num ficheiro de texto CSV.<\/p>\n<p>Al\u00e9m disso, pode filtrar ou ordenar, de acordo com os par\u00e2metros desejados, tudo de uma forma simples e intuitiva.<\/p>\n<p>Pode criar\u00a0<a title=\"etiquetas de produtos modelos\" href=\"http:\/\/www.labeljoy.com\/pt-pt\/modelos\/etiqueta-produto\/\">etiquetas de produtos<\/a>\u00a0profissionais ou\u00a0<a title=\"etiquetas de c\u00f3digos de barras de pre\u00e7os modelos\" href=\"http:\/\/www.labeljoy.com\/pt-pt\/modelos\/etiqueta-preco-codigo-barras\/\">etiquetas de c\u00f3digos de barras de pre\u00e7os<\/a>!<\/p>\n\n<div class=\"youtube-embed\" itemprop=\"video\" itemscope itemtype=\"https:\/\/schema.org\/VideoObject\">\n\t<meta itemprop=\"url\" content=\"https:\/\/www.youtube.com\/v\/D5YwAoH0_OM\" \/>\n\t<meta itemprop=\"name\" content=\"Address label\" \/>\n\t<meta itemprop=\"description\" content=\"Address label\" \/>\n\t<meta itemprop=\"uploadDate\" content=\"2012-11-20T11:53:39+00:00\" \/>\n\t<meta itemprop=\"thumbnailUrl\" content=\"https:\/\/i.ytimg.com\/vi\/D5YwAoH0_OM\/default.jpg\" \/>\n\t<meta itemprop=\"embedUrl\" content=\"https:\/\/www.youtube.com\/embed\/D5YwAoH0_OM\" \/>\n\t<meta itemprop=\"height\" content=\"385\" \/>\n\t<meta itemprop=\"width\" content=\"640\" \/>\n\t<iframe style=\"border: 0;\" class=\"youtube-player\" width=\"640\" height=\"385\" src=\"https:\/\/www.youtube.com\/embed\/D5YwAoH0_OM?modestbranding=1&fs=0&rel=0&loop=1&color=white&playlist=D5YwAoH0_OM\"><\/iframe>\n<\/div>\n\n","protected":false},"excerpt":{"rendered":"<p>Como Conectar Fontes de Dados Externas Neste v\u00eddeo voc\u00ea pode ver como \u00e9 f\u00e1cil \u00a0conectar o Labeljoy a bases de dados externas.\u00a0Este v\u00eddeo mostra como conectar as suas etiquetas a dados contidos num ficheiro de texto CSV. Al\u00e9m disso, pode filtrar ou ordenar, de acordo com os par\u00e2metros desejados, tudo de uma forma simples e &#8230; <a title=\"Conectar fontes de dados externas\" class=\"read-more\" href=\"https:\/\/www.labeljoy.com\/pt-pt\/video\/conectar-fontes-de-dados-externas\/\" aria-label=\"Leia mais sobre Conectar fontes de dados externas\">Read more<\/a><\/p>\n","protected":false},"author":12,"featured_media":0,"parent":32926,"menu_order":0,"comment_status":"open","ping_status":"closed","template":"page-template-left-sidebar.php","meta":{"inline_featured_image":false,"_monsterinsights_skip_tracking":false,"_monsterinsights_sitenote_active":false,"_monsterinsights_sitenote_note":"","_monsterinsights_sitenote_category":0,"footnotes":""},"class_list":{"0":"post-32940","1":"page","2":"type-page","3":"status-publish","5":"infinite-scroll-item"},"aioseo_notices":[],"_links":{"self":[{"href":"https:\/\/www.labeljoy.com\/pt-pt\/wp-json\/wp\/v2\/pages\/32940","targetHints":{"allow":["GET"]}}],"collection":[{"href":"https:\/\/www.labeljoy.com\/pt-pt\/wp-json\/wp\/v2\/pages"}],"about":[{"href":"https:\/\/www.labeljoy.com\/pt-pt\/wp-json\/wp\/v2\/types\/page"}],"author":[{"embeddable":true,"href":"https:\/\/www.labeljoy.com\/pt-pt\/wp-json\/wp\/v2\/users\/12"}],"replies":[{"embeddable":true,"href":"https:\/\/www.labeljoy.com\/pt-pt\/wp-json\/wp\/v2\/comments?post=32940"}],"version-history":[{"count":1,"href":"https:\/\/www.labeljoy.com\/pt-pt\/wp-json\/wp\/v2\/pages\/32940\/revisions"}],"predecessor-version":[{"id":32941,"href":"https:\/\/www.labeljoy.com\/pt-pt\/wp-json\/wp\/v2\/pages\/32940\/revisions\/32941"}],"up":[{"embeddable":true,"href":"https:\/\/www.labeljoy.com\/pt-pt\/wp-json\/wp\/v2\/pages\/32926"}],"wp:attachment":[{"href":"https:\/\/www.labeljoy.com\/pt-pt\/wp-json\/wp\/v2\/media?parent=32940"}],"curies":[{"name":"wp","href":"https:\/\/api.w.org\/{rel}","templated":true}]}}