{"id":32945,"date":"2020-06-04T22:10:04","date_gmt":"2020-06-04T22:10:04","guid":{"rendered":"https:\/\/www.labeljoy.com\/?page_id=32945"},"modified":"2026-03-09T17:39:53","modified_gmt":"2026-03-09T17:39:53","slug":"carregar-dados-do-excel","status":"publish","type":"page","link":"https:\/\/www.labeljoy.com\/pt-pt\/video\/carregar-dados-do-excel\/","title":{"rendered":"Carregar dados do Excel"},"content":{"rendered":"<h2>Como Carregar dados do Excel<\/h2>\n<p>Labeljoy permite-lhe\u00a0<strong>conectar a<\/strong> <strong>fontes de dados externas<\/strong>,\u00a0tais como o Excel, e usar a informa\u00e7\u00e3o nas etiquetas.<br \/>\nDesta forma, pode criar etiquetas personalizadas de forma f\u00e1cil e r\u00e1pida. Tamb\u00e9m com a funcionalidade de actualiza\u00e7\u00e3o de dados voc\u00ea pode editar e modificar os dados do Excel e actualizar todas as etiquetas em tempo real.<\/p>\n<p>Pode importar qualquer tipo de dados e desenhar as suas etiquetas personalizadas tais como\u00a0<a title=\"etiquetas de comida modelos\" href=\"http:\/\/www.labeljoy.com\/pt-pt\/modelos\/etiqueta-comida\/\">etiquetas de comida<\/a>,\u00a0<a title=\"etiquetas de nomes\" href=\"http:\/\/www.labeljoy.com\/pt-pt\/modelos\/crachas-com-nome\/\">etiquetas de nomes<\/a>,\u00a0<a title=\"etiquetas de correspond\u00eancia modelos\" href=\"http:\/\/www.labeljoy.com\/pt-pt\/modelos\/etiquetas-correspondencia\/\">etiquetas de correspond\u00eancia<\/a>, e\u00a0<a title=\"modelos\" href=\"http:\/\/www.labeljoy.com\/pt-pt\/modelos\/\">muito mais<\/a>.<\/p>\n<div class=\"lyte-wrapper\" title=\"Labeljoy 6 Como carregar dados do Excel\" style=\"width:640px;max-width:100%;margin:5px;\"><div class=\"lyMe\" id=\"WYL_YZdZehrkq3w\" itemprop=\"video\" itemscope itemtype=\"https:\/\/schema.org\/VideoObject\"><div><meta itemprop=\"thumbnailUrl\" content=\"https:\/\/www.labeljoy.com\/wp-content\/plugins\/wp-youtube-lyte\/lyteCache.php?origThumbUrl=https%3A%2F%2Fi.ytimg.com%2Fvi%2FYZdZehrkq3w%2Fhqdefault.jpg\" \/><meta itemprop=\"embedURL\" content=\"https:\/\/www.youtube.com\/embed\/YZdZehrkq3w\" \/><meta itemprop=\"duration\" content=\"PT2M52S\" \/><meta itemprop=\"uploadDate\" content=\"2020-05-29T23:05:30Z\" \/><\/div><div id=\"lyte_YZdZehrkq3w\" data-src=\"https:\/\/www.labeljoy.com\/wp-content\/plugins\/wp-youtube-lyte\/lyteCache.php?origThumbUrl=https%3A%2F%2Fi.ytimg.com%2Fvi%2FYZdZehrkq3w%2Fhqdefault.jpg\" class=\"pL\"><div class=\"tC\"><div class=\"tT\" itemprop=\"name\">Labeljoy 6 Como carregar dados do Excel<\/div><\/div><div class=\"play\"><\/div><div class=\"ctrl\"><div class=\"Lctrl\"><\/div><div class=\"Rctrl\"><\/div><\/div><\/div><noscript><a href=\"https:\/\/youtu.be\/YZdZehrkq3w\" rel=\"nofollow\"><img decoding=\"async\" src=\"https:\/\/www.labeljoy.com\/wp-content\/plugins\/wp-youtube-lyte\/lyteCache.php?origThumbUrl=https%3A%2F%2Fi.ytimg.com%2Fvi%2FYZdZehrkq3w%2F0.jpg\" alt=\"Labeljoy 6 Como carregar dados do Excel\" width=\"640\" height=\"340\" \/><br \/>Watch this video on YouTube<\/a><\/noscript><meta itemprop=\"description\" content=\"Labeljoy permite-lhe conectar a fontes de dados externas, tais como o Excel, e usar a informa\u00e7\u00e3o nas etiquetas. Desta forma, pode criar etiquetas personalizadas de forma f\u00e1cil e r\u00e1pida. Tamb\u00e9m com a funcionalidade de actualiza\u00e7\u00e3o de dados voc\u00ea pode editar e modificar os dados do Excel e actualizar todas as etiquetas em tempo real. Pode importar qualquer tipo de dados e desenhar as suas etiquetas personalizadas tais como etiquetas de comida, etiquetas de nomes, etiquetas de correspond\u00eancia, e muito mais. Mais informa\u00e7\u00f5es : https:\/\/www.labeljoy.com\/pt-pt\/suporte\/como-fazer\/imprimir-etiquetas-do-excel\/\"><\/div><\/div><div class=\"lL\" style=\"max-width:100%;width:640px;margin:5px;\"><\/div>\n<div class=\"lj-video-button hide\">\n  <a href=\"https:\/\/www.youtube.com\/embed\/YZdZehrkq3w?rel=0&autoplay=1\" data-featherlight=\"iframe\" data-featherlight-iframe-width=\"800\" data-featherlight-iframe-height=\"610\" data-featherlight-iframe-frameborder=\"0\" data-featherlight-iframe-allow=\"autoplay; encrypted-media\" data-featherlight-iframe-allowfullscreen=\"true\" title=\"Reproduza o tutorial em v\u00eddeo\">Reproduza o tutorial em v\u00eddeo <i class=\"fa fa-play-circle fa-2x\"><\/i><\/a>\n<\/div>\n<div class=\"lyte-wrapper\" title=\"Create Barcode Labels From Excel: Easy Step-by-Step Guide\" style=\"width:640px;max-width:100%;margin:5px;\"><div class=\"lyMe\" id=\"WYL_ISBnlSi_8Tc\" itemprop=\"video\" itemscope itemtype=\"https:\/\/schema.org\/VideoObject\"><div><meta itemprop=\"thumbnailUrl\" content=\"https:\/\/www.labeljoy.com\/wp-content\/plugins\/wp-youtube-lyte\/lyteCache.php?origThumbUrl=https%3A%2F%2Fi.ytimg.com%2Fvi%2FISBnlSi_8Tc%2Fhqdefault.jpg\" \/><meta itemprop=\"embedURL\" content=\"https:\/\/www.youtube.com\/embed\/ISBnlSi_8Tc\" \/><meta itemprop=\"duration\" content=\"PT5M3S\" \/><meta itemprop=\"uploadDate\" content=\"2025-04-09T13:54:21Z\" \/><\/div><div id=\"lyte_ISBnlSi_8Tc\" data-src=\"https:\/\/www.labeljoy.com\/wp-content\/plugins\/wp-youtube-lyte\/lyteCache.php?origThumbUrl=https%3A%2F%2Fi.ytimg.com%2Fvi%2FISBnlSi_8Tc%2Fhqdefault.jpg\" class=\"pL\"><div class=\"tC\"><div class=\"tT\" itemprop=\"name\">Create Barcode Labels From Excel: Easy Step-by-Step Guide<\/div><\/div><div class=\"play\"><\/div><div class=\"ctrl\"><div class=\"Lctrl\"><\/div><div class=\"Rctrl\"><\/div><\/div><\/div><noscript><a href=\"https:\/\/youtu.be\/ISBnlSi_8Tc\" rel=\"nofollow\"><img decoding=\"async\" src=\"https:\/\/www.labeljoy.com\/wp-content\/plugins\/wp-youtube-lyte\/lyteCache.php?origThumbUrl=https%3A%2F%2Fi.ytimg.com%2Fvi%2FISBnlSi_8Tc%2F0.jpg\" alt=\"Create Barcode Labels From Excel: Easy Step-by-Step Guide\" width=\"640\" height=\"340\" \/><br \/>Watch this video on YouTube<\/a><\/noscript><meta itemprop=\"description\" content=\"Want to create barcode labels from an Excel file and print them quickly? In this tutorial, you&#039;ll learn how to generate and customize EAN-13 barcode labels using Labeljoy. A perfect way for those who need to print barcode labels for ecommerce, physical stores, warehouses and inventory management! What will you learn? \u2705 How to import data from Excel to generate custom labels; \u2705 How to transform codes into EAN-13 barcodes; \u2705 How to print labels professionally. \ud83d\udd17 Download Labeljoy: https:\/\/www.labeljoy.com\/download\/\"><\/div><\/div><div class=\"lL\" style=\"max-width:100%;width:640px;margin:5px;\"><\/div><\/p>\n<p style=\"text-align: center;\">Veja tamb\u00e9m o tutorial:<\/p>\n<ul class=\"lp-2013 clearfix\">\n<li style=\"float: none;\"><a style=\"margin: 0 auto;\" title=\"Como imprimir etiquetas a partir do Excel\" href=\"http:\/\/www.labeljoy.com\/pt-pt\/suporte\/como-fazer\/imprimir-etiquetas-do-excel\/\"> <span class=\"lp-2013-title\">Imprimir etiquetas do Excel<\/span><span class=\"lp-2013-description\">&#8211; Importa\u00e7\u00e3o dados<br \/>\n&#8211; Linhas do Excel<br \/>\n&#8211; Filtro personalizado <\/span><img decoding=\"async\" src=\"http:\/\/www.labeljoy.com\/images\/how-to\/icons\/excel.png\" alt=\"Excel icon\" width=\"48\" height=\"48\" \/><\/a><\/li>\n<\/ul>\n","protected":false},"excerpt":{"rendered":"<p>Como Carregar dados do Excel Labeljoy permite-lhe\u00a0conectar a fontes de dados externas,\u00a0tais como o Excel, e usar a informa\u00e7\u00e3o nas etiquetas. Desta forma, pode criar etiquetas personalizadas de forma f\u00e1cil e r\u00e1pida. Tamb\u00e9m com a funcionalidade de actualiza\u00e7\u00e3o de dados voc\u00ea pode editar e modificar os dados do Excel e actualizar todas as etiquetas em &#8230; <a title=\"Carregar dados do Excel\" class=\"read-more\" href=\"https:\/\/www.labeljoy.com\/pt-pt\/video\/carregar-dados-do-excel\/\" aria-label=\"Leia mais sobre Carregar dados do Excel\">Read more<\/a><\/p>\n","protected":false},"author":12,"featured_media":0,"parent":32926,"menu_order":0,"comment_status":"closed","ping_status":"closed","template":"","meta":{"inline_featured_image":false,"_monsterinsights_skip_tracking":false,"_monsterinsights_sitenote_active":false,"_monsterinsights_sitenote_note":"","_monsterinsights_sitenote_category":0,"footnotes":""},"class_list":{"0":"post-32945","1":"page","2":"type-page","3":"status-publish","5":"infinite-scroll-item"},"aioseo_notices":[],"_links":{"self":[{"href":"https:\/\/www.labeljoy.com\/pt-pt\/wp-json\/wp\/v2\/pages\/32945","targetHints":{"allow":["GET"]}}],"collection":[{"href":"https:\/\/www.labeljoy.com\/pt-pt\/wp-json\/wp\/v2\/pages"}],"about":[{"href":"https:\/\/www.labeljoy.com\/pt-pt\/wp-json\/wp\/v2\/types\/page"}],"author":[{"embeddable":true,"href":"https:\/\/www.labeljoy.com\/pt-pt\/wp-json\/wp\/v2\/users\/12"}],"replies":[{"embeddable":true,"href":"https:\/\/www.labeljoy.com\/pt-pt\/wp-json\/wp\/v2\/comments?post=32945"}],"version-history":[{"count":5,"href":"https:\/\/www.labeljoy.com\/pt-pt\/wp-json\/wp\/v2\/pages\/32945\/revisions"}],"predecessor-version":[{"id":45181,"href":"https:\/\/www.labeljoy.com\/pt-pt\/wp-json\/wp\/v2\/pages\/32945\/revisions\/45181"}],"up":[{"embeddable":true,"href":"https:\/\/www.labeljoy.com\/pt-pt\/wp-json\/wp\/v2\/pages\/32926"}],"wp:attachment":[{"href":"https:\/\/www.labeljoy.com\/pt-pt\/wp-json\/wp\/v2\/media?parent=32945"}],"curies":[{"name":"wp","href":"https:\/\/api.w.org\/{rel}","templated":true}]}}