{"id":32949,"date":"2020-06-04T22:14:43","date_gmt":"2020-06-04T22:14:43","guid":{"rendered":"https:\/\/www.labeljoy.com\/?page_id=32949"},"modified":"2021-05-24T12:31:23","modified_gmt":"2021-05-24T12:31:23","slug":"imprimir-etiquetas-diferentes-na-mesma-folha","status":"publish","type":"page","link":"https:\/\/www.labeljoy.com\/pt-pt\/video\/imprimir-etiquetas-diferentes-na-mesma-folha\/","title":{"rendered":"Etiquetas diferentes na mesma folha"},"content":{"rendered":"<h2>Imprimir Etiquetas Diferentes na mesma folha com Conjuntos<\/h2>\n<p>Com Labeljoy pode\u00a0<strong>imprimir etiquetas diferentes<\/strong>\u00a0na mesma folha usando a fun\u00e7\u00e3o &#8220;Conjunto de Etiqueta&#8221;. Pode escolher o n\u00famero de conjuntos, o n\u00famero de etiquetas para cada conjunto, alterar as configura\u00e7\u00f5es gr\u00e1ficas de cada conjunto, como preferir.<\/p>\n<p>Esta\u00a0<a title=\"funcionalidades labeljoy\" href=\"http:\/\/www.labeljoy.com\/pt-pt\/funcionalidades\/\">funcionalidade<\/a>\u00a0\u00e9 muito \u00fatil se deseja imprimir etiquetas de variados\u00a0<a title=\"modelos produtos\" href=\"http:\/\/www.labeljoy.com\/pt-pt\/modelos\/etiqueta-produto\/\">produtos<\/a>\u00a0na mesma folha, ou se deseja utilizar diferentes cores para as suas\u00a0<a title=\"etiquetas de correspond\u00eancia\" href=\"http:\/\/www.labeljoy.com\/pt-pt\/modelos\/etiquetas-correspondencia\/\">etiquetas de correspond\u00eancia<\/a>\u00a0ou\u00a0<a title=\"Cart\u00f5es de Natal modelos\" href=\"http:\/\/www.labeljoy.com\/pt-pt\/modelos\/cartoes-natal\/\">Cart\u00f5es de Natal<\/a>.<\/p>\n<p><strong><strong>Voc\u00ea pode criar\u00a0 folhas 100% personalizadas<\/strong>!<\/strong><\/p>\n<div class=\"lyte-wrapper\" title=\"Labeljoy 6 - How to create different labels using sets\" style=\"width:640px;max-width:100%;margin:5px;\"><div class=\"lyMe\" id=\"WYL_MLwoGWPaDfQ\" itemprop=\"video\" itemscope itemtype=\"https:\/\/schema.org\/VideoObject\"><div><meta itemprop=\"thumbnailUrl\" content=\"https:\/\/www.labeljoy.com\/wp-content\/plugins\/wp-youtube-lyte\/lyteCache.php?origThumbUrl=https%3A%2F%2Fi.ytimg.com%2Fvi%2FMLwoGWPaDfQ%2Fhqdefault.jpg\" \/><meta itemprop=\"embedURL\" content=\"https:\/\/www.youtube.com\/embed\/MLwoGWPaDfQ\" \/><meta itemprop=\"duration\" content=\"PT4M15S\" \/><meta itemprop=\"uploadDate\" content=\"2018-02-28T23:52:00Z\" \/><\/div><div id=\"lyte_MLwoGWPaDfQ\" data-src=\"https:\/\/www.labeljoy.com\/wp-content\/plugins\/wp-youtube-lyte\/lyteCache.php?origThumbUrl=https%3A%2F%2Fi.ytimg.com%2Fvi%2FMLwoGWPaDfQ%2Fhqdefault.jpg\" class=\"pL\"><div class=\"tC\"><div class=\"tT\" itemprop=\"name\">Labeljoy 6 - How to create different labels using sets<\/div><\/div><div class=\"play\"><\/div><div class=\"ctrl\"><div class=\"Lctrl\"><\/div><div class=\"Rctrl\"><\/div><\/div><\/div><noscript><a href=\"https:\/\/youtu.be\/MLwoGWPaDfQ\" rel=\"nofollow\"><img decoding=\"async\" src=\"https:\/\/www.labeljoy.com\/wp-content\/plugins\/wp-youtube-lyte\/lyteCache.php?origThumbUrl=https%3A%2F%2Fi.ytimg.com%2Fvi%2FMLwoGWPaDfQ%2F0.jpg\" alt=\"Labeljoy 6 - How to create different labels using sets\" width=\"640\" height=\"340\" \/><br \/>Watch this video on YouTube<\/a><\/noscript><meta itemprop=\"description\" content=\"With Labeljoy 6, you can print different labels on the same sheet using the \u201cLabel Set\u201d feature. Add a new Set for each different label, choose the number of labels for each set, and change the content and settings of each set as you prefer. More information on how to add a new set: https:\/\/www.labeljoy.com\/help-lj6\/adding-a-new-set\/\"><\/div><\/div><div class=\"lL\" style=\"max-width:100%;width:640px;margin:5px;\"><\/div>\n<div class=\"lj-video-button hide\">\n  <a href=\"https:\/\/www.youtube.com\/embed\/MLwoGWPaDfQ?rel=0&autoplay=1\" data-featherlight=\"iframe\" data-featherlight-iframe-width=\"800\" data-featherlight-iframe-height=\"610\" data-featherlight-iframe-frameborder=\"0\" data-featherlight-iframe-allow=\"autoplay; encrypted-media\" data-featherlight-iframe-allowfullscreen=\"true\" title=\"Reproduza o tutorial em v\u00eddeo\">Reproduza o tutorial em v\u00eddeo <i class=\"fa fa-play-circle fa-2x\"><\/i><\/a>\n<\/div>\n","protected":false},"excerpt":{"rendered":"<p>Imprimir Etiquetas Diferentes na mesma folha com Conjuntos Com Labeljoy pode\u00a0imprimir etiquetas diferentes\u00a0na mesma folha usando a fun\u00e7\u00e3o &#8220;Conjunto de Etiqueta&#8221;. Pode escolher o n\u00famero de conjuntos, o n\u00famero de etiquetas para cada conjunto, alterar as configura\u00e7\u00f5es gr\u00e1ficas de cada conjunto, como preferir. Esta\u00a0funcionalidade\u00a0\u00e9 muito \u00fatil se deseja imprimir etiquetas de variados\u00a0produtos\u00a0na mesma folha, ou &#8230; <a title=\"Etiquetas diferentes na mesma folha\" class=\"read-more\" href=\"https:\/\/www.labeljoy.com\/pt-pt\/video\/imprimir-etiquetas-diferentes-na-mesma-folha\/\" aria-label=\"Leia mais sobre Etiquetas diferentes na mesma folha\">Read more<\/a><\/p>\n","protected":false},"author":12,"featured_media":0,"parent":32926,"menu_order":0,"comment_status":"open","ping_status":"closed","template":"page-template-left-sidebar.php","meta":{"inline_featured_image":false,"_monsterinsights_skip_tracking":false,"_monsterinsights_sitenote_active":false,"_monsterinsights_sitenote_note":"","_monsterinsights_sitenote_category":0,"footnotes":""},"class_list":{"0":"post-32949","1":"page","2":"type-page","3":"status-publish","5":"infinite-scroll-item"},"aioseo_notices":[],"_links":{"self":[{"href":"https:\/\/www.labeljoy.com\/pt-pt\/wp-json\/wp\/v2\/pages\/32949","targetHints":{"allow":["GET"]}}],"collection":[{"href":"https:\/\/www.labeljoy.com\/pt-pt\/wp-json\/wp\/v2\/pages"}],"about":[{"href":"https:\/\/www.labeljoy.com\/pt-pt\/wp-json\/wp\/v2\/types\/page"}],"author":[{"embeddable":true,"href":"https:\/\/www.labeljoy.com\/pt-pt\/wp-json\/wp\/v2\/users\/12"}],"replies":[{"embeddable":true,"href":"https:\/\/www.labeljoy.com\/pt-pt\/wp-json\/wp\/v2\/comments?post=32949"}],"version-history":[{"count":3,"href":"https:\/\/www.labeljoy.com\/pt-pt\/wp-json\/wp\/v2\/pages\/32949\/revisions"}],"predecessor-version":[{"id":35837,"href":"https:\/\/www.labeljoy.com\/pt-pt\/wp-json\/wp\/v2\/pages\/32949\/revisions\/35837"}],"up":[{"embeddable":true,"href":"https:\/\/www.labeljoy.com\/pt-pt\/wp-json\/wp\/v2\/pages\/32926"}],"wp:attachment":[{"href":"https:\/\/www.labeljoy.com\/pt-pt\/wp-json\/wp\/v2\/media?parent=32949"}],"curies":[{"name":"wp","href":"https:\/\/api.w.org\/{rel}","templated":true}]}}