{"id":32953,"date":"2020-06-04T22:17:47","date_gmt":"2020-06-04T22:17:47","guid":{"rendered":"https:\/\/www.labeljoy.com\/?page_id=32953"},"modified":"2021-05-24T12:33:46","modified_gmt":"2021-05-24T12:33:46","slug":"imprimir-usando-impressora-rolo","status":"publish","type":"page","link":"https:\/\/www.labeljoy.com\/pt-pt\/video\/imprimir-usando-impressora-rolo\/","title":{"rendered":"Imprimir com impressoras de rolo"},"content":{"rendered":"<h2>Imprimir com Impressoras de Rolo<\/h2>\n<p>Neste video, pode aprender a\u00a0<strong>imprimir as suas etiquetas utilizando uma impressora de rolo<\/strong>. Labeljoy permite-lhe imprimir para qualquer format usando <strong>impressoras de jato de tinta<\/strong>, <strong>laser<\/strong> ou <strong>de rolo<\/strong>. \u00a0Como mostrado no v\u00eddeo, apenas defina o tamanho correcto e est\u00e1 pronto para imprimir as suas pr\u00f3prias etiquetas personalizadas, ou envelopes com\u00a0<a title=\"endere\u00e7os importados do Excel\" href=\"http:\/\/www.labeljoy.com\/pt-pt\/video-soporte\/carregar-informacoes-do-excel\/\">endere\u00e7os importados do Excel<\/a>.<\/p>\n<div class=\"lyte-wrapper\" title=\"Labeljoy 6 - How to print with roll printers\" style=\"width:640px;max-width:100%;margin:5px;\"><div class=\"lyMe\" id=\"WYL_71DGDbm61oE\" itemprop=\"video\" itemscope itemtype=\"https:\/\/schema.org\/VideoObject\"><div><meta itemprop=\"thumbnailUrl\" content=\"https:\/\/www.labeljoy.com\/wp-content\/plugins\/wp-youtube-lyte\/lyteCache.php?origThumbUrl=https%3A%2F%2Fi.ytimg.com%2Fvi%2F71DGDbm61oE%2Fhqdefault.jpg\" \/><meta itemprop=\"embedURL\" content=\"https:\/\/www.youtube.com\/embed\/71DGDbm61oE\" \/><meta itemprop=\"duration\" content=\"PT2M28S\" \/><meta itemprop=\"uploadDate\" content=\"2018-02-28T00:07:15Z\" \/><\/div><div id=\"lyte_71DGDbm61oE\" data-src=\"https:\/\/www.labeljoy.com\/wp-content\/plugins\/wp-youtube-lyte\/lyteCache.php?origThumbUrl=https%3A%2F%2Fi.ytimg.com%2Fvi%2F71DGDbm61oE%2Fhqdefault.jpg\" class=\"pL\"><div class=\"tC\"><div class=\"tT\" itemprop=\"name\">Labeljoy 6 - How to print with roll printers<\/div><\/div><div class=\"play\"><\/div><div class=\"ctrl\"><div class=\"Lctrl\"><\/div><div class=\"Rctrl\"><\/div><\/div><\/div><noscript><a href=\"https:\/\/youtu.be\/71DGDbm61oE\" rel=\"nofollow\"><img decoding=\"async\" src=\"https:\/\/www.labeljoy.com\/wp-content\/plugins\/wp-youtube-lyte\/lyteCache.php?origThumbUrl=https%3A%2F%2Fi.ytimg.com%2Fvi%2F71DGDbm61oE%2F0.jpg\" alt=\"Labeljoy 6 - How to print with roll printers\" width=\"640\" height=\"340\" \/><br \/>Watch this video on YouTube<\/a><\/noscript><meta itemprop=\"description\" content=\"This video shows you how to print your labels using a roll or label printer. Roll printers consider each label as a single page, so you have to start by defining the layout. Step-by-step instructions here: https:\/\/www.labeljoy.com\/support\/how-to\/working-with-roll-printers\/\"><\/div><\/div><div class=\"lL\" style=\"max-width:100%;width:640px;margin:5px;\"><\/div>\n<div class=\"lj-video-button hide\">\n  <a href=\"https:\/\/www.youtube.com\/embed\/71DGDbm61oE?rel=0&autoplay=1\" data-featherlight=\"iframe\" data-featherlight-iframe-width=\"800\" data-featherlight-iframe-height=\"610\" data-featherlight-iframe-frameborder=\"0\" data-featherlight-iframe-allow=\"autoplay; encrypted-media\" data-featherlight-iframe-allowfullscreen=\"true\" title=\"Reproduza o tutorial em v\u00eddeo\">Reproduza o tutorial em v\u00eddeo <i class=\"fa fa-play-circle fa-2x\"><\/i><\/a>\n<\/div>\n<p style=\"text-align:center\">Veja tamb\u00e9m o tutorial:<\/p>\n<ul class=\"lp-2013 clearfix\">\n<li style=\"float:none\">\n<a style=\"margin: 0 auto\" title=\"Imprimir com impressoras de rolo\" href=\"http:\/\/www.labeljoy.com\/pt-pt\/suporte\/como-fazer\/imprimir-com-impressoras-rolo\/\"> <span class=\"lp-2013-title\">Imprimir com impressoras de rolo<\/span><span class=\"lp-2013-description\">&#8211; Definir layout <br \/>&#8211; Definir margens<br \/>&#8211; Imprimir<\/span><img decoding=\"async\" width=\"48\" height=\"48\" src=\"http:\/\/www.labeljoy.com\/images\/how-to\/icons\/roll-print.png\" alt=\"Roll printer\"><\/a><\/li>\n<\/ul>\n","protected":false},"excerpt":{"rendered":"<p>Imprimir com Impressoras de Rolo Neste video, pode aprender a\u00a0imprimir as suas etiquetas utilizando uma impressora de rolo. Labeljoy permite-lhe imprimir para qualquer format usando impressoras de jato de tinta, laser ou de rolo. \u00a0Como mostrado no v\u00eddeo, apenas defina o tamanho correcto e est\u00e1 pronto para imprimir as suas pr\u00f3prias etiquetas personalizadas, ou envelopes &#8230; <a title=\"Imprimir com impressoras de rolo\" class=\"read-more\" href=\"https:\/\/www.labeljoy.com\/pt-pt\/video\/imprimir-usando-impressora-rolo\/\" aria-label=\"Leia mais sobre Imprimir com impressoras de rolo\">Read more<\/a><\/p>\n","protected":false},"author":12,"featured_media":0,"parent":32926,"menu_order":0,"comment_status":"open","ping_status":"closed","template":"page-template-left-sidebar.php","meta":{"inline_featured_image":false,"_monsterinsights_skip_tracking":false,"_monsterinsights_sitenote_active":false,"_monsterinsights_sitenote_note":"","_monsterinsights_sitenote_category":0,"footnotes":""},"class_list":{"0":"post-32953","1":"page","2":"type-page","3":"status-publish","5":"infinite-scroll-item"},"aioseo_notices":[],"_links":{"self":[{"href":"https:\/\/www.labeljoy.com\/pt-pt\/wp-json\/wp\/v2\/pages\/32953","targetHints":{"allow":["GET"]}}],"collection":[{"href":"https:\/\/www.labeljoy.com\/pt-pt\/wp-json\/wp\/v2\/pages"}],"about":[{"href":"https:\/\/www.labeljoy.com\/pt-pt\/wp-json\/wp\/v2\/types\/page"}],"author":[{"embeddable":true,"href":"https:\/\/www.labeljoy.com\/pt-pt\/wp-json\/wp\/v2\/users\/12"}],"replies":[{"embeddable":true,"href":"https:\/\/www.labeljoy.com\/pt-pt\/wp-json\/wp\/v2\/comments?post=32953"}],"version-history":[{"count":4,"href":"https:\/\/www.labeljoy.com\/pt-pt\/wp-json\/wp\/v2\/pages\/32953\/revisions"}],"predecessor-version":[{"id":35838,"href":"https:\/\/www.labeljoy.com\/pt-pt\/wp-json\/wp\/v2\/pages\/32953\/revisions\/35838"}],"up":[{"embeddable":true,"href":"https:\/\/www.labeljoy.com\/pt-pt\/wp-json\/wp\/v2\/pages\/32926"}],"wp:attachment":[{"href":"https:\/\/www.labeljoy.com\/pt-pt\/wp-json\/wp\/v2\/media?parent=32953"}],"curies":[{"name":"wp","href":"https:\/\/api.w.org\/{rel}","templated":true}]}}